{"id":5860,"date":"2022-02-17T18:30:28","date_gmt":"2022-02-17T17:30:28","guid":{"rendered":"https:\/\/labema.pl\/?post_type=product&#038;p=5860"},"modified":"2023-01-27T19:49:41","modified_gmt":"2023-01-27T18:49:41","slug":"koncowki-niesterylne-pakowane-w-torby","status":"publish","type":"product","link":"https:\/\/labema.pl\/?product=koncowki-niesterylne-pakowane-w-torby","title":{"rendered":"Ko\u0144c\u00f3wki niesterylne pakowane w torby"},"content":{"rendered":"<p align=\"justify\">Ko\u0144c\u00f3wki s\u0105 integraln\u0105 cz\u0119\u015bci\u0105 systemu pipetowania. Ich kszta\u0142t, w\u0142a\u015bciwo\u015bci i jako\u015b\u0107 materia\u0142u z jakiego s\u0105 wykonane maj\u0105 wp\u0142yw na wyniki pipetowania. Ko\u0144c\u00f3wki do pipet HTL s\u0105 produkowane z najwy\u017cszej jako\u015bci polipropylenu, w warunkach zapewniaj\u0105cych ich wyj\u0105tkow\u0105 czysto\u015b\u0107 i brak zanieczyszcze\u0144 bioaktywnych. Dost\u0119pne s\u0105 w wersji standardowej, sterylnej i z filtrem w r\u00f3\u017cnych formach spakowania.<\/p>\n<ul>\n<li><i><em>Ultra g\u0142adka powierzchnia ko\u0144c\u00f3wki wykonanej z czystego polipropylenu najwy\u017cszej jako\u015bci zapewnia ca\u0142kowite wydanie cieczy z ko\u0144c\u00f3wki<\/em><\/i><\/li>\n<li><em>Wyprofilowany kszta\u0142t ko\u0142nierza u\u0142atwia prawid\u0142owe uszczelnianie si\u0119 ko\u0144c\u00f3wki na trzonie pipety<\/em><\/li>\n<li><em>System HTL (pipeta + ko\u0144c\u00f3wka) gwarantuje najlepsze wyniki dok\u0142adno\u015bci i powtarzalno\u015bci<\/em><\/li>\n<li><em>Ko\u0144c\u00f3wki oraz pude\u0142ka autoklawowalne w 121\u00b0C<\/em><\/li>\n<li><em>Pe\u0142na identyfikowalno\u015b\u0107 ko\u0144c\u00f3wek<\/em><\/li>\n<li><em>Kolorowe opakowania u\u0142atwiaj\u0105 wyb\u00f3r w\u0142a\u015bciwej ko\u0144c\u00f3wki<\/em><\/li>\n<li><em>Projektowane, produkowane i dostarczane zgodnie z ISO 9001<\/em><\/li>\n<\/ul>\n<p><span style=\"color: black; font-size: x-large;\">Specyfikacja<\/span><\/p>\n<table border=\"1\" rules=\"all\">\n<tbody>\n<tr>\n<td colspan=\"1\" rowspan=\"1\" align=\"center\"><strong>Nr kat.<\/strong><\/td>\n<td colspan=\"1\" rowspan=\"1\" align=\"center\"><strong>Pojemno\u015b\u0107 [\u00b5l]<\/strong><\/td>\n<td colspan=\"1\" rowspan=\"1\" align=\"center\"><strong>Typ ko\u0144c\u00f3wki<\/strong><\/td>\n<td colspan=\"1\" rowspan=\"1\" align=\"center\"><strong>Zalecane do pipet HTL o zakresie pojemno\u015bci [\u00b5l]<\/strong><\/td>\n<td colspan=\"1\" rowspan=\"1\" align=\"center\"><strong>Sztuk<\/strong><\/td>\n<\/tr>\n<tr>\n<td colspan=\"1\" rowspan=\"1\" align=\"center\">301-03-052<\/td>\n<td colspan=\"1\" rowspan=\"1\" align=\"center\">0.1-10<\/td>\n<td colspan=\"1\" rowspan=\"1\" align=\"center\">Kr\u00f3tka<\/td>\n<td colspan=\"1\" rowspan=\"1\" align=\"center\">0.1\u20102.0<br \/>\n0.5\u201010<\/td>\n<td colspan=\"1\" rowspan=\"1\" align=\"center\">1000 szt.\/torba<\/td>\n<\/tr>\n<tr>\n<td colspan=\"1\" rowspan=\"1\" align=\"center\">301-22-052<\/td>\n<td colspan=\"1\" rowspan=\"1\" align=\"center\">0,1-10<\/td>\n<td colspan=\"1\" rowspan=\"1\" align=\"center\">D\u0142uga<\/td>\n<td colspan=\"1\" rowspan=\"1\" align=\"center\">0.1\u20102.0<br \/>\n0.5\u201010<\/td>\n<td colspan=\"1\" rowspan=\"1\" align=\"center\">1000 szt.\/torba<\/td>\n<\/tr>\n<tr>\n<td colspan=\"1\" rowspan=\"1\" align=\"center\">301-02-052<\/td>\n<td colspan=\"1\" rowspan=\"1\" align=\"center\">1-200<\/td>\n<td colspan=\"1\" rowspan=\"1\" align=\"center\">Bez znacznik\u00f3w<\/td>\n<td colspan=\"1\" rowspan=\"1\" align=\"center\">0.5\u201020<br \/>\n5\u201050<br \/>\n10\u2010100<br \/>\n20\u2010200<\/td>\n<td colspan=\"1\" rowspan=\"1\" align=\"center\">1000 szt.\/torba<\/td>\n<\/tr>\n<tr>\n<td colspan=\"1\" rowspan=\"1\" align=\"center\">301-06-052<\/td>\n<td colspan=\"1\" rowspan=\"1\" align=\"center\">1-200<\/td>\n<td colspan=\"1\" rowspan=\"1\" align=\"center\">Znaczniki na poj.<br \/>\n10, 50 i 100 \u00b5l<\/td>\n<td colspan=\"1\" rowspan=\"1\" align=\"center\">0.5\u201020<br \/>\n5\u201050<br \/>\n10\u2010100<br \/>\n20\u2010200<\/td>\n<td colspan=\"1\" rowspan=\"1\" align=\"center\">1000 szt.\/torba<\/td>\n<\/tr>\n<tr>\n<td colspan=\"1\" rowspan=\"1\" align=\"center\">301-16-052<\/td>\n<td colspan=\"1\" rowspan=\"1\" align=\"center\">1-300<\/td>\n<td colspan=\"1\" rowspan=\"1\" align=\"center\">Zw\u0119\u017cone zako\u0144czenie<\/td>\n<td colspan=\"1\" rowspan=\"1\" align=\"center\">50\u2010250<br \/>\n50\u2010300<\/td>\n<td colspan=\"1\" rowspan=\"1\" align=\"center\">1000 szt.\/torba<\/td>\n<\/tr>\n<tr>\n<td colspan=\"1\" rowspan=\"1\" align=\"center\">301-01-202<\/td>\n<td colspan=\"1\" rowspan=\"1\" align=\"center\">100-1000<\/td>\n<td colspan=\"1\" rowspan=\"1\" align=\"center\">Fazowane zako\u0144czenie<\/td>\n<td colspan=\"1\" rowspan=\"1\" align=\"center\">100\u20101000<\/td>\n<td colspan=\"1\" rowspan=\"1\" align=\"center\">1000 szt.\/torba<\/td>\n<\/tr>\n<tr>\n<td colspan=\"1\" rowspan=\"1\" align=\"center\">301-71-052<\/td>\n<td colspan=\"1\" rowspan=\"1\" align=\"center\">1000-5000<\/td>\n<td colspan=\"1\" rowspan=\"1\" align=\"center\">Makro<\/td>\n<td colspan=\"1\" rowspan=\"1\" align=\"center\">500-5000<\/td>\n<td colspan=\"1\" rowspan=\"1\" align=\"center\">250 szt.\/torba<\/td>\n<\/tr>\n<tr>\n<td colspan=\"1\" rowspan=\"1\" align=\"center\">301-75-052<\/td>\n<td colspan=\"1\" rowspan=\"1\" align=\"center\">1000-10000<\/td>\n<td colspan=\"1\" rowspan=\"1\" align=\"center\">Makro<\/td>\n<td colspan=\"1\" rowspan=\"1\" align=\"center\">1000-10000<\/td>\n<td colspan=\"1\" rowspan=\"1\" align=\"center\">200 szt.\/torba<\/td>\n<\/tr>\n<\/tbody>\n<\/table>\n","protected":false},"excerpt":{"rendered":"<p>Ko\u0144c\u00f3wki s\u0105 integraln\u0105 cz\u0119\u015bci\u0105 systemu pipetowania. Ich kszta\u0142t, w\u0142a\u015bciwo\u015bci i jako\u015b\u0107 materia\u0142u z jakiego s\u0105 wykonane maj\u0105 wp\u0142yw na wyniki pipetowania. Ko\u0144c\u00f3wki do pipet HTL s\u0105 produkowane z najwy\u017cszej jako\u015bci polipropylenu, w warunkach zapewniaj\u0105cych ich wyj\u0105tkow\u0105 czysto\u015b\u0107 i brak zanieczyszcze\u0144 bioaktywnych. Dost\u0119pne s\u0105 w wersji standardowej, sterylnej i z filtrem w r\u00f3\u017cnych formach spakowania. Ultra [&hellip;]<\/p>\n","protected":false},"featured_media":5888,"template":"","meta":{"_et_pb_use_builder":"","_et_pb_old_content":"","_et_gb_content_width":""},"product_brand":[],"product_cat":[98],"product_tag":[],"class_list":{"0":"post-5860","1":"product","2":"type-product","3":"status-publish","4":"has-post-thumbnail","6":"product_cat-koncowki-do-pipet-pipety-i-koncowki-do-pipet-2","8":"first","9":"instock","10":"taxable","11":"shipping-taxable","12":"purchasable","13":"product-type-variable","14":"has-default-attributes"},"yoast_head":"<!-- This site is optimized with the Yoast SEO plugin v26.7 - https:\/\/yoast.com\/wordpress\/plugins\/seo\/ -->\n<title>Ko\u0144c\u00f3wki niesterylne pakowane w torby | Labema<\/title>\n<meta name=\"robots\" content=\"index, follow, max-snippet:-1, max-image-preview:large, max-video-preview:-1\" \/>\n<link rel=\"canonical\" href=\"https:\/\/labema.pl\/?product=koncowki-niesterylne-pakowane-w-torby\" \/>\n<meta property=\"og:locale\" content=\"pl_PL\" \/>\n<meta property=\"og:type\" content=\"article\" \/>\n<meta property=\"og:title\" content=\"Ko\u0144c\u00f3wki niesterylne pakowane w torby | Labema\" \/>\n<meta property=\"og:description\" content=\"Ko\u0144c\u00f3wki s\u0105 integraln\u0105 cz\u0119\u015bci\u0105 systemu pipetowania. Ich kszta\u0142t, w\u0142a\u015bciwo\u015bci i jako\u015b\u0107 materia\u0142u z jakiego s\u0105 wykonane maj\u0105 wp\u0142yw na wyniki pipetowania. Ko\u0144c\u00f3wki do pipet HTL s\u0105 produkowane z najwy\u017cszej jako\u015bci polipropylenu, w warunkach zapewniaj\u0105cych ich wyj\u0105tkow\u0105 czysto\u015b\u0107 i brak zanieczyszcze\u0144 bioaktywnych. Dost\u0119pne s\u0105 w wersji standardowej, sterylnej i z filtrem w r\u00f3\u017cnych formach spakowania. Ultra [&hellip;]\" \/>\n<meta property=\"og:url\" content=\"https:\/\/labema.pl\/?product=koncowki-niesterylne-pakowane-w-torby\" \/>\n<meta property=\"og:site_name\" content=\"Labema\" \/>\n<meta property=\"article:modified_time\" content=\"2023-01-27T18:49:41+00:00\" \/>\n<meta property=\"og:image\" content=\"https:\/\/labema.pl\/wp-content\/uploads\/pipette_tips_bulk.jpg\" \/>\n\t<meta property=\"og:image:width\" content=\"262\" \/>\n\t<meta property=\"og:image:height\" content=\"305\" \/>\n\t<meta property=\"og:image:type\" content=\"image\/jpeg\" \/>\n<meta name=\"twitter:card\" content=\"summary_large_image\" \/>\n<meta name=\"twitter:label1\" content=\"Szacowany czas czytania\" \/>\n\t<meta name=\"twitter:data1\" content=\"1 minuta\" \/>\n<script type=\"application\/ld+json\" class=\"yoast-schema-graph\">{\"@context\":\"https:\/\/schema.org\",\"@graph\":[{\"@type\":\"WebPage\",\"@id\":\"https:\/\/labema.pl\/?product=koncowki-niesterylne-pakowane-w-torby\",\"url\":\"https:\/\/labema.pl\/?product=koncowki-niesterylne-pakowane-w-torby\",\"name\":\"Ko\u0144c\u00f3wki niesterylne pakowane w torby | Labema\",\"isPartOf\":{\"@id\":\"https:\/\/labema.pl\/#website\"},\"primaryImageOfPage\":{\"@id\":\"https:\/\/labema.pl\/?product=koncowki-niesterylne-pakowane-w-torby#primaryimage\"},\"image\":{\"@id\":\"https:\/\/labema.pl\/?product=koncowki-niesterylne-pakowane-w-torby#primaryimage\"},\"thumbnailUrl\":\"https:\/\/labema.pl\/wp-content\/uploads\/pipette_tips_bulk.jpg\",\"datePublished\":\"2022-02-17T17:30:28+00:00\",\"dateModified\":\"2023-01-27T18:49:41+00:00\",\"breadcrumb\":{\"@id\":\"https:\/\/labema.pl\/?product=koncowki-niesterylne-pakowane-w-torby#breadcrumb\"},\"inLanguage\":\"pl-PL\",\"potentialAction\":[{\"@type\":\"ReadAction\",\"target\":[\"https:\/\/labema.pl\/?product=koncowki-niesterylne-pakowane-w-torby\"]}]},{\"@type\":\"ImageObject\",\"inLanguage\":\"pl-PL\",\"@id\":\"https:\/\/labema.pl\/?product=koncowki-niesterylne-pakowane-w-torby#primaryimage\",\"url\":\"https:\/\/labema.pl\/wp-content\/uploads\/pipette_tips_bulk.jpg\",\"contentUrl\":\"https:\/\/labema.pl\/wp-content\/uploads\/pipette_tips_bulk.jpg\",\"width\":262,\"height\":305},{\"@type\":\"BreadcrumbList\",\"@id\":\"https:\/\/labema.pl\/?product=koncowki-niesterylne-pakowane-w-torby#breadcrumb\",\"itemListElement\":[{\"@type\":\"ListItem\",\"position\":1,\"name\":\"Strona g\u0142\u00f3wna\",\"item\":\"https:\/\/labema.pl\/\"},{\"@type\":\"ListItem\",\"position\":2,\"name\":\"e-Katalog\",\"item\":\"https:\/\/labema.pl\/?page_id=225\"},{\"@type\":\"ListItem\",\"position\":3,\"name\":\"Ko\u0144c\u00f3wki niesterylne pakowane w torby\"}]},{\"@type\":\"WebSite\",\"@id\":\"https:\/\/labema.pl\/#website\",\"url\":\"https:\/\/labema.pl\/\",\"name\":\"Labema\",\"description\":\"Wyposa\u017cenie laboratorium\",\"publisher\":{\"@id\":\"https:\/\/labema.pl\/#organization\"},\"potentialAction\":[{\"@type\":\"SearchAction\",\"target\":{\"@type\":\"EntryPoint\",\"urlTemplate\":\"https:\/\/labema.pl\/?s={search_term_string}\"},\"query-input\":{\"@type\":\"PropertyValueSpecification\",\"valueRequired\":true,\"valueName\":\"search_term_string\"}}],\"inLanguage\":\"pl-PL\"},{\"@type\":\"Organization\",\"@id\":\"https:\/\/labema.pl\/#organization\",\"name\":\"Labema\",\"url\":\"https:\/\/labema.pl\/\",\"logo\":{\"@type\":\"ImageObject\",\"inLanguage\":\"pl-PL\",\"@id\":\"https:\/\/labema.pl\/#\/schema\/logo\/image\/\",\"url\":\"https:\/\/labema.pl\/wp-content\/uploads\/2016\/04\/labema.jpg\",\"contentUrl\":\"https:\/\/labema.pl\/wp-content\/uploads\/2016\/04\/labema.jpg\",\"width\":875,\"height\":220,\"caption\":\"Labema\"},\"image\":{\"@id\":\"https:\/\/labema.pl\/#\/schema\/logo\/image\/\"}}]}<\/script>\n<!-- \/ Yoast SEO plugin. -->","yoast_head_json":{"title":"Ko\u0144c\u00f3wki niesterylne pakowane w torby | Labema","robots":{"index":"index","follow":"follow","max-snippet":"max-snippet:-1","max-image-preview":"max-image-preview:large","max-video-preview":"max-video-preview:-1"},"canonical":"https:\/\/labema.pl\/?product=koncowki-niesterylne-pakowane-w-torby","og_locale":"pl_PL","og_type":"article","og_title":"Ko\u0144c\u00f3wki niesterylne pakowane w torby | Labema","og_description":"Ko\u0144c\u00f3wki s\u0105 integraln\u0105 cz\u0119\u015bci\u0105 systemu pipetowania. Ich kszta\u0142t, w\u0142a\u015bciwo\u015bci i jako\u015b\u0107 materia\u0142u z jakiego s\u0105 wykonane maj\u0105 wp\u0142yw na wyniki pipetowania. Ko\u0144c\u00f3wki do pipet HTL s\u0105 produkowane z najwy\u017cszej jako\u015bci polipropylenu, w warunkach zapewniaj\u0105cych ich wyj\u0105tkow\u0105 czysto\u015b\u0107 i brak zanieczyszcze\u0144 bioaktywnych. Dost\u0119pne s\u0105 w wersji standardowej, sterylnej i z filtrem w r\u00f3\u017cnych formach spakowania. Ultra [&hellip;]","og_url":"https:\/\/labema.pl\/?product=koncowki-niesterylne-pakowane-w-torby","og_site_name":"Labema","article_modified_time":"2023-01-27T18:49:41+00:00","og_image":[{"width":262,"height":305,"url":"https:\/\/labema.pl\/wp-content\/uploads\/pipette_tips_bulk.jpg","type":"image\/jpeg"}],"twitter_card":"summary_large_image","twitter_misc":{"Szacowany czas czytania":"1 minuta"},"schema":{"@context":"https:\/\/schema.org","@graph":[{"@type":"WebPage","@id":"https:\/\/labema.pl\/?product=koncowki-niesterylne-pakowane-w-torby","url":"https:\/\/labema.pl\/?product=koncowki-niesterylne-pakowane-w-torby","name":"Ko\u0144c\u00f3wki niesterylne pakowane w torby | Labema","isPartOf":{"@id":"https:\/\/labema.pl\/#website"},"primaryImageOfPage":{"@id":"https:\/\/labema.pl\/?product=koncowki-niesterylne-pakowane-w-torby#primaryimage"},"image":{"@id":"https:\/\/labema.pl\/?product=koncowki-niesterylne-pakowane-w-torby#primaryimage"},"thumbnailUrl":"https:\/\/labema.pl\/wp-content\/uploads\/pipette_tips_bulk.jpg","datePublished":"2022-02-17T17:30:28+00:00","dateModified":"2023-01-27T18:49:41+00:00","breadcrumb":{"@id":"https:\/\/labema.pl\/?product=koncowki-niesterylne-pakowane-w-torby#breadcrumb"},"inLanguage":"pl-PL","potentialAction":[{"@type":"ReadAction","target":["https:\/\/labema.pl\/?product=koncowki-niesterylne-pakowane-w-torby"]}]},{"@type":"ImageObject","inLanguage":"pl-PL","@id":"https:\/\/labema.pl\/?product=koncowki-niesterylne-pakowane-w-torby#primaryimage","url":"https:\/\/labema.pl\/wp-content\/uploads\/pipette_tips_bulk.jpg","contentUrl":"https:\/\/labema.pl\/wp-content\/uploads\/pipette_tips_bulk.jpg","width":262,"height":305},{"@type":"BreadcrumbList","@id":"https:\/\/labema.pl\/?product=koncowki-niesterylne-pakowane-w-torby#breadcrumb","itemListElement":[{"@type":"ListItem","position":1,"name":"Strona g\u0142\u00f3wna","item":"https:\/\/labema.pl\/"},{"@type":"ListItem","position":2,"name":"e-Katalog","item":"https:\/\/labema.pl\/?page_id=225"},{"@type":"ListItem","position":3,"name":"Ko\u0144c\u00f3wki niesterylne pakowane w torby"}]},{"@type":"WebSite","@id":"https:\/\/labema.pl\/#website","url":"https:\/\/labema.pl\/","name":"Labema","description":"Wyposa\u017cenie laboratorium","publisher":{"@id":"https:\/\/labema.pl\/#organization"},"potentialAction":[{"@type":"SearchAction","target":{"@type":"EntryPoint","urlTemplate":"https:\/\/labema.pl\/?s={search_term_string}"},"query-input":{"@type":"PropertyValueSpecification","valueRequired":true,"valueName":"search_term_string"}}],"inLanguage":"pl-PL"},{"@type":"Organization","@id":"https:\/\/labema.pl\/#organization","name":"Labema","url":"https:\/\/labema.pl\/","logo":{"@type":"ImageObject","inLanguage":"pl-PL","@id":"https:\/\/labema.pl\/#\/schema\/logo\/image\/","url":"https:\/\/labema.pl\/wp-content\/uploads\/2016\/04\/labema.jpg","contentUrl":"https:\/\/labema.pl\/wp-content\/uploads\/2016\/04\/labema.jpg","width":875,"height":220,"caption":"Labema"},"image":{"@id":"https:\/\/labema.pl\/#\/schema\/logo\/image\/"}}]}},"_links":{"self":[{"href":"https:\/\/labema.pl\/index.php?rest_route=\/wp\/v2\/product\/5860","targetHints":{"allow":["GET"]}}],"collection":[{"href":"https:\/\/labema.pl\/index.php?rest_route=\/wp\/v2\/product"}],"about":[{"href":"https:\/\/labema.pl\/index.php?rest_route=\/wp\/v2\/types\/product"}],"wp:featuredmedia":[{"embeddable":true,"href":"https:\/\/labema.pl\/index.php?rest_route=\/wp\/v2\/media\/5888"}],"wp:attachment":[{"href":"https:\/\/labema.pl\/index.php?rest_route=%2Fwp%2Fv2%2Fmedia&parent=5860"}],"wp:term":[{"taxonomy":"product_brand","embeddable":true,"href":"https:\/\/labema.pl\/index.php?rest_route=%2Fwp%2Fv2%2Fproduct_brand&post=5860"},{"taxonomy":"product_cat","embeddable":true,"href":"https:\/\/labema.pl\/index.php?rest_route=%2Fwp%2Fv2%2Fproduct_cat&post=5860"},{"taxonomy":"product_tag","embeddable":true,"href":"https:\/\/labema.pl\/index.php?rest_route=%2Fwp%2Fv2%2Fproduct_tag&post=5860"}],"curies":[{"name":"wp","href":"https:\/\/api.w.org\/{rel}","templated":true}]}}