{"id":5724,"date":"2022-02-17T18:25:52","date_gmt":"2022-02-17T17:25:52","guid":{"rendered":"https:\/\/labema.pl\/?post_type=product&#038;p=5724"},"modified":"2023-01-27T18:05:33","modified_gmt":"2023-01-27T17:05:33","slug":"labmate-pro-pipeta-wielokanalowa-o-zmiennej-objetosci","status":"publish","type":"product","link":"https:\/\/labema.pl\/?product=labmate-pro-pipeta-wielokanalowa-o-zmiennej-objetosci","title":{"rendered":"<strong>LABMATE PRO<\/strong> pipeta wielokana\u0142owa o zmiennej obj\u0119to\u015bci"},"content":{"rendered":"<p align=\"justify\">Pipety nastawne z serii <strong>LABMATE<\/strong> od lat ciesz\u0105 si\u0119 du\u017c\u0105 popularno\u015bci\u0105 na polskim rynku. U\u017cytkownicy ceni\u0105, przede wszystkim, doskona\u0142e parametry dok\u0142adno\u015bci i powtarzalno\u015bci, ergonomiczny kszta\u0142t r\u0119koje\u015bci oraz ich niezawodno\u015b\u0107. Udoskonalona wersja tej pipety, pipeta <strong>LABMATE PRO<\/strong> posiada dodatkowe cechy u\u0142atwiaj\u0105ce codzienn\u0105 prac\u0119 w laboratorium. <strong>LABMATE\u00a0PRO<\/strong> zosta\u0142a wykonana z materia\u0142\u00f3w zapewniaj\u0105cych wi\u0119ksz\u0105 wytrzyma\u0142o\u015b\u0107 mechaniczn\u0105 i odporno\u015b\u0107 na substancje chemiczne. Nowy mechanizm pipety, znacznie redukuj\u0105cy si\u0142y pipetowania i wydmuchu, zapewnia wyj\u0105tkowy komfort pracy.<\/p>\n<ul>\n<li><em>Autoklawowalna w ca\u0142o\u015bci<\/em><\/li>\n<li><em>Idealnie dopasowana do d\u0142oni<\/em><\/li>\n<li><em>System mi\u0119kkich spr\u0119\u017cyn<\/em><\/li>\n<li><em>Rewolucyjny mechanizm \u201eaktywnych trzon\u00f3w\u201d w module wielokana\u0142owym<\/em><\/li>\n<li><em>Wyrzutnik 360\u00b0<\/em><\/li>\n<li><em>Odporna na promieniowanie UV<\/em><\/li>\n<li><em>Wyposa\u017cona w podw\u00f3jny system nastawy pojemno\u015bci<\/em><\/li>\n<li><em>Doskona\u0142e parametry dok\u0142adno\u015bci i powtarzalno\u015bci<\/em><\/li>\n<\/ul>\n<p><span style=\"color: black; font-size: x-large;\">Specyfikacja<\/span><\/p>\n<table border=\"1\" rules=\"all\" align=\"center\">\n<tbody>\n<tr>\n<td colspan=\"1\" rowspan=\"1\" align=\"center\"><strong>Model<\/strong><\/td>\n<td colspan=\"1\" rowspan=\"1\" align=\"center\"><strong>Nr kat.<\/strong><\/td>\n<td colspan=\"1\" rowspan=\"1\" align=\"center\"><strong>Pojemno\u015b\u0107 [\u00b5l]<\/strong><\/td>\n<td colspan=\"1\" rowspan=\"1\" align=\"center\"><strong>A [%]<\/strong><\/td>\n<td colspan=\"1\" rowspan=\"1\" align=\"center\"><strong>P [%]<\/strong><\/td>\n<td colspan=\"1\" rowspan=\"1\" align=\"center\"><strong>Ko\u0144c\u00f3wka<\/strong><\/td>\n<\/tr>\n<tr>\n<td colspan=\"1\" rowspan=\"1\" align=\"center\">LMP8-10<br \/>\nLMP12-10<\/td>\n<td colspan=\"1\" rowspan=\"1\" align=\"center\">6281<br \/>\n6285<\/td>\n<td style=\"text-align: right;\">Min 0.5<br \/>\n5<br \/>\nMax10<\/td>\n<td style=\"text-align: left;\">\u00b1 10.0<br \/>\n\u00b1 4.0<br \/>\n\u00b1 2.0<\/td>\n<td style=\"text-align: left;\">\u00b1 8.0<br \/>\n\u00b1 2.0<br \/>\n\u00b1 1.2<\/td>\n<td colspan=\"1\" rowspan=\"1\" align=\"center\">10 \u00b5l<\/td>\n<\/tr>\n<tr>\n<td colspan=\"1\" rowspan=\"1\" align=\"center\">LMP8-50<br \/>\nLMP12-50<\/td>\n<td colspan=\"1\" rowspan=\"1\" align=\"center\">6282<br \/>\n6286<\/td>\n<td style=\"text-align: right;\">Min 5<br \/>\n25<br \/>\nMax 50<\/td>\n<td style=\"text-align: left;\">\u00b1 4.0<br \/>\n\u00b1 3.0<br \/>\n\u00b1 1.6<\/td>\n<td style=\"text-align: left;\">\u00b1 2.5<br \/>\n\u00b1 1.2<br \/>\n\u00b1 0.6<\/td>\n<td colspan=\"1\" rowspan=\"1\" align=\"center\">200 \u00b5l<\/td>\n<\/tr>\n<tr>\n<td colspan=\"1\" rowspan=\"1\" align=\"center\">LMP8-200<br \/>\nLMP12-200<\/td>\n<td colspan=\"1\" rowspan=\"1\" align=\"center\">6283<br \/>\n6287<\/td>\n<td style=\"text-align: right;\">Min 20<br \/>\n100<br \/>\nMax 200<\/td>\n<td style=\"text-align: left;\">\u00b1 3.0<br \/>\n\u00b1 1.5<br \/>\n\u00b1 1.0<\/td>\n<td style=\"text-align: left;\">\u00b1 1.5<br \/>\n\u00b1 0.8<br \/>\n\u00b1 0.6<\/td>\n<td colspan=\"1\" rowspan=\"1\" align=\"center\">200 \u00b5l<\/td>\n<\/tr>\n<tr>\n<td colspan=\"1\" rowspan=\"1\" align=\"center\">LMP8-300<br \/>\nLMP12-300<\/td>\n<td colspan=\"1\" rowspan=\"1\" align=\"center\">6284<br \/>\n6288<\/td>\n<td style=\"text-align: right;\">Min 50<br \/>\n150<br \/>\nMax 300<\/td>\n<td style=\"text-align: left;\">\u00b1 1.6<br \/>\n\u00b1 1.2<br \/>\n\u00b1 1.0<\/td>\n<td style=\"text-align: left;\">\u00b1 1.5<br \/>\n\u00b1 1.0<br \/>\n\u00b1 0.6<\/td>\n<td colspan=\"1\" rowspan=\"1\" align=\"center\">300 \u00b5l<\/td>\n<\/tr>\n<\/tbody>\n<\/table>\n<p>A-b\u0142\u0105d dok\u0142adno\u015bci, P-b\u0142\u0105d powtarzalno\u015bci<\/p>\n","protected":false},"excerpt":{"rendered":"<p>Pipety nastawne z serii LABMATE od lat ciesz\u0105 si\u0119 du\u017c\u0105 popularno\u015bci\u0105 na polskim rynku. U\u017cytkownicy ceni\u0105, przede wszystkim, doskona\u0142e parametry dok\u0142adno\u015bci i powtarzalno\u015bci, ergonomiczny kszta\u0142t r\u0119koje\u015bci oraz ich niezawodno\u015b\u0107. Udoskonalona wersja tej pipety, pipeta LABMATE PRO posiada dodatkowe cechy u\u0142atwiaj\u0105ce codzienn\u0105 prac\u0119 w laboratorium. LABMATE\u00a0PRO zosta\u0142a wykonana z materia\u0142\u00f3w zapewniaj\u0105cych wi\u0119ksz\u0105 wytrzyma\u0142o\u015b\u0107 mechaniczn\u0105 i odporno\u015b\u0107 [&hellip;]<\/p>\n","protected":false},"featured_media":5759,"template":"","meta":{"_et_pb_use_builder":"","_et_pb_old_content":"","_et_gb_content_width":""},"product_brand":[],"product_cat":[97],"product_tag":[],"class_list":{"0":"post-5724","1":"product","2":"type-product","3":"status-publish","4":"has-post-thumbnail","6":"product_cat-pipety-automatyczne-pipety-i-koncowki-do-pipet-2","8":"first","9":"instock","10":"taxable","11":"shipping-taxable","12":"purchasable","13":"product-type-variable"},"yoast_head":"<!-- This site is optimized with the Yoast SEO plugin v26.7 - https:\/\/yoast.com\/wordpress\/plugins\/seo\/ -->\n<title>LABMATE PRO pipeta wielokana\u0142owa o zmiennej obj\u0119to\u015bci | Labema<\/title>\n<meta name=\"robots\" content=\"index, follow, max-snippet:-1, max-image-preview:large, max-video-preview:-1\" \/>\n<link rel=\"canonical\" href=\"https:\/\/labema.pl\/?product=labmate-pro-pipeta-wielokanalowa-o-zmiennej-objetosci\" \/>\n<meta property=\"og:locale\" content=\"pl_PL\" \/>\n<meta property=\"og:type\" content=\"article\" \/>\n<meta property=\"og:title\" content=\"LABMATE PRO pipeta wielokana\u0142owa o zmiennej obj\u0119to\u015bci | Labema\" \/>\n<meta property=\"og:description\" content=\"Pipety nastawne z serii LABMATE od lat ciesz\u0105 si\u0119 du\u017c\u0105 popularno\u015bci\u0105 na polskim rynku. U\u017cytkownicy ceni\u0105, przede wszystkim, doskona\u0142e parametry dok\u0142adno\u015bci i powtarzalno\u015bci, ergonomiczny kszta\u0142t r\u0119koje\u015bci oraz ich niezawodno\u015b\u0107. Udoskonalona wersja tej pipety, pipeta LABMATE PRO posiada dodatkowe cechy u\u0142atwiaj\u0105ce codzienn\u0105 prac\u0119 w laboratorium. LABMATE\u00a0PRO zosta\u0142a wykonana z materia\u0142\u00f3w zapewniaj\u0105cych wi\u0119ksz\u0105 wytrzyma\u0142o\u015b\u0107 mechaniczn\u0105 i odporno\u015b\u0107 [&hellip;]\" \/>\n<meta property=\"og:url\" content=\"https:\/\/labema.pl\/?product=labmate-pro-pipeta-wielokanalowa-o-zmiennej-objetosci\" \/>\n<meta property=\"og:site_name\" content=\"Labema\" \/>\n<meta property=\"article:modified_time\" content=\"2023-01-27T17:05:33+00:00\" \/>\n<meta property=\"og:image\" content=\"https:\/\/labema.pl\/wp-content\/uploads\/labmate_pro_multi.jpg\" \/>\n\t<meta property=\"og:image:width\" content=\"650\" \/>\n\t<meta property=\"og:image:height\" content=\"650\" \/>\n\t<meta property=\"og:image:type\" content=\"image\/jpeg\" \/>\n<meta name=\"twitter:card\" content=\"summary_large_image\" \/>\n<meta name=\"twitter:label1\" content=\"Szacowany czas czytania\" \/>\n\t<meta name=\"twitter:data1\" content=\"1 minuta\" \/>\n<script type=\"application\/ld+json\" class=\"yoast-schema-graph\">{\"@context\":\"https:\/\/schema.org\",\"@graph\":[{\"@type\":\"WebPage\",\"@id\":\"https:\/\/labema.pl\/?product=labmate-pro-pipeta-wielokanalowa-o-zmiennej-objetosci\",\"url\":\"https:\/\/labema.pl\/?product=labmate-pro-pipeta-wielokanalowa-o-zmiennej-objetosci\",\"name\":\"LABMATE PRO pipeta wielokana\u0142owa o zmiennej obj\u0119to\u015bci | Labema\",\"isPartOf\":{\"@id\":\"https:\/\/labema.pl\/#website\"},\"primaryImageOfPage\":{\"@id\":\"https:\/\/labema.pl\/?product=labmate-pro-pipeta-wielokanalowa-o-zmiennej-objetosci#primaryimage\"},\"image\":{\"@id\":\"https:\/\/labema.pl\/?product=labmate-pro-pipeta-wielokanalowa-o-zmiennej-objetosci#primaryimage\"},\"thumbnailUrl\":\"https:\/\/labema.pl\/wp-content\/uploads\/labmate_pro_multi.jpg\",\"datePublished\":\"2022-02-17T17:25:52+00:00\",\"dateModified\":\"2023-01-27T17:05:33+00:00\",\"breadcrumb\":{\"@id\":\"https:\/\/labema.pl\/?product=labmate-pro-pipeta-wielokanalowa-o-zmiennej-objetosci#breadcrumb\"},\"inLanguage\":\"pl-PL\",\"potentialAction\":[{\"@type\":\"ReadAction\",\"target\":[\"https:\/\/labema.pl\/?product=labmate-pro-pipeta-wielokanalowa-o-zmiennej-objetosci\"]}]},{\"@type\":\"ImageObject\",\"inLanguage\":\"pl-PL\",\"@id\":\"https:\/\/labema.pl\/?product=labmate-pro-pipeta-wielokanalowa-o-zmiennej-objetosci#primaryimage\",\"url\":\"https:\/\/labema.pl\/wp-content\/uploads\/labmate_pro_multi.jpg\",\"contentUrl\":\"https:\/\/labema.pl\/wp-content\/uploads\/labmate_pro_multi.jpg\",\"width\":650,\"height\":650},{\"@type\":\"BreadcrumbList\",\"@id\":\"https:\/\/labema.pl\/?product=labmate-pro-pipeta-wielokanalowa-o-zmiennej-objetosci#breadcrumb\",\"itemListElement\":[{\"@type\":\"ListItem\",\"position\":1,\"name\":\"Strona g\u0142\u00f3wna\",\"item\":\"https:\/\/labema.pl\/\"},{\"@type\":\"ListItem\",\"position\":2,\"name\":\"e-Katalog\",\"item\":\"https:\/\/labema.pl\/?page_id=225\"},{\"@type\":\"ListItem\",\"position\":3,\"name\":\"LABMATE PRO pipeta wielokana\u0142owa o zmiennej obj\u0119to\u015bci\"}]},{\"@type\":\"WebSite\",\"@id\":\"https:\/\/labema.pl\/#website\",\"url\":\"https:\/\/labema.pl\/\",\"name\":\"Labema\",\"description\":\"Wyposa\u017cenie laboratorium\",\"publisher\":{\"@id\":\"https:\/\/labema.pl\/#organization\"},\"potentialAction\":[{\"@type\":\"SearchAction\",\"target\":{\"@type\":\"EntryPoint\",\"urlTemplate\":\"https:\/\/labema.pl\/?s={search_term_string}\"},\"query-input\":{\"@type\":\"PropertyValueSpecification\",\"valueRequired\":true,\"valueName\":\"search_term_string\"}}],\"inLanguage\":\"pl-PL\"},{\"@type\":\"Organization\",\"@id\":\"https:\/\/labema.pl\/#organization\",\"name\":\"Labema\",\"url\":\"https:\/\/labema.pl\/\",\"logo\":{\"@type\":\"ImageObject\",\"inLanguage\":\"pl-PL\",\"@id\":\"https:\/\/labema.pl\/#\/schema\/logo\/image\/\",\"url\":\"https:\/\/labema.pl\/wp-content\/uploads\/2016\/04\/labema.jpg\",\"contentUrl\":\"https:\/\/labema.pl\/wp-content\/uploads\/2016\/04\/labema.jpg\",\"width\":875,\"height\":220,\"caption\":\"Labema\"},\"image\":{\"@id\":\"https:\/\/labema.pl\/#\/schema\/logo\/image\/\"}}]}<\/script>\n<!-- \/ Yoast SEO plugin. -->","yoast_head_json":{"title":"LABMATE PRO pipeta wielokana\u0142owa o zmiennej obj\u0119to\u015bci | Labema","robots":{"index":"index","follow":"follow","max-snippet":"max-snippet:-1","max-image-preview":"max-image-preview:large","max-video-preview":"max-video-preview:-1"},"canonical":"https:\/\/labema.pl\/?product=labmate-pro-pipeta-wielokanalowa-o-zmiennej-objetosci","og_locale":"pl_PL","og_type":"article","og_title":"LABMATE PRO pipeta wielokana\u0142owa o zmiennej obj\u0119to\u015bci | Labema","og_description":"Pipety nastawne z serii LABMATE od lat ciesz\u0105 si\u0119 du\u017c\u0105 popularno\u015bci\u0105 na polskim rynku. U\u017cytkownicy ceni\u0105, przede wszystkim, doskona\u0142e parametry dok\u0142adno\u015bci i powtarzalno\u015bci, ergonomiczny kszta\u0142t r\u0119koje\u015bci oraz ich niezawodno\u015b\u0107. Udoskonalona wersja tej pipety, pipeta LABMATE PRO posiada dodatkowe cechy u\u0142atwiaj\u0105ce codzienn\u0105 prac\u0119 w laboratorium. LABMATE\u00a0PRO zosta\u0142a wykonana z materia\u0142\u00f3w zapewniaj\u0105cych wi\u0119ksz\u0105 wytrzyma\u0142o\u015b\u0107 mechaniczn\u0105 i odporno\u015b\u0107 [&hellip;]","og_url":"https:\/\/labema.pl\/?product=labmate-pro-pipeta-wielokanalowa-o-zmiennej-objetosci","og_site_name":"Labema","article_modified_time":"2023-01-27T17:05:33+00:00","og_image":[{"width":650,"height":650,"url":"https:\/\/labema.pl\/wp-content\/uploads\/labmate_pro_multi.jpg","type":"image\/jpeg"}],"twitter_card":"summary_large_image","twitter_misc":{"Szacowany czas czytania":"1 minuta"},"schema":{"@context":"https:\/\/schema.org","@graph":[{"@type":"WebPage","@id":"https:\/\/labema.pl\/?product=labmate-pro-pipeta-wielokanalowa-o-zmiennej-objetosci","url":"https:\/\/labema.pl\/?product=labmate-pro-pipeta-wielokanalowa-o-zmiennej-objetosci","name":"LABMATE PRO pipeta wielokana\u0142owa o zmiennej obj\u0119to\u015bci | Labema","isPartOf":{"@id":"https:\/\/labema.pl\/#website"},"primaryImageOfPage":{"@id":"https:\/\/labema.pl\/?product=labmate-pro-pipeta-wielokanalowa-o-zmiennej-objetosci#primaryimage"},"image":{"@id":"https:\/\/labema.pl\/?product=labmate-pro-pipeta-wielokanalowa-o-zmiennej-objetosci#primaryimage"},"thumbnailUrl":"https:\/\/labema.pl\/wp-content\/uploads\/labmate_pro_multi.jpg","datePublished":"2022-02-17T17:25:52+00:00","dateModified":"2023-01-27T17:05:33+00:00","breadcrumb":{"@id":"https:\/\/labema.pl\/?product=labmate-pro-pipeta-wielokanalowa-o-zmiennej-objetosci#breadcrumb"},"inLanguage":"pl-PL","potentialAction":[{"@type":"ReadAction","target":["https:\/\/labema.pl\/?product=labmate-pro-pipeta-wielokanalowa-o-zmiennej-objetosci"]}]},{"@type":"ImageObject","inLanguage":"pl-PL","@id":"https:\/\/labema.pl\/?product=labmate-pro-pipeta-wielokanalowa-o-zmiennej-objetosci#primaryimage","url":"https:\/\/labema.pl\/wp-content\/uploads\/labmate_pro_multi.jpg","contentUrl":"https:\/\/labema.pl\/wp-content\/uploads\/labmate_pro_multi.jpg","width":650,"height":650},{"@type":"BreadcrumbList","@id":"https:\/\/labema.pl\/?product=labmate-pro-pipeta-wielokanalowa-o-zmiennej-objetosci#breadcrumb","itemListElement":[{"@type":"ListItem","position":1,"name":"Strona g\u0142\u00f3wna","item":"https:\/\/labema.pl\/"},{"@type":"ListItem","position":2,"name":"e-Katalog","item":"https:\/\/labema.pl\/?page_id=225"},{"@type":"ListItem","position":3,"name":"LABMATE PRO pipeta wielokana\u0142owa o zmiennej obj\u0119to\u015bci"}]},{"@type":"WebSite","@id":"https:\/\/labema.pl\/#website","url":"https:\/\/labema.pl\/","name":"Labema","description":"Wyposa\u017cenie laboratorium","publisher":{"@id":"https:\/\/labema.pl\/#organization"},"potentialAction":[{"@type":"SearchAction","target":{"@type":"EntryPoint","urlTemplate":"https:\/\/labema.pl\/?s={search_term_string}"},"query-input":{"@type":"PropertyValueSpecification","valueRequired":true,"valueName":"search_term_string"}}],"inLanguage":"pl-PL"},{"@type":"Organization","@id":"https:\/\/labema.pl\/#organization","name":"Labema","url":"https:\/\/labema.pl\/","logo":{"@type":"ImageObject","inLanguage":"pl-PL","@id":"https:\/\/labema.pl\/#\/schema\/logo\/image\/","url":"https:\/\/labema.pl\/wp-content\/uploads\/2016\/04\/labema.jpg","contentUrl":"https:\/\/labema.pl\/wp-content\/uploads\/2016\/04\/labema.jpg","width":875,"height":220,"caption":"Labema"},"image":{"@id":"https:\/\/labema.pl\/#\/schema\/logo\/image\/"}}]}},"_links":{"self":[{"href":"https:\/\/labema.pl\/index.php?rest_route=\/wp\/v2\/product\/5724","targetHints":{"allow":["GET"]}}],"collection":[{"href":"https:\/\/labema.pl\/index.php?rest_route=\/wp\/v2\/product"}],"about":[{"href":"https:\/\/labema.pl\/index.php?rest_route=\/wp\/v2\/types\/product"}],"wp:featuredmedia":[{"embeddable":true,"href":"https:\/\/labema.pl\/index.php?rest_route=\/wp\/v2\/media\/5759"}],"wp:attachment":[{"href":"https:\/\/labema.pl\/index.php?rest_route=%2Fwp%2Fv2%2Fmedia&parent=5724"}],"wp:term":[{"taxonomy":"product_brand","embeddable":true,"href":"https:\/\/labema.pl\/index.php?rest_route=%2Fwp%2Fv2%2Fproduct_brand&post=5724"},{"taxonomy":"product_cat","embeddable":true,"href":"https:\/\/labema.pl\/index.php?rest_route=%2Fwp%2Fv2%2Fproduct_cat&post=5724"},{"taxonomy":"product_tag","embeddable":true,"href":"https:\/\/labema.pl\/index.php?rest_route=%2Fwp%2Fv2%2Fproduct_tag&post=5724"}],"curies":[{"name":"wp","href":"https:\/\/api.w.org\/{rel}","templated":true}]}}