{"id":5723,"date":"2022-02-17T18:25:52","date_gmt":"2022-02-17T17:25:52","guid":{"rendered":"https:\/\/labema.pl\/?post_type=product&#038;p=5723"},"modified":"2023-01-27T18:01:51","modified_gmt":"2023-01-27T17:01:51","slug":"discovery-pro-pipeta-wielokanalowa-o-zmiennej-objetosci","status":"publish","type":"product","link":"https:\/\/labema.pl\/?product=discovery-pro-pipeta-wielokanalowa-o-zmiennej-objetosci","title":{"rendered":"<strong>DISCOVERY PRO<\/strong> pipeta wielokana\u0142owa o zmiennej obj\u0119to\u015bci"},"content":{"rendered":"<p align=\"justify\">Pipety wielokana\u0142owe <strong>DISCOVERY PRO<\/strong>, podobnie jak pipety jednokana\u0142owe tej serii, zosta\u0142y wyposa\u017cone w pokr\u0119t\u0142o nastawy\/blokady pojemno\u015bci, 4-cyfrowy licznik oraz system mi\u0119kkich spr\u0119\u017cyn, kt\u00f3ry redukuje si\u0142y pipetowania i wydmuchu. Dzi\u0119ki nowoczesnej konstrukcji mechanizm pipety jest termicznie izolowany. Ciep\u0142o d\u0142oni u\u017cytkownika nie zak\u0142\u00f3ca pracy pipety zapewniaj\u0105c tym samym najlepsze parametry dok\u0142adno\u015bci. System \u201eaktywnych trzon\u00f3w\u201d modu\u0142u wielokana\u0142owego zapewnia nie tylko doskona\u0142e uszczelnienie ko\u0144c\u00f3wek, ale r\u00f3wnie\u017c eliminuje powszechny problem blokowania si\u0119 ko\u0144c\u00f3wek na trzonach. Nowoczesny, sekwencyjny wyrzutnik ogranicza do minimum si\u0142y zrzucania ko\u0144c\u00f3wek.<\/p>\n<ul>\n<li><em>Szybka nastawa pojemno\u015bci<\/em><\/li>\n<li><em>Blokada nastawy pojemno\u015bci<\/em><\/li>\n<li><em>Idealnie dopasowana do d\u0142oni<\/em><\/li>\n<li><em>System mi\u0119kkich spr\u0119\u017cyn<\/em><\/li>\n<li><em>Rewolucyjny mechanizm \u201eaktywnych trzon\u00f3w\u201d w module wielokana\u0142owym<\/em><\/li>\n<li><em>Wi\u0119ksze cyfry w liczniku nastawy<\/em><\/li>\n<li><em>Wyrzutnik 360\u00b0<\/em><\/li>\n<li><em>Autoklawowalna w ca\u0142o\u015bci<\/em><\/li>\n<li><em>Odporna na promieniowanie UV<\/em><\/li>\n<li><em>Doskona\u0142e parametry dok\u0142adno\u015bci i powtarzalno\u015bci<\/em><\/li>\n<\/ul>\n<p><span style=\"color: black; font-size: x-large;\">Specyfikacja<\/span><\/p>\n<table border=\"1\" rules=\"all\" align=\"center\">\n<tbody>\n<tr>\n<td colspan=\"1\" rowspan=\"1\" align=\"center\"><strong>Model<\/strong><\/td>\n<td colspan=\"1\" rowspan=\"1\" align=\"center\"><strong>Nr kat.<\/strong><\/td>\n<td colspan=\"1\" rowspan=\"1\" align=\"center\"><strong>Kolor<\/strong><\/td>\n<td colspan=\"1\" rowspan=\"1\" align=\"center\"><strong>Pojemno\u015b\u0107 [\u00b5l]<\/strong><\/td>\n<td colspan=\"1\" rowspan=\"1\" align=\"center\"><strong>A [%]<\/strong><\/td>\n<td colspan=\"1\" rowspan=\"1\" align=\"center\"><strong>P [%]<\/strong><\/td>\n<td colspan=\"1\" rowspan=\"1\" align=\"center\"><strong>Ko\u0144c\u00f3wka<\/strong><\/td>\n<\/tr>\n<tr>\n<td colspan=\"1\" rowspan=\"1\" align=\"center\">DP8-10<br \/>\nDP12-10<\/td>\n<td colspan=\"1\" rowspan=\"1\" align=\"center\">4951<br \/>\n4955<\/td>\n<td colspan=\"1\" rowspan=\"1\" align=\"center\">Czerwony<\/td>\n<td style=\"text-align: right;\">Min 0,5<br \/>\n5<br \/>\nMax10<\/td>\n<td>\u00b1 8.0<br \/>\n\u00b1 4.0<br \/>\n\u00b1 2.0<\/td>\n<td>\u00b1 6.0<br \/>\n\u00b1 2.0<br \/>\n\u00b1 1.2<\/td>\n<td colspan=\"1\" rowspan=\"1\" align=\"center\">10 \u00b5l<\/td>\n<\/tr>\n<tr>\n<td colspan=\"1\" rowspan=\"1\" align=\"center\">DP8-50<br \/>\nDP12-50<\/td>\n<td colspan=\"1\" rowspan=\"1\" align=\"center\">4952<br \/>\n4956<\/td>\n<td colspan=\"1\" rowspan=\"1\" align=\"center\">\u017b\u00f3\u0142ty<\/td>\n<td style=\"text-align: right;\">Min 5<br \/>\n25<br \/>\nMax 50<\/td>\n<td>\u00b1 4.0<br \/>\n\u00b1 3.0<br \/>\n\u00b1 1.6<\/td>\n<td>\u00b1 2.5<br \/>\n\u00b1 1.2<br \/>\n\u00b1 0.6<\/td>\n<td colspan=\"1\" rowspan=\"1\" align=\"center\">200 \u00b5l<\/td>\n<\/tr>\n<tr>\n<td colspan=\"1\" rowspan=\"1\" align=\"center\">DP8-200<br \/>\nDP12-200<\/td>\n<td colspan=\"1\" rowspan=\"1\" align=\"center\">4953<br \/>\n4957<\/td>\n<td colspan=\"1\" rowspan=\"1\" align=\"center\">\u017b\u00f3\u0142ty<\/td>\n<td style=\"text-align: right;\">Min 20<br \/>\n100<br \/>\nMax 200<\/td>\n<td>\u00b1 3.0<br \/>\n\u00b1 1.5<br \/>\n\u00b1 1.0<\/td>\n<td>\u00b1 1.5<br \/>\n\u00b1 0.8<br \/>\n\u00b1 0.6<\/td>\n<td colspan=\"1\" rowspan=\"1\" align=\"center\">200 \u00b5l<\/td>\n<\/tr>\n<tr>\n<td colspan=\"1\" rowspan=\"1\" align=\"center\">DP8-300<br \/>\nDP12-300<\/td>\n<td colspan=\"1\" rowspan=\"1\" align=\"center\">4954<br \/>\n4958<\/td>\n<td colspan=\"1\" rowspan=\"1\" align=\"center\">Zielony<\/td>\n<td style=\"text-align: right;\">Min 50<br \/>\n150<br \/>\nMax 300<\/td>\n<td>\u00b1 1.6<br \/>\n\u00b1 1.2<br \/>\n\u00b1 1.0<\/td>\n<td>\u00b1 1.5<br \/>\n\u00b1 1.0<br \/>\n\u00b1 0.6<\/td>\n<td colspan=\"1\" rowspan=\"1\" align=\"center\">200 \u00b5l<\/td>\n<\/tr>\n<\/tbody>\n<\/table>\n<p>A-b\u0142\u0105d dok\u0142adno\u015bci, P-b\u0142\u0105d powtarzalno\u015bci<\/p>\n","protected":false},"excerpt":{"rendered":"<p>Pipety wielokana\u0142owe DISCOVERY PRO, podobnie jak pipety jednokana\u0142owe tej serii, zosta\u0142y wyposa\u017cone w pokr\u0119t\u0142o nastawy\/blokady pojemno\u015bci, 4-cyfrowy licznik oraz system mi\u0119kkich spr\u0119\u017cyn, kt\u00f3ry redukuje si\u0142y pipetowania i wydmuchu. Dzi\u0119ki nowoczesnej konstrukcji mechanizm pipety jest termicznie izolowany. Ciep\u0142o d\u0142oni u\u017cytkownika nie zak\u0142\u00f3ca pracy pipety zapewniaj\u0105c tym samym najlepsze parametry dok\u0142adno\u015bci. System \u201eaktywnych trzon\u00f3w\u201d modu\u0142u wielokana\u0142owego zapewnia [&hellip;]<\/p>\n","protected":false},"featured_media":5758,"template":"","meta":{"_et_pb_use_builder":"","_et_pb_old_content":"","_et_gb_content_width":""},"product_brand":[],"product_cat":[97],"product_tag":[],"class_list":{"0":"post-5723","1":"product","2":"type-product","3":"status-publish","4":"has-post-thumbnail","6":"product_cat-pipety-automatyczne-pipety-i-koncowki-do-pipet-2","8":"first","9":"instock","10":"taxable","11":"shipping-taxable","12":"purchasable","13":"product-type-variable"},"yoast_head":"<!-- This site is optimized with the Yoast SEO plugin v26.7 - https:\/\/yoast.com\/wordpress\/plugins\/seo\/ -->\n<title>DISCOVERY PRO pipeta wielokana\u0142owa o zmiennej obj\u0119to\u015bci | Labema<\/title>\n<meta name=\"robots\" content=\"index, follow, max-snippet:-1, max-image-preview:large, max-video-preview:-1\" \/>\n<link rel=\"canonical\" href=\"https:\/\/labema.pl\/?product=discovery-pro-pipeta-wielokanalowa-o-zmiennej-objetosci\" \/>\n<meta property=\"og:locale\" content=\"pl_PL\" \/>\n<meta property=\"og:type\" content=\"article\" \/>\n<meta property=\"og:title\" content=\"DISCOVERY PRO pipeta wielokana\u0142owa o zmiennej obj\u0119to\u015bci | Labema\" \/>\n<meta property=\"og:description\" content=\"Pipety wielokana\u0142owe DISCOVERY PRO, podobnie jak pipety jednokana\u0142owe tej serii, zosta\u0142y wyposa\u017cone w pokr\u0119t\u0142o nastawy\/blokady pojemno\u015bci, 4-cyfrowy licznik oraz system mi\u0119kkich spr\u0119\u017cyn, kt\u00f3ry redukuje si\u0142y pipetowania i wydmuchu. Dzi\u0119ki nowoczesnej konstrukcji mechanizm pipety jest termicznie izolowany. Ciep\u0142o d\u0142oni u\u017cytkownika nie zak\u0142\u00f3ca pracy pipety zapewniaj\u0105c tym samym najlepsze parametry dok\u0142adno\u015bci. System \u201eaktywnych trzon\u00f3w\u201d modu\u0142u wielokana\u0142owego zapewnia [&hellip;]\" \/>\n<meta property=\"og:url\" content=\"https:\/\/labema.pl\/?product=discovery-pro-pipeta-wielokanalowa-o-zmiennej-objetosci\" \/>\n<meta property=\"og:site_name\" content=\"Labema\" \/>\n<meta property=\"article:modified_time\" content=\"2023-01-27T17:01:51+00:00\" \/>\n<meta property=\"og:image\" content=\"https:\/\/labema.pl\/wp-content\/uploads\/discovery_pro_multi.jpg\" \/>\n\t<meta property=\"og:image:width\" content=\"650\" \/>\n\t<meta property=\"og:image:height\" content=\"650\" \/>\n\t<meta property=\"og:image:type\" content=\"image\/jpeg\" \/>\n<meta name=\"twitter:card\" content=\"summary_large_image\" \/>\n<meta name=\"twitter:label1\" content=\"Szacowany czas czytania\" \/>\n\t<meta name=\"twitter:data1\" content=\"1 minuta\" \/>\n<script type=\"application\/ld+json\" class=\"yoast-schema-graph\">{\"@context\":\"https:\/\/schema.org\",\"@graph\":[{\"@type\":\"WebPage\",\"@id\":\"https:\/\/labema.pl\/?product=discovery-pro-pipeta-wielokanalowa-o-zmiennej-objetosci\",\"url\":\"https:\/\/labema.pl\/?product=discovery-pro-pipeta-wielokanalowa-o-zmiennej-objetosci\",\"name\":\"DISCOVERY PRO pipeta wielokana\u0142owa o zmiennej obj\u0119to\u015bci | Labema\",\"isPartOf\":{\"@id\":\"https:\/\/labema.pl\/#website\"},\"primaryImageOfPage\":{\"@id\":\"https:\/\/labema.pl\/?product=discovery-pro-pipeta-wielokanalowa-o-zmiennej-objetosci#primaryimage\"},\"image\":{\"@id\":\"https:\/\/labema.pl\/?product=discovery-pro-pipeta-wielokanalowa-o-zmiennej-objetosci#primaryimage\"},\"thumbnailUrl\":\"https:\/\/labema.pl\/wp-content\/uploads\/discovery_pro_multi.jpg\",\"datePublished\":\"2022-02-17T17:25:52+00:00\",\"dateModified\":\"2023-01-27T17:01:51+00:00\",\"breadcrumb\":{\"@id\":\"https:\/\/labema.pl\/?product=discovery-pro-pipeta-wielokanalowa-o-zmiennej-objetosci#breadcrumb\"},\"inLanguage\":\"pl-PL\",\"potentialAction\":[{\"@type\":\"ReadAction\",\"target\":[\"https:\/\/labema.pl\/?product=discovery-pro-pipeta-wielokanalowa-o-zmiennej-objetosci\"]}]},{\"@type\":\"ImageObject\",\"inLanguage\":\"pl-PL\",\"@id\":\"https:\/\/labema.pl\/?product=discovery-pro-pipeta-wielokanalowa-o-zmiennej-objetosci#primaryimage\",\"url\":\"https:\/\/labema.pl\/wp-content\/uploads\/discovery_pro_multi.jpg\",\"contentUrl\":\"https:\/\/labema.pl\/wp-content\/uploads\/discovery_pro_multi.jpg\",\"width\":650,\"height\":650},{\"@type\":\"BreadcrumbList\",\"@id\":\"https:\/\/labema.pl\/?product=discovery-pro-pipeta-wielokanalowa-o-zmiennej-objetosci#breadcrumb\",\"itemListElement\":[{\"@type\":\"ListItem\",\"position\":1,\"name\":\"Strona g\u0142\u00f3wna\",\"item\":\"https:\/\/labema.pl\/\"},{\"@type\":\"ListItem\",\"position\":2,\"name\":\"e-Katalog\",\"item\":\"https:\/\/labema.pl\/?page_id=225\"},{\"@type\":\"ListItem\",\"position\":3,\"name\":\"DISCOVERY PRO pipeta wielokana\u0142owa o zmiennej obj\u0119to\u015bci\"}]},{\"@type\":\"WebSite\",\"@id\":\"https:\/\/labema.pl\/#website\",\"url\":\"https:\/\/labema.pl\/\",\"name\":\"Labema\",\"description\":\"Wyposa\u017cenie laboratorium\",\"publisher\":{\"@id\":\"https:\/\/labema.pl\/#organization\"},\"potentialAction\":[{\"@type\":\"SearchAction\",\"target\":{\"@type\":\"EntryPoint\",\"urlTemplate\":\"https:\/\/labema.pl\/?s={search_term_string}\"},\"query-input\":{\"@type\":\"PropertyValueSpecification\",\"valueRequired\":true,\"valueName\":\"search_term_string\"}}],\"inLanguage\":\"pl-PL\"},{\"@type\":\"Organization\",\"@id\":\"https:\/\/labema.pl\/#organization\",\"name\":\"Labema\",\"url\":\"https:\/\/labema.pl\/\",\"logo\":{\"@type\":\"ImageObject\",\"inLanguage\":\"pl-PL\",\"@id\":\"https:\/\/labema.pl\/#\/schema\/logo\/image\/\",\"url\":\"https:\/\/labema.pl\/wp-content\/uploads\/2016\/04\/labema.jpg\",\"contentUrl\":\"https:\/\/labema.pl\/wp-content\/uploads\/2016\/04\/labema.jpg\",\"width\":875,\"height\":220,\"caption\":\"Labema\"},\"image\":{\"@id\":\"https:\/\/labema.pl\/#\/schema\/logo\/image\/\"}}]}<\/script>\n<!-- \/ Yoast SEO plugin. -->","yoast_head_json":{"title":"DISCOVERY PRO pipeta wielokana\u0142owa o zmiennej obj\u0119to\u015bci | Labema","robots":{"index":"index","follow":"follow","max-snippet":"max-snippet:-1","max-image-preview":"max-image-preview:large","max-video-preview":"max-video-preview:-1"},"canonical":"https:\/\/labema.pl\/?product=discovery-pro-pipeta-wielokanalowa-o-zmiennej-objetosci","og_locale":"pl_PL","og_type":"article","og_title":"DISCOVERY PRO pipeta wielokana\u0142owa o zmiennej obj\u0119to\u015bci | Labema","og_description":"Pipety wielokana\u0142owe DISCOVERY PRO, podobnie jak pipety jednokana\u0142owe tej serii, zosta\u0142y wyposa\u017cone w pokr\u0119t\u0142o nastawy\/blokady pojemno\u015bci, 4-cyfrowy licznik oraz system mi\u0119kkich spr\u0119\u017cyn, kt\u00f3ry redukuje si\u0142y pipetowania i wydmuchu. Dzi\u0119ki nowoczesnej konstrukcji mechanizm pipety jest termicznie izolowany. Ciep\u0142o d\u0142oni u\u017cytkownika nie zak\u0142\u00f3ca pracy pipety zapewniaj\u0105c tym samym najlepsze parametry dok\u0142adno\u015bci. System \u201eaktywnych trzon\u00f3w\u201d modu\u0142u wielokana\u0142owego zapewnia [&hellip;]","og_url":"https:\/\/labema.pl\/?product=discovery-pro-pipeta-wielokanalowa-o-zmiennej-objetosci","og_site_name":"Labema","article_modified_time":"2023-01-27T17:01:51+00:00","og_image":[{"width":650,"height":650,"url":"https:\/\/labema.pl\/wp-content\/uploads\/discovery_pro_multi.jpg","type":"image\/jpeg"}],"twitter_card":"summary_large_image","twitter_misc":{"Szacowany czas czytania":"1 minuta"},"schema":{"@context":"https:\/\/schema.org","@graph":[{"@type":"WebPage","@id":"https:\/\/labema.pl\/?product=discovery-pro-pipeta-wielokanalowa-o-zmiennej-objetosci","url":"https:\/\/labema.pl\/?product=discovery-pro-pipeta-wielokanalowa-o-zmiennej-objetosci","name":"DISCOVERY PRO pipeta wielokana\u0142owa o zmiennej obj\u0119to\u015bci | Labema","isPartOf":{"@id":"https:\/\/labema.pl\/#website"},"primaryImageOfPage":{"@id":"https:\/\/labema.pl\/?product=discovery-pro-pipeta-wielokanalowa-o-zmiennej-objetosci#primaryimage"},"image":{"@id":"https:\/\/labema.pl\/?product=discovery-pro-pipeta-wielokanalowa-o-zmiennej-objetosci#primaryimage"},"thumbnailUrl":"https:\/\/labema.pl\/wp-content\/uploads\/discovery_pro_multi.jpg","datePublished":"2022-02-17T17:25:52+00:00","dateModified":"2023-01-27T17:01:51+00:00","breadcrumb":{"@id":"https:\/\/labema.pl\/?product=discovery-pro-pipeta-wielokanalowa-o-zmiennej-objetosci#breadcrumb"},"inLanguage":"pl-PL","potentialAction":[{"@type":"ReadAction","target":["https:\/\/labema.pl\/?product=discovery-pro-pipeta-wielokanalowa-o-zmiennej-objetosci"]}]},{"@type":"ImageObject","inLanguage":"pl-PL","@id":"https:\/\/labema.pl\/?product=discovery-pro-pipeta-wielokanalowa-o-zmiennej-objetosci#primaryimage","url":"https:\/\/labema.pl\/wp-content\/uploads\/discovery_pro_multi.jpg","contentUrl":"https:\/\/labema.pl\/wp-content\/uploads\/discovery_pro_multi.jpg","width":650,"height":650},{"@type":"BreadcrumbList","@id":"https:\/\/labema.pl\/?product=discovery-pro-pipeta-wielokanalowa-o-zmiennej-objetosci#breadcrumb","itemListElement":[{"@type":"ListItem","position":1,"name":"Strona g\u0142\u00f3wna","item":"https:\/\/labema.pl\/"},{"@type":"ListItem","position":2,"name":"e-Katalog","item":"https:\/\/labema.pl\/?page_id=225"},{"@type":"ListItem","position":3,"name":"DISCOVERY PRO pipeta wielokana\u0142owa o zmiennej obj\u0119to\u015bci"}]},{"@type":"WebSite","@id":"https:\/\/labema.pl\/#website","url":"https:\/\/labema.pl\/","name":"Labema","description":"Wyposa\u017cenie laboratorium","publisher":{"@id":"https:\/\/labema.pl\/#organization"},"potentialAction":[{"@type":"SearchAction","target":{"@type":"EntryPoint","urlTemplate":"https:\/\/labema.pl\/?s={search_term_string}"},"query-input":{"@type":"PropertyValueSpecification","valueRequired":true,"valueName":"search_term_string"}}],"inLanguage":"pl-PL"},{"@type":"Organization","@id":"https:\/\/labema.pl\/#organization","name":"Labema","url":"https:\/\/labema.pl\/","logo":{"@type":"ImageObject","inLanguage":"pl-PL","@id":"https:\/\/labema.pl\/#\/schema\/logo\/image\/","url":"https:\/\/labema.pl\/wp-content\/uploads\/2016\/04\/labema.jpg","contentUrl":"https:\/\/labema.pl\/wp-content\/uploads\/2016\/04\/labema.jpg","width":875,"height":220,"caption":"Labema"},"image":{"@id":"https:\/\/labema.pl\/#\/schema\/logo\/image\/"}}]}},"_links":{"self":[{"href":"https:\/\/labema.pl\/index.php?rest_route=\/wp\/v2\/product\/5723","targetHints":{"allow":["GET"]}}],"collection":[{"href":"https:\/\/labema.pl\/index.php?rest_route=\/wp\/v2\/product"}],"about":[{"href":"https:\/\/labema.pl\/index.php?rest_route=\/wp\/v2\/types\/product"}],"wp:featuredmedia":[{"embeddable":true,"href":"https:\/\/labema.pl\/index.php?rest_route=\/wp\/v2\/media\/5758"}],"wp:attachment":[{"href":"https:\/\/labema.pl\/index.php?rest_route=%2Fwp%2Fv2%2Fmedia&parent=5723"}],"wp:term":[{"taxonomy":"product_brand","embeddable":true,"href":"https:\/\/labema.pl\/index.php?rest_route=%2Fwp%2Fv2%2Fproduct_brand&post=5723"},{"taxonomy":"product_cat","embeddable":true,"href":"https:\/\/labema.pl\/index.php?rest_route=%2Fwp%2Fv2%2Fproduct_cat&post=5723"},{"taxonomy":"product_tag","embeddable":true,"href":"https:\/\/labema.pl\/index.php?rest_route=%2Fwp%2Fv2%2Fproduct_tag&post=5723"}],"curies":[{"name":"wp","href":"https:\/\/api.w.org\/{rel}","templated":true}]}}