{"id":5719,"date":"2022-02-17T18:25:51","date_gmt":"2022-02-17T17:25:51","guid":{"rendered":"https:\/\/labema.pl\/?post_type=product&#038;p=5719"},"modified":"2023-01-27T17:55:59","modified_gmt":"2023-01-27T16:55:59","slug":"labmate-pro-pipeta-jednokanalowa-o-zmiennej-objetosci","status":"publish","type":"product","link":"https:\/\/labema.pl\/?product=labmate-pro-pipeta-jednokanalowa-o-zmiennej-objetosci","title":{"rendered":"<strong>LABMATE PRO<\/strong> pipeta jednokana\u0142owa o zmiennej obj\u0119to\u015bci"},"content":{"rendered":"<p align=\"justify\">Pipety nastawne z serii <strong>LABMATE<\/strong> od lat ciesz\u0105 si\u0119 du\u017c\u0105 popularno\u015bci\u0105 na polskim rynku. U\u017cytkownicy ceni\u0105, przede wszystkim, doskona\u0142e parametry dok\u0142adno\u015bci i powtarzalno\u015bci, ergonomiczny kszta\u0142t r\u0119koje\u015bci oraz ich niezawodno\u015b\u0107. Udoskonalona wersja tej pipety, pipeta <strong>LABMATE PRO<\/strong> posiada dodatkowe cechy u\u0142atwiaj\u0105ce codzienn\u0105 prac\u0119 w laboratorium. <strong>LABMATE\u00a0PRO<\/strong> zosta\u0142a wykonana z materia\u0142\u00f3w zapewniaj\u0105cych wi\u0119ksz\u0105 wytrzyma\u0142o\u015b\u0107 mechaniczn\u0105 i odporno\u015b\u0107 na substancje chemiczne. Nowy mechanizm pipety, znacznie redukuj\u0105cy si\u0142y pipetowania i wydmuchu, zapewnia wyj\u0105tkowy komfort pracy.<\/p>\n<ul>\n<li><em>Podw\u00f3jny system nastawy pojemno\u015bci<\/em><\/li>\n<li><em>Obni\u017cone si\u0142y pipetowania<\/em><\/li>\n<li><em>Odporno\u015b\u0107 na promieniowanie UV<\/em><\/li>\n<li><em>Nowe, wytrzyma\u0142e trzony<\/em><\/li>\n<li><em>Regulowany wyrzutnik ko\u0144c\u00f3wek<\/em><\/li>\n<li><em>Rekalibracja<\/em><\/li>\n<li><em>W ca\u0142o\u015bci autoklawowalna<\/em><\/li>\n<\/ul>\n<p><span style=\"color: black; font-size: x-large;\">Specyfikacja<\/span><\/p>\n<table border=\"1\" rules=\"all\" align=\"center\">\n<tbody>\n<tr>\n<td colspan=\"1\" rowspan=\"1\" align=\"center\"><strong>Model<\/strong><\/td>\n<td colspan=\"1\" rowspan=\"1\" align=\"center\"><strong>Nr kat.<\/strong><\/td>\n<td colspan=\"1\" rowspan=\"1\" align=\"center\"><strong>Kolor<\/strong><\/td>\n<td colspan=\"1\" rowspan=\"1\" align=\"center\"><strong>Pojemno\u015b\u0107 [\u00b5l]<\/strong><\/td>\n<td colspan=\"1\" rowspan=\"1\" align=\"center\"><strong>A [%]<\/strong><\/td>\n<td colspan=\"1\" rowspan=\"1\" align=\"center\"><strong>P [%]<\/strong><\/td>\n<td colspan=\"1\" rowspan=\"1\" align=\"center\"><strong>Ko\u0144c\u00f3wka<\/strong><\/td>\n<\/tr>\n<tr>\n<td style=\"text-align: center;\" colspan=\"1\" rowspan=\"1\">LMP2*<\/td>\n<td style=\"text-align: center;\" colspan=\"1\" rowspan=\"1\">5661<\/td>\n<td colspan=\"1\" rowspan=\"2\" align=\"center\">Czerwony<\/td>\n<td style=\"text-align: right;\">0,2<br \/>\n1,0<br \/>\nMax 2,0<\/td>\n<td style=\"text-align: left;\">\u00a0\u00b1 12,0<br \/>\n\u00b1 2,7<br \/>\n\u00b1 1,5<\/td>\n<td style=\"text-align: left;\">\u00b1 6,0<br \/>\n\u00b1 1,3<br \/>\n\u00b1 0,7<\/td>\n<td style=\"text-align: center;\" colspan=\"1\" rowspan=\"2\">10 \u00b5l<\/td>\n<\/tr>\n<tr>\n<td style=\"text-align: center;\" colspan=\"1\" rowspan=\"1\">LMP10<\/td>\n<td style=\"text-align: center;\" colspan=\"1\" rowspan=\"1\">5662<\/td>\n<td style=\"text-align: right;\">Min 0,5<br \/>\n5,0<br \/>\nMax 10,0<\/td>\n<td style=\"text-align: left;\">\u00a0\u00b1 4,0<br \/>\n\u00b1 1,0<br \/>\n\u00b1 0,5<\/td>\n<td style=\"text-align: left;\">\u00b1 2,8<br \/>\n\u00b1 0,6<br \/>\n\u00b1 0,4<\/td>\n<\/tr>\n<tr>\n<td style=\"text-align: center;\" colspan=\"1\" rowspan=\"1\">LMP20<\/td>\n<td style=\"text-align: center;\" colspan=\"1\" rowspan=\"1\">5663<\/td>\n<td colspan=\"1\" rowspan=\"4\" align=\"center\">\u017b\u00f3\u0142ty<\/td>\n<td style=\"text-align: right;\">Min 2<br \/>\n10<br \/>\nMax 20<\/td>\n<td style=\"text-align: left;\">\u00a0\u00b1 3,0<br \/>\n\u00b1 1,0<br \/>\n\u00b1 0,8<\/td>\n<td style=\"text-align: left;\">\u00b1 1,5<br \/>\n\u00b1 0,5<br \/>\n\u00b1 0,3<\/td>\n<td style=\"text-align: center;\" colspan=\"1\" rowspan=\"4\">200 \u00b5l<\/td>\n<\/tr>\n<tr>\n<td style=\"text-align: center;\" colspan=\"1\" rowspan=\"1\">LMP50<\/td>\n<td style=\"text-align: center;\" colspan=\"1\" rowspan=\"1\">5667<\/td>\n<td style=\"text-align: right;\">Min 5<br \/>\n25<br \/>\nMax 50<\/td>\n<td style=\"text-align: left;\">\u00a0\u00b1 2,5<br \/>\n\u00b1 1,0<br \/>\n\u00b1 0,8<\/td>\n<td style=\"text-align: left;\">\u00b1 2,0<br \/>\n\u00b1 0,6<br \/>\n\u00b1 0,4<\/td>\n<\/tr>\n<tr>\n<td style=\"text-align: center;\" colspan=\"1\" rowspan=\"1\">LMP100<\/td>\n<td style=\"text-align: center;\" colspan=\"1\" rowspan=\"1\">5664<\/td>\n<td style=\"text-align: right;\" colspan=\"1\" rowspan=\"1\">Min 10<br \/>\n50<br \/>\nMax 100<\/td>\n<td style=\"text-align: left;\" colspan=\"1\" rowspan=\"1\">\u00a0\u00b1 1,6<br \/>\n\u00b1 0,8<br \/>\n\u00b1 0,8<\/td>\n<td style=\"text-align: left;\" colspan=\"1\" rowspan=\"1\">\u00b1 0,8<br \/>\n\u00b1 0,24<br \/>\n\u00b1 0,2<\/td>\n<\/tr>\n<tr>\n<td style=\"text-align: center;\" colspan=\"1\" rowspan=\"1\">LMP200<\/td>\n<td style=\"text-align: center;\" colspan=\"1\" rowspan=\"1\">5665<\/td>\n<td style=\"text-align: right;\" colspan=\"1\" rowspan=\"1\">Min 20<br \/>\n100<br \/>\nMax 200<\/td>\n<td style=\"text-align: left;\" colspan=\"1\" rowspan=\"1\">\u00a0\u00b1 1,2<br \/>\n\u00b1 0,8<br \/>\n\u00b1 0,6<\/td>\n<td style=\"text-align: left;\" colspan=\"1\" rowspan=\"1\">\u00b1 0,6<br \/>\n\u00b1 0,25<br \/>\n\u00b1 0,2<\/td>\n<\/tr>\n<tr>\n<td style=\"text-align: center;\" colspan=\"1\" rowspan=\"1\">LM250<\/td>\n<td style=\"text-align: center;\" colspan=\"1\" rowspan=\"1\">5660<\/td>\n<td colspan=\"1\" rowspan=\"1\" align=\"center\">Zielony<\/td>\n<td style=\"text-align: right;\" colspan=\"1\" rowspan=\"1\">Min 50<br \/>\n125<br \/>\nMax 250<\/td>\n<td style=\"text-align: left;\" colspan=\"1\" rowspan=\"1\">\u00a0\u00b1 1,0<br \/>\n\u00b1 0,8<br \/>\n\u00b1 0,6<\/td>\n<td style=\"text-align: left;\" colspan=\"1\" rowspan=\"1\">\u00b1 0,4<br \/>\n\u00b1 0,3<br \/>\n\u00b1 0,3<\/td>\n<td style=\"text-align: center;\" colspan=\"1\" rowspan=\"1\">300 \u00b5l<\/td>\n<\/tr>\n<tr>\n<td style=\"text-align: center;\" colspan=\"1\" rowspan=\"1\">LMP1000<\/td>\n<td style=\"text-align: center;\" colspan=\"1\" rowspan=\"1\">5666<\/td>\n<td colspan=\"1\" rowspan=\"1\" align=\"center\">Niebieski<\/td>\n<td style=\"text-align: right;\" colspan=\"1\" rowspan=\"1\">Min 100<br \/>\n500<br \/>\nMax 1000<\/td>\n<td style=\"text-align: left;\" colspan=\"1\" rowspan=\"1\">\u00a0\u00b1 1,6<br \/>\n\u00b1 0,7<br \/>\n\u00b1 0,6<\/td>\n<td style=\"text-align: left;\" colspan=\"1\" rowspan=\"1\">\u00b1 0,4<br \/>\n\u00b1 0,2<br \/>\n\u00b1 0,15<\/td>\n<td style=\"text-align: center;\" colspan=\"1\" rowspan=\"1\">1000 \u00b5l<\/td>\n<\/tr>\n<tr>\n<td style=\"text-align: center;\" colspan=\"1\" rowspan=\"1\">LMP5000<\/td>\n<td style=\"text-align: center;\" colspan=\"1\" rowspan=\"1\">5668<\/td>\n<td colspan=\"1\" rowspan=\"2\" align=\"center\">Bia\u0142y<\/td>\n<td style=\"text-align: right;\" colspan=\"1\" rowspan=\"1\">Min 500<br \/>\n2500<br \/>\nMax 5000<\/td>\n<td style=\"text-align: left;\" colspan=\"1\" rowspan=\"1\">\u00a0\u00b1 1,2<br \/>\n\u00b1 0,6<br \/>\n\u00b1 0,5<\/td>\n<td style=\"text-align: left;\" colspan=\"1\" rowspan=\"1\">\u00b1 0,5<br \/>\n\u00b1 0,2<br \/>\n\u00b1 0,15<\/td>\n<td style=\"text-align: center;\" colspan=\"1\" rowspan=\"1\">5000 \u00b5l<\/td>\n<\/tr>\n<tr>\n<td style=\"text-align: center;\" colspan=\"1\" rowspan=\"1\">LMP10000<\/td>\n<td style=\"text-align: center;\" colspan=\"1\" rowspan=\"1\">5669<\/td>\n<td style=\"text-align: right;\" colspan=\"1\" rowspan=\"1\">Min 1000<br \/>\n5000<br \/>\nMax 10000<\/td>\n<td style=\"text-align: left;\" colspan=\"1\" rowspan=\"1\">\u00a0\u00b1 2,5<br \/>\n\u00b1 0,8<br \/>\n\u00b1 0,5<\/td>\n<td style=\"text-align: left;\" colspan=\"1\" rowspan=\"1\">\u00b1 0,6<br \/>\n\u00b1 0,3<br \/>\n\u00b1 0,2<\/td>\n<td style=\"text-align: center;\" colspan=\"1\" rowspan=\"1\">10000 \u00b5l<\/td>\n<\/tr>\n<\/tbody>\n<\/table>\n<p>A-b\u0142\u0105d dok\u0142adno\u015bci, P-b\u0142\u0105d powtarzalno\u015bci<br \/>\n*) Minimalna pojemno\u015b\u0107 0,1 \u00b5l<\/p>\n","protected":false},"excerpt":{"rendered":"<p>Pipety nastawne z serii LABMATE od lat ciesz\u0105 si\u0119 du\u017c\u0105 popularno\u015bci\u0105 na polskim rynku. U\u017cytkownicy ceni\u0105, przede wszystkim, doskona\u0142e parametry dok\u0142adno\u015bci i powtarzalno\u015bci, ergonomiczny kszta\u0142t r\u0119koje\u015bci oraz ich niezawodno\u015b\u0107. Udoskonalona wersja tej pipety, pipeta LABMATE PRO posiada dodatkowe cechy u\u0142atwiaj\u0105ce codzienn\u0105 prac\u0119 w laboratorium. LABMATE\u00a0PRO zosta\u0142a wykonana z materia\u0142\u00f3w zapewniaj\u0105cych wi\u0119ksz\u0105 wytrzyma\u0142o\u015b\u0107 mechaniczn\u0105 i odporno\u015b\u0107 [&hellip;]<\/p>\n","protected":false},"featured_media":5750,"template":"","meta":{"_et_pb_use_builder":"","_et_pb_old_content":"","_et_gb_content_width":""},"product_brand":[],"product_cat":[97],"product_tag":[],"class_list":{"0":"post-5719","1":"product","2":"type-product","3":"status-publish","4":"has-post-thumbnail","6":"product_cat-pipety-automatyczne-pipety-i-koncowki-do-pipet-2","8":"first","9":"instock","10":"taxable","11":"shipping-taxable","12":"purchasable","13":"product-type-variable"},"yoast_head":"<!-- This site is optimized with the Yoast SEO plugin v26.7 - https:\/\/yoast.com\/wordpress\/plugins\/seo\/ -->\n<title>LABMATE PRO pipeta jednokana\u0142owa o zmiennej obj\u0119to\u015bci | Labema<\/title>\n<meta name=\"robots\" content=\"index, follow, max-snippet:-1, max-image-preview:large, max-video-preview:-1\" \/>\n<link rel=\"canonical\" href=\"https:\/\/labema.pl\/?product=labmate-pro-pipeta-jednokanalowa-o-zmiennej-objetosci\" \/>\n<meta property=\"og:locale\" content=\"pl_PL\" \/>\n<meta property=\"og:type\" content=\"article\" \/>\n<meta property=\"og:title\" content=\"LABMATE PRO pipeta jednokana\u0142owa o zmiennej obj\u0119to\u015bci | Labema\" \/>\n<meta property=\"og:description\" content=\"Pipety nastawne z serii LABMATE od lat ciesz\u0105 si\u0119 du\u017c\u0105 popularno\u015bci\u0105 na polskim rynku. U\u017cytkownicy ceni\u0105, przede wszystkim, doskona\u0142e parametry dok\u0142adno\u015bci i powtarzalno\u015bci, ergonomiczny kszta\u0142t r\u0119koje\u015bci oraz ich niezawodno\u015b\u0107. Udoskonalona wersja tej pipety, pipeta LABMATE PRO posiada dodatkowe cechy u\u0142atwiaj\u0105ce codzienn\u0105 prac\u0119 w laboratorium. LABMATE\u00a0PRO zosta\u0142a wykonana z materia\u0142\u00f3w zapewniaj\u0105cych wi\u0119ksz\u0105 wytrzyma\u0142o\u015b\u0107 mechaniczn\u0105 i odporno\u015b\u0107 [&hellip;]\" \/>\n<meta property=\"og:url\" content=\"https:\/\/labema.pl\/?product=labmate-pro-pipeta-jednokanalowa-o-zmiennej-objetosci\" \/>\n<meta property=\"og:site_name\" content=\"Labema\" \/>\n<meta property=\"article:modified_time\" content=\"2023-01-27T16:55:59+00:00\" \/>\n<meta property=\"og:image\" content=\"https:\/\/labema.pl\/wp-content\/uploads\/labmate_pro.jpg\" \/>\n\t<meta property=\"og:image:width\" content=\"650\" \/>\n\t<meta property=\"og:image:height\" content=\"650\" \/>\n\t<meta property=\"og:image:type\" content=\"image\/jpeg\" \/>\n<meta name=\"twitter:card\" content=\"summary_large_image\" \/>\n<meta name=\"twitter:label1\" content=\"Szacowany czas czytania\" \/>\n\t<meta name=\"twitter:data1\" content=\"1 minuta\" \/>\n<script type=\"application\/ld+json\" class=\"yoast-schema-graph\">{\"@context\":\"https:\/\/schema.org\",\"@graph\":[{\"@type\":\"WebPage\",\"@id\":\"https:\/\/labema.pl\/?product=labmate-pro-pipeta-jednokanalowa-o-zmiennej-objetosci\",\"url\":\"https:\/\/labema.pl\/?product=labmate-pro-pipeta-jednokanalowa-o-zmiennej-objetosci\",\"name\":\"LABMATE PRO pipeta jednokana\u0142owa o zmiennej obj\u0119to\u015bci | Labema\",\"isPartOf\":{\"@id\":\"https:\/\/labema.pl\/#website\"},\"primaryImageOfPage\":{\"@id\":\"https:\/\/labema.pl\/?product=labmate-pro-pipeta-jednokanalowa-o-zmiennej-objetosci#primaryimage\"},\"image\":{\"@id\":\"https:\/\/labema.pl\/?product=labmate-pro-pipeta-jednokanalowa-o-zmiennej-objetosci#primaryimage\"},\"thumbnailUrl\":\"https:\/\/labema.pl\/wp-content\/uploads\/labmate_pro.jpg\",\"datePublished\":\"2022-02-17T17:25:51+00:00\",\"dateModified\":\"2023-01-27T16:55:59+00:00\",\"breadcrumb\":{\"@id\":\"https:\/\/labema.pl\/?product=labmate-pro-pipeta-jednokanalowa-o-zmiennej-objetosci#breadcrumb\"},\"inLanguage\":\"pl-PL\",\"potentialAction\":[{\"@type\":\"ReadAction\",\"target\":[\"https:\/\/labema.pl\/?product=labmate-pro-pipeta-jednokanalowa-o-zmiennej-objetosci\"]}]},{\"@type\":\"ImageObject\",\"inLanguage\":\"pl-PL\",\"@id\":\"https:\/\/labema.pl\/?product=labmate-pro-pipeta-jednokanalowa-o-zmiennej-objetosci#primaryimage\",\"url\":\"https:\/\/labema.pl\/wp-content\/uploads\/labmate_pro.jpg\",\"contentUrl\":\"https:\/\/labema.pl\/wp-content\/uploads\/labmate_pro.jpg\",\"width\":650,\"height\":650},{\"@type\":\"BreadcrumbList\",\"@id\":\"https:\/\/labema.pl\/?product=labmate-pro-pipeta-jednokanalowa-o-zmiennej-objetosci#breadcrumb\",\"itemListElement\":[{\"@type\":\"ListItem\",\"position\":1,\"name\":\"Strona g\u0142\u00f3wna\",\"item\":\"https:\/\/labema.pl\/\"},{\"@type\":\"ListItem\",\"position\":2,\"name\":\"e-Katalog\",\"item\":\"https:\/\/labema.pl\/?page_id=225\"},{\"@type\":\"ListItem\",\"position\":3,\"name\":\"LABMATE PRO pipeta jednokana\u0142owa o zmiennej obj\u0119to\u015bci\"}]},{\"@type\":\"WebSite\",\"@id\":\"https:\/\/labema.pl\/#website\",\"url\":\"https:\/\/labema.pl\/\",\"name\":\"Labema\",\"description\":\"Wyposa\u017cenie laboratorium\",\"publisher\":{\"@id\":\"https:\/\/labema.pl\/#organization\"},\"potentialAction\":[{\"@type\":\"SearchAction\",\"target\":{\"@type\":\"EntryPoint\",\"urlTemplate\":\"https:\/\/labema.pl\/?s={search_term_string}\"},\"query-input\":{\"@type\":\"PropertyValueSpecification\",\"valueRequired\":true,\"valueName\":\"search_term_string\"}}],\"inLanguage\":\"pl-PL\"},{\"@type\":\"Organization\",\"@id\":\"https:\/\/labema.pl\/#organization\",\"name\":\"Labema\",\"url\":\"https:\/\/labema.pl\/\",\"logo\":{\"@type\":\"ImageObject\",\"inLanguage\":\"pl-PL\",\"@id\":\"https:\/\/labema.pl\/#\/schema\/logo\/image\/\",\"url\":\"https:\/\/labema.pl\/wp-content\/uploads\/2016\/04\/labema.jpg\",\"contentUrl\":\"https:\/\/labema.pl\/wp-content\/uploads\/2016\/04\/labema.jpg\",\"width\":875,\"height\":220,\"caption\":\"Labema\"},\"image\":{\"@id\":\"https:\/\/labema.pl\/#\/schema\/logo\/image\/\"}}]}<\/script>\n<!-- \/ Yoast SEO plugin. -->","yoast_head_json":{"title":"LABMATE PRO pipeta jednokana\u0142owa o zmiennej obj\u0119to\u015bci | Labema","robots":{"index":"index","follow":"follow","max-snippet":"max-snippet:-1","max-image-preview":"max-image-preview:large","max-video-preview":"max-video-preview:-1"},"canonical":"https:\/\/labema.pl\/?product=labmate-pro-pipeta-jednokanalowa-o-zmiennej-objetosci","og_locale":"pl_PL","og_type":"article","og_title":"LABMATE PRO pipeta jednokana\u0142owa o zmiennej obj\u0119to\u015bci | Labema","og_description":"Pipety nastawne z serii LABMATE od lat ciesz\u0105 si\u0119 du\u017c\u0105 popularno\u015bci\u0105 na polskim rynku. U\u017cytkownicy ceni\u0105, przede wszystkim, doskona\u0142e parametry dok\u0142adno\u015bci i powtarzalno\u015bci, ergonomiczny kszta\u0142t r\u0119koje\u015bci oraz ich niezawodno\u015b\u0107. Udoskonalona wersja tej pipety, pipeta LABMATE PRO posiada dodatkowe cechy u\u0142atwiaj\u0105ce codzienn\u0105 prac\u0119 w laboratorium. LABMATE\u00a0PRO zosta\u0142a wykonana z materia\u0142\u00f3w zapewniaj\u0105cych wi\u0119ksz\u0105 wytrzyma\u0142o\u015b\u0107 mechaniczn\u0105 i odporno\u015b\u0107 [&hellip;]","og_url":"https:\/\/labema.pl\/?product=labmate-pro-pipeta-jednokanalowa-o-zmiennej-objetosci","og_site_name":"Labema","article_modified_time":"2023-01-27T16:55:59+00:00","og_image":[{"width":650,"height":650,"url":"https:\/\/labema.pl\/wp-content\/uploads\/labmate_pro.jpg","type":"image\/jpeg"}],"twitter_card":"summary_large_image","twitter_misc":{"Szacowany czas czytania":"1 minuta"},"schema":{"@context":"https:\/\/schema.org","@graph":[{"@type":"WebPage","@id":"https:\/\/labema.pl\/?product=labmate-pro-pipeta-jednokanalowa-o-zmiennej-objetosci","url":"https:\/\/labema.pl\/?product=labmate-pro-pipeta-jednokanalowa-o-zmiennej-objetosci","name":"LABMATE PRO pipeta jednokana\u0142owa o zmiennej obj\u0119to\u015bci | Labema","isPartOf":{"@id":"https:\/\/labema.pl\/#website"},"primaryImageOfPage":{"@id":"https:\/\/labema.pl\/?product=labmate-pro-pipeta-jednokanalowa-o-zmiennej-objetosci#primaryimage"},"image":{"@id":"https:\/\/labema.pl\/?product=labmate-pro-pipeta-jednokanalowa-o-zmiennej-objetosci#primaryimage"},"thumbnailUrl":"https:\/\/labema.pl\/wp-content\/uploads\/labmate_pro.jpg","datePublished":"2022-02-17T17:25:51+00:00","dateModified":"2023-01-27T16:55:59+00:00","breadcrumb":{"@id":"https:\/\/labema.pl\/?product=labmate-pro-pipeta-jednokanalowa-o-zmiennej-objetosci#breadcrumb"},"inLanguage":"pl-PL","potentialAction":[{"@type":"ReadAction","target":["https:\/\/labema.pl\/?product=labmate-pro-pipeta-jednokanalowa-o-zmiennej-objetosci"]}]},{"@type":"ImageObject","inLanguage":"pl-PL","@id":"https:\/\/labema.pl\/?product=labmate-pro-pipeta-jednokanalowa-o-zmiennej-objetosci#primaryimage","url":"https:\/\/labema.pl\/wp-content\/uploads\/labmate_pro.jpg","contentUrl":"https:\/\/labema.pl\/wp-content\/uploads\/labmate_pro.jpg","width":650,"height":650},{"@type":"BreadcrumbList","@id":"https:\/\/labema.pl\/?product=labmate-pro-pipeta-jednokanalowa-o-zmiennej-objetosci#breadcrumb","itemListElement":[{"@type":"ListItem","position":1,"name":"Strona g\u0142\u00f3wna","item":"https:\/\/labema.pl\/"},{"@type":"ListItem","position":2,"name":"e-Katalog","item":"https:\/\/labema.pl\/?page_id=225"},{"@type":"ListItem","position":3,"name":"LABMATE PRO pipeta jednokana\u0142owa o zmiennej obj\u0119to\u015bci"}]},{"@type":"WebSite","@id":"https:\/\/labema.pl\/#website","url":"https:\/\/labema.pl\/","name":"Labema","description":"Wyposa\u017cenie laboratorium","publisher":{"@id":"https:\/\/labema.pl\/#organization"},"potentialAction":[{"@type":"SearchAction","target":{"@type":"EntryPoint","urlTemplate":"https:\/\/labema.pl\/?s={search_term_string}"},"query-input":{"@type":"PropertyValueSpecification","valueRequired":true,"valueName":"search_term_string"}}],"inLanguage":"pl-PL"},{"@type":"Organization","@id":"https:\/\/labema.pl\/#organization","name":"Labema","url":"https:\/\/labema.pl\/","logo":{"@type":"ImageObject","inLanguage":"pl-PL","@id":"https:\/\/labema.pl\/#\/schema\/logo\/image\/","url":"https:\/\/labema.pl\/wp-content\/uploads\/2016\/04\/labema.jpg","contentUrl":"https:\/\/labema.pl\/wp-content\/uploads\/2016\/04\/labema.jpg","width":875,"height":220,"caption":"Labema"},"image":{"@id":"https:\/\/labema.pl\/#\/schema\/logo\/image\/"}}]}},"_links":{"self":[{"href":"https:\/\/labema.pl\/index.php?rest_route=\/wp\/v2\/product\/5719","targetHints":{"allow":["GET"]}}],"collection":[{"href":"https:\/\/labema.pl\/index.php?rest_route=\/wp\/v2\/product"}],"about":[{"href":"https:\/\/labema.pl\/index.php?rest_route=\/wp\/v2\/types\/product"}],"wp:featuredmedia":[{"embeddable":true,"href":"https:\/\/labema.pl\/index.php?rest_route=\/wp\/v2\/media\/5750"}],"wp:attachment":[{"href":"https:\/\/labema.pl\/index.php?rest_route=%2Fwp%2Fv2%2Fmedia&parent=5719"}],"wp:term":[{"taxonomy":"product_brand","embeddable":true,"href":"https:\/\/labema.pl\/index.php?rest_route=%2Fwp%2Fv2%2Fproduct_brand&post=5719"},{"taxonomy":"product_cat","embeddable":true,"href":"https:\/\/labema.pl\/index.php?rest_route=%2Fwp%2Fv2%2Fproduct_cat&post=5719"},{"taxonomy":"product_tag","embeddable":true,"href":"https:\/\/labema.pl\/index.php?rest_route=%2Fwp%2Fv2%2Fproduct_tag&post=5719"}],"curies":[{"name":"wp","href":"https:\/\/api.w.org\/{rel}","templated":true}]}}