{"id":4151,"date":"2016-06-23T08:52:30","date_gmt":"2016-06-23T06:52:30","guid":{"rendered":"https:\/\/labema.pl\/?post_type=product&#038;p=4151"},"modified":"2022-01-04T09:24:22","modified_gmt":"2022-01-04T08:24:22","slug":"butelka-z-kroplomierzem-oranz","status":"publish","type":"product","link":"https:\/\/labema.pl\/?product=butelka-z-kroplomierzem-oranz","title":{"rendered":"Butelka z kroplomierzem, oran\u017c"},"content":{"rendered":"<p align=\"justify\">Kroplomierz (butelka z zakraplaczem) wykonany z oran\u017cowego szk\u0142a sodowo-wapniowego. \u0141atwy w u\u017cytkowaniu. Przeznaczony do precyzyjnego dozowania ma\u0142ych ilo\u015bci cieczy w postaci kropli.<\/p>\n<p>Dropping bottle, clear<\/p>\n","protected":false},"excerpt":{"rendered":"<p>Kroplomierz (butelka z zakraplaczem) wykonany z oran\u017cowego szk\u0142a sodowo-wapniowego. \u0141atwy w u\u017cytkowaniu. Przeznaczony do precyzyjnego dozowania ma\u0142ych ilo\u015bci cieczy w postaci kropli. Dropping bottle, clear<\/p>\n","protected":false},"featured_media":0,"template":"","meta":{"_et_pb_use_builder":"","_et_pb_old_content":"","_et_gb_content_width":""},"product_brand":[],"product_cat":[71],"product_tag":[],"class_list":{"0":"post-4151","1":"product","2":"type-product","3":"status-publish","5":"product_cat-szklo-laboratoryjne","6":"product_shipping_class-szklo_labema","8":"first","9":"instock","10":"taxable","11":"shipping-taxable","12":"purchasable","13":"product-type-variable"},"yoast_head":"<!-- This site is optimized with the Yoast SEO plugin v26.7 - https:\/\/yoast.com\/wordpress\/plugins\/seo\/ -->\n<title>Butelka z kroplomierzem, oran\u017c | Labema<\/title>\n<meta name=\"robots\" content=\"index, follow, max-snippet:-1, max-image-preview:large, max-video-preview:-1\" \/>\n<link rel=\"canonical\" href=\"https:\/\/labema.pl\/?product=butelka-z-kroplomierzem-oranz\" \/>\n<meta property=\"og:locale\" content=\"pl_PL\" \/>\n<meta property=\"og:type\" content=\"article\" \/>\n<meta property=\"og:title\" content=\"Butelka z kroplomierzem, oran\u017c | Labema\" \/>\n<meta property=\"og:description\" content=\"Kroplomierz (butelka z zakraplaczem) wykonany z oran\u017cowego szk\u0142a sodowo-wapniowego. \u0141atwy w u\u017cytkowaniu. Przeznaczony do precyzyjnego dozowania ma\u0142ych ilo\u015bci cieczy w postaci kropli. Dropping bottle, clear\" \/>\n<meta property=\"og:url\" content=\"https:\/\/labema.pl\/?product=butelka-z-kroplomierzem-oranz\" \/>\n<meta property=\"og:site_name\" content=\"Labema\" \/>\n<meta property=\"article:modified_time\" content=\"2022-01-04T08:24:22+00:00\" \/>\n<meta name=\"twitter:card\" content=\"summary_large_image\" \/>\n<script type=\"application\/ld+json\" class=\"yoast-schema-graph\">{\"@context\":\"https:\/\/schema.org\",\"@graph\":[{\"@type\":\"WebPage\",\"@id\":\"https:\/\/labema.pl\/?product=butelka-z-kroplomierzem-oranz\",\"url\":\"https:\/\/labema.pl\/?product=butelka-z-kroplomierzem-oranz\",\"name\":\"Butelka z kroplomierzem, oran\u017c | Labema\",\"isPartOf\":{\"@id\":\"https:\/\/labema.pl\/#website\"},\"datePublished\":\"2016-06-23T06:52:30+00:00\",\"dateModified\":\"2022-01-04T08:24:22+00:00\",\"breadcrumb\":{\"@id\":\"https:\/\/labema.pl\/?product=butelka-z-kroplomierzem-oranz#breadcrumb\"},\"inLanguage\":\"pl-PL\",\"potentialAction\":[{\"@type\":\"ReadAction\",\"target\":[\"https:\/\/labema.pl\/?product=butelka-z-kroplomierzem-oranz\"]}]},{\"@type\":\"BreadcrumbList\",\"@id\":\"https:\/\/labema.pl\/?product=butelka-z-kroplomierzem-oranz#breadcrumb\",\"itemListElement\":[{\"@type\":\"ListItem\",\"position\":1,\"name\":\"Strona g\u0142\u00f3wna\",\"item\":\"https:\/\/labema.pl\/\"},{\"@type\":\"ListItem\",\"position\":2,\"name\":\"e-Katalog\",\"item\":\"https:\/\/labema.pl\/?page_id=225\"},{\"@type\":\"ListItem\",\"position\":3,\"name\":\"Butelka z kroplomierzem, oran\u017c\"}]},{\"@type\":\"WebSite\",\"@id\":\"https:\/\/labema.pl\/#website\",\"url\":\"https:\/\/labema.pl\/\",\"name\":\"Labema\",\"description\":\"Wyposa\u017cenie laboratorium\",\"publisher\":{\"@id\":\"https:\/\/labema.pl\/#organization\"},\"potentialAction\":[{\"@type\":\"SearchAction\",\"target\":{\"@type\":\"EntryPoint\",\"urlTemplate\":\"https:\/\/labema.pl\/?s={search_term_string}\"},\"query-input\":{\"@type\":\"PropertyValueSpecification\",\"valueRequired\":true,\"valueName\":\"search_term_string\"}}],\"inLanguage\":\"pl-PL\"},{\"@type\":\"Organization\",\"@id\":\"https:\/\/labema.pl\/#organization\",\"name\":\"Labema\",\"url\":\"https:\/\/labema.pl\/\",\"logo\":{\"@type\":\"ImageObject\",\"inLanguage\":\"pl-PL\",\"@id\":\"https:\/\/labema.pl\/#\/schema\/logo\/image\/\",\"url\":\"https:\/\/labema.pl\/wp-content\/uploads\/2016\/04\/labema.jpg\",\"contentUrl\":\"https:\/\/labema.pl\/wp-content\/uploads\/2016\/04\/labema.jpg\",\"width\":875,\"height\":220,\"caption\":\"Labema\"},\"image\":{\"@id\":\"https:\/\/labema.pl\/#\/schema\/logo\/image\/\"}}]}<\/script>\n<!-- \/ Yoast SEO plugin. -->","yoast_head_json":{"title":"Butelka z kroplomierzem, oran\u017c | Labema","robots":{"index":"index","follow":"follow","max-snippet":"max-snippet:-1","max-image-preview":"max-image-preview:large","max-video-preview":"max-video-preview:-1"},"canonical":"https:\/\/labema.pl\/?product=butelka-z-kroplomierzem-oranz","og_locale":"pl_PL","og_type":"article","og_title":"Butelka z kroplomierzem, oran\u017c | Labema","og_description":"Kroplomierz (butelka z zakraplaczem) wykonany z oran\u017cowego szk\u0142a sodowo-wapniowego. \u0141atwy w u\u017cytkowaniu. Przeznaczony do precyzyjnego dozowania ma\u0142ych ilo\u015bci cieczy w postaci kropli. Dropping bottle, clear","og_url":"https:\/\/labema.pl\/?product=butelka-z-kroplomierzem-oranz","og_site_name":"Labema","article_modified_time":"2022-01-04T08:24:22+00:00","twitter_card":"summary_large_image","schema":{"@context":"https:\/\/schema.org","@graph":[{"@type":"WebPage","@id":"https:\/\/labema.pl\/?product=butelka-z-kroplomierzem-oranz","url":"https:\/\/labema.pl\/?product=butelka-z-kroplomierzem-oranz","name":"Butelka z kroplomierzem, oran\u017c | Labema","isPartOf":{"@id":"https:\/\/labema.pl\/#website"},"datePublished":"2016-06-23T06:52:30+00:00","dateModified":"2022-01-04T08:24:22+00:00","breadcrumb":{"@id":"https:\/\/labema.pl\/?product=butelka-z-kroplomierzem-oranz#breadcrumb"},"inLanguage":"pl-PL","potentialAction":[{"@type":"ReadAction","target":["https:\/\/labema.pl\/?product=butelka-z-kroplomierzem-oranz"]}]},{"@type":"BreadcrumbList","@id":"https:\/\/labema.pl\/?product=butelka-z-kroplomierzem-oranz#breadcrumb","itemListElement":[{"@type":"ListItem","position":1,"name":"Strona g\u0142\u00f3wna","item":"https:\/\/labema.pl\/"},{"@type":"ListItem","position":2,"name":"e-Katalog","item":"https:\/\/labema.pl\/?page_id=225"},{"@type":"ListItem","position":3,"name":"Butelka z kroplomierzem, oran\u017c"}]},{"@type":"WebSite","@id":"https:\/\/labema.pl\/#website","url":"https:\/\/labema.pl\/","name":"Labema","description":"Wyposa\u017cenie laboratorium","publisher":{"@id":"https:\/\/labema.pl\/#organization"},"potentialAction":[{"@type":"SearchAction","target":{"@type":"EntryPoint","urlTemplate":"https:\/\/labema.pl\/?s={search_term_string}"},"query-input":{"@type":"PropertyValueSpecification","valueRequired":true,"valueName":"search_term_string"}}],"inLanguage":"pl-PL"},{"@type":"Organization","@id":"https:\/\/labema.pl\/#organization","name":"Labema","url":"https:\/\/labema.pl\/","logo":{"@type":"ImageObject","inLanguage":"pl-PL","@id":"https:\/\/labema.pl\/#\/schema\/logo\/image\/","url":"https:\/\/labema.pl\/wp-content\/uploads\/2016\/04\/labema.jpg","contentUrl":"https:\/\/labema.pl\/wp-content\/uploads\/2016\/04\/labema.jpg","width":875,"height":220,"caption":"Labema"},"image":{"@id":"https:\/\/labema.pl\/#\/schema\/logo\/image\/"}}]}},"_links":{"self":[{"href":"https:\/\/labema.pl\/index.php?rest_route=\/wp\/v2\/product\/4151","targetHints":{"allow":["GET"]}}],"collection":[{"href":"https:\/\/labema.pl\/index.php?rest_route=\/wp\/v2\/product"}],"about":[{"href":"https:\/\/labema.pl\/index.php?rest_route=\/wp\/v2\/types\/product"}],"wp:attachment":[{"href":"https:\/\/labema.pl\/index.php?rest_route=%2Fwp%2Fv2%2Fmedia&parent=4151"}],"wp:term":[{"taxonomy":"product_brand","embeddable":true,"href":"https:\/\/labema.pl\/index.php?rest_route=%2Fwp%2Fv2%2Fproduct_brand&post=4151"},{"taxonomy":"product_cat","embeddable":true,"href":"https:\/\/labema.pl\/index.php?rest_route=%2Fwp%2Fv2%2Fproduct_cat&post=4151"},{"taxonomy":"product_tag","embeddable":true,"href":"https:\/\/labema.pl\/index.php?rest_route=%2Fwp%2Fv2%2Fproduct_tag&post=4151"}],"curies":[{"name":"wp","href":"https:\/\/api.w.org\/{rel}","templated":true}]}}