{"id":3949,"date":"2016-09-26T12:22:16","date_gmt":"2016-09-26T10:22:16","guid":{"rendered":"https:\/\/labema.pl\/?post_type=product&#038;p=3949"},"modified":"2025-04-01T11:06:15","modified_gmt":"2025-04-01T09:06:15","slug":"kolba-okraglodenna-z-waska-szyja-szklo-boro-3-3","status":"publish","type":"product","link":"https:\/\/labema.pl\/?product=kolba-okraglodenna-z-waska-szyja-szklo-boro-3-3","title":{"rendered":"Kolba okr\u0105g\u0142odenna z w\u0105sk\u0105 szyj\u0105, szk\u0142o Boro 3.3"},"content":{"rendered":"<p align=\"justify\">Kolba okr\u0105g\u0142odenna z w\u0105sk\u0105 szyj\u0105, bez szlifu, wykonana ze szk\u0142a borokrzemowego 3.3. Oznaczenia naniesione bia\u0142\u0105 emali\u0105. Wzmocnione obrze\u017ce oraz grube \u015bcianki zwi\u0119kszaj\u0105 wytrzyma\u0142o\u015b\u0107 kolby. Pole do opisu, pozwala na szybk\u0105 identyfikacj\u0119 substancji. Oboj\u0119tna na dzia\u0142anie wody, roztwor\u00f3w neutralnych i zasadowych, a tak\u017ce silnych kwas\u00f3w i zwi\u0105zk\u00f3w organicznych. S\u0142u\u017cy do przechowywania substancji.<\/p>\n<p>Boiling flask, round bottom, narrow neck<\/p>\n","protected":false},"excerpt":{"rendered":"<p>Kolba okr\u0105g\u0142odenna z w\u0105sk\u0105 szyj\u0105, bez szlifu, wykonana ze szk\u0142a borokrzemowego 3.3. Oznaczenia naniesione bia\u0142\u0105 emali\u0105. Wzmocnione obrze\u017ce oraz grube \u015bcianki zwi\u0119kszaj\u0105 wytrzyma\u0142o\u015b\u0107 kolby. Pole do opisu, pozwala na szybk\u0105 identyfikacj\u0119 substancji. Oboj\u0119tna na dzia\u0142anie wody, roztwor\u00f3w neutralnych i zasadowych, a tak\u017ce silnych kwas\u00f3w i zwi\u0105zk\u00f3w organicznych. S\u0142u\u017cy do przechowywania substancji. Boiling flask, round bottom, [&hellip;]<\/p>\n","protected":false},"featured_media":0,"template":"","meta":{"_et_pb_use_builder":"","_et_pb_old_content":"","_et_gb_content_width":""},"product_brand":[],"product_cat":[71],"product_tag":[],"class_list":{"0":"post-3949","1":"product","2":"type-product","3":"status-publish","5":"product_cat-szklo-laboratoryjne","6":"product_shipping_class-szklo_labema","8":"first","9":"instock","10":"taxable","11":"shipping-taxable","12":"purchasable","13":"product-type-variable"},"yoast_head":"<!-- This site is optimized with the Yoast SEO plugin v26.7 - https:\/\/yoast.com\/wordpress\/plugins\/seo\/ -->\n<title>Kolba okr\u0105g\u0142odenna z w\u0105sk\u0105 szyj\u0105, szk\u0142o Boro 3.3 | Labema<\/title>\n<meta name=\"robots\" content=\"index, follow, max-snippet:-1, max-image-preview:large, max-video-preview:-1\" \/>\n<link rel=\"canonical\" href=\"https:\/\/labema.pl\/?product=kolba-okraglodenna-z-waska-szyja-szklo-boro-3-3\" \/>\n<meta property=\"og:locale\" content=\"pl_PL\" \/>\n<meta property=\"og:type\" content=\"article\" \/>\n<meta property=\"og:title\" content=\"Kolba okr\u0105g\u0142odenna z w\u0105sk\u0105 szyj\u0105, szk\u0142o Boro 3.3 | Labema\" \/>\n<meta property=\"og:description\" content=\"Kolba okr\u0105g\u0142odenna z w\u0105sk\u0105 szyj\u0105, bez szlifu, wykonana ze szk\u0142a borokrzemowego 3.3. Oznaczenia naniesione bia\u0142\u0105 emali\u0105. Wzmocnione obrze\u017ce oraz grube \u015bcianki zwi\u0119kszaj\u0105 wytrzyma\u0142o\u015b\u0107 kolby. Pole do opisu, pozwala na szybk\u0105 identyfikacj\u0119 substancji. Oboj\u0119tna na dzia\u0142anie wody, roztwor\u00f3w neutralnych i zasadowych, a tak\u017ce silnych kwas\u00f3w i zwi\u0105zk\u00f3w organicznych. S\u0142u\u017cy do przechowywania substancji. Boiling flask, round bottom, [&hellip;]\" \/>\n<meta property=\"og:url\" content=\"https:\/\/labema.pl\/?product=kolba-okraglodenna-z-waska-szyja-szklo-boro-3-3\" \/>\n<meta property=\"og:site_name\" content=\"Labema\" \/>\n<meta property=\"article:modified_time\" content=\"2025-04-01T09:06:15+00:00\" \/>\n<meta name=\"twitter:card\" content=\"summary_large_image\" \/>\n<script type=\"application\/ld+json\" class=\"yoast-schema-graph\">{\"@context\":\"https:\/\/schema.org\",\"@graph\":[{\"@type\":\"WebPage\",\"@id\":\"https:\/\/labema.pl\/?product=kolba-okraglodenna-z-waska-szyja-szklo-boro-3-3\",\"url\":\"https:\/\/labema.pl\/?product=kolba-okraglodenna-z-waska-szyja-szklo-boro-3-3\",\"name\":\"Kolba okr\u0105g\u0142odenna z w\u0105sk\u0105 szyj\u0105, szk\u0142o Boro 3.3 | Labema\",\"isPartOf\":{\"@id\":\"https:\/\/labema.pl\/#website\"},\"datePublished\":\"2016-09-26T10:22:16+00:00\",\"dateModified\":\"2025-04-01T09:06:15+00:00\",\"breadcrumb\":{\"@id\":\"https:\/\/labema.pl\/?product=kolba-okraglodenna-z-waska-szyja-szklo-boro-3-3#breadcrumb\"},\"inLanguage\":\"pl-PL\",\"potentialAction\":[{\"@type\":\"ReadAction\",\"target\":[\"https:\/\/labema.pl\/?product=kolba-okraglodenna-z-waska-szyja-szklo-boro-3-3\"]}]},{\"@type\":\"BreadcrumbList\",\"@id\":\"https:\/\/labema.pl\/?product=kolba-okraglodenna-z-waska-szyja-szklo-boro-3-3#breadcrumb\",\"itemListElement\":[{\"@type\":\"ListItem\",\"position\":1,\"name\":\"Strona g\u0142\u00f3wna\",\"item\":\"https:\/\/labema.pl\/\"},{\"@type\":\"ListItem\",\"position\":2,\"name\":\"e-Katalog\",\"item\":\"https:\/\/labema.pl\/?page_id=225\"},{\"@type\":\"ListItem\",\"position\":3,\"name\":\"Kolba okr\u0105g\u0142odenna z w\u0105sk\u0105 szyj\u0105, szk\u0142o Boro 3.3\"}]},{\"@type\":\"WebSite\",\"@id\":\"https:\/\/labema.pl\/#website\",\"url\":\"https:\/\/labema.pl\/\",\"name\":\"Labema\",\"description\":\"Wyposa\u017cenie laboratorium\",\"publisher\":{\"@id\":\"https:\/\/labema.pl\/#organization\"},\"potentialAction\":[{\"@type\":\"SearchAction\",\"target\":{\"@type\":\"EntryPoint\",\"urlTemplate\":\"https:\/\/labema.pl\/?s={search_term_string}\"},\"query-input\":{\"@type\":\"PropertyValueSpecification\",\"valueRequired\":true,\"valueName\":\"search_term_string\"}}],\"inLanguage\":\"pl-PL\"},{\"@type\":\"Organization\",\"@id\":\"https:\/\/labema.pl\/#organization\",\"name\":\"Labema\",\"url\":\"https:\/\/labema.pl\/\",\"logo\":{\"@type\":\"ImageObject\",\"inLanguage\":\"pl-PL\",\"@id\":\"https:\/\/labema.pl\/#\/schema\/logo\/image\/\",\"url\":\"https:\/\/labema.pl\/wp-content\/uploads\/2016\/04\/labema.jpg\",\"contentUrl\":\"https:\/\/labema.pl\/wp-content\/uploads\/2016\/04\/labema.jpg\",\"width\":875,\"height\":220,\"caption\":\"Labema\"},\"image\":{\"@id\":\"https:\/\/labema.pl\/#\/schema\/logo\/image\/\"}}]}<\/script>\n<!-- \/ Yoast SEO plugin. -->","yoast_head_json":{"title":"Kolba okr\u0105g\u0142odenna z w\u0105sk\u0105 szyj\u0105, szk\u0142o Boro 3.3 | Labema","robots":{"index":"index","follow":"follow","max-snippet":"max-snippet:-1","max-image-preview":"max-image-preview:large","max-video-preview":"max-video-preview:-1"},"canonical":"https:\/\/labema.pl\/?product=kolba-okraglodenna-z-waska-szyja-szklo-boro-3-3","og_locale":"pl_PL","og_type":"article","og_title":"Kolba okr\u0105g\u0142odenna z w\u0105sk\u0105 szyj\u0105, szk\u0142o Boro 3.3 | Labema","og_description":"Kolba okr\u0105g\u0142odenna z w\u0105sk\u0105 szyj\u0105, bez szlifu, wykonana ze szk\u0142a borokrzemowego 3.3. Oznaczenia naniesione bia\u0142\u0105 emali\u0105. Wzmocnione obrze\u017ce oraz grube \u015bcianki zwi\u0119kszaj\u0105 wytrzyma\u0142o\u015b\u0107 kolby. Pole do opisu, pozwala na szybk\u0105 identyfikacj\u0119 substancji. Oboj\u0119tna na dzia\u0142anie wody, roztwor\u00f3w neutralnych i zasadowych, a tak\u017ce silnych kwas\u00f3w i zwi\u0105zk\u00f3w organicznych. S\u0142u\u017cy do przechowywania substancji. Boiling flask, round bottom, [&hellip;]","og_url":"https:\/\/labema.pl\/?product=kolba-okraglodenna-z-waska-szyja-szklo-boro-3-3","og_site_name":"Labema","article_modified_time":"2025-04-01T09:06:15+00:00","twitter_card":"summary_large_image","schema":{"@context":"https:\/\/schema.org","@graph":[{"@type":"WebPage","@id":"https:\/\/labema.pl\/?product=kolba-okraglodenna-z-waska-szyja-szklo-boro-3-3","url":"https:\/\/labema.pl\/?product=kolba-okraglodenna-z-waska-szyja-szklo-boro-3-3","name":"Kolba okr\u0105g\u0142odenna z w\u0105sk\u0105 szyj\u0105, szk\u0142o Boro 3.3 | Labema","isPartOf":{"@id":"https:\/\/labema.pl\/#website"},"datePublished":"2016-09-26T10:22:16+00:00","dateModified":"2025-04-01T09:06:15+00:00","breadcrumb":{"@id":"https:\/\/labema.pl\/?product=kolba-okraglodenna-z-waska-szyja-szklo-boro-3-3#breadcrumb"},"inLanguage":"pl-PL","potentialAction":[{"@type":"ReadAction","target":["https:\/\/labema.pl\/?product=kolba-okraglodenna-z-waska-szyja-szklo-boro-3-3"]}]},{"@type":"BreadcrumbList","@id":"https:\/\/labema.pl\/?product=kolba-okraglodenna-z-waska-szyja-szklo-boro-3-3#breadcrumb","itemListElement":[{"@type":"ListItem","position":1,"name":"Strona g\u0142\u00f3wna","item":"https:\/\/labema.pl\/"},{"@type":"ListItem","position":2,"name":"e-Katalog","item":"https:\/\/labema.pl\/?page_id=225"},{"@type":"ListItem","position":3,"name":"Kolba okr\u0105g\u0142odenna z w\u0105sk\u0105 szyj\u0105, szk\u0142o Boro 3.3"}]},{"@type":"WebSite","@id":"https:\/\/labema.pl\/#website","url":"https:\/\/labema.pl\/","name":"Labema","description":"Wyposa\u017cenie laboratorium","publisher":{"@id":"https:\/\/labema.pl\/#organization"},"potentialAction":[{"@type":"SearchAction","target":{"@type":"EntryPoint","urlTemplate":"https:\/\/labema.pl\/?s={search_term_string}"},"query-input":{"@type":"PropertyValueSpecification","valueRequired":true,"valueName":"search_term_string"}}],"inLanguage":"pl-PL"},{"@type":"Organization","@id":"https:\/\/labema.pl\/#organization","name":"Labema","url":"https:\/\/labema.pl\/","logo":{"@type":"ImageObject","inLanguage":"pl-PL","@id":"https:\/\/labema.pl\/#\/schema\/logo\/image\/","url":"https:\/\/labema.pl\/wp-content\/uploads\/2016\/04\/labema.jpg","contentUrl":"https:\/\/labema.pl\/wp-content\/uploads\/2016\/04\/labema.jpg","width":875,"height":220,"caption":"Labema"},"image":{"@id":"https:\/\/labema.pl\/#\/schema\/logo\/image\/"}}]}},"_links":{"self":[{"href":"https:\/\/labema.pl\/index.php?rest_route=\/wp\/v2\/product\/3949","targetHints":{"allow":["GET"]}}],"collection":[{"href":"https:\/\/labema.pl\/index.php?rest_route=\/wp\/v2\/product"}],"about":[{"href":"https:\/\/labema.pl\/index.php?rest_route=\/wp\/v2\/types\/product"}],"wp:attachment":[{"href":"https:\/\/labema.pl\/index.php?rest_route=%2Fwp%2Fv2%2Fmedia&parent=3949"}],"wp:term":[{"taxonomy":"product_brand","embeddable":true,"href":"https:\/\/labema.pl\/index.php?rest_route=%2Fwp%2Fv2%2Fproduct_brand&post=3949"},{"taxonomy":"product_cat","embeddable":true,"href":"https:\/\/labema.pl\/index.php?rest_route=%2Fwp%2Fv2%2Fproduct_cat&post=3949"},{"taxonomy":"product_tag","embeddable":true,"href":"https:\/\/labema.pl\/index.php?rest_route=%2Fwp%2Fv2%2Fproduct_tag&post=3949"}],"curies":[{"name":"wp","href":"https:\/\/api.w.org\/{rel}","templated":true}]}}