{"id":3595,"date":"2016-09-19T14:31:25","date_gmt":"2016-09-19T12:31:25","guid":{"rendered":"https:\/\/labema.pl\/?product=parownica-z-wylewem-szklo-boro-3-3"},"modified":"2025-07-31T11:30:39","modified_gmt":"2025-07-31T09:30:39","slug":"parownica-szklana-z-wylewem","status":"publish","type":"product","link":"https:\/\/labema.pl\/?product=parownica-szklana-z-wylewem","title":{"rendered":"Parownica szklana z wylewem, szk\u0142o Boro 3.3"},"content":{"rendered":"<p align=\"justify\">Parownica wykonana ze szk\u0142a borokrzemowego 3.3. Posiada wylew u\u0142atwiaj\u0105cy przelewanie cieczy. Wzmocnione obrze\u017ce zwi\u0119ksza wytrzyma\u0142o\u015b\u0107 parownicy. P\u0142aska podstawa zapewnia bardzo dobr\u0105 stabilno\u015b\u0107. Wysoka odporno\u015b\u0107 termiczna i chemiczna. Oboj\u0119tna na dzia\u0142anie wody, roztwor\u00f3w neutralnych i zasadowych, a tak\u017ce silnych kwas\u00f3w i zwi\u0105zk\u00f3w organicznych. Wykorzystywana np. do powolnego odparowywania roztwor\u00f3w. \u0141atwa do czyszczenia. Przeznaczona do codziennego u\u017cytku.<\/p>\n<p><span style=\"color: black; font-size: x-large;\">Specyfikacja<\/span><\/p>\n<table border=\"1\" rules=\"all\" bordercolor=\"#aaaaaa\">\n<tbody>\n<tr>\n<td colspan=\"1\" rowspan=\"1\" style=\"text-align: center;\"><strong>Nr kat.<\/strong><\/td>\n<td colspan=\"1\" rowspan=\"1\" style=\"text-align: center;\"><strong>Pojemno\u015b\u0107<br \/>\n[ml]<\/strong><\/td>\n<td colspan=\"1\" rowspan=\"1\" style=\"text-align: center;\"><strong>\u015ar.<br \/>\n[mm]<\/strong><\/td>\n<td colspan=\"1\" rowspan=\"1\" style=\"text-align: center;\"><strong>Wys.<br \/>\n[mm]<\/strong><\/td>\n<\/tr>\n<tr>\n<td colspan=\"1\" rowspan=\"1\" style=\"text-align: center;\">1171\/060<\/td>\n<td colspan=\"1\" rowspan=\"1\" style=\"text-align: center;\">45<\/td>\n<td colspan=\"1\" rowspan=\"1\" style=\"text-align: center;\">60<\/td>\n<td colspan=\"1\" rowspan=\"1\" style=\"text-align: center;\">30<\/td>\n<\/tr>\n<tr>\n<td colspan=\"1\" rowspan=\"1\" style=\"text-align: center;\">1171\/090<\/td>\n<td colspan=\"1\" rowspan=\"1\" style=\"text-align: center;\">160<\/td>\n<td colspan=\"1\" rowspan=\"1\" style=\"text-align: center;\">90<\/td>\n<td colspan=\"1\" rowspan=\"1\" style=\"text-align: center;\">45<\/td>\n<\/tr>\n<tr>\n<td colspan=\"1\" rowspan=\"1\" style=\"text-align: center;\">1171\/120<\/td>\n<td colspan=\"1\" rowspan=\"1\" style=\"text-align: center;\">320<\/td>\n<td colspan=\"1\" rowspan=\"1\" style=\"text-align: center;\">120<\/td>\n<td colspan=\"1\" rowspan=\"1\" style=\"text-align: center;\">60<\/td>\n<\/tr>\n<tr>\n<td colspan=\"1\" rowspan=\"1\" style=\"text-align: center;\">1171\/150<\/td>\n<td colspan=\"1\" rowspan=\"1\" style=\"text-align: center;\">500<\/td>\n<td colspan=\"1\" rowspan=\"1\" style=\"text-align: center;\">150<\/td>\n<td colspan=\"1\" rowspan=\"1\" style=\"text-align: center;\">75<\/td>\n<\/tr>\n<\/tbody>\n<\/table>\n<p>Evaporating dish with spout, Boro 3.3<\/p>\n","protected":false},"excerpt":{"rendered":"<p>Parownica wykonana ze szk\u0142a borokrzemowego 3.3. Posiada wylew u\u0142atwiaj\u0105cy przelewanie cieczy. Wzmocnione obrze\u017ce zwi\u0119ksza wytrzyma\u0142o\u015b\u0107 parownicy. P\u0142aska podstawa zapewnia bardzo dobr\u0105 stabilno\u015b\u0107. Wysoka odporno\u015b\u0107 termiczna i chemiczna. Oboj\u0119tna na dzia\u0142anie wody, roztwor\u00f3w neutralnych i zasadowych, a tak\u017ce silnych kwas\u00f3w i zwi\u0105zk\u00f3w organicznych. Wykorzystywana np. do powolnego odparowywania roztwor\u00f3w. \u0141atwa do czyszczenia. Przeznaczona do codziennego u\u017cytku. [&hellip;]<\/p>\n","protected":false},"featured_media":3580,"template":"","meta":{"_et_pb_use_builder":"","_et_pb_old_content":"","_et_gb_content_width":""},"product_brand":[],"product_cat":[71],"product_tag":[],"class_list":{"0":"post-3595","1":"product","2":"type-product","3":"status-publish","4":"has-post-thumbnail","6":"product_cat-szklo-laboratoryjne","7":"product_shipping_class-szklo_labema","9":"first","10":"instock","11":"taxable","12":"shipping-taxable","13":"purchasable","14":"product-type-variable"},"yoast_head":"<!-- This site is optimized with the Yoast SEO plugin v26.7 - https:\/\/yoast.com\/wordpress\/plugins\/seo\/ -->\n<title>Parownica szklana z wylewem, szk\u0142o Boro 3.3 | Labema<\/title>\n<meta name=\"robots\" content=\"index, follow, max-snippet:-1, max-image-preview:large, max-video-preview:-1\" \/>\n<link rel=\"canonical\" href=\"https:\/\/labema.pl\/?product=parownica-szklana-z-wylewem\" \/>\n<meta property=\"og:locale\" content=\"pl_PL\" \/>\n<meta property=\"og:type\" content=\"article\" \/>\n<meta property=\"og:title\" content=\"Parownica szklana z wylewem, szk\u0142o Boro 3.3 | Labema\" \/>\n<meta property=\"og:description\" content=\"Parownica wykonana ze szk\u0142a borokrzemowego 3.3. Posiada wylew u\u0142atwiaj\u0105cy przelewanie cieczy. Wzmocnione obrze\u017ce zwi\u0119ksza wytrzyma\u0142o\u015b\u0107 parownicy. P\u0142aska podstawa zapewnia bardzo dobr\u0105 stabilno\u015b\u0107. Wysoka odporno\u015b\u0107 termiczna i chemiczna. Oboj\u0119tna na dzia\u0142anie wody, roztwor\u00f3w neutralnych i zasadowych, a tak\u017ce silnych kwas\u00f3w i zwi\u0105zk\u00f3w organicznych. Wykorzystywana np. do powolnego odparowywania roztwor\u00f3w. \u0141atwa do czyszczenia. Przeznaczona do codziennego u\u017cytku. [&hellip;]\" \/>\n<meta property=\"og:url\" content=\"https:\/\/labema.pl\/?product=parownica-szklana-z-wylewem\" \/>\n<meta property=\"og:site_name\" content=\"Labema\" \/>\n<meta property=\"article:modified_time\" content=\"2025-07-31T09:30:39+00:00\" \/>\n<meta property=\"og:image\" content=\"https:\/\/labema.pl\/wp-content\/uploads\/Parownica_z_wylewem.jpg\" \/>\n\t<meta property=\"og:image:width\" content=\"680\" \/>\n\t<meta property=\"og:image:height\" content=\"510\" \/>\n\t<meta property=\"og:image:type\" content=\"image\/jpeg\" \/>\n<meta name=\"twitter:card\" content=\"summary_large_image\" \/>\n<script type=\"application\/ld+json\" class=\"yoast-schema-graph\">{\"@context\":\"https:\/\/schema.org\",\"@graph\":[{\"@type\":\"WebPage\",\"@id\":\"https:\/\/labema.pl\/?product=parownica-szklana-z-wylewem\",\"url\":\"https:\/\/labema.pl\/?product=parownica-szklana-z-wylewem\",\"name\":\"Parownica szklana z wylewem, szk\u0142o Boro 3.3 | Labema\",\"isPartOf\":{\"@id\":\"https:\/\/labema.pl\/#website\"},\"primaryImageOfPage\":{\"@id\":\"https:\/\/labema.pl\/?product=parownica-szklana-z-wylewem#primaryimage\"},\"image\":{\"@id\":\"https:\/\/labema.pl\/?product=parownica-szklana-z-wylewem#primaryimage\"},\"thumbnailUrl\":\"https:\/\/labema.pl\/wp-content\/uploads\/Parownica_z_wylewem.jpg\",\"datePublished\":\"2016-09-19T12:31:25+00:00\",\"dateModified\":\"2025-07-31T09:30:39+00:00\",\"breadcrumb\":{\"@id\":\"https:\/\/labema.pl\/?product=parownica-szklana-z-wylewem#breadcrumb\"},\"inLanguage\":\"pl-PL\",\"potentialAction\":[{\"@type\":\"ReadAction\",\"target\":[\"https:\/\/labema.pl\/?product=parownica-szklana-z-wylewem\"]}]},{\"@type\":\"ImageObject\",\"inLanguage\":\"pl-PL\",\"@id\":\"https:\/\/labema.pl\/?product=parownica-szklana-z-wylewem#primaryimage\",\"url\":\"https:\/\/labema.pl\/wp-content\/uploads\/Parownica_z_wylewem.jpg\",\"contentUrl\":\"https:\/\/labema.pl\/wp-content\/uploads\/Parownica_z_wylewem.jpg\",\"width\":680,\"height\":510,\"caption\":\"Parownica z wylewem, szk\u0142o Boro 3.3\"},{\"@type\":\"BreadcrumbList\",\"@id\":\"https:\/\/labema.pl\/?product=parownica-szklana-z-wylewem#breadcrumb\",\"itemListElement\":[{\"@type\":\"ListItem\",\"position\":1,\"name\":\"Strona g\u0142\u00f3wna\",\"item\":\"https:\/\/labema.pl\/\"},{\"@type\":\"ListItem\",\"position\":2,\"name\":\"e-Katalog\",\"item\":\"https:\/\/labema.pl\/?page_id=225\"},{\"@type\":\"ListItem\",\"position\":3,\"name\":\"Parownica szklana z wylewem, szk\u0142o Boro 3.3\"}]},{\"@type\":\"WebSite\",\"@id\":\"https:\/\/labema.pl\/#website\",\"url\":\"https:\/\/labema.pl\/\",\"name\":\"Labema\",\"description\":\"Wyposa\u017cenie laboratorium\",\"publisher\":{\"@id\":\"https:\/\/labema.pl\/#organization\"},\"potentialAction\":[{\"@type\":\"SearchAction\",\"target\":{\"@type\":\"EntryPoint\",\"urlTemplate\":\"https:\/\/labema.pl\/?s={search_term_string}\"},\"query-input\":{\"@type\":\"PropertyValueSpecification\",\"valueRequired\":true,\"valueName\":\"search_term_string\"}}],\"inLanguage\":\"pl-PL\"},{\"@type\":\"Organization\",\"@id\":\"https:\/\/labema.pl\/#organization\",\"name\":\"Labema\",\"url\":\"https:\/\/labema.pl\/\",\"logo\":{\"@type\":\"ImageObject\",\"inLanguage\":\"pl-PL\",\"@id\":\"https:\/\/labema.pl\/#\/schema\/logo\/image\/\",\"url\":\"https:\/\/labema.pl\/wp-content\/uploads\/2016\/04\/labema.jpg\",\"contentUrl\":\"https:\/\/labema.pl\/wp-content\/uploads\/2016\/04\/labema.jpg\",\"width\":875,\"height\":220,\"caption\":\"Labema\"},\"image\":{\"@id\":\"https:\/\/labema.pl\/#\/schema\/logo\/image\/\"}}]}<\/script>\n<!-- \/ Yoast SEO plugin. -->","yoast_head_json":{"title":"Parownica szklana z wylewem, szk\u0142o Boro 3.3 | Labema","robots":{"index":"index","follow":"follow","max-snippet":"max-snippet:-1","max-image-preview":"max-image-preview:large","max-video-preview":"max-video-preview:-1"},"canonical":"https:\/\/labema.pl\/?product=parownica-szklana-z-wylewem","og_locale":"pl_PL","og_type":"article","og_title":"Parownica szklana z wylewem, szk\u0142o Boro 3.3 | Labema","og_description":"Parownica wykonana ze szk\u0142a borokrzemowego 3.3. Posiada wylew u\u0142atwiaj\u0105cy przelewanie cieczy. Wzmocnione obrze\u017ce zwi\u0119ksza wytrzyma\u0142o\u015b\u0107 parownicy. P\u0142aska podstawa zapewnia bardzo dobr\u0105 stabilno\u015b\u0107. Wysoka odporno\u015b\u0107 termiczna i chemiczna. Oboj\u0119tna na dzia\u0142anie wody, roztwor\u00f3w neutralnych i zasadowych, a tak\u017ce silnych kwas\u00f3w i zwi\u0105zk\u00f3w organicznych. Wykorzystywana np. do powolnego odparowywania roztwor\u00f3w. \u0141atwa do czyszczenia. Przeznaczona do codziennego u\u017cytku. [&hellip;]","og_url":"https:\/\/labema.pl\/?product=parownica-szklana-z-wylewem","og_site_name":"Labema","article_modified_time":"2025-07-31T09:30:39+00:00","og_image":[{"width":680,"height":510,"url":"https:\/\/labema.pl\/wp-content\/uploads\/Parownica_z_wylewem.jpg","type":"image\/jpeg"}],"twitter_card":"summary_large_image","schema":{"@context":"https:\/\/schema.org","@graph":[{"@type":"WebPage","@id":"https:\/\/labema.pl\/?product=parownica-szklana-z-wylewem","url":"https:\/\/labema.pl\/?product=parownica-szklana-z-wylewem","name":"Parownica szklana z wylewem, szk\u0142o Boro 3.3 | Labema","isPartOf":{"@id":"https:\/\/labema.pl\/#website"},"primaryImageOfPage":{"@id":"https:\/\/labema.pl\/?product=parownica-szklana-z-wylewem#primaryimage"},"image":{"@id":"https:\/\/labema.pl\/?product=parownica-szklana-z-wylewem#primaryimage"},"thumbnailUrl":"https:\/\/labema.pl\/wp-content\/uploads\/Parownica_z_wylewem.jpg","datePublished":"2016-09-19T12:31:25+00:00","dateModified":"2025-07-31T09:30:39+00:00","breadcrumb":{"@id":"https:\/\/labema.pl\/?product=parownica-szklana-z-wylewem#breadcrumb"},"inLanguage":"pl-PL","potentialAction":[{"@type":"ReadAction","target":["https:\/\/labema.pl\/?product=parownica-szklana-z-wylewem"]}]},{"@type":"ImageObject","inLanguage":"pl-PL","@id":"https:\/\/labema.pl\/?product=parownica-szklana-z-wylewem#primaryimage","url":"https:\/\/labema.pl\/wp-content\/uploads\/Parownica_z_wylewem.jpg","contentUrl":"https:\/\/labema.pl\/wp-content\/uploads\/Parownica_z_wylewem.jpg","width":680,"height":510,"caption":"Parownica z wylewem, szk\u0142o Boro 3.3"},{"@type":"BreadcrumbList","@id":"https:\/\/labema.pl\/?product=parownica-szklana-z-wylewem#breadcrumb","itemListElement":[{"@type":"ListItem","position":1,"name":"Strona g\u0142\u00f3wna","item":"https:\/\/labema.pl\/"},{"@type":"ListItem","position":2,"name":"e-Katalog","item":"https:\/\/labema.pl\/?page_id=225"},{"@type":"ListItem","position":3,"name":"Parownica szklana z wylewem, szk\u0142o Boro 3.3"}]},{"@type":"WebSite","@id":"https:\/\/labema.pl\/#website","url":"https:\/\/labema.pl\/","name":"Labema","description":"Wyposa\u017cenie laboratorium","publisher":{"@id":"https:\/\/labema.pl\/#organization"},"potentialAction":[{"@type":"SearchAction","target":{"@type":"EntryPoint","urlTemplate":"https:\/\/labema.pl\/?s={search_term_string}"},"query-input":{"@type":"PropertyValueSpecification","valueRequired":true,"valueName":"search_term_string"}}],"inLanguage":"pl-PL"},{"@type":"Organization","@id":"https:\/\/labema.pl\/#organization","name":"Labema","url":"https:\/\/labema.pl\/","logo":{"@type":"ImageObject","inLanguage":"pl-PL","@id":"https:\/\/labema.pl\/#\/schema\/logo\/image\/","url":"https:\/\/labema.pl\/wp-content\/uploads\/2016\/04\/labema.jpg","contentUrl":"https:\/\/labema.pl\/wp-content\/uploads\/2016\/04\/labema.jpg","width":875,"height":220,"caption":"Labema"},"image":{"@id":"https:\/\/labema.pl\/#\/schema\/logo\/image\/"}}]}},"_links":{"self":[{"href":"https:\/\/labema.pl\/index.php?rest_route=\/wp\/v2\/product\/3595","targetHints":{"allow":["GET"]}}],"collection":[{"href":"https:\/\/labema.pl\/index.php?rest_route=\/wp\/v2\/product"}],"about":[{"href":"https:\/\/labema.pl\/index.php?rest_route=\/wp\/v2\/types\/product"}],"wp:featuredmedia":[{"embeddable":true,"href":"https:\/\/labema.pl\/index.php?rest_route=\/wp\/v2\/media\/3580"}],"wp:attachment":[{"href":"https:\/\/labema.pl\/index.php?rest_route=%2Fwp%2Fv2%2Fmedia&parent=3595"}],"wp:term":[{"taxonomy":"product_brand","embeddable":true,"href":"https:\/\/labema.pl\/index.php?rest_route=%2Fwp%2Fv2%2Fproduct_brand&post=3595"},{"taxonomy":"product_cat","embeddable":true,"href":"https:\/\/labema.pl\/index.php?rest_route=%2Fwp%2Fv2%2Fproduct_cat&post=3595"},{"taxonomy":"product_tag","embeddable":true,"href":"https:\/\/labema.pl\/index.php?rest_route=%2Fwp%2Fv2%2Fproduct_tag&post=3595"}],"curies":[{"name":"wp","href":"https:\/\/api.w.org\/{rel}","templated":true}]}}