{"id":3503,"date":"2017-12-08T13:41:58","date_gmt":"2017-12-08T12:41:58","guid":{"rendered":"https:\/\/labema.pl\/?product=szczypce-do-tygli"},"modified":"2022-01-04T09:24:42","modified_gmt":"2022-01-04T08:24:42","slug":"szczypce-do-tygli","status":"publish","type":"product","link":"https:\/\/labema.pl\/?product=szczypce-do-tygli","title":{"rendered":"Szczypce do tygli"},"content":{"rendered":"<p align=\"justify\">Szczypce do tygli zakrzywione, ze szlifowanymi ko\u0144c\u00f3wkami. Przeznaczone do przenoszenia gor\u0105cych naczy\u0144 laboratoryjnych. Dost\u0119pne d\u0142ugo\u015bci: 250 mm, 300 mm.<\/span><\/p>\n<p>Crucible tongs<\/p>\n","protected":false},"excerpt":{"rendered":"<p>Szczypce do tygli zakrzywione, ze szlifowanymi ko\u0144c\u00f3wkami. Przeznaczone do przenoszenia gor\u0105cych naczy\u0144 laboratoryjnych. Dost\u0119pne d\u0142ugo\u015bci: 250 mm, 300 mm. Crucible tongs<\/p>\n","protected":false},"featured_media":3514,"template":"","meta":{"_et_pb_use_builder":"","_et_pb_old_content":"","_et_gb_content_width":""},"product_brand":[],"product_cat":[85],"product_tag":[],"class_list":{"0":"post-3503","1":"product","2":"type-product","3":"status-publish","4":"has-post-thumbnail","6":"product_cat-szczypce","7":"product_shipping_class-plastiki_labema","9":"first","10":"instock","11":"taxable","12":"shipping-taxable","13":"purchasable","14":"product-type-variable"},"yoast_head":"<!-- This site is optimized with the Yoast SEO plugin v26.7 - https:\/\/yoast.com\/wordpress\/plugins\/seo\/ -->\n<title>Szczypce do tygli | Labema<\/title>\n<meta name=\"robots\" content=\"index, follow, max-snippet:-1, max-image-preview:large, max-video-preview:-1\" \/>\n<link rel=\"canonical\" href=\"https:\/\/labema.pl\/?product=szczypce-do-tygli\" \/>\n<meta property=\"og:locale\" content=\"pl_PL\" \/>\n<meta property=\"og:type\" content=\"article\" \/>\n<meta property=\"og:title\" content=\"Szczypce do tygli | Labema\" \/>\n<meta property=\"og:description\" content=\"Szczypce do tygli zakrzywione, ze szlifowanymi ko\u0144c\u00f3wkami. Przeznaczone do przenoszenia gor\u0105cych naczy\u0144 laboratoryjnych. Dost\u0119pne d\u0142ugo\u015bci: 250 mm, 300 mm. Crucible tongs\" \/>\n<meta property=\"og:url\" content=\"https:\/\/labema.pl\/?product=szczypce-do-tygli\" \/>\n<meta property=\"og:site_name\" content=\"Labema\" \/>\n<meta property=\"article:modified_time\" content=\"2022-01-04T08:24:42+00:00\" \/>\n<meta property=\"og:image\" content=\"https:\/\/labema.pl\/wp-content\/uploads\/Szczypce_do_tygli.jpg\" \/>\n\t<meta property=\"og:image:width\" content=\"680\" \/>\n\t<meta property=\"og:image:height\" content=\"510\" \/>\n\t<meta property=\"og:image:type\" content=\"image\/jpeg\" \/>\n<meta name=\"twitter:card\" content=\"summary_large_image\" \/>\n<script type=\"application\/ld+json\" class=\"yoast-schema-graph\">{\"@context\":\"https:\/\/schema.org\",\"@graph\":[{\"@type\":\"WebPage\",\"@id\":\"https:\/\/labema.pl\/?product=szczypce-do-tygli\",\"url\":\"https:\/\/labema.pl\/?product=szczypce-do-tygli\",\"name\":\"Szczypce do tygli | Labema\",\"isPartOf\":{\"@id\":\"https:\/\/labema.pl\/#website\"},\"primaryImageOfPage\":{\"@id\":\"https:\/\/labema.pl\/?product=szczypce-do-tygli#primaryimage\"},\"image\":{\"@id\":\"https:\/\/labema.pl\/?product=szczypce-do-tygli#primaryimage\"},\"thumbnailUrl\":\"https:\/\/labema.pl\/wp-content\/uploads\/Szczypce_do_tygli.jpg\",\"datePublished\":\"2017-12-08T12:41:58+00:00\",\"dateModified\":\"2022-01-04T08:24:42+00:00\",\"breadcrumb\":{\"@id\":\"https:\/\/labema.pl\/?product=szczypce-do-tygli#breadcrumb\"},\"inLanguage\":\"pl-PL\",\"potentialAction\":[{\"@type\":\"ReadAction\",\"target\":[\"https:\/\/labema.pl\/?product=szczypce-do-tygli\"]}]},{\"@type\":\"ImageObject\",\"inLanguage\":\"pl-PL\",\"@id\":\"https:\/\/labema.pl\/?product=szczypce-do-tygli#primaryimage\",\"url\":\"https:\/\/labema.pl\/wp-content\/uploads\/Szczypce_do_tygli.jpg\",\"contentUrl\":\"https:\/\/labema.pl\/wp-content\/uploads\/Szczypce_do_tygli.jpg\",\"width\":680,\"height\":510,\"caption\":\"Szczypce do tygli\"},{\"@type\":\"BreadcrumbList\",\"@id\":\"https:\/\/labema.pl\/?product=szczypce-do-tygli#breadcrumb\",\"itemListElement\":[{\"@type\":\"ListItem\",\"position\":1,\"name\":\"Strona g\u0142\u00f3wna\",\"item\":\"https:\/\/labema.pl\/\"},{\"@type\":\"ListItem\",\"position\":2,\"name\":\"e-Katalog\",\"item\":\"https:\/\/labema.pl\/?page_id=225\"},{\"@type\":\"ListItem\",\"position\":3,\"name\":\"Szczypce do tygli\"}]},{\"@type\":\"WebSite\",\"@id\":\"https:\/\/labema.pl\/#website\",\"url\":\"https:\/\/labema.pl\/\",\"name\":\"Labema\",\"description\":\"Wyposa\u017cenie laboratorium\",\"publisher\":{\"@id\":\"https:\/\/labema.pl\/#organization\"},\"potentialAction\":[{\"@type\":\"SearchAction\",\"target\":{\"@type\":\"EntryPoint\",\"urlTemplate\":\"https:\/\/labema.pl\/?s={search_term_string}\"},\"query-input\":{\"@type\":\"PropertyValueSpecification\",\"valueRequired\":true,\"valueName\":\"search_term_string\"}}],\"inLanguage\":\"pl-PL\"},{\"@type\":\"Organization\",\"@id\":\"https:\/\/labema.pl\/#organization\",\"name\":\"Labema\",\"url\":\"https:\/\/labema.pl\/\",\"logo\":{\"@type\":\"ImageObject\",\"inLanguage\":\"pl-PL\",\"@id\":\"https:\/\/labema.pl\/#\/schema\/logo\/image\/\",\"url\":\"https:\/\/labema.pl\/wp-content\/uploads\/2016\/04\/labema.jpg\",\"contentUrl\":\"https:\/\/labema.pl\/wp-content\/uploads\/2016\/04\/labema.jpg\",\"width\":875,\"height\":220,\"caption\":\"Labema\"},\"image\":{\"@id\":\"https:\/\/labema.pl\/#\/schema\/logo\/image\/\"}}]}<\/script>\n<!-- \/ Yoast SEO plugin. -->","yoast_head_json":{"title":"Szczypce do tygli | Labema","robots":{"index":"index","follow":"follow","max-snippet":"max-snippet:-1","max-image-preview":"max-image-preview:large","max-video-preview":"max-video-preview:-1"},"canonical":"https:\/\/labema.pl\/?product=szczypce-do-tygli","og_locale":"pl_PL","og_type":"article","og_title":"Szczypce do tygli | Labema","og_description":"Szczypce do tygli zakrzywione, ze szlifowanymi ko\u0144c\u00f3wkami. Przeznaczone do przenoszenia gor\u0105cych naczy\u0144 laboratoryjnych. Dost\u0119pne d\u0142ugo\u015bci: 250 mm, 300 mm. Crucible tongs","og_url":"https:\/\/labema.pl\/?product=szczypce-do-tygli","og_site_name":"Labema","article_modified_time":"2022-01-04T08:24:42+00:00","og_image":[{"width":680,"height":510,"url":"https:\/\/labema.pl\/wp-content\/uploads\/Szczypce_do_tygli.jpg","type":"image\/jpeg"}],"twitter_card":"summary_large_image","schema":{"@context":"https:\/\/schema.org","@graph":[{"@type":"WebPage","@id":"https:\/\/labema.pl\/?product=szczypce-do-tygli","url":"https:\/\/labema.pl\/?product=szczypce-do-tygli","name":"Szczypce do tygli | Labema","isPartOf":{"@id":"https:\/\/labema.pl\/#website"},"primaryImageOfPage":{"@id":"https:\/\/labema.pl\/?product=szczypce-do-tygli#primaryimage"},"image":{"@id":"https:\/\/labema.pl\/?product=szczypce-do-tygli#primaryimage"},"thumbnailUrl":"https:\/\/labema.pl\/wp-content\/uploads\/Szczypce_do_tygli.jpg","datePublished":"2017-12-08T12:41:58+00:00","dateModified":"2022-01-04T08:24:42+00:00","breadcrumb":{"@id":"https:\/\/labema.pl\/?product=szczypce-do-tygli#breadcrumb"},"inLanguage":"pl-PL","potentialAction":[{"@type":"ReadAction","target":["https:\/\/labema.pl\/?product=szczypce-do-tygli"]}]},{"@type":"ImageObject","inLanguage":"pl-PL","@id":"https:\/\/labema.pl\/?product=szczypce-do-tygli#primaryimage","url":"https:\/\/labema.pl\/wp-content\/uploads\/Szczypce_do_tygli.jpg","contentUrl":"https:\/\/labema.pl\/wp-content\/uploads\/Szczypce_do_tygli.jpg","width":680,"height":510,"caption":"Szczypce do tygli"},{"@type":"BreadcrumbList","@id":"https:\/\/labema.pl\/?product=szczypce-do-tygli#breadcrumb","itemListElement":[{"@type":"ListItem","position":1,"name":"Strona g\u0142\u00f3wna","item":"https:\/\/labema.pl\/"},{"@type":"ListItem","position":2,"name":"e-Katalog","item":"https:\/\/labema.pl\/?page_id=225"},{"@type":"ListItem","position":3,"name":"Szczypce do tygli"}]},{"@type":"WebSite","@id":"https:\/\/labema.pl\/#website","url":"https:\/\/labema.pl\/","name":"Labema","description":"Wyposa\u017cenie laboratorium","publisher":{"@id":"https:\/\/labema.pl\/#organization"},"potentialAction":[{"@type":"SearchAction","target":{"@type":"EntryPoint","urlTemplate":"https:\/\/labema.pl\/?s={search_term_string}"},"query-input":{"@type":"PropertyValueSpecification","valueRequired":true,"valueName":"search_term_string"}}],"inLanguage":"pl-PL"},{"@type":"Organization","@id":"https:\/\/labema.pl\/#organization","name":"Labema","url":"https:\/\/labema.pl\/","logo":{"@type":"ImageObject","inLanguage":"pl-PL","@id":"https:\/\/labema.pl\/#\/schema\/logo\/image\/","url":"https:\/\/labema.pl\/wp-content\/uploads\/2016\/04\/labema.jpg","contentUrl":"https:\/\/labema.pl\/wp-content\/uploads\/2016\/04\/labema.jpg","width":875,"height":220,"caption":"Labema"},"image":{"@id":"https:\/\/labema.pl\/#\/schema\/logo\/image\/"}}]}},"_links":{"self":[{"href":"https:\/\/labema.pl\/index.php?rest_route=\/wp\/v2\/product\/3503","targetHints":{"allow":["GET"]}}],"collection":[{"href":"https:\/\/labema.pl\/index.php?rest_route=\/wp\/v2\/product"}],"about":[{"href":"https:\/\/labema.pl\/index.php?rest_route=\/wp\/v2\/types\/product"}],"wp:featuredmedia":[{"embeddable":true,"href":"https:\/\/labema.pl\/index.php?rest_route=\/wp\/v2\/media\/3514"}],"wp:attachment":[{"href":"https:\/\/labema.pl\/index.php?rest_route=%2Fwp%2Fv2%2Fmedia&parent=3503"}],"wp:term":[{"taxonomy":"product_brand","embeddable":true,"href":"https:\/\/labema.pl\/index.php?rest_route=%2Fwp%2Fv2%2Fproduct_brand&post=3503"},{"taxonomy":"product_cat","embeddable":true,"href":"https:\/\/labema.pl\/index.php?rest_route=%2Fwp%2Fv2%2Fproduct_cat&post=3503"},{"taxonomy":"product_tag","embeddable":true,"href":"https:\/\/labema.pl\/index.php?rest_route=%2Fwp%2Fv2%2Fproduct_tag&post=3503"}],"curies":[{"name":"wp","href":"https:\/\/api.w.org\/{rel}","templated":true}]}}