{"id":3495,"date":"2017-12-08T13:04:08","date_gmt":"2017-12-08T12:04:08","guid":{"rendered":"https:\/\/labema.pl\/?product=siatka-z-krazkiem-ceramicznym"},"modified":"2022-01-04T09:24:41","modified_gmt":"2022-01-04T08:24:41","slug":"siatka-z-krazkiem-ceramicznym","status":"publish","type":"product","link":"https:\/\/labema.pl\/?product=siatka-z-krazkiem-ceramicznym","title":{"rendered":"Siatka z kr\u0105\u017ckiem ceramicznym"},"content":{"rendered":"<p align=\"justify\">Siatka druciana z zawini\u0119tymi brzegami wyposa\u017cona w okr\u0105g\u0142\u0105 ceramiczn\u0105 p\u0142ytk\u0119. Odporna na wysok\u0105 temperatur\u0119. S\u0142u\u017cy jako nak\u0142adka na tr\u00f3jn\u00f3g do r\u00f3wnomiernego ogrzania oraz ochrony przed przegrzaniem dna naczynia laboratoryjnego. Dost\u0119pne wymiary: 150&#215;150 mm, 200&#215;200 mm.<\/span><\/p>\n<p>Wire gauzers<\/p>\n","protected":false},"excerpt":{"rendered":"<p>Siatka druciana z zawini\u0119tymi brzegami wyposa\u017cona w okr\u0105g\u0142\u0105 ceramiczn\u0105 p\u0142ytk\u0119. Odporna na wysok\u0105 temperatur\u0119. S\u0142u\u017cy jako nak\u0142adka na tr\u00f3jn\u00f3g do r\u00f3wnomiernego ogrzania oraz ochrony przed przegrzaniem dna naczynia laboratoryjnego. Dost\u0119pne wymiary: 150&#215;150 mm, 200&#215;200 mm. Wire gauzers<\/p>\n","protected":false},"featured_media":3512,"template":"","meta":{"_et_pb_use_builder":"","_et_pb_old_content":"","_et_gb_content_width":""},"product_brand":[],"product_cat":[88],"product_tag":[],"class_list":{"0":"post-3495","1":"product","2":"type-product","3":"status-publish","4":"has-post-thumbnail","6":"product_cat-trojnogi","7":"product_shipping_class-plastiki_labema","9":"first","10":"instock","11":"taxable","12":"shipping-taxable","13":"purchasable","14":"product-type-variable"},"yoast_head":"<!-- This site is optimized with the Yoast SEO plugin v26.7 - https:\/\/yoast.com\/wordpress\/plugins\/seo\/ -->\n<title>Siatka z kr\u0105\u017ckiem ceramicznym | Labema<\/title>\n<meta name=\"robots\" content=\"index, follow, max-snippet:-1, max-image-preview:large, max-video-preview:-1\" \/>\n<link rel=\"canonical\" href=\"https:\/\/labema.pl\/?product=siatka-z-krazkiem-ceramicznym\" \/>\n<meta property=\"og:locale\" content=\"pl_PL\" \/>\n<meta property=\"og:type\" content=\"article\" \/>\n<meta property=\"og:title\" content=\"Siatka z kr\u0105\u017ckiem ceramicznym | Labema\" \/>\n<meta property=\"og:description\" content=\"Siatka druciana z zawini\u0119tymi brzegami wyposa\u017cona w okr\u0105g\u0142\u0105 ceramiczn\u0105 p\u0142ytk\u0119. Odporna na wysok\u0105 temperatur\u0119. S\u0142u\u017cy jako nak\u0142adka na tr\u00f3jn\u00f3g do r\u00f3wnomiernego ogrzania oraz ochrony przed przegrzaniem dna naczynia laboratoryjnego. Dost\u0119pne wymiary: 150&#215;150 mm, 200&#215;200 mm. Wire gauzers\" \/>\n<meta property=\"og:url\" content=\"https:\/\/labema.pl\/?product=siatka-z-krazkiem-ceramicznym\" \/>\n<meta property=\"og:site_name\" content=\"Labema\" \/>\n<meta property=\"article:modified_time\" content=\"2022-01-04T08:24:41+00:00\" \/>\n<meta property=\"og:image\" content=\"https:\/\/labema.pl\/wp-content\/uploads\/Siatka_z_krazkiem_ceramicznym.jpg\" \/>\n\t<meta property=\"og:image:width\" content=\"680\" \/>\n\t<meta property=\"og:image:height\" content=\"510\" \/>\n\t<meta property=\"og:image:type\" content=\"image\/jpeg\" \/>\n<meta name=\"twitter:card\" content=\"summary_large_image\" \/>\n<script type=\"application\/ld+json\" class=\"yoast-schema-graph\">{\"@context\":\"https:\/\/schema.org\",\"@graph\":[{\"@type\":\"WebPage\",\"@id\":\"https:\/\/labema.pl\/?product=siatka-z-krazkiem-ceramicznym\",\"url\":\"https:\/\/labema.pl\/?product=siatka-z-krazkiem-ceramicznym\",\"name\":\"Siatka z kr\u0105\u017ckiem ceramicznym | Labema\",\"isPartOf\":{\"@id\":\"https:\/\/labema.pl\/#website\"},\"primaryImageOfPage\":{\"@id\":\"https:\/\/labema.pl\/?product=siatka-z-krazkiem-ceramicznym#primaryimage\"},\"image\":{\"@id\":\"https:\/\/labema.pl\/?product=siatka-z-krazkiem-ceramicznym#primaryimage\"},\"thumbnailUrl\":\"https:\/\/labema.pl\/wp-content\/uploads\/Siatka_z_krazkiem_ceramicznym.jpg\",\"datePublished\":\"2017-12-08T12:04:08+00:00\",\"dateModified\":\"2022-01-04T08:24:41+00:00\",\"breadcrumb\":{\"@id\":\"https:\/\/labema.pl\/?product=siatka-z-krazkiem-ceramicznym#breadcrumb\"},\"inLanguage\":\"pl-PL\",\"potentialAction\":[{\"@type\":\"ReadAction\",\"target\":[\"https:\/\/labema.pl\/?product=siatka-z-krazkiem-ceramicznym\"]}]},{\"@type\":\"ImageObject\",\"inLanguage\":\"pl-PL\",\"@id\":\"https:\/\/labema.pl\/?product=siatka-z-krazkiem-ceramicznym#primaryimage\",\"url\":\"https:\/\/labema.pl\/wp-content\/uploads\/Siatka_z_krazkiem_ceramicznym.jpg\",\"contentUrl\":\"https:\/\/labema.pl\/wp-content\/uploads\/Siatka_z_krazkiem_ceramicznym.jpg\",\"width\":680,\"height\":510,\"caption\":\"Siatka z kr\u0105\u017ckiem ceramicznym\"},{\"@type\":\"BreadcrumbList\",\"@id\":\"https:\/\/labema.pl\/?product=siatka-z-krazkiem-ceramicznym#breadcrumb\",\"itemListElement\":[{\"@type\":\"ListItem\",\"position\":1,\"name\":\"Strona g\u0142\u00f3wna\",\"item\":\"https:\/\/labema.pl\/\"},{\"@type\":\"ListItem\",\"position\":2,\"name\":\"e-Katalog\",\"item\":\"https:\/\/labema.pl\/?page_id=225\"},{\"@type\":\"ListItem\",\"position\":3,\"name\":\"Siatka z kr\u0105\u017ckiem ceramicznym\"}]},{\"@type\":\"WebSite\",\"@id\":\"https:\/\/labema.pl\/#website\",\"url\":\"https:\/\/labema.pl\/\",\"name\":\"Labema\",\"description\":\"Wyposa\u017cenie laboratorium\",\"publisher\":{\"@id\":\"https:\/\/labema.pl\/#organization\"},\"potentialAction\":[{\"@type\":\"SearchAction\",\"target\":{\"@type\":\"EntryPoint\",\"urlTemplate\":\"https:\/\/labema.pl\/?s={search_term_string}\"},\"query-input\":{\"@type\":\"PropertyValueSpecification\",\"valueRequired\":true,\"valueName\":\"search_term_string\"}}],\"inLanguage\":\"pl-PL\"},{\"@type\":\"Organization\",\"@id\":\"https:\/\/labema.pl\/#organization\",\"name\":\"Labema\",\"url\":\"https:\/\/labema.pl\/\",\"logo\":{\"@type\":\"ImageObject\",\"inLanguage\":\"pl-PL\",\"@id\":\"https:\/\/labema.pl\/#\/schema\/logo\/image\/\",\"url\":\"https:\/\/labema.pl\/wp-content\/uploads\/2016\/04\/labema.jpg\",\"contentUrl\":\"https:\/\/labema.pl\/wp-content\/uploads\/2016\/04\/labema.jpg\",\"width\":875,\"height\":220,\"caption\":\"Labema\"},\"image\":{\"@id\":\"https:\/\/labema.pl\/#\/schema\/logo\/image\/\"}}]}<\/script>\n<!-- \/ Yoast SEO plugin. -->","yoast_head_json":{"title":"Siatka z kr\u0105\u017ckiem ceramicznym | Labema","robots":{"index":"index","follow":"follow","max-snippet":"max-snippet:-1","max-image-preview":"max-image-preview:large","max-video-preview":"max-video-preview:-1"},"canonical":"https:\/\/labema.pl\/?product=siatka-z-krazkiem-ceramicznym","og_locale":"pl_PL","og_type":"article","og_title":"Siatka z kr\u0105\u017ckiem ceramicznym | Labema","og_description":"Siatka druciana z zawini\u0119tymi brzegami wyposa\u017cona w okr\u0105g\u0142\u0105 ceramiczn\u0105 p\u0142ytk\u0119. Odporna na wysok\u0105 temperatur\u0119. S\u0142u\u017cy jako nak\u0142adka na tr\u00f3jn\u00f3g do r\u00f3wnomiernego ogrzania oraz ochrony przed przegrzaniem dna naczynia laboratoryjnego. Dost\u0119pne wymiary: 150&#215;150 mm, 200&#215;200 mm. Wire gauzers","og_url":"https:\/\/labema.pl\/?product=siatka-z-krazkiem-ceramicznym","og_site_name":"Labema","article_modified_time":"2022-01-04T08:24:41+00:00","og_image":[{"width":680,"height":510,"url":"https:\/\/labema.pl\/wp-content\/uploads\/Siatka_z_krazkiem_ceramicznym.jpg","type":"image\/jpeg"}],"twitter_card":"summary_large_image","schema":{"@context":"https:\/\/schema.org","@graph":[{"@type":"WebPage","@id":"https:\/\/labema.pl\/?product=siatka-z-krazkiem-ceramicznym","url":"https:\/\/labema.pl\/?product=siatka-z-krazkiem-ceramicznym","name":"Siatka z kr\u0105\u017ckiem ceramicznym | Labema","isPartOf":{"@id":"https:\/\/labema.pl\/#website"},"primaryImageOfPage":{"@id":"https:\/\/labema.pl\/?product=siatka-z-krazkiem-ceramicznym#primaryimage"},"image":{"@id":"https:\/\/labema.pl\/?product=siatka-z-krazkiem-ceramicznym#primaryimage"},"thumbnailUrl":"https:\/\/labema.pl\/wp-content\/uploads\/Siatka_z_krazkiem_ceramicznym.jpg","datePublished":"2017-12-08T12:04:08+00:00","dateModified":"2022-01-04T08:24:41+00:00","breadcrumb":{"@id":"https:\/\/labema.pl\/?product=siatka-z-krazkiem-ceramicznym#breadcrumb"},"inLanguage":"pl-PL","potentialAction":[{"@type":"ReadAction","target":["https:\/\/labema.pl\/?product=siatka-z-krazkiem-ceramicznym"]}]},{"@type":"ImageObject","inLanguage":"pl-PL","@id":"https:\/\/labema.pl\/?product=siatka-z-krazkiem-ceramicznym#primaryimage","url":"https:\/\/labema.pl\/wp-content\/uploads\/Siatka_z_krazkiem_ceramicznym.jpg","contentUrl":"https:\/\/labema.pl\/wp-content\/uploads\/Siatka_z_krazkiem_ceramicznym.jpg","width":680,"height":510,"caption":"Siatka z kr\u0105\u017ckiem ceramicznym"},{"@type":"BreadcrumbList","@id":"https:\/\/labema.pl\/?product=siatka-z-krazkiem-ceramicznym#breadcrumb","itemListElement":[{"@type":"ListItem","position":1,"name":"Strona g\u0142\u00f3wna","item":"https:\/\/labema.pl\/"},{"@type":"ListItem","position":2,"name":"e-Katalog","item":"https:\/\/labema.pl\/?page_id=225"},{"@type":"ListItem","position":3,"name":"Siatka z kr\u0105\u017ckiem ceramicznym"}]},{"@type":"WebSite","@id":"https:\/\/labema.pl\/#website","url":"https:\/\/labema.pl\/","name":"Labema","description":"Wyposa\u017cenie laboratorium","publisher":{"@id":"https:\/\/labema.pl\/#organization"},"potentialAction":[{"@type":"SearchAction","target":{"@type":"EntryPoint","urlTemplate":"https:\/\/labema.pl\/?s={search_term_string}"},"query-input":{"@type":"PropertyValueSpecification","valueRequired":true,"valueName":"search_term_string"}}],"inLanguage":"pl-PL"},{"@type":"Organization","@id":"https:\/\/labema.pl\/#organization","name":"Labema","url":"https:\/\/labema.pl\/","logo":{"@type":"ImageObject","inLanguage":"pl-PL","@id":"https:\/\/labema.pl\/#\/schema\/logo\/image\/","url":"https:\/\/labema.pl\/wp-content\/uploads\/2016\/04\/labema.jpg","contentUrl":"https:\/\/labema.pl\/wp-content\/uploads\/2016\/04\/labema.jpg","width":875,"height":220,"caption":"Labema"},"image":{"@id":"https:\/\/labema.pl\/#\/schema\/logo\/image\/"}}]}},"_links":{"self":[{"href":"https:\/\/labema.pl\/index.php?rest_route=\/wp\/v2\/product\/3495","targetHints":{"allow":["GET"]}}],"collection":[{"href":"https:\/\/labema.pl\/index.php?rest_route=\/wp\/v2\/product"}],"about":[{"href":"https:\/\/labema.pl\/index.php?rest_route=\/wp\/v2\/types\/product"}],"wp:featuredmedia":[{"embeddable":true,"href":"https:\/\/labema.pl\/index.php?rest_route=\/wp\/v2\/media\/3512"}],"wp:attachment":[{"href":"https:\/\/labema.pl\/index.php?rest_route=%2Fwp%2Fv2%2Fmedia&parent=3495"}],"wp:term":[{"taxonomy":"product_brand","embeddable":true,"href":"https:\/\/labema.pl\/index.php?rest_route=%2Fwp%2Fv2%2Fproduct_brand&post=3495"},{"taxonomy":"product_cat","embeddable":true,"href":"https:\/\/labema.pl\/index.php?rest_route=%2Fwp%2Fv2%2Fproduct_cat&post=3495"},{"taxonomy":"product_tag","embeddable":true,"href":"https:\/\/labema.pl\/index.php?rest_route=%2Fwp%2Fv2%2Fproduct_tag&post=3495"}],"curies":[{"name":"wp","href":"https:\/\/api.w.org\/{rel}","templated":true}]}}