{"id":3388,"date":"2017-07-13T18:12:50","date_gmt":"2017-07-13T16:12:50","guid":{"rendered":"http:\/\/labema.pl\/?product=tryskawka-z-waska-szyja-ldpepp"},"modified":"2025-03-11T06:34:05","modified_gmt":"2025-03-11T05:34:05","slug":"tryskawka-z-waska-szyja-ldpepp","status":"publish","type":"product","link":"https:\/\/labema.pl\/?product=tryskawka-z-waska-szyja-ldpepp","title":{"rendered":"Tryskawka z w\u0105sk\u0105 szyj\u0105 LDPE\/PP"},"content":{"rendered":"<p align=\"justify\">Tryskawka sk\u0142ada si\u0119 z butli z w\u0105sk\u0105 szyj\u0105 wykonanej z polipropylenu o niskiej g\u0119sto\u015bci (LDPE) oraz szczelnej nakr\u0119tki z PP. Nakr\u0119tka wyposa\u017cona w w\u0119\u017cyk (z zatyczk\u0105), kt\u00f3ry pozwala na kierowanie strumienia cieczy w okre\u015blone miejsce. Strumie\u0144 cieczy mo\u017cna kontrolowa\u0107 poprzez zmian\u0119 si\u0142y nacisku. \u0141atwa w obs\u0142udze. Szczeg\u00f3lnie przydatna do przep\u0142ukiwania i dozowania.<\/p>\n<p><span style=\"color: black; font-size: x-large;\">Specyfikacja<\/span><\/p>\n<table border=\"1\" rules=\"all\" bordercolor=\"#aaaaaa\">\n<tbody>\n<tr>\n<td colspan=\"1\" rowspan=\"1\" style=\"text-align: center;\"><strong>Nr kat.<\/strong><\/td>\n<td colspan=\"1\" rowspan=\"1\" style=\"text-align: center;\"><strong>Pojemno\u015b\u0107<br \/>\n[ml]<\/strong><\/td>\n<\/tr>\n<tr>\n<td colspan=\"1\" rowspan=\"1\" style=\"text-align: center;\">36601<\/td>\n<td colspan=\"1\" rowspan=\"1\" style=\"text-align: center;\">125<\/td>\n<\/tr>\n<tr>\n<td colspan=\"1\" rowspan=\"1\" style=\"text-align: center;\">36602<\/td>\n<td colspan=\"1\" rowspan=\"1\" style=\"text-align: center;\">250<\/td>\n<\/tr>\n<tr>\n<td colspan=\"1\" rowspan=\"1\" style=\"text-align: center;\">36603<\/td>\n<td colspan=\"1\" rowspan=\"1\" style=\"text-align: center;\">500<\/td>\n<\/tr>\n<tr>\n<td colspan=\"1\" rowspan=\"1\" style=\"text-align: center;\">36604<\/td>\n<td colspan=\"1\" rowspan=\"1\" style=\"text-align: center;\">1000<\/td>\n<\/tr>\n<\/tbody>\n<\/table>\n<p>Narrow mouth wash bottle, LDPE\/PP<\/p>\n","protected":false},"excerpt":{"rendered":"<p>Tryskawka sk\u0142ada si\u0119 z butli z w\u0105sk\u0105 szyj\u0105 wykonanej z polipropylenu o niskiej g\u0119sto\u015bci (LDPE) oraz szczelnej nakr\u0119tki z PP. Nakr\u0119tka wyposa\u017cona w w\u0119\u017cyk (z zatyczk\u0105), kt\u00f3ry pozwala na kierowanie strumienia cieczy w okre\u015blone miejsce. Strumie\u0144 cieczy mo\u017cna kontrolowa\u0107 poprzez zmian\u0119 si\u0142y nacisku. \u0141atwa w obs\u0142udze. Szczeg\u00f3lnie przydatna do przep\u0142ukiwania i dozowania. Specyfikacja Nr kat. [&hellip;]<\/p>\n","protected":false},"featured_media":3392,"template":"","meta":{"_et_pb_use_builder":"","_et_pb_old_content":"","_et_gb_content_width":""},"product_brand":[],"product_cat":[65],"product_tag":[],"class_list":{"0":"post-3388","1":"product","2":"type-product","3":"status-publish","4":"has-post-thumbnail","6":"product_cat-butelki-i-tryskawki","7":"product_shipping_class-plastiki_labema","9":"first","10":"instock","11":"taxable","12":"shipping-taxable","13":"purchasable","14":"product-type-variable"},"yoast_head":"<!-- This site is optimized with the Yoast SEO plugin v26.7 - https:\/\/yoast.com\/wordpress\/plugins\/seo\/ -->\n<title>Tryskawka z w\u0105sk\u0105 szyj\u0105 LDPE\/PP | Labema<\/title>\n<meta name=\"robots\" content=\"index, follow, max-snippet:-1, max-image-preview:large, max-video-preview:-1\" \/>\n<link rel=\"canonical\" href=\"https:\/\/labema.pl\/?product=tryskawka-z-waska-szyja-ldpepp\" \/>\n<meta property=\"og:locale\" content=\"pl_PL\" \/>\n<meta property=\"og:type\" content=\"article\" \/>\n<meta property=\"og:title\" content=\"Tryskawka z w\u0105sk\u0105 szyj\u0105 LDPE\/PP | Labema\" \/>\n<meta property=\"og:description\" content=\"Tryskawka sk\u0142ada si\u0119 z butli z w\u0105sk\u0105 szyj\u0105 wykonanej z polipropylenu o niskiej g\u0119sto\u015bci (LDPE) oraz szczelnej nakr\u0119tki z PP. Nakr\u0119tka wyposa\u017cona w w\u0119\u017cyk (z zatyczk\u0105), kt\u00f3ry pozwala na kierowanie strumienia cieczy w okre\u015blone miejsce. Strumie\u0144 cieczy mo\u017cna kontrolowa\u0107 poprzez zmian\u0119 si\u0142y nacisku. \u0141atwa w obs\u0142udze. Szczeg\u00f3lnie przydatna do przep\u0142ukiwania i dozowania. Specyfikacja Nr kat. [&hellip;]\" \/>\n<meta property=\"og:url\" content=\"https:\/\/labema.pl\/?product=tryskawka-z-waska-szyja-ldpepp\" \/>\n<meta property=\"og:site_name\" content=\"Labema\" \/>\n<meta property=\"article:modified_time\" content=\"2025-03-11T05:34:05+00:00\" \/>\n<meta property=\"og:image\" content=\"https:\/\/labema.pl\/wp-content\/uploads\/Tryskawka_z_waska_szyja_LDPP.jpg\" \/>\n\t<meta property=\"og:image:width\" content=\"510\" \/>\n\t<meta property=\"og:image:height\" content=\"680\" \/>\n\t<meta property=\"og:image:type\" content=\"image\/jpeg\" \/>\n<meta name=\"twitter:card\" content=\"summary_large_image\" \/>\n<script type=\"application\/ld+json\" class=\"yoast-schema-graph\">{\"@context\":\"https:\/\/schema.org\",\"@graph\":[{\"@type\":\"WebPage\",\"@id\":\"https:\/\/labema.pl\/?product=tryskawka-z-waska-szyja-ldpepp\",\"url\":\"https:\/\/labema.pl\/?product=tryskawka-z-waska-szyja-ldpepp\",\"name\":\"Tryskawka z w\u0105sk\u0105 szyj\u0105 LDPE\/PP | Labema\",\"isPartOf\":{\"@id\":\"https:\/\/labema.pl\/#website\"},\"primaryImageOfPage\":{\"@id\":\"https:\/\/labema.pl\/?product=tryskawka-z-waska-szyja-ldpepp#primaryimage\"},\"image\":{\"@id\":\"https:\/\/labema.pl\/?product=tryskawka-z-waska-szyja-ldpepp#primaryimage\"},\"thumbnailUrl\":\"https:\/\/labema.pl\/wp-content\/uploads\/Tryskawka_z_waska_szyja_LDPP.jpg\",\"datePublished\":\"2017-07-13T16:12:50+00:00\",\"dateModified\":\"2025-03-11T05:34:05+00:00\",\"breadcrumb\":{\"@id\":\"https:\/\/labema.pl\/?product=tryskawka-z-waska-szyja-ldpepp#breadcrumb\"},\"inLanguage\":\"pl-PL\",\"potentialAction\":[{\"@type\":\"ReadAction\",\"target\":[\"https:\/\/labema.pl\/?product=tryskawka-z-waska-szyja-ldpepp\"]}]},{\"@type\":\"ImageObject\",\"inLanguage\":\"pl-PL\",\"@id\":\"https:\/\/labema.pl\/?product=tryskawka-z-waska-szyja-ldpepp#primaryimage\",\"url\":\"https:\/\/labema.pl\/wp-content\/uploads\/Tryskawka_z_waska_szyja_LDPP.jpg\",\"contentUrl\":\"https:\/\/labema.pl\/wp-content\/uploads\/Tryskawka_z_waska_szyja_LDPP.jpg\",\"width\":510,\"height\":680,\"caption\":\"Tryskawka z w\u0105sk\u0105 szyj\u0105 LDPE\/PP\"},{\"@type\":\"BreadcrumbList\",\"@id\":\"https:\/\/labema.pl\/?product=tryskawka-z-waska-szyja-ldpepp#breadcrumb\",\"itemListElement\":[{\"@type\":\"ListItem\",\"position\":1,\"name\":\"Strona g\u0142\u00f3wna\",\"item\":\"https:\/\/labema.pl\/\"},{\"@type\":\"ListItem\",\"position\":2,\"name\":\"e-Katalog\",\"item\":\"https:\/\/labema.pl\/?page_id=225\"},{\"@type\":\"ListItem\",\"position\":3,\"name\":\"Tryskawka z w\u0105sk\u0105 szyj\u0105 LDPE\/PP\"}]},{\"@type\":\"WebSite\",\"@id\":\"https:\/\/labema.pl\/#website\",\"url\":\"https:\/\/labema.pl\/\",\"name\":\"Labema\",\"description\":\"Wyposa\u017cenie laboratorium\",\"publisher\":{\"@id\":\"https:\/\/labema.pl\/#organization\"},\"potentialAction\":[{\"@type\":\"SearchAction\",\"target\":{\"@type\":\"EntryPoint\",\"urlTemplate\":\"https:\/\/labema.pl\/?s={search_term_string}\"},\"query-input\":{\"@type\":\"PropertyValueSpecification\",\"valueRequired\":true,\"valueName\":\"search_term_string\"}}],\"inLanguage\":\"pl-PL\"},{\"@type\":\"Organization\",\"@id\":\"https:\/\/labema.pl\/#organization\",\"name\":\"Labema\",\"url\":\"https:\/\/labema.pl\/\",\"logo\":{\"@type\":\"ImageObject\",\"inLanguage\":\"pl-PL\",\"@id\":\"https:\/\/labema.pl\/#\/schema\/logo\/image\/\",\"url\":\"https:\/\/labema.pl\/wp-content\/uploads\/2016\/04\/labema.jpg\",\"contentUrl\":\"https:\/\/labema.pl\/wp-content\/uploads\/2016\/04\/labema.jpg\",\"width\":875,\"height\":220,\"caption\":\"Labema\"},\"image\":{\"@id\":\"https:\/\/labema.pl\/#\/schema\/logo\/image\/\"}}]}<\/script>\n<!-- \/ Yoast SEO plugin. -->","yoast_head_json":{"title":"Tryskawka z w\u0105sk\u0105 szyj\u0105 LDPE\/PP | Labema","robots":{"index":"index","follow":"follow","max-snippet":"max-snippet:-1","max-image-preview":"max-image-preview:large","max-video-preview":"max-video-preview:-1"},"canonical":"https:\/\/labema.pl\/?product=tryskawka-z-waska-szyja-ldpepp","og_locale":"pl_PL","og_type":"article","og_title":"Tryskawka z w\u0105sk\u0105 szyj\u0105 LDPE\/PP | Labema","og_description":"Tryskawka sk\u0142ada si\u0119 z butli z w\u0105sk\u0105 szyj\u0105 wykonanej z polipropylenu o niskiej g\u0119sto\u015bci (LDPE) oraz szczelnej nakr\u0119tki z PP. Nakr\u0119tka wyposa\u017cona w w\u0119\u017cyk (z zatyczk\u0105), kt\u00f3ry pozwala na kierowanie strumienia cieczy w okre\u015blone miejsce. Strumie\u0144 cieczy mo\u017cna kontrolowa\u0107 poprzez zmian\u0119 si\u0142y nacisku. \u0141atwa w obs\u0142udze. Szczeg\u00f3lnie przydatna do przep\u0142ukiwania i dozowania. Specyfikacja Nr kat. [&hellip;]","og_url":"https:\/\/labema.pl\/?product=tryskawka-z-waska-szyja-ldpepp","og_site_name":"Labema","article_modified_time":"2025-03-11T05:34:05+00:00","og_image":[{"width":510,"height":680,"url":"https:\/\/labema.pl\/wp-content\/uploads\/Tryskawka_z_waska_szyja_LDPP.jpg","type":"image\/jpeg"}],"twitter_card":"summary_large_image","schema":{"@context":"https:\/\/schema.org","@graph":[{"@type":"WebPage","@id":"https:\/\/labema.pl\/?product=tryskawka-z-waska-szyja-ldpepp","url":"https:\/\/labema.pl\/?product=tryskawka-z-waska-szyja-ldpepp","name":"Tryskawka z w\u0105sk\u0105 szyj\u0105 LDPE\/PP | Labema","isPartOf":{"@id":"https:\/\/labema.pl\/#website"},"primaryImageOfPage":{"@id":"https:\/\/labema.pl\/?product=tryskawka-z-waska-szyja-ldpepp#primaryimage"},"image":{"@id":"https:\/\/labema.pl\/?product=tryskawka-z-waska-szyja-ldpepp#primaryimage"},"thumbnailUrl":"https:\/\/labema.pl\/wp-content\/uploads\/Tryskawka_z_waska_szyja_LDPP.jpg","datePublished":"2017-07-13T16:12:50+00:00","dateModified":"2025-03-11T05:34:05+00:00","breadcrumb":{"@id":"https:\/\/labema.pl\/?product=tryskawka-z-waska-szyja-ldpepp#breadcrumb"},"inLanguage":"pl-PL","potentialAction":[{"@type":"ReadAction","target":["https:\/\/labema.pl\/?product=tryskawka-z-waska-szyja-ldpepp"]}]},{"@type":"ImageObject","inLanguage":"pl-PL","@id":"https:\/\/labema.pl\/?product=tryskawka-z-waska-szyja-ldpepp#primaryimage","url":"https:\/\/labema.pl\/wp-content\/uploads\/Tryskawka_z_waska_szyja_LDPP.jpg","contentUrl":"https:\/\/labema.pl\/wp-content\/uploads\/Tryskawka_z_waska_szyja_LDPP.jpg","width":510,"height":680,"caption":"Tryskawka z w\u0105sk\u0105 szyj\u0105 LDPE\/PP"},{"@type":"BreadcrumbList","@id":"https:\/\/labema.pl\/?product=tryskawka-z-waska-szyja-ldpepp#breadcrumb","itemListElement":[{"@type":"ListItem","position":1,"name":"Strona g\u0142\u00f3wna","item":"https:\/\/labema.pl\/"},{"@type":"ListItem","position":2,"name":"e-Katalog","item":"https:\/\/labema.pl\/?page_id=225"},{"@type":"ListItem","position":3,"name":"Tryskawka z w\u0105sk\u0105 szyj\u0105 LDPE\/PP"}]},{"@type":"WebSite","@id":"https:\/\/labema.pl\/#website","url":"https:\/\/labema.pl\/","name":"Labema","description":"Wyposa\u017cenie laboratorium","publisher":{"@id":"https:\/\/labema.pl\/#organization"},"potentialAction":[{"@type":"SearchAction","target":{"@type":"EntryPoint","urlTemplate":"https:\/\/labema.pl\/?s={search_term_string}"},"query-input":{"@type":"PropertyValueSpecification","valueRequired":true,"valueName":"search_term_string"}}],"inLanguage":"pl-PL"},{"@type":"Organization","@id":"https:\/\/labema.pl\/#organization","name":"Labema","url":"https:\/\/labema.pl\/","logo":{"@type":"ImageObject","inLanguage":"pl-PL","@id":"https:\/\/labema.pl\/#\/schema\/logo\/image\/","url":"https:\/\/labema.pl\/wp-content\/uploads\/2016\/04\/labema.jpg","contentUrl":"https:\/\/labema.pl\/wp-content\/uploads\/2016\/04\/labema.jpg","width":875,"height":220,"caption":"Labema"},"image":{"@id":"https:\/\/labema.pl\/#\/schema\/logo\/image\/"}}]}},"_links":{"self":[{"href":"https:\/\/labema.pl\/index.php?rest_route=\/wp\/v2\/product\/3388","targetHints":{"allow":["GET"]}}],"collection":[{"href":"https:\/\/labema.pl\/index.php?rest_route=\/wp\/v2\/product"}],"about":[{"href":"https:\/\/labema.pl\/index.php?rest_route=\/wp\/v2\/types\/product"}],"wp:featuredmedia":[{"embeddable":true,"href":"https:\/\/labema.pl\/index.php?rest_route=\/wp\/v2\/media\/3392"}],"wp:attachment":[{"href":"https:\/\/labema.pl\/index.php?rest_route=%2Fwp%2Fv2%2Fmedia&parent=3388"}],"wp:term":[{"taxonomy":"product_brand","embeddable":true,"href":"https:\/\/labema.pl\/index.php?rest_route=%2Fwp%2Fv2%2Fproduct_brand&post=3388"},{"taxonomy":"product_cat","embeddable":true,"href":"https:\/\/labema.pl\/index.php?rest_route=%2Fwp%2Fv2%2Fproduct_cat&post=3388"},{"taxonomy":"product_tag","embeddable":true,"href":"https:\/\/labema.pl\/index.php?rest_route=%2Fwp%2Fv2%2Fproduct_tag&post=3388"}],"curies":[{"name":"wp","href":"https:\/\/api.w.org\/{rel}","templated":true}]}}