{"id":3379,"date":"2017-07-13T20:35:19","date_gmt":"2017-07-13T18:35:19","guid":{"rendered":"http:\/\/labema.pl\/?product=szpatulka-obustronna-typu-chattaway-ze-stali-nierdzewnej"},"modified":"2022-01-04T09:24:39","modified_gmt":"2022-01-04T08:24:39","slug":"szpatulka-dwustronna-typu-chattaway-ze-stali-nierdzewnej","status":"publish","type":"product","link":"https:\/\/labema.pl\/?product=szpatulka-dwustronna-typu-chattaway-ze-stali-nierdzewnej","title":{"rendered":"Szpatu\u0142ka dwustronna typu Chattaway ze stali nierdzewnej"},"content":{"rendered":"<p align=\"justify\">Szpatu\u0142ka obustronna typu Chattaway wykonana ze stali nierdzewnej z g\u0142adk\u0105, wypolerowan\u0105 powierzchni\u0105. Jeden koniec wyposa\u017cony jest w p\u0142ask\u0105 szpatu\u0142k\u0119, drugi w szpatu\u0142k\u0119 zgi\u0119t\u0105 pod k\u0105tem 45\u00b0. Dost\u0119pne d\u0142ugo\u015bci: 150 mm, 200 mm.<\/p>\n<p>Numer katalogowy: P88868<\/p>\n<p>Spatula Chattaway<\/p>\n","protected":false},"excerpt":{"rendered":"<p>Szpatu\u0142ka obustronna typu Chattaway wykonana ze stali nierdzewnej z g\u0142adk\u0105, wypolerowan\u0105 powierzchni\u0105. Jeden koniec wyposa\u017cony jest w p\u0142ask\u0105 szpatu\u0142k\u0119, drugi w szpatu\u0142k\u0119 zgi\u0119t\u0105 pod k\u0105tem 45\u00b0. Dost\u0119pne d\u0142ugo\u015bci: 150 mm, 200 mm. Numer katalogowy: P88868 Spatula Chattaway<\/p>\n","protected":false},"featured_media":3382,"template":"","meta":{"_et_pb_use_builder":"","_et_pb_old_content":"","_et_gb_content_width":""},"product_brand":[],"product_cat":[89],"product_tag":[],"class_list":{"0":"post-3379","1":"product","2":"type-product","3":"status-publish","4":"has-post-thumbnail","6":"product_cat-szpatulki-i-lyzeczki","7":"product_shipping_class-plastiki_labema","9":"first","10":"instock","11":"taxable","12":"shipping-taxable","13":"purchasable","14":"product-type-variable","15":"has-default-attributes"},"yoast_head":"<!-- This site is optimized with the Yoast SEO plugin v26.7 - https:\/\/yoast.com\/wordpress\/plugins\/seo\/ -->\n<title>Szpatu\u0142ka dwustronna typu Chattaway ze stali nierdzewnej | Labema<\/title>\n<meta name=\"robots\" content=\"index, follow, max-snippet:-1, max-image-preview:large, max-video-preview:-1\" \/>\n<link rel=\"canonical\" href=\"https:\/\/labema.pl\/?product=szpatulka-dwustronna-typu-chattaway-ze-stali-nierdzewnej\" \/>\n<meta property=\"og:locale\" content=\"pl_PL\" \/>\n<meta property=\"og:type\" content=\"article\" \/>\n<meta property=\"og:title\" content=\"Szpatu\u0142ka dwustronna typu Chattaway ze stali nierdzewnej | Labema\" \/>\n<meta property=\"og:description\" content=\"Szpatu\u0142ka obustronna typu Chattaway wykonana ze stali nierdzewnej z g\u0142adk\u0105, wypolerowan\u0105 powierzchni\u0105. Jeden koniec wyposa\u017cony jest w p\u0142ask\u0105 szpatu\u0142k\u0119, drugi w szpatu\u0142k\u0119 zgi\u0119t\u0105 pod k\u0105tem 45\u00b0. Dost\u0119pne d\u0142ugo\u015bci: 150 mm, 200 mm. Numer katalogowy: P88868 Spatula Chattaway\" \/>\n<meta property=\"og:url\" content=\"https:\/\/labema.pl\/?product=szpatulka-dwustronna-typu-chattaway-ze-stali-nierdzewnej\" \/>\n<meta property=\"og:site_name\" content=\"Labema\" \/>\n<meta property=\"article:modified_time\" content=\"2022-01-04T08:24:39+00:00\" \/>\n<meta property=\"og:image\" content=\"https:\/\/labema.pl\/wp-content\/uploads\/Szpatulka_obustronna_typu_Chattaway_ze_stali_nierdzewnej.jpg\" \/>\n\t<meta property=\"og:image:width\" content=\"680\" \/>\n\t<meta property=\"og:image:height\" content=\"510\" \/>\n\t<meta property=\"og:image:type\" content=\"image\/jpeg\" \/>\n<meta name=\"twitter:card\" content=\"summary_large_image\" \/>\n<script type=\"application\/ld+json\" class=\"yoast-schema-graph\">{\"@context\":\"https:\/\/schema.org\",\"@graph\":[{\"@type\":\"WebPage\",\"@id\":\"https:\/\/labema.pl\/?product=szpatulka-dwustronna-typu-chattaway-ze-stali-nierdzewnej\",\"url\":\"https:\/\/labema.pl\/?product=szpatulka-dwustronna-typu-chattaway-ze-stali-nierdzewnej\",\"name\":\"Szpatu\u0142ka dwustronna typu Chattaway ze stali nierdzewnej | Labema\",\"isPartOf\":{\"@id\":\"https:\/\/labema.pl\/#website\"},\"primaryImageOfPage\":{\"@id\":\"https:\/\/labema.pl\/?product=szpatulka-dwustronna-typu-chattaway-ze-stali-nierdzewnej#primaryimage\"},\"image\":{\"@id\":\"https:\/\/labema.pl\/?product=szpatulka-dwustronna-typu-chattaway-ze-stali-nierdzewnej#primaryimage\"},\"thumbnailUrl\":\"https:\/\/labema.pl\/wp-content\/uploads\/Szpatulka_obustronna_typu_Chattaway_ze_stali_nierdzewnej.jpg\",\"datePublished\":\"2017-07-13T18:35:19+00:00\",\"dateModified\":\"2022-01-04T08:24:39+00:00\",\"breadcrumb\":{\"@id\":\"https:\/\/labema.pl\/?product=szpatulka-dwustronna-typu-chattaway-ze-stali-nierdzewnej#breadcrumb\"},\"inLanguage\":\"pl-PL\",\"potentialAction\":[{\"@type\":\"ReadAction\",\"target\":[\"https:\/\/labema.pl\/?product=szpatulka-dwustronna-typu-chattaway-ze-stali-nierdzewnej\"]}]},{\"@type\":\"ImageObject\",\"inLanguage\":\"pl-PL\",\"@id\":\"https:\/\/labema.pl\/?product=szpatulka-dwustronna-typu-chattaway-ze-stali-nierdzewnej#primaryimage\",\"url\":\"https:\/\/labema.pl\/wp-content\/uploads\/Szpatulka_obustronna_typu_Chattaway_ze_stali_nierdzewnej.jpg\",\"contentUrl\":\"https:\/\/labema.pl\/wp-content\/uploads\/Szpatulka_obustronna_typu_Chattaway_ze_stali_nierdzewnej.jpg\",\"width\":680,\"height\":510,\"caption\":\"Szpatu\u0142ka obustronna typu Chattaway ze stali nierdzewnej\"},{\"@type\":\"BreadcrumbList\",\"@id\":\"https:\/\/labema.pl\/?product=szpatulka-dwustronna-typu-chattaway-ze-stali-nierdzewnej#breadcrumb\",\"itemListElement\":[{\"@type\":\"ListItem\",\"position\":1,\"name\":\"Strona g\u0142\u00f3wna\",\"item\":\"https:\/\/labema.pl\/\"},{\"@type\":\"ListItem\",\"position\":2,\"name\":\"e-Katalog\",\"item\":\"https:\/\/labema.pl\/?page_id=225\"},{\"@type\":\"ListItem\",\"position\":3,\"name\":\"Szpatu\u0142ka dwustronna typu Chattaway ze stali nierdzewnej\"}]},{\"@type\":\"WebSite\",\"@id\":\"https:\/\/labema.pl\/#website\",\"url\":\"https:\/\/labema.pl\/\",\"name\":\"Labema\",\"description\":\"Wyposa\u017cenie laboratorium\",\"publisher\":{\"@id\":\"https:\/\/labema.pl\/#organization\"},\"potentialAction\":[{\"@type\":\"SearchAction\",\"target\":{\"@type\":\"EntryPoint\",\"urlTemplate\":\"https:\/\/labema.pl\/?s={search_term_string}\"},\"query-input\":{\"@type\":\"PropertyValueSpecification\",\"valueRequired\":true,\"valueName\":\"search_term_string\"}}],\"inLanguage\":\"pl-PL\"},{\"@type\":\"Organization\",\"@id\":\"https:\/\/labema.pl\/#organization\",\"name\":\"Labema\",\"url\":\"https:\/\/labema.pl\/\",\"logo\":{\"@type\":\"ImageObject\",\"inLanguage\":\"pl-PL\",\"@id\":\"https:\/\/labema.pl\/#\/schema\/logo\/image\/\",\"url\":\"https:\/\/labema.pl\/wp-content\/uploads\/2016\/04\/labema.jpg\",\"contentUrl\":\"https:\/\/labema.pl\/wp-content\/uploads\/2016\/04\/labema.jpg\",\"width\":875,\"height\":220,\"caption\":\"Labema\"},\"image\":{\"@id\":\"https:\/\/labema.pl\/#\/schema\/logo\/image\/\"}}]}<\/script>\n<!-- \/ Yoast SEO plugin. -->","yoast_head_json":{"title":"Szpatu\u0142ka dwustronna typu Chattaway ze stali nierdzewnej | Labema","robots":{"index":"index","follow":"follow","max-snippet":"max-snippet:-1","max-image-preview":"max-image-preview:large","max-video-preview":"max-video-preview:-1"},"canonical":"https:\/\/labema.pl\/?product=szpatulka-dwustronna-typu-chattaway-ze-stali-nierdzewnej","og_locale":"pl_PL","og_type":"article","og_title":"Szpatu\u0142ka dwustronna typu Chattaway ze stali nierdzewnej | Labema","og_description":"Szpatu\u0142ka obustronna typu Chattaway wykonana ze stali nierdzewnej z g\u0142adk\u0105, wypolerowan\u0105 powierzchni\u0105. Jeden koniec wyposa\u017cony jest w p\u0142ask\u0105 szpatu\u0142k\u0119, drugi w szpatu\u0142k\u0119 zgi\u0119t\u0105 pod k\u0105tem 45\u00b0. Dost\u0119pne d\u0142ugo\u015bci: 150 mm, 200 mm. Numer katalogowy: P88868 Spatula Chattaway","og_url":"https:\/\/labema.pl\/?product=szpatulka-dwustronna-typu-chattaway-ze-stali-nierdzewnej","og_site_name":"Labema","article_modified_time":"2022-01-04T08:24:39+00:00","og_image":[{"width":680,"height":510,"url":"https:\/\/labema.pl\/wp-content\/uploads\/Szpatulka_obustronna_typu_Chattaway_ze_stali_nierdzewnej.jpg","type":"image\/jpeg"}],"twitter_card":"summary_large_image","schema":{"@context":"https:\/\/schema.org","@graph":[{"@type":"WebPage","@id":"https:\/\/labema.pl\/?product=szpatulka-dwustronna-typu-chattaway-ze-stali-nierdzewnej","url":"https:\/\/labema.pl\/?product=szpatulka-dwustronna-typu-chattaway-ze-stali-nierdzewnej","name":"Szpatu\u0142ka dwustronna typu Chattaway ze stali nierdzewnej | Labema","isPartOf":{"@id":"https:\/\/labema.pl\/#website"},"primaryImageOfPage":{"@id":"https:\/\/labema.pl\/?product=szpatulka-dwustronna-typu-chattaway-ze-stali-nierdzewnej#primaryimage"},"image":{"@id":"https:\/\/labema.pl\/?product=szpatulka-dwustronna-typu-chattaway-ze-stali-nierdzewnej#primaryimage"},"thumbnailUrl":"https:\/\/labema.pl\/wp-content\/uploads\/Szpatulka_obustronna_typu_Chattaway_ze_stali_nierdzewnej.jpg","datePublished":"2017-07-13T18:35:19+00:00","dateModified":"2022-01-04T08:24:39+00:00","breadcrumb":{"@id":"https:\/\/labema.pl\/?product=szpatulka-dwustronna-typu-chattaway-ze-stali-nierdzewnej#breadcrumb"},"inLanguage":"pl-PL","potentialAction":[{"@type":"ReadAction","target":["https:\/\/labema.pl\/?product=szpatulka-dwustronna-typu-chattaway-ze-stali-nierdzewnej"]}]},{"@type":"ImageObject","inLanguage":"pl-PL","@id":"https:\/\/labema.pl\/?product=szpatulka-dwustronna-typu-chattaway-ze-stali-nierdzewnej#primaryimage","url":"https:\/\/labema.pl\/wp-content\/uploads\/Szpatulka_obustronna_typu_Chattaway_ze_stali_nierdzewnej.jpg","contentUrl":"https:\/\/labema.pl\/wp-content\/uploads\/Szpatulka_obustronna_typu_Chattaway_ze_stali_nierdzewnej.jpg","width":680,"height":510,"caption":"Szpatu\u0142ka obustronna typu Chattaway ze stali nierdzewnej"},{"@type":"BreadcrumbList","@id":"https:\/\/labema.pl\/?product=szpatulka-dwustronna-typu-chattaway-ze-stali-nierdzewnej#breadcrumb","itemListElement":[{"@type":"ListItem","position":1,"name":"Strona g\u0142\u00f3wna","item":"https:\/\/labema.pl\/"},{"@type":"ListItem","position":2,"name":"e-Katalog","item":"https:\/\/labema.pl\/?page_id=225"},{"@type":"ListItem","position":3,"name":"Szpatu\u0142ka dwustronna typu Chattaway ze stali nierdzewnej"}]},{"@type":"WebSite","@id":"https:\/\/labema.pl\/#website","url":"https:\/\/labema.pl\/","name":"Labema","description":"Wyposa\u017cenie laboratorium","publisher":{"@id":"https:\/\/labema.pl\/#organization"},"potentialAction":[{"@type":"SearchAction","target":{"@type":"EntryPoint","urlTemplate":"https:\/\/labema.pl\/?s={search_term_string}"},"query-input":{"@type":"PropertyValueSpecification","valueRequired":true,"valueName":"search_term_string"}}],"inLanguage":"pl-PL"},{"@type":"Organization","@id":"https:\/\/labema.pl\/#organization","name":"Labema","url":"https:\/\/labema.pl\/","logo":{"@type":"ImageObject","inLanguage":"pl-PL","@id":"https:\/\/labema.pl\/#\/schema\/logo\/image\/","url":"https:\/\/labema.pl\/wp-content\/uploads\/2016\/04\/labema.jpg","contentUrl":"https:\/\/labema.pl\/wp-content\/uploads\/2016\/04\/labema.jpg","width":875,"height":220,"caption":"Labema"},"image":{"@id":"https:\/\/labema.pl\/#\/schema\/logo\/image\/"}}]}},"_links":{"self":[{"href":"https:\/\/labema.pl\/index.php?rest_route=\/wp\/v2\/product\/3379","targetHints":{"allow":["GET"]}}],"collection":[{"href":"https:\/\/labema.pl\/index.php?rest_route=\/wp\/v2\/product"}],"about":[{"href":"https:\/\/labema.pl\/index.php?rest_route=\/wp\/v2\/types\/product"}],"wp:featuredmedia":[{"embeddable":true,"href":"https:\/\/labema.pl\/index.php?rest_route=\/wp\/v2\/media\/3382"}],"wp:attachment":[{"href":"https:\/\/labema.pl\/index.php?rest_route=%2Fwp%2Fv2%2Fmedia&parent=3379"}],"wp:term":[{"taxonomy":"product_brand","embeddable":true,"href":"https:\/\/labema.pl\/index.php?rest_route=%2Fwp%2Fv2%2Fproduct_brand&post=3379"},{"taxonomy":"product_cat","embeddable":true,"href":"https:\/\/labema.pl\/index.php?rest_route=%2Fwp%2Fv2%2Fproduct_cat&post=3379"},{"taxonomy":"product_tag","embeddable":true,"href":"https:\/\/labema.pl\/index.php?rest_route=%2Fwp%2Fv2%2Fproduct_tag&post=3379"}],"curies":[{"name":"wp","href":"https:\/\/api.w.org\/{rel}","templated":true}]}}