{"id":3339,"date":"2017-07-13T15:53:08","date_gmt":"2017-07-13T13:53:08","guid":{"rendered":"http:\/\/labema.pl\/?product=pompka-pipetowa"},"modified":"2025-02-27T09:10:22","modified_gmt":"2025-02-27T08:10:22","slug":"pompka-pipetowa","status":"publish","type":"product","link":"https:\/\/labema.pl\/?product=pompka-pipetowa","title":{"rendered":"Pompka pipetowa"},"content":{"rendered":"<p align=\"justify\">Pompka do pipet przeznaczona do dok\u0142adnego pipetowania cieczy. Wyposa\u017cona w mechanizm zako\u0144czony pokr\u0119t\u0142em, kt\u00f3ry pozwala jedn\u0105 r\u0119k\u0105 zassa\u0107 lub usun\u0105\u0107 ciecz z pipety. Silikonowa, elastyczna ko\u0144c\u00f3wka pompki dok\u0142adnie dopasowuje si\u0119 do pipety. Pompka chroni przed kontaktem z niebezpiecznymi substancjami. Usuni\u0119cie cieczy mo\u017ce odbywa\u0107 si\u0119 r\u00f3wnie\u017c poprzez d\u017awigni\u0119 odp\u0142ywu, kt\u00f3ra znajduj\u0119 si\u0119 z boku pipety. Oferowane pojemno\u015bci pompek pipetowych: 0-10 ml (zielona), 0-25 ml (czerwona).<\/span><\/p>\n<p>Pipette pump<\/p>\n","protected":false},"excerpt":{"rendered":"<p>Pompka do pipet przeznaczona do dok\u0142adnego pipetowania cieczy. Wyposa\u017cona w mechanizm zako\u0144czony pokr\u0119t\u0142em, kt\u00f3ry pozwala jedn\u0105 r\u0119k\u0105 zassa\u0107 lub usun\u0105\u0107 ciecz z pipety. Silikonowa, elastyczna ko\u0144c\u00f3wka pompki dok\u0142adnie dopasowuje si\u0119 do pipety. Pompka chroni przed kontaktem z niebezpiecznymi substancjami. Usuni\u0119cie cieczy mo\u017ce odbywa\u0107 si\u0119 r\u00f3wnie\u017c poprzez d\u017awigni\u0119 odp\u0142ywu, kt\u00f3ra znajduj\u0119 si\u0119 z boku pipety. Oferowane [&hellip;]<\/p>\n","protected":false},"featured_media":3342,"template":"","meta":{"_et_pb_use_builder":"","_et_pb_old_content":"","_et_gb_content_width":""},"product_brand":[],"product_cat":[63],"product_tag":[],"class_list":{"0":"post-3339","1":"product","2":"type-product","3":"status-publish","4":"has-post-thumbnail","6":"product_cat-pozostale-plastiki-laboratoryjne","7":"product_shipping_class-plastiki_labema","9":"first","10":"instock","11":"taxable","12":"shipping-taxable","13":"purchasable","14":"product-type-variable"},"yoast_head":"<!-- This site is optimized with the Yoast SEO plugin v26.7 - https:\/\/yoast.com\/wordpress\/plugins\/seo\/ -->\n<title>Pompka pipetowa | Labema<\/title>\n<meta name=\"robots\" content=\"index, follow, max-snippet:-1, max-image-preview:large, max-video-preview:-1\" \/>\n<link rel=\"canonical\" href=\"https:\/\/labema.pl\/?product=pompka-pipetowa\" \/>\n<meta property=\"og:locale\" content=\"pl_PL\" \/>\n<meta property=\"og:type\" content=\"article\" \/>\n<meta property=\"og:title\" content=\"Pompka pipetowa | Labema\" \/>\n<meta property=\"og:description\" content=\"Pompka do pipet przeznaczona do dok\u0142adnego pipetowania cieczy. Wyposa\u017cona w mechanizm zako\u0144czony pokr\u0119t\u0142em, kt\u00f3ry pozwala jedn\u0105 r\u0119k\u0105 zassa\u0107 lub usun\u0105\u0107 ciecz z pipety. Silikonowa, elastyczna ko\u0144c\u00f3wka pompki dok\u0142adnie dopasowuje si\u0119 do pipety. Pompka chroni przed kontaktem z niebezpiecznymi substancjami. Usuni\u0119cie cieczy mo\u017ce odbywa\u0107 si\u0119 r\u00f3wnie\u017c poprzez d\u017awigni\u0119 odp\u0142ywu, kt\u00f3ra znajduj\u0119 si\u0119 z boku pipety. Oferowane [&hellip;]\" \/>\n<meta property=\"og:url\" content=\"https:\/\/labema.pl\/?product=pompka-pipetowa\" \/>\n<meta property=\"og:site_name\" content=\"Labema\" \/>\n<meta property=\"article:modified_time\" content=\"2025-02-27T08:10:22+00:00\" \/>\n<meta property=\"og:image\" content=\"https:\/\/labema.pl\/wp-content\/uploads\/Pompka_pipetowa.jpg\" \/>\n\t<meta property=\"og:image:width\" content=\"680\" \/>\n\t<meta property=\"og:image:height\" content=\"510\" \/>\n\t<meta property=\"og:image:type\" content=\"image\/jpeg\" \/>\n<meta name=\"twitter:card\" content=\"summary_large_image\" \/>\n<script type=\"application\/ld+json\" class=\"yoast-schema-graph\">{\"@context\":\"https:\/\/schema.org\",\"@graph\":[{\"@type\":\"WebPage\",\"@id\":\"https:\/\/labema.pl\/?product=pompka-pipetowa\",\"url\":\"https:\/\/labema.pl\/?product=pompka-pipetowa\",\"name\":\"Pompka pipetowa | Labema\",\"isPartOf\":{\"@id\":\"https:\/\/labema.pl\/#website\"},\"primaryImageOfPage\":{\"@id\":\"https:\/\/labema.pl\/?product=pompka-pipetowa#primaryimage\"},\"image\":{\"@id\":\"https:\/\/labema.pl\/?product=pompka-pipetowa#primaryimage\"},\"thumbnailUrl\":\"https:\/\/labema.pl\/wp-content\/uploads\/Pompka_pipetowa.jpg\",\"datePublished\":\"2017-07-13T13:53:08+00:00\",\"dateModified\":\"2025-02-27T08:10:22+00:00\",\"breadcrumb\":{\"@id\":\"https:\/\/labema.pl\/?product=pompka-pipetowa#breadcrumb\"},\"inLanguage\":\"pl-PL\",\"potentialAction\":[{\"@type\":\"ReadAction\",\"target\":[\"https:\/\/labema.pl\/?product=pompka-pipetowa\"]}]},{\"@type\":\"ImageObject\",\"inLanguage\":\"pl-PL\",\"@id\":\"https:\/\/labema.pl\/?product=pompka-pipetowa#primaryimage\",\"url\":\"https:\/\/labema.pl\/wp-content\/uploads\/Pompka_pipetowa.jpg\",\"contentUrl\":\"https:\/\/labema.pl\/wp-content\/uploads\/Pompka_pipetowa.jpg\",\"width\":680,\"height\":510,\"caption\":\"Pompka pipetowa\"},{\"@type\":\"BreadcrumbList\",\"@id\":\"https:\/\/labema.pl\/?product=pompka-pipetowa#breadcrumb\",\"itemListElement\":[{\"@type\":\"ListItem\",\"position\":1,\"name\":\"Strona g\u0142\u00f3wna\",\"item\":\"https:\/\/labema.pl\/\"},{\"@type\":\"ListItem\",\"position\":2,\"name\":\"e-Katalog\",\"item\":\"https:\/\/labema.pl\/?page_id=225\"},{\"@type\":\"ListItem\",\"position\":3,\"name\":\"Pompka pipetowa\"}]},{\"@type\":\"WebSite\",\"@id\":\"https:\/\/labema.pl\/#website\",\"url\":\"https:\/\/labema.pl\/\",\"name\":\"Labema\",\"description\":\"Wyposa\u017cenie laboratorium\",\"publisher\":{\"@id\":\"https:\/\/labema.pl\/#organization\"},\"potentialAction\":[{\"@type\":\"SearchAction\",\"target\":{\"@type\":\"EntryPoint\",\"urlTemplate\":\"https:\/\/labema.pl\/?s={search_term_string}\"},\"query-input\":{\"@type\":\"PropertyValueSpecification\",\"valueRequired\":true,\"valueName\":\"search_term_string\"}}],\"inLanguage\":\"pl-PL\"},{\"@type\":\"Organization\",\"@id\":\"https:\/\/labema.pl\/#organization\",\"name\":\"Labema\",\"url\":\"https:\/\/labema.pl\/\",\"logo\":{\"@type\":\"ImageObject\",\"inLanguage\":\"pl-PL\",\"@id\":\"https:\/\/labema.pl\/#\/schema\/logo\/image\/\",\"url\":\"https:\/\/labema.pl\/wp-content\/uploads\/2016\/04\/labema.jpg\",\"contentUrl\":\"https:\/\/labema.pl\/wp-content\/uploads\/2016\/04\/labema.jpg\",\"width\":875,\"height\":220,\"caption\":\"Labema\"},\"image\":{\"@id\":\"https:\/\/labema.pl\/#\/schema\/logo\/image\/\"}}]}<\/script>\n<!-- \/ Yoast SEO plugin. -->","yoast_head_json":{"title":"Pompka pipetowa | Labema","robots":{"index":"index","follow":"follow","max-snippet":"max-snippet:-1","max-image-preview":"max-image-preview:large","max-video-preview":"max-video-preview:-1"},"canonical":"https:\/\/labema.pl\/?product=pompka-pipetowa","og_locale":"pl_PL","og_type":"article","og_title":"Pompka pipetowa | Labema","og_description":"Pompka do pipet przeznaczona do dok\u0142adnego pipetowania cieczy. Wyposa\u017cona w mechanizm zako\u0144czony pokr\u0119t\u0142em, kt\u00f3ry pozwala jedn\u0105 r\u0119k\u0105 zassa\u0107 lub usun\u0105\u0107 ciecz z pipety. Silikonowa, elastyczna ko\u0144c\u00f3wka pompki dok\u0142adnie dopasowuje si\u0119 do pipety. Pompka chroni przed kontaktem z niebezpiecznymi substancjami. Usuni\u0119cie cieczy mo\u017ce odbywa\u0107 si\u0119 r\u00f3wnie\u017c poprzez d\u017awigni\u0119 odp\u0142ywu, kt\u00f3ra znajduj\u0119 si\u0119 z boku pipety. Oferowane [&hellip;]","og_url":"https:\/\/labema.pl\/?product=pompka-pipetowa","og_site_name":"Labema","article_modified_time":"2025-02-27T08:10:22+00:00","og_image":[{"width":680,"height":510,"url":"https:\/\/labema.pl\/wp-content\/uploads\/Pompka_pipetowa.jpg","type":"image\/jpeg"}],"twitter_card":"summary_large_image","schema":{"@context":"https:\/\/schema.org","@graph":[{"@type":"WebPage","@id":"https:\/\/labema.pl\/?product=pompka-pipetowa","url":"https:\/\/labema.pl\/?product=pompka-pipetowa","name":"Pompka pipetowa | Labema","isPartOf":{"@id":"https:\/\/labema.pl\/#website"},"primaryImageOfPage":{"@id":"https:\/\/labema.pl\/?product=pompka-pipetowa#primaryimage"},"image":{"@id":"https:\/\/labema.pl\/?product=pompka-pipetowa#primaryimage"},"thumbnailUrl":"https:\/\/labema.pl\/wp-content\/uploads\/Pompka_pipetowa.jpg","datePublished":"2017-07-13T13:53:08+00:00","dateModified":"2025-02-27T08:10:22+00:00","breadcrumb":{"@id":"https:\/\/labema.pl\/?product=pompka-pipetowa#breadcrumb"},"inLanguage":"pl-PL","potentialAction":[{"@type":"ReadAction","target":["https:\/\/labema.pl\/?product=pompka-pipetowa"]}]},{"@type":"ImageObject","inLanguage":"pl-PL","@id":"https:\/\/labema.pl\/?product=pompka-pipetowa#primaryimage","url":"https:\/\/labema.pl\/wp-content\/uploads\/Pompka_pipetowa.jpg","contentUrl":"https:\/\/labema.pl\/wp-content\/uploads\/Pompka_pipetowa.jpg","width":680,"height":510,"caption":"Pompka pipetowa"},{"@type":"BreadcrumbList","@id":"https:\/\/labema.pl\/?product=pompka-pipetowa#breadcrumb","itemListElement":[{"@type":"ListItem","position":1,"name":"Strona g\u0142\u00f3wna","item":"https:\/\/labema.pl\/"},{"@type":"ListItem","position":2,"name":"e-Katalog","item":"https:\/\/labema.pl\/?page_id=225"},{"@type":"ListItem","position":3,"name":"Pompka pipetowa"}]},{"@type":"WebSite","@id":"https:\/\/labema.pl\/#website","url":"https:\/\/labema.pl\/","name":"Labema","description":"Wyposa\u017cenie laboratorium","publisher":{"@id":"https:\/\/labema.pl\/#organization"},"potentialAction":[{"@type":"SearchAction","target":{"@type":"EntryPoint","urlTemplate":"https:\/\/labema.pl\/?s={search_term_string}"},"query-input":{"@type":"PropertyValueSpecification","valueRequired":true,"valueName":"search_term_string"}}],"inLanguage":"pl-PL"},{"@type":"Organization","@id":"https:\/\/labema.pl\/#organization","name":"Labema","url":"https:\/\/labema.pl\/","logo":{"@type":"ImageObject","inLanguage":"pl-PL","@id":"https:\/\/labema.pl\/#\/schema\/logo\/image\/","url":"https:\/\/labema.pl\/wp-content\/uploads\/2016\/04\/labema.jpg","contentUrl":"https:\/\/labema.pl\/wp-content\/uploads\/2016\/04\/labema.jpg","width":875,"height":220,"caption":"Labema"},"image":{"@id":"https:\/\/labema.pl\/#\/schema\/logo\/image\/"}}]}},"_links":{"self":[{"href":"https:\/\/labema.pl\/index.php?rest_route=\/wp\/v2\/product\/3339","targetHints":{"allow":["GET"]}}],"collection":[{"href":"https:\/\/labema.pl\/index.php?rest_route=\/wp\/v2\/product"}],"about":[{"href":"https:\/\/labema.pl\/index.php?rest_route=\/wp\/v2\/types\/product"}],"wp:featuredmedia":[{"embeddable":true,"href":"https:\/\/labema.pl\/index.php?rest_route=\/wp\/v2\/media\/3342"}],"wp:attachment":[{"href":"https:\/\/labema.pl\/index.php?rest_route=%2Fwp%2Fv2%2Fmedia&parent=3339"}],"wp:term":[{"taxonomy":"product_brand","embeddable":true,"href":"https:\/\/labema.pl\/index.php?rest_route=%2Fwp%2Fv2%2Fproduct_brand&post=3339"},{"taxonomy":"product_cat","embeddable":true,"href":"https:\/\/labema.pl\/index.php?rest_route=%2Fwp%2Fv2%2Fproduct_cat&post=3339"},{"taxonomy":"product_tag","embeddable":true,"href":"https:\/\/labema.pl\/index.php?rest_route=%2Fwp%2Fv2%2Fproduct_tag&post=3339"}],"curies":[{"name":"wp","href":"https:\/\/api.w.org\/{rel}","templated":true}]}}