{"id":3331,"date":"2016-09-30T00:00:22","date_gmt":"2016-09-29T22:00:22","guid":{"rendered":"http:\/\/labema.pl\/?product=pudelko-na-szkielka-mikroskopowe-z-korkowym-wkladem-100-miejscowe"},"modified":"2023-07-28T14:03:09","modified_gmt":"2023-07-28T12:03:09","slug":"pudelko-na-szkielka-mikroskopowe-z-korkowym-wkladem-100-miejscowe","status":"publish","type":"product","link":"https:\/\/labema.pl\/?product=pudelko-na-szkielka-mikroskopowe-z-korkowym-wkladem-100-miejscowe","title":{"rendered":"Pude\u0142ko na szkie\u0142ka mikroskopowe z korkowym wk\u0142adem, 100-miejscowe"},"content":{"rendered":"<p align=\"justify\">Pude\u0142ko wykonane z wytrzyma\u0142ego tworzywa sztucznego ABS. Przeznaczone na szkie\u0142ka mikroskopowe o wymiarach 25&#215;75 mm. Odporne na wilgo\u0107 i py\u0142oszczelne. Specjalna konstrukcja pude\u0142ka chroni preparaty mikroskopowe przed zanieczyszczeniem. Korkowy wk\u0142ad na dnie pude\u0142ka zapobiega uszkodzeniom szkie\u0142ek mikroskopowych. Pokrywka na zawiasach posiada, odporne na korozj\u0119, metalowe zamkni\u0119cie. Pude\u0142ko zawiera kart\u0119 informacyjn\u0105 niezb\u0119dn\u0105 do identyfikacji preparat\u00f3w oraz pole do opisu. Wyt\u0142oczenia na pokrywie pozwalaj\u0105 na pi\u0119trowe uk\u0142adanie pude\u0142ek. Dost\u0119pne w kolorach: czerwony, \u017c\u00f3\u0142ty, zielony, niebieski i bia\u0142y.<\/p>\n<p>Numer katalogowy: 41-6100<br \/>\nProducent: Biologix<\/p>\n<p>100-Place Slide Storage Box with Cork Lining<\/p>\n","protected":false},"excerpt":{"rendered":"<p>Pude\u0142ko wykonane z wytrzyma\u0142ego tworzywa sztucznego ABS. Przeznaczone na szkie\u0142ka mikroskopowe o wymiarach 25&#215;75 mm. Odporne na wilgo\u0107 i py\u0142oszczelne. Specjalna konstrukcja pude\u0142ka chroni preparaty mikroskopowe przed zanieczyszczeniem. Korkowy wk\u0142ad na dnie pude\u0142ka zapobiega uszkodzeniom szkie\u0142ek mikroskopowych. Pokrywka na zawiasach posiada, odporne na korozj\u0119, metalowe zamkni\u0119cie. Pude\u0142ko zawiera kart\u0119 informacyjn\u0105 niezb\u0119dn\u0105 do identyfikacji preparat\u00f3w oraz [&hellip;]<\/p>\n","protected":false},"featured_media":3858,"template":"","meta":{"_et_pb_use_builder":"","_et_pb_old_content":"","_et_gb_content_width":""},"product_brand":[],"product_cat":[60],"product_tag":[],"class_list":{"0":"post-3331","1":"product","2":"type-product","3":"status-publish","4":"has-post-thumbnail","6":"product_cat-pudelka","7":"product_shipping_class-plastiki_labema","9":"first","10":"instock","11":"taxable","12":"shipping-taxable","13":"purchasable","14":"product-type-variable"},"yoast_head":"<!-- This site is optimized with the Yoast SEO plugin v26.7 - https:\/\/yoast.com\/wordpress\/plugins\/seo\/ -->\n<title>Pude\u0142ko na szkie\u0142ka mikroskopowe z korkowym wk\u0142adem, 100-miejscowe | Labema<\/title>\n<meta name=\"robots\" content=\"index, follow, max-snippet:-1, max-image-preview:large, max-video-preview:-1\" \/>\n<link rel=\"canonical\" href=\"https:\/\/labema.pl\/?product=pudelko-na-szkielka-mikroskopowe-z-korkowym-wkladem-100-miejscowe\" \/>\n<meta property=\"og:locale\" content=\"pl_PL\" \/>\n<meta property=\"og:type\" content=\"article\" \/>\n<meta property=\"og:title\" content=\"Pude\u0142ko na szkie\u0142ka mikroskopowe z korkowym wk\u0142adem, 100-miejscowe | Labema\" \/>\n<meta property=\"og:description\" content=\"Pude\u0142ko wykonane z wytrzyma\u0142ego tworzywa sztucznego ABS. Przeznaczone na szkie\u0142ka mikroskopowe o wymiarach 25&#215;75 mm. Odporne na wilgo\u0107 i py\u0142oszczelne. Specjalna konstrukcja pude\u0142ka chroni preparaty mikroskopowe przed zanieczyszczeniem. Korkowy wk\u0142ad na dnie pude\u0142ka zapobiega uszkodzeniom szkie\u0142ek mikroskopowych. Pokrywka na zawiasach posiada, odporne na korozj\u0119, metalowe zamkni\u0119cie. Pude\u0142ko zawiera kart\u0119 informacyjn\u0105 niezb\u0119dn\u0105 do identyfikacji preparat\u00f3w oraz [&hellip;]\" \/>\n<meta property=\"og:url\" content=\"https:\/\/labema.pl\/?product=pudelko-na-szkielka-mikroskopowe-z-korkowym-wkladem-100-miejscowe\" \/>\n<meta property=\"og:site_name\" content=\"Labema\" \/>\n<meta property=\"article:modified_time\" content=\"2023-07-28T12:03:09+00:00\" \/>\n<meta property=\"og:image\" content=\"https:\/\/labema.pl\/wp-content\/uploads\/41-6100_Pudelko_na_szkielka_mikroskopowe_z_korkowym_wkladem_100_miejscowe.jpg\" \/>\n\t<meta property=\"og:image:width\" content=\"798\" \/>\n\t<meta property=\"og:image:height\" content=\"600\" \/>\n\t<meta property=\"og:image:type\" content=\"image\/jpeg\" \/>\n<meta name=\"twitter:card\" content=\"summary_large_image\" \/>\n<meta name=\"twitter:label1\" content=\"Szacowany czas czytania\" \/>\n\t<meta name=\"twitter:data1\" content=\"1 minuta\" \/>\n<script type=\"application\/ld+json\" class=\"yoast-schema-graph\">{\"@context\":\"https:\/\/schema.org\",\"@graph\":[{\"@type\":\"WebPage\",\"@id\":\"https:\/\/labema.pl\/?product=pudelko-na-szkielka-mikroskopowe-z-korkowym-wkladem-100-miejscowe\",\"url\":\"https:\/\/labema.pl\/?product=pudelko-na-szkielka-mikroskopowe-z-korkowym-wkladem-100-miejscowe\",\"name\":\"Pude\u0142ko na szkie\u0142ka mikroskopowe z korkowym wk\u0142adem, 100-miejscowe | Labema\",\"isPartOf\":{\"@id\":\"https:\/\/labema.pl\/#website\"},\"primaryImageOfPage\":{\"@id\":\"https:\/\/labema.pl\/?product=pudelko-na-szkielka-mikroskopowe-z-korkowym-wkladem-100-miejscowe#primaryimage\"},\"image\":{\"@id\":\"https:\/\/labema.pl\/?product=pudelko-na-szkielka-mikroskopowe-z-korkowym-wkladem-100-miejscowe#primaryimage\"},\"thumbnailUrl\":\"https:\/\/labema.pl\/wp-content\/uploads\/41-6100_Pudelko_na_szkielka_mikroskopowe_z_korkowym_wkladem_100_miejscowe.jpg\",\"datePublished\":\"2016-09-29T22:00:22+00:00\",\"dateModified\":\"2023-07-28T12:03:09+00:00\",\"breadcrumb\":{\"@id\":\"https:\/\/labema.pl\/?product=pudelko-na-szkielka-mikroskopowe-z-korkowym-wkladem-100-miejscowe#breadcrumb\"},\"inLanguage\":\"pl-PL\",\"potentialAction\":[{\"@type\":\"ReadAction\",\"target\":[\"https:\/\/labema.pl\/?product=pudelko-na-szkielka-mikroskopowe-z-korkowym-wkladem-100-miejscowe\"]}]},{\"@type\":\"ImageObject\",\"inLanguage\":\"pl-PL\",\"@id\":\"https:\/\/labema.pl\/?product=pudelko-na-szkielka-mikroskopowe-z-korkowym-wkladem-100-miejscowe#primaryimage\",\"url\":\"https:\/\/labema.pl\/wp-content\/uploads\/41-6100_Pudelko_na_szkielka_mikroskopowe_z_korkowym_wkladem_100_miejscowe.jpg\",\"contentUrl\":\"https:\/\/labema.pl\/wp-content\/uploads\/41-6100_Pudelko_na_szkielka_mikroskopowe_z_korkowym_wkladem_100_miejscowe.jpg\",\"width\":798,\"height\":600,\"caption\":\"Pude\u0142ko na szkie\u0142ka mikroskopowe z korkowym wk\u0142adem, 100-miejscowe\"},{\"@type\":\"BreadcrumbList\",\"@id\":\"https:\/\/labema.pl\/?product=pudelko-na-szkielka-mikroskopowe-z-korkowym-wkladem-100-miejscowe#breadcrumb\",\"itemListElement\":[{\"@type\":\"ListItem\",\"position\":1,\"name\":\"Strona g\u0142\u00f3wna\",\"item\":\"https:\/\/labema.pl\/\"},{\"@type\":\"ListItem\",\"position\":2,\"name\":\"e-Katalog\",\"item\":\"https:\/\/labema.pl\/?page_id=225\"},{\"@type\":\"ListItem\",\"position\":3,\"name\":\"Pude\u0142ko na szkie\u0142ka mikroskopowe z korkowym wk\u0142adem, 100-miejscowe\"}]},{\"@type\":\"WebSite\",\"@id\":\"https:\/\/labema.pl\/#website\",\"url\":\"https:\/\/labema.pl\/\",\"name\":\"Labema\",\"description\":\"Wyposa\u017cenie laboratorium\",\"publisher\":{\"@id\":\"https:\/\/labema.pl\/#organization\"},\"potentialAction\":[{\"@type\":\"SearchAction\",\"target\":{\"@type\":\"EntryPoint\",\"urlTemplate\":\"https:\/\/labema.pl\/?s={search_term_string}\"},\"query-input\":{\"@type\":\"PropertyValueSpecification\",\"valueRequired\":true,\"valueName\":\"search_term_string\"}}],\"inLanguage\":\"pl-PL\"},{\"@type\":\"Organization\",\"@id\":\"https:\/\/labema.pl\/#organization\",\"name\":\"Labema\",\"url\":\"https:\/\/labema.pl\/\",\"logo\":{\"@type\":\"ImageObject\",\"inLanguage\":\"pl-PL\",\"@id\":\"https:\/\/labema.pl\/#\/schema\/logo\/image\/\",\"url\":\"https:\/\/labema.pl\/wp-content\/uploads\/2016\/04\/labema.jpg\",\"contentUrl\":\"https:\/\/labema.pl\/wp-content\/uploads\/2016\/04\/labema.jpg\",\"width\":875,\"height\":220,\"caption\":\"Labema\"},\"image\":{\"@id\":\"https:\/\/labema.pl\/#\/schema\/logo\/image\/\"}}]}<\/script>\n<!-- \/ Yoast SEO plugin. -->","yoast_head_json":{"title":"Pude\u0142ko na szkie\u0142ka mikroskopowe z korkowym wk\u0142adem, 100-miejscowe | Labema","robots":{"index":"index","follow":"follow","max-snippet":"max-snippet:-1","max-image-preview":"max-image-preview:large","max-video-preview":"max-video-preview:-1"},"canonical":"https:\/\/labema.pl\/?product=pudelko-na-szkielka-mikroskopowe-z-korkowym-wkladem-100-miejscowe","og_locale":"pl_PL","og_type":"article","og_title":"Pude\u0142ko na szkie\u0142ka mikroskopowe z korkowym wk\u0142adem, 100-miejscowe | Labema","og_description":"Pude\u0142ko wykonane z wytrzyma\u0142ego tworzywa sztucznego ABS. Przeznaczone na szkie\u0142ka mikroskopowe o wymiarach 25&#215;75 mm. Odporne na wilgo\u0107 i py\u0142oszczelne. Specjalna konstrukcja pude\u0142ka chroni preparaty mikroskopowe przed zanieczyszczeniem. Korkowy wk\u0142ad na dnie pude\u0142ka zapobiega uszkodzeniom szkie\u0142ek mikroskopowych. Pokrywka na zawiasach posiada, odporne na korozj\u0119, metalowe zamkni\u0119cie. Pude\u0142ko zawiera kart\u0119 informacyjn\u0105 niezb\u0119dn\u0105 do identyfikacji preparat\u00f3w oraz [&hellip;]","og_url":"https:\/\/labema.pl\/?product=pudelko-na-szkielka-mikroskopowe-z-korkowym-wkladem-100-miejscowe","og_site_name":"Labema","article_modified_time":"2023-07-28T12:03:09+00:00","og_image":[{"width":798,"height":600,"url":"https:\/\/labema.pl\/wp-content\/uploads\/41-6100_Pudelko_na_szkielka_mikroskopowe_z_korkowym_wkladem_100_miejscowe.jpg","type":"image\/jpeg"}],"twitter_card":"summary_large_image","twitter_misc":{"Szacowany czas czytania":"1 minuta"},"schema":{"@context":"https:\/\/schema.org","@graph":[{"@type":"WebPage","@id":"https:\/\/labema.pl\/?product=pudelko-na-szkielka-mikroskopowe-z-korkowym-wkladem-100-miejscowe","url":"https:\/\/labema.pl\/?product=pudelko-na-szkielka-mikroskopowe-z-korkowym-wkladem-100-miejscowe","name":"Pude\u0142ko na szkie\u0142ka mikroskopowe z korkowym wk\u0142adem, 100-miejscowe | Labema","isPartOf":{"@id":"https:\/\/labema.pl\/#website"},"primaryImageOfPage":{"@id":"https:\/\/labema.pl\/?product=pudelko-na-szkielka-mikroskopowe-z-korkowym-wkladem-100-miejscowe#primaryimage"},"image":{"@id":"https:\/\/labema.pl\/?product=pudelko-na-szkielka-mikroskopowe-z-korkowym-wkladem-100-miejscowe#primaryimage"},"thumbnailUrl":"https:\/\/labema.pl\/wp-content\/uploads\/41-6100_Pudelko_na_szkielka_mikroskopowe_z_korkowym_wkladem_100_miejscowe.jpg","datePublished":"2016-09-29T22:00:22+00:00","dateModified":"2023-07-28T12:03:09+00:00","breadcrumb":{"@id":"https:\/\/labema.pl\/?product=pudelko-na-szkielka-mikroskopowe-z-korkowym-wkladem-100-miejscowe#breadcrumb"},"inLanguage":"pl-PL","potentialAction":[{"@type":"ReadAction","target":["https:\/\/labema.pl\/?product=pudelko-na-szkielka-mikroskopowe-z-korkowym-wkladem-100-miejscowe"]}]},{"@type":"ImageObject","inLanguage":"pl-PL","@id":"https:\/\/labema.pl\/?product=pudelko-na-szkielka-mikroskopowe-z-korkowym-wkladem-100-miejscowe#primaryimage","url":"https:\/\/labema.pl\/wp-content\/uploads\/41-6100_Pudelko_na_szkielka_mikroskopowe_z_korkowym_wkladem_100_miejscowe.jpg","contentUrl":"https:\/\/labema.pl\/wp-content\/uploads\/41-6100_Pudelko_na_szkielka_mikroskopowe_z_korkowym_wkladem_100_miejscowe.jpg","width":798,"height":600,"caption":"Pude\u0142ko na szkie\u0142ka mikroskopowe z korkowym wk\u0142adem, 100-miejscowe"},{"@type":"BreadcrumbList","@id":"https:\/\/labema.pl\/?product=pudelko-na-szkielka-mikroskopowe-z-korkowym-wkladem-100-miejscowe#breadcrumb","itemListElement":[{"@type":"ListItem","position":1,"name":"Strona g\u0142\u00f3wna","item":"https:\/\/labema.pl\/"},{"@type":"ListItem","position":2,"name":"e-Katalog","item":"https:\/\/labema.pl\/?page_id=225"},{"@type":"ListItem","position":3,"name":"Pude\u0142ko na szkie\u0142ka mikroskopowe z korkowym wk\u0142adem, 100-miejscowe"}]},{"@type":"WebSite","@id":"https:\/\/labema.pl\/#website","url":"https:\/\/labema.pl\/","name":"Labema","description":"Wyposa\u017cenie laboratorium","publisher":{"@id":"https:\/\/labema.pl\/#organization"},"potentialAction":[{"@type":"SearchAction","target":{"@type":"EntryPoint","urlTemplate":"https:\/\/labema.pl\/?s={search_term_string}"},"query-input":{"@type":"PropertyValueSpecification","valueRequired":true,"valueName":"search_term_string"}}],"inLanguage":"pl-PL"},{"@type":"Organization","@id":"https:\/\/labema.pl\/#organization","name":"Labema","url":"https:\/\/labema.pl\/","logo":{"@type":"ImageObject","inLanguage":"pl-PL","@id":"https:\/\/labema.pl\/#\/schema\/logo\/image\/","url":"https:\/\/labema.pl\/wp-content\/uploads\/2016\/04\/labema.jpg","contentUrl":"https:\/\/labema.pl\/wp-content\/uploads\/2016\/04\/labema.jpg","width":875,"height":220,"caption":"Labema"},"image":{"@id":"https:\/\/labema.pl\/#\/schema\/logo\/image\/"}}]}},"_links":{"self":[{"href":"https:\/\/labema.pl\/index.php?rest_route=\/wp\/v2\/product\/3331","targetHints":{"allow":["GET"]}}],"collection":[{"href":"https:\/\/labema.pl\/index.php?rest_route=\/wp\/v2\/product"}],"about":[{"href":"https:\/\/labema.pl\/index.php?rest_route=\/wp\/v2\/types\/product"}],"wp:featuredmedia":[{"embeddable":true,"href":"https:\/\/labema.pl\/index.php?rest_route=\/wp\/v2\/media\/3858"}],"wp:attachment":[{"href":"https:\/\/labema.pl\/index.php?rest_route=%2Fwp%2Fv2%2Fmedia&parent=3331"}],"wp:term":[{"taxonomy":"product_brand","embeddable":true,"href":"https:\/\/labema.pl\/index.php?rest_route=%2Fwp%2Fv2%2Fproduct_brand&post=3331"},{"taxonomy":"product_cat","embeddable":true,"href":"https:\/\/labema.pl\/index.php?rest_route=%2Fwp%2Fv2%2Fproduct_cat&post=3331"},{"taxonomy":"product_tag","embeddable":true,"href":"https:\/\/labema.pl\/index.php?rest_route=%2Fwp%2Fv2%2Fproduct_tag&post=3331"}],"curies":[{"name":"wp","href":"https:\/\/api.w.org\/{rel}","templated":true}]}}