{"id":3319,"date":"2017-07-14T07:22:27","date_gmt":"2017-07-14T05:22:27","guid":{"rendered":"http:\/\/labema.pl\/?product=zlewka-plastikowa-pp-skala-tloczona"},"modified":"2025-03-11T07:06:38","modified_gmt":"2025-03-11T06:06:38","slug":"zlewka-plastikowa-pp-skala-tloczona","status":"publish","type":"product","link":"https:\/\/labema.pl\/?product=zlewka-plastikowa-pp-skala-tloczona","title":{"rendered":"Zlewka plastikowa (PP), skala t\u0142oczona"},"content":{"rendered":"<p align=\"justify\">Zlewka miarowa plastikowa wykonana z polipropylenu (PP). Wyposa\u017cona w czyteln\u0105, wyt\u0142oczon\u0105 na \u015bciance zlewki podzia\u0142k\u0119. Posiada wylew u\u0142atwiaj\u0105cy przelewanie cieczy. Wykorzystywana np. do odmierzania substancji chemicznych, sporz\u0105dzania roztwor\u00f3w, przelewania, rozpuszczania cieczy oraz przeprowadzania prostych reakcji chemicznych. Przeznaczona do codziennego u\u017cytku. Oferowane pojemno\u015bci zlewek: 50, 100, 250, 500, 1000 ml.<\/p>\n<p><span style=\"color: black; font-size: x-large;\">Specyfikacja<\/span><\/p>\n<table border=\"1\" rules=\"all\" bordercolor=\"#aaaaaa\">\n<tbody>\n<tr>\n<td colspan=\"1\" rowspan=\"1\" style=\"text-align: center;\"><strong>Nr kat.<\/strong><\/td>\n<td colspan=\"1\" rowspan=\"1\" style=\"text-align: center;\"><strong>Pojemno\u015b\u0107<br \/>\n[ml]<\/strong><\/td>\n<td colspan=\"1\" rowspan=\"1\" style=\"text-align: center;\"><strong>Wysoko\u015b\u0107<br \/>\n[mm]<\/strong><\/td>\n<td colspan=\"1\" rowspan=\"1\" style=\"text-align: center;\"><strong>\u015arednica<br \/>\n[mm]<\/strong><\/td>\n<td colspan=\"1\" rowspan=\"1\" style=\"text-align: center;\"><strong>Podzia\u0142ka<br \/>\n[ml]<\/strong><\/td>\n<\/tr>\n<tr>\n<td colspan=\"1\" rowspan=\"1\" style=\"text-align: center;\">11100<\/td>\n<td colspan=\"1\" rowspan=\"1\" style=\"text-align: center;\">25<\/td>\n<td colspan=\"1\" rowspan=\"1\" style=\"text-align: center;\">35<\/td>\n<td colspan=\"1\" rowspan=\"1\" style=\"text-align: center;\">40<\/td>\n<td colspan=\"1\" rowspan=\"1\" style=\"text-align: center;\">5<\/td>\n<\/tr>\n<tr>\n<td colspan=\"1\" rowspan=\"1\" style=\"text-align: center;\">11101<\/td>\n<td colspan=\"1\" rowspan=\"1\" style=\"text-align: center;\">50<\/td>\n<td colspan=\"1\" rowspan=\"1\" style=\"text-align: center;\">54<\/td>\n<td colspan=\"1\" rowspan=\"1\" style=\"text-align: center;\">44<\/td>\n<td colspan=\"1\" rowspan=\"1\" style=\"text-align: center;\">5<\/td>\n<\/tr>\n<tr>\n<td colspan=\"1\" rowspan=\"1\" style=\"text-align: center;\">11102<\/td>\n<td colspan=\"1\" rowspan=\"1\" style=\"text-align: center;\">100<\/td>\n<td colspan=\"1\" rowspan=\"1\" style=\"text-align: center;\">62<\/td>\n<td colspan=\"1\" rowspan=\"1\" style=\"text-align: center;\">55<\/td>\n<td colspan=\"1\" rowspan=\"1\" style=\"text-align: center;\">5<\/td>\n<\/tr>\n<tr>\n<td colspan=\"1\" rowspan=\"1\" style=\"text-align: center;\">11103<\/td>\n<td colspan=\"1\" rowspan=\"1\" style=\"text-align: center;\">250<\/td>\n<td colspan=\"1\" rowspan=\"1\" style=\"text-align: center;\">100<\/td>\n<td colspan=\"1\" rowspan=\"1\" style=\"text-align: center;\">73<\/td>\n<td colspan=\"1\" rowspan=\"1\" style=\"text-align: center;\">10<\/td>\n<\/tr>\n<tr>\n<td colspan=\"1\" rowspan=\"1\" style=\"text-align: center;\">11104<\/td>\n<td colspan=\"1\" rowspan=\"1\" style=\"text-align: center;\">500<\/td>\n<td colspan=\"1\" rowspan=\"1\" style=\"text-align: center;\">120<\/td>\n<td colspan=\"1\" rowspan=\"1\" style=\"text-align: center;\">89<\/td>\n<td colspan=\"1\" rowspan=\"1\" style=\"text-align: center;\">10<\/td>\n<\/tr>\n<tr>\n<td colspan=\"1\" rowspan=\"1\" style=\"text-align: center;\">11105<\/td>\n<td colspan=\"1\" rowspan=\"1\" style=\"text-align: center;\">1000<\/td>\n<td colspan=\"1\" rowspan=\"1\" style=\"text-align: center;\">150<\/td>\n<td colspan=\"1\" rowspan=\"1\" style=\"text-align: center;\">110<\/td>\n<td colspan=\"1\" rowspan=\"1\" style=\"text-align: center;\">25<\/td>\n<\/tr>\n<tr>\n<td colspan=\"1\" rowspan=\"1\" style=\"text-align: center;\">11106<\/td>\n<td colspan=\"1\" rowspan=\"1\" style=\"text-align: center;\">2000<\/td>\n<td colspan=\"1\" rowspan=\"1\" style=\"text-align: center;\">184<\/td>\n<td colspan=\"1\" rowspan=\"1\" style=\"text-align: center;\">138<\/td>\n<td colspan=\"1\" rowspan=\"1\" style=\"text-align: center;\">25<\/td>\n<\/tr>\n<\/tbody>\n<\/table>\n<p>Beaker, low form, with spout<\/p>\n","protected":false},"excerpt":{"rendered":"<p>Zlewka miarowa plastikowa wykonana z polipropylenu (PP). Wyposa\u017cona w czyteln\u0105, wyt\u0142oczon\u0105 na \u015bciance zlewki podzia\u0142k\u0119. Posiada wylew u\u0142atwiaj\u0105cy przelewanie cieczy. Wykorzystywana np. do odmierzania substancji chemicznych, sporz\u0105dzania roztwor\u00f3w, przelewania, rozpuszczania cieczy oraz przeprowadzania prostych reakcji chemicznych. Przeznaczona do codziennego u\u017cytku. Oferowane pojemno\u015bci zlewek: 50, 100, 250, 500, 1000 ml. Specyfikacja Nr kat. Pojemno\u015b\u0107 [ml] Wysoko\u015b\u0107 [&hellip;]<\/p>\n","protected":false},"featured_media":3325,"template":"","meta":{"_et_pb_use_builder":"","_et_pb_old_content":"","_et_gb_content_width":""},"product_brand":[],"product_cat":[64],"product_tag":[],"class_list":{"0":"post-3319","1":"product","2":"type-product","3":"status-publish","4":"has-post-thumbnail","6":"product_cat-zlewki-plastikowe","7":"product_shipping_class-plastiki_labema","9":"first","10":"instock","11":"taxable","12":"shipping-taxable","13":"purchasable","14":"product-type-variable"},"yoast_head":"<!-- This site is optimized with the Yoast SEO plugin v26.7 - https:\/\/yoast.com\/wordpress\/plugins\/seo\/ -->\n<title>Zlewka plastikowa (PP), skala t\u0142oczona | Labema<\/title>\n<meta name=\"robots\" content=\"index, follow, max-snippet:-1, max-image-preview:large, max-video-preview:-1\" \/>\n<link rel=\"canonical\" href=\"https:\/\/labema.pl\/?product=zlewka-plastikowa-pp-skala-tloczona\" \/>\n<meta property=\"og:locale\" content=\"pl_PL\" \/>\n<meta property=\"og:type\" content=\"article\" \/>\n<meta property=\"og:title\" content=\"Zlewka plastikowa (PP), skala t\u0142oczona | Labema\" \/>\n<meta property=\"og:description\" content=\"Zlewka miarowa plastikowa wykonana z polipropylenu (PP). Wyposa\u017cona w czyteln\u0105, wyt\u0142oczon\u0105 na \u015bciance zlewki podzia\u0142k\u0119. Posiada wylew u\u0142atwiaj\u0105cy przelewanie cieczy. Wykorzystywana np. do odmierzania substancji chemicznych, sporz\u0105dzania roztwor\u00f3w, przelewania, rozpuszczania cieczy oraz przeprowadzania prostych reakcji chemicznych. Przeznaczona do codziennego u\u017cytku. Oferowane pojemno\u015bci zlewek: 50, 100, 250, 500, 1000 ml. Specyfikacja Nr kat. Pojemno\u015b\u0107 [ml] Wysoko\u015b\u0107 [&hellip;]\" \/>\n<meta property=\"og:url\" content=\"https:\/\/labema.pl\/?product=zlewka-plastikowa-pp-skala-tloczona\" \/>\n<meta property=\"og:site_name\" content=\"Labema\" \/>\n<meta property=\"article:modified_time\" content=\"2025-03-11T06:06:38+00:00\" \/>\n<meta property=\"og:image\" content=\"https:\/\/labema.pl\/wp-content\/uploads\/Zlewka_plastikowa_PP_skala_tloczona.jpg\" \/>\n\t<meta property=\"og:image:width\" content=\"510\" \/>\n\t<meta property=\"og:image:height\" content=\"680\" \/>\n\t<meta property=\"og:image:type\" content=\"image\/jpeg\" \/>\n<meta name=\"twitter:card\" content=\"summary_large_image\" \/>\n<script type=\"application\/ld+json\" class=\"yoast-schema-graph\">{\"@context\":\"https:\/\/schema.org\",\"@graph\":[{\"@type\":\"WebPage\",\"@id\":\"https:\/\/labema.pl\/?product=zlewka-plastikowa-pp-skala-tloczona\",\"url\":\"https:\/\/labema.pl\/?product=zlewka-plastikowa-pp-skala-tloczona\",\"name\":\"Zlewka plastikowa (PP), skala t\u0142oczona | Labema\",\"isPartOf\":{\"@id\":\"https:\/\/labema.pl\/#website\"},\"primaryImageOfPage\":{\"@id\":\"https:\/\/labema.pl\/?product=zlewka-plastikowa-pp-skala-tloczona#primaryimage\"},\"image\":{\"@id\":\"https:\/\/labema.pl\/?product=zlewka-plastikowa-pp-skala-tloczona#primaryimage\"},\"thumbnailUrl\":\"https:\/\/labema.pl\/wp-content\/uploads\/Zlewka_plastikowa_PP_skala_tloczona.jpg\",\"datePublished\":\"2017-07-14T05:22:27+00:00\",\"dateModified\":\"2025-03-11T06:06:38+00:00\",\"breadcrumb\":{\"@id\":\"https:\/\/labema.pl\/?product=zlewka-plastikowa-pp-skala-tloczona#breadcrumb\"},\"inLanguage\":\"pl-PL\",\"potentialAction\":[{\"@type\":\"ReadAction\",\"target\":[\"https:\/\/labema.pl\/?product=zlewka-plastikowa-pp-skala-tloczona\"]}]},{\"@type\":\"ImageObject\",\"inLanguage\":\"pl-PL\",\"@id\":\"https:\/\/labema.pl\/?product=zlewka-plastikowa-pp-skala-tloczona#primaryimage\",\"url\":\"https:\/\/labema.pl\/wp-content\/uploads\/Zlewka_plastikowa_PP_skala_tloczona.jpg\",\"contentUrl\":\"https:\/\/labema.pl\/wp-content\/uploads\/Zlewka_plastikowa_PP_skala_tloczona.jpg\",\"width\":510,\"height\":680,\"caption\":\"Zlewka plastikowa (PP), skala t\u0142oczona\"},{\"@type\":\"BreadcrumbList\",\"@id\":\"https:\/\/labema.pl\/?product=zlewka-plastikowa-pp-skala-tloczona#breadcrumb\",\"itemListElement\":[{\"@type\":\"ListItem\",\"position\":1,\"name\":\"Strona g\u0142\u00f3wna\",\"item\":\"https:\/\/labema.pl\/\"},{\"@type\":\"ListItem\",\"position\":2,\"name\":\"e-Katalog\",\"item\":\"https:\/\/labema.pl\/?page_id=225\"},{\"@type\":\"ListItem\",\"position\":3,\"name\":\"Zlewka plastikowa (PP), skala t\u0142oczona\"}]},{\"@type\":\"WebSite\",\"@id\":\"https:\/\/labema.pl\/#website\",\"url\":\"https:\/\/labema.pl\/\",\"name\":\"Labema\",\"description\":\"Wyposa\u017cenie laboratorium\",\"publisher\":{\"@id\":\"https:\/\/labema.pl\/#organization\"},\"potentialAction\":[{\"@type\":\"SearchAction\",\"target\":{\"@type\":\"EntryPoint\",\"urlTemplate\":\"https:\/\/labema.pl\/?s={search_term_string}\"},\"query-input\":{\"@type\":\"PropertyValueSpecification\",\"valueRequired\":true,\"valueName\":\"search_term_string\"}}],\"inLanguage\":\"pl-PL\"},{\"@type\":\"Organization\",\"@id\":\"https:\/\/labema.pl\/#organization\",\"name\":\"Labema\",\"url\":\"https:\/\/labema.pl\/\",\"logo\":{\"@type\":\"ImageObject\",\"inLanguage\":\"pl-PL\",\"@id\":\"https:\/\/labema.pl\/#\/schema\/logo\/image\/\",\"url\":\"https:\/\/labema.pl\/wp-content\/uploads\/2016\/04\/labema.jpg\",\"contentUrl\":\"https:\/\/labema.pl\/wp-content\/uploads\/2016\/04\/labema.jpg\",\"width\":875,\"height\":220,\"caption\":\"Labema\"},\"image\":{\"@id\":\"https:\/\/labema.pl\/#\/schema\/logo\/image\/\"}}]}<\/script>\n<!-- \/ Yoast SEO plugin. -->","yoast_head_json":{"title":"Zlewka plastikowa (PP), skala t\u0142oczona | Labema","robots":{"index":"index","follow":"follow","max-snippet":"max-snippet:-1","max-image-preview":"max-image-preview:large","max-video-preview":"max-video-preview:-1"},"canonical":"https:\/\/labema.pl\/?product=zlewka-plastikowa-pp-skala-tloczona","og_locale":"pl_PL","og_type":"article","og_title":"Zlewka plastikowa (PP), skala t\u0142oczona | Labema","og_description":"Zlewka miarowa plastikowa wykonana z polipropylenu (PP). Wyposa\u017cona w czyteln\u0105, wyt\u0142oczon\u0105 na \u015bciance zlewki podzia\u0142k\u0119. Posiada wylew u\u0142atwiaj\u0105cy przelewanie cieczy. Wykorzystywana np. do odmierzania substancji chemicznych, sporz\u0105dzania roztwor\u00f3w, przelewania, rozpuszczania cieczy oraz przeprowadzania prostych reakcji chemicznych. Przeznaczona do codziennego u\u017cytku. Oferowane pojemno\u015bci zlewek: 50, 100, 250, 500, 1000 ml. Specyfikacja Nr kat. Pojemno\u015b\u0107 [ml] Wysoko\u015b\u0107 [&hellip;]","og_url":"https:\/\/labema.pl\/?product=zlewka-plastikowa-pp-skala-tloczona","og_site_name":"Labema","article_modified_time":"2025-03-11T06:06:38+00:00","og_image":[{"width":510,"height":680,"url":"https:\/\/labema.pl\/wp-content\/uploads\/Zlewka_plastikowa_PP_skala_tloczona.jpg","type":"image\/jpeg"}],"twitter_card":"summary_large_image","schema":{"@context":"https:\/\/schema.org","@graph":[{"@type":"WebPage","@id":"https:\/\/labema.pl\/?product=zlewka-plastikowa-pp-skala-tloczona","url":"https:\/\/labema.pl\/?product=zlewka-plastikowa-pp-skala-tloczona","name":"Zlewka plastikowa (PP), skala t\u0142oczona | Labema","isPartOf":{"@id":"https:\/\/labema.pl\/#website"},"primaryImageOfPage":{"@id":"https:\/\/labema.pl\/?product=zlewka-plastikowa-pp-skala-tloczona#primaryimage"},"image":{"@id":"https:\/\/labema.pl\/?product=zlewka-plastikowa-pp-skala-tloczona#primaryimage"},"thumbnailUrl":"https:\/\/labema.pl\/wp-content\/uploads\/Zlewka_plastikowa_PP_skala_tloczona.jpg","datePublished":"2017-07-14T05:22:27+00:00","dateModified":"2025-03-11T06:06:38+00:00","breadcrumb":{"@id":"https:\/\/labema.pl\/?product=zlewka-plastikowa-pp-skala-tloczona#breadcrumb"},"inLanguage":"pl-PL","potentialAction":[{"@type":"ReadAction","target":["https:\/\/labema.pl\/?product=zlewka-plastikowa-pp-skala-tloczona"]}]},{"@type":"ImageObject","inLanguage":"pl-PL","@id":"https:\/\/labema.pl\/?product=zlewka-plastikowa-pp-skala-tloczona#primaryimage","url":"https:\/\/labema.pl\/wp-content\/uploads\/Zlewka_plastikowa_PP_skala_tloczona.jpg","contentUrl":"https:\/\/labema.pl\/wp-content\/uploads\/Zlewka_plastikowa_PP_skala_tloczona.jpg","width":510,"height":680,"caption":"Zlewka plastikowa (PP), skala t\u0142oczona"},{"@type":"BreadcrumbList","@id":"https:\/\/labema.pl\/?product=zlewka-plastikowa-pp-skala-tloczona#breadcrumb","itemListElement":[{"@type":"ListItem","position":1,"name":"Strona g\u0142\u00f3wna","item":"https:\/\/labema.pl\/"},{"@type":"ListItem","position":2,"name":"e-Katalog","item":"https:\/\/labema.pl\/?page_id=225"},{"@type":"ListItem","position":3,"name":"Zlewka plastikowa (PP), skala t\u0142oczona"}]},{"@type":"WebSite","@id":"https:\/\/labema.pl\/#website","url":"https:\/\/labema.pl\/","name":"Labema","description":"Wyposa\u017cenie laboratorium","publisher":{"@id":"https:\/\/labema.pl\/#organization"},"potentialAction":[{"@type":"SearchAction","target":{"@type":"EntryPoint","urlTemplate":"https:\/\/labema.pl\/?s={search_term_string}"},"query-input":{"@type":"PropertyValueSpecification","valueRequired":true,"valueName":"search_term_string"}}],"inLanguage":"pl-PL"},{"@type":"Organization","@id":"https:\/\/labema.pl\/#organization","name":"Labema","url":"https:\/\/labema.pl\/","logo":{"@type":"ImageObject","inLanguage":"pl-PL","@id":"https:\/\/labema.pl\/#\/schema\/logo\/image\/","url":"https:\/\/labema.pl\/wp-content\/uploads\/2016\/04\/labema.jpg","contentUrl":"https:\/\/labema.pl\/wp-content\/uploads\/2016\/04\/labema.jpg","width":875,"height":220,"caption":"Labema"},"image":{"@id":"https:\/\/labema.pl\/#\/schema\/logo\/image\/"}}]}},"_links":{"self":[{"href":"https:\/\/labema.pl\/index.php?rest_route=\/wp\/v2\/product\/3319","targetHints":{"allow":["GET"]}}],"collection":[{"href":"https:\/\/labema.pl\/index.php?rest_route=\/wp\/v2\/product"}],"about":[{"href":"https:\/\/labema.pl\/index.php?rest_route=\/wp\/v2\/types\/product"}],"wp:featuredmedia":[{"embeddable":true,"href":"https:\/\/labema.pl\/index.php?rest_route=\/wp\/v2\/media\/3325"}],"wp:attachment":[{"href":"https:\/\/labema.pl\/index.php?rest_route=%2Fwp%2Fv2%2Fmedia&parent=3319"}],"wp:term":[{"taxonomy":"product_brand","embeddable":true,"href":"https:\/\/labema.pl\/index.php?rest_route=%2Fwp%2Fv2%2Fproduct_brand&post=3319"},{"taxonomy":"product_cat","embeddable":true,"href":"https:\/\/labema.pl\/index.php?rest_route=%2Fwp%2Fv2%2Fproduct_cat&post=3319"},{"taxonomy":"product_tag","embeddable":true,"href":"https:\/\/labema.pl\/index.php?rest_route=%2Fwp%2Fv2%2Fproduct_tag&post=3319"}],"curies":[{"name":"wp","href":"https:\/\/api.w.org\/{rel}","templated":true}]}}