{"id":3236,"date":"2016-09-25T08:23:42","date_gmt":"2016-09-25T06:23:42","guid":{"rendered":"http:\/\/labema.pl\/?product=bagietka-szklo-boro-3-3"},"modified":"2022-01-04T09:24:27","modified_gmt":"2022-01-04T08:24:27","slug":"bagietka-szklo-boro-3-3","status":"publish","type":"product","link":"https:\/\/labema.pl\/?product=bagietka-szklo-boro-3-3","title":{"rendered":"Bagietka, szk\u0142o Boro 3.3"},"content":{"rendered":"<p align=\"justify\">Bagietki (pr\u0119ciki szklane) wykonane ze szk\u0142a Boro 3.3. Wykorzystywane g\u0142\u00f3wnie do mieszania substancji.<\/p>\n<p>Stirring rod<\/p>\n","protected":false},"excerpt":{"rendered":"<p>Bagietki (pr\u0119ciki szklane) wykonane ze szk\u0142a Boro 3.3. Wykorzystywane g\u0142\u00f3wnie do mieszania substancji. Stirring rod<\/p>\n","protected":false},"featured_media":3250,"template":"","meta":{"_et_pb_use_builder":"","_et_pb_old_content":"","_et_gb_content_width":""},"product_brand":[],"product_cat":[71],"product_tag":[],"class_list":{"0":"post-3236","1":"product","2":"type-product","3":"status-publish","4":"has-post-thumbnail","6":"product_cat-szklo-laboratoryjne","7":"product_shipping_class-szklo_labema","9":"first","10":"instock","11":"taxable","12":"shipping-taxable","13":"purchasable","14":"product-type-variable"},"yoast_head":"<!-- This site is optimized with the Yoast SEO plugin v26.7 - https:\/\/yoast.com\/wordpress\/plugins\/seo\/ -->\n<title>Bagietka, szk\u0142o Boro 3.3 | Labema<\/title>\n<meta name=\"robots\" content=\"index, follow, max-snippet:-1, max-image-preview:large, max-video-preview:-1\" \/>\n<link rel=\"canonical\" href=\"https:\/\/labema.pl\/?product=bagietka-szklo-boro-3-3\" \/>\n<meta property=\"og:locale\" content=\"pl_PL\" \/>\n<meta property=\"og:type\" content=\"article\" \/>\n<meta property=\"og:title\" content=\"Bagietka, szk\u0142o Boro 3.3 | Labema\" \/>\n<meta property=\"og:description\" content=\"Bagietki (pr\u0119ciki szklane) wykonane ze szk\u0142a Boro 3.3. Wykorzystywane g\u0142\u00f3wnie do mieszania substancji. Stirring rod\" \/>\n<meta property=\"og:url\" content=\"https:\/\/labema.pl\/?product=bagietka-szklo-boro-3-3\" \/>\n<meta property=\"og:site_name\" content=\"Labema\" \/>\n<meta property=\"article:modified_time\" content=\"2022-01-04T08:24:27+00:00\" \/>\n<meta property=\"og:image\" content=\"https:\/\/labema.pl\/wp-content\/uploads\/Bagietka.jpg\" \/>\n\t<meta property=\"og:image:width\" content=\"510\" \/>\n\t<meta property=\"og:image:height\" content=\"680\" \/>\n\t<meta property=\"og:image:type\" content=\"image\/jpeg\" \/>\n<meta name=\"twitter:card\" content=\"summary_large_image\" \/>\n<script type=\"application\/ld+json\" class=\"yoast-schema-graph\">{\"@context\":\"https:\/\/schema.org\",\"@graph\":[{\"@type\":\"WebPage\",\"@id\":\"https:\/\/labema.pl\/?product=bagietka-szklo-boro-3-3\",\"url\":\"https:\/\/labema.pl\/?product=bagietka-szklo-boro-3-3\",\"name\":\"Bagietka, szk\u0142o Boro 3.3 | Labema\",\"isPartOf\":{\"@id\":\"https:\/\/labema.pl\/#website\"},\"primaryImageOfPage\":{\"@id\":\"https:\/\/labema.pl\/?product=bagietka-szklo-boro-3-3#primaryimage\"},\"image\":{\"@id\":\"https:\/\/labema.pl\/?product=bagietka-szklo-boro-3-3#primaryimage\"},\"thumbnailUrl\":\"https:\/\/labema.pl\/wp-content\/uploads\/Bagietka.jpg\",\"datePublished\":\"2016-09-25T06:23:42+00:00\",\"dateModified\":\"2022-01-04T08:24:27+00:00\",\"breadcrumb\":{\"@id\":\"https:\/\/labema.pl\/?product=bagietka-szklo-boro-3-3#breadcrumb\"},\"inLanguage\":\"pl-PL\",\"potentialAction\":[{\"@type\":\"ReadAction\",\"target\":[\"https:\/\/labema.pl\/?product=bagietka-szklo-boro-3-3\"]}]},{\"@type\":\"ImageObject\",\"inLanguage\":\"pl-PL\",\"@id\":\"https:\/\/labema.pl\/?product=bagietka-szklo-boro-3-3#primaryimage\",\"url\":\"https:\/\/labema.pl\/wp-content\/uploads\/Bagietka.jpg\",\"contentUrl\":\"https:\/\/labema.pl\/wp-content\/uploads\/Bagietka.jpg\",\"width\":510,\"height\":680,\"caption\":\"Bagietka\"},{\"@type\":\"BreadcrumbList\",\"@id\":\"https:\/\/labema.pl\/?product=bagietka-szklo-boro-3-3#breadcrumb\",\"itemListElement\":[{\"@type\":\"ListItem\",\"position\":1,\"name\":\"Strona g\u0142\u00f3wna\",\"item\":\"https:\/\/labema.pl\/\"},{\"@type\":\"ListItem\",\"position\":2,\"name\":\"e-Katalog\",\"item\":\"https:\/\/labema.pl\/?page_id=225\"},{\"@type\":\"ListItem\",\"position\":3,\"name\":\"Bagietka, szk\u0142o Boro 3.3\"}]},{\"@type\":\"WebSite\",\"@id\":\"https:\/\/labema.pl\/#website\",\"url\":\"https:\/\/labema.pl\/\",\"name\":\"Labema\",\"description\":\"Wyposa\u017cenie laboratorium\",\"publisher\":{\"@id\":\"https:\/\/labema.pl\/#organization\"},\"potentialAction\":[{\"@type\":\"SearchAction\",\"target\":{\"@type\":\"EntryPoint\",\"urlTemplate\":\"https:\/\/labema.pl\/?s={search_term_string}\"},\"query-input\":{\"@type\":\"PropertyValueSpecification\",\"valueRequired\":true,\"valueName\":\"search_term_string\"}}],\"inLanguage\":\"pl-PL\"},{\"@type\":\"Organization\",\"@id\":\"https:\/\/labema.pl\/#organization\",\"name\":\"Labema\",\"url\":\"https:\/\/labema.pl\/\",\"logo\":{\"@type\":\"ImageObject\",\"inLanguage\":\"pl-PL\",\"@id\":\"https:\/\/labema.pl\/#\/schema\/logo\/image\/\",\"url\":\"https:\/\/labema.pl\/wp-content\/uploads\/2016\/04\/labema.jpg\",\"contentUrl\":\"https:\/\/labema.pl\/wp-content\/uploads\/2016\/04\/labema.jpg\",\"width\":875,\"height\":220,\"caption\":\"Labema\"},\"image\":{\"@id\":\"https:\/\/labema.pl\/#\/schema\/logo\/image\/\"}}]}<\/script>\n<!-- \/ Yoast SEO plugin. -->","yoast_head_json":{"title":"Bagietka, szk\u0142o Boro 3.3 | Labema","robots":{"index":"index","follow":"follow","max-snippet":"max-snippet:-1","max-image-preview":"max-image-preview:large","max-video-preview":"max-video-preview:-1"},"canonical":"https:\/\/labema.pl\/?product=bagietka-szklo-boro-3-3","og_locale":"pl_PL","og_type":"article","og_title":"Bagietka, szk\u0142o Boro 3.3 | Labema","og_description":"Bagietki (pr\u0119ciki szklane) wykonane ze szk\u0142a Boro 3.3. Wykorzystywane g\u0142\u00f3wnie do mieszania substancji. Stirring rod","og_url":"https:\/\/labema.pl\/?product=bagietka-szklo-boro-3-3","og_site_name":"Labema","article_modified_time":"2022-01-04T08:24:27+00:00","og_image":[{"width":510,"height":680,"url":"https:\/\/labema.pl\/wp-content\/uploads\/Bagietka.jpg","type":"image\/jpeg"}],"twitter_card":"summary_large_image","schema":{"@context":"https:\/\/schema.org","@graph":[{"@type":"WebPage","@id":"https:\/\/labema.pl\/?product=bagietka-szklo-boro-3-3","url":"https:\/\/labema.pl\/?product=bagietka-szklo-boro-3-3","name":"Bagietka, szk\u0142o Boro 3.3 | Labema","isPartOf":{"@id":"https:\/\/labema.pl\/#website"},"primaryImageOfPage":{"@id":"https:\/\/labema.pl\/?product=bagietka-szklo-boro-3-3#primaryimage"},"image":{"@id":"https:\/\/labema.pl\/?product=bagietka-szklo-boro-3-3#primaryimage"},"thumbnailUrl":"https:\/\/labema.pl\/wp-content\/uploads\/Bagietka.jpg","datePublished":"2016-09-25T06:23:42+00:00","dateModified":"2022-01-04T08:24:27+00:00","breadcrumb":{"@id":"https:\/\/labema.pl\/?product=bagietka-szklo-boro-3-3#breadcrumb"},"inLanguage":"pl-PL","potentialAction":[{"@type":"ReadAction","target":["https:\/\/labema.pl\/?product=bagietka-szklo-boro-3-3"]}]},{"@type":"ImageObject","inLanguage":"pl-PL","@id":"https:\/\/labema.pl\/?product=bagietka-szklo-boro-3-3#primaryimage","url":"https:\/\/labema.pl\/wp-content\/uploads\/Bagietka.jpg","contentUrl":"https:\/\/labema.pl\/wp-content\/uploads\/Bagietka.jpg","width":510,"height":680,"caption":"Bagietka"},{"@type":"BreadcrumbList","@id":"https:\/\/labema.pl\/?product=bagietka-szklo-boro-3-3#breadcrumb","itemListElement":[{"@type":"ListItem","position":1,"name":"Strona g\u0142\u00f3wna","item":"https:\/\/labema.pl\/"},{"@type":"ListItem","position":2,"name":"e-Katalog","item":"https:\/\/labema.pl\/?page_id=225"},{"@type":"ListItem","position":3,"name":"Bagietka, szk\u0142o Boro 3.3"}]},{"@type":"WebSite","@id":"https:\/\/labema.pl\/#website","url":"https:\/\/labema.pl\/","name":"Labema","description":"Wyposa\u017cenie laboratorium","publisher":{"@id":"https:\/\/labema.pl\/#organization"},"potentialAction":[{"@type":"SearchAction","target":{"@type":"EntryPoint","urlTemplate":"https:\/\/labema.pl\/?s={search_term_string}"},"query-input":{"@type":"PropertyValueSpecification","valueRequired":true,"valueName":"search_term_string"}}],"inLanguage":"pl-PL"},{"@type":"Organization","@id":"https:\/\/labema.pl\/#organization","name":"Labema","url":"https:\/\/labema.pl\/","logo":{"@type":"ImageObject","inLanguage":"pl-PL","@id":"https:\/\/labema.pl\/#\/schema\/logo\/image\/","url":"https:\/\/labema.pl\/wp-content\/uploads\/2016\/04\/labema.jpg","contentUrl":"https:\/\/labema.pl\/wp-content\/uploads\/2016\/04\/labema.jpg","width":875,"height":220,"caption":"Labema"},"image":{"@id":"https:\/\/labema.pl\/#\/schema\/logo\/image\/"}}]}},"_links":{"self":[{"href":"https:\/\/labema.pl\/index.php?rest_route=\/wp\/v2\/product\/3236","targetHints":{"allow":["GET"]}}],"collection":[{"href":"https:\/\/labema.pl\/index.php?rest_route=\/wp\/v2\/product"}],"about":[{"href":"https:\/\/labema.pl\/index.php?rest_route=\/wp\/v2\/types\/product"}],"wp:featuredmedia":[{"embeddable":true,"href":"https:\/\/labema.pl\/index.php?rest_route=\/wp\/v2\/media\/3250"}],"wp:attachment":[{"href":"https:\/\/labema.pl\/index.php?rest_route=%2Fwp%2Fv2%2Fmedia&parent=3236"}],"wp:term":[{"taxonomy":"product_brand","embeddable":true,"href":"https:\/\/labema.pl\/index.php?rest_route=%2Fwp%2Fv2%2Fproduct_brand&post=3236"},{"taxonomy":"product_cat","embeddable":true,"href":"https:\/\/labema.pl\/index.php?rest_route=%2Fwp%2Fv2%2Fproduct_cat&post=3236"},{"taxonomy":"product_tag","embeddable":true,"href":"https:\/\/labema.pl\/index.php?rest_route=%2Fwp%2Fv2%2Fproduct_tag&post=3236"}],"curies":[{"name":"wp","href":"https:\/\/api.w.org\/{rel}","templated":true}]}}