{"id":3222,"date":"2016-09-30T10:12:30","date_gmt":"2016-09-30T08:12:30","guid":{"rendered":"http:\/\/labema.pl\/?product=zlewka-pp-niska-z-wylewem-i-skala-tloczona"},"modified":"2025-03-17T09:35:54","modified_gmt":"2025-03-17T08:35:54","slug":"zlewka-pp-niska-z-wylewem-i-skala-tloczona","status":"publish","type":"product","link":"https:\/\/labema.pl\/?product=zlewka-pp-niska-z-wylewem-i-skala-tloczona","title":{"rendered":"Zlewka PP niska z wylewem i skal\u0105 t\u0142oczon\u0105"},"content":{"rendered":"<p align=\"justify\">Zlewka miarowa wykonana z wysoce przejrzystego polipropylenu. Posiada wyt\u0142oczon\u0105 podzia\u0142k\u0119 i wylew u\u0142atwiaj\u0105cy przelewanie cieczy. Wykorzystywana np. do odmierzania substancji chemicznych, sporz\u0105dzania roztwor\u00f3w, przelewania, rozpuszczania cieczy oraz przeprowadzania prostych reakcji chemicznych. Przeznaczona do codziennego u\u017cytku. Zlewki tej samej pojemno\u015bci mog\u0105 by\u0107 ustawiane w stos, dzi\u0119ki czemu zajmuj\u0105 mniej miejsca podczas przechowywania. Oferowane pojemno\u015bci zlewek: 100, 250, 500, 1000 ml.<\/p>\n<p>Beaker, low form, with spout<\/p>\n","protected":false},"excerpt":{"rendered":"<p>Zlewka miarowa wykonana z wysoce przejrzystego polipropylenu. Posiada wyt\u0142oczon\u0105 podzia\u0142k\u0119 i wylew u\u0142atwiaj\u0105cy przelewanie cieczy. Wykorzystywana np. do odmierzania substancji chemicznych, sporz\u0105dzania roztwor\u00f3w, przelewania, rozpuszczania cieczy oraz przeprowadzania prostych reakcji chemicznych. Przeznaczona do codziennego u\u017cytku. Zlewki tej samej pojemno\u015bci mog\u0105 by\u0107 ustawiane w stos, dzi\u0119ki czemu zajmuj\u0105 mniej miejsca podczas przechowywania. Oferowane pojemno\u015bci zlewek: 100, [&hellip;]<\/p>\n","protected":false},"featured_media":3229,"template":"","meta":{"_et_pb_use_builder":"","_et_pb_old_content":"","_et_gb_content_width":""},"product_brand":[],"product_cat":[64],"product_tag":[],"class_list":{"0":"post-3222","1":"product","2":"type-product","3":"status-publish","4":"has-post-thumbnail","6":"product_cat-zlewki-plastikowe","7":"product_shipping_class-plastiki_labema","9":"first","10":"instock","11":"taxable","12":"shipping-taxable","13":"purchasable","14":"product-type-variable"},"yoast_head":"<!-- This site is optimized with the Yoast SEO plugin v26.7 - https:\/\/yoast.com\/wordpress\/plugins\/seo\/ -->\n<title>Zlewka PP niska z wylewem i skal\u0105 t\u0142oczon\u0105 | Labema<\/title>\n<meta name=\"robots\" content=\"index, follow, max-snippet:-1, max-image-preview:large, max-video-preview:-1\" \/>\n<link rel=\"canonical\" href=\"https:\/\/labema.pl\/?product=zlewka-pp-niska-z-wylewem-i-skala-tloczona\" \/>\n<meta property=\"og:locale\" content=\"pl_PL\" \/>\n<meta property=\"og:type\" content=\"article\" \/>\n<meta property=\"og:title\" content=\"Zlewka PP niska z wylewem i skal\u0105 t\u0142oczon\u0105 | Labema\" \/>\n<meta property=\"og:description\" content=\"Zlewka miarowa wykonana z wysoce przejrzystego polipropylenu. Posiada wyt\u0142oczon\u0105 podzia\u0142k\u0119 i wylew u\u0142atwiaj\u0105cy przelewanie cieczy. Wykorzystywana np. do odmierzania substancji chemicznych, sporz\u0105dzania roztwor\u00f3w, przelewania, rozpuszczania cieczy oraz przeprowadzania prostych reakcji chemicznych. Przeznaczona do codziennego u\u017cytku. Zlewki tej samej pojemno\u015bci mog\u0105 by\u0107 ustawiane w stos, dzi\u0119ki czemu zajmuj\u0105 mniej miejsca podczas przechowywania. Oferowane pojemno\u015bci zlewek: 100, [&hellip;]\" \/>\n<meta property=\"og:url\" content=\"https:\/\/labema.pl\/?product=zlewka-pp-niska-z-wylewem-i-skala-tloczona\" \/>\n<meta property=\"og:site_name\" content=\"Labema\" \/>\n<meta property=\"article:modified_time\" content=\"2025-03-17T08:35:54+00:00\" \/>\n<meta property=\"og:image\" content=\"https:\/\/labema.pl\/wp-content\/uploads\/Zlewka_PP.jpg\" \/>\n\t<meta property=\"og:image:width\" content=\"798\" \/>\n\t<meta property=\"og:image:height\" content=\"600\" \/>\n\t<meta property=\"og:image:type\" content=\"image\/jpeg\" \/>\n<meta name=\"twitter:card\" content=\"summary_large_image\" \/>\n<script type=\"application\/ld+json\" class=\"yoast-schema-graph\">{\"@context\":\"https:\/\/schema.org\",\"@graph\":[{\"@type\":\"WebPage\",\"@id\":\"https:\/\/labema.pl\/?product=zlewka-pp-niska-z-wylewem-i-skala-tloczona\",\"url\":\"https:\/\/labema.pl\/?product=zlewka-pp-niska-z-wylewem-i-skala-tloczona\",\"name\":\"Zlewka PP niska z wylewem i skal\u0105 t\u0142oczon\u0105 | Labema\",\"isPartOf\":{\"@id\":\"https:\/\/labema.pl\/#website\"},\"primaryImageOfPage\":{\"@id\":\"https:\/\/labema.pl\/?product=zlewka-pp-niska-z-wylewem-i-skala-tloczona#primaryimage\"},\"image\":{\"@id\":\"https:\/\/labema.pl\/?product=zlewka-pp-niska-z-wylewem-i-skala-tloczona#primaryimage\"},\"thumbnailUrl\":\"https:\/\/labema.pl\/wp-content\/uploads\/Zlewka_PP.jpg\",\"datePublished\":\"2016-09-30T08:12:30+00:00\",\"dateModified\":\"2025-03-17T08:35:54+00:00\",\"breadcrumb\":{\"@id\":\"https:\/\/labema.pl\/?product=zlewka-pp-niska-z-wylewem-i-skala-tloczona#breadcrumb\"},\"inLanguage\":\"pl-PL\",\"potentialAction\":[{\"@type\":\"ReadAction\",\"target\":[\"https:\/\/labema.pl\/?product=zlewka-pp-niska-z-wylewem-i-skala-tloczona\"]}]},{\"@type\":\"ImageObject\",\"inLanguage\":\"pl-PL\",\"@id\":\"https:\/\/labema.pl\/?product=zlewka-pp-niska-z-wylewem-i-skala-tloczona#primaryimage\",\"url\":\"https:\/\/labema.pl\/wp-content\/uploads\/Zlewka_PP.jpg\",\"contentUrl\":\"https:\/\/labema.pl\/wp-content\/uploads\/Zlewka_PP.jpg\",\"width\":798,\"height\":600,\"caption\":\"Zlewka PP niska z wylewem i skal\u0105 t\u0142oczon\u0105\"},{\"@type\":\"BreadcrumbList\",\"@id\":\"https:\/\/labema.pl\/?product=zlewka-pp-niska-z-wylewem-i-skala-tloczona#breadcrumb\",\"itemListElement\":[{\"@type\":\"ListItem\",\"position\":1,\"name\":\"Strona g\u0142\u00f3wna\",\"item\":\"https:\/\/labema.pl\/\"},{\"@type\":\"ListItem\",\"position\":2,\"name\":\"e-Katalog\",\"item\":\"https:\/\/labema.pl\/?page_id=225\"},{\"@type\":\"ListItem\",\"position\":3,\"name\":\"Zlewka PP niska z wylewem i skal\u0105 t\u0142oczon\u0105\"}]},{\"@type\":\"WebSite\",\"@id\":\"https:\/\/labema.pl\/#website\",\"url\":\"https:\/\/labema.pl\/\",\"name\":\"Labema\",\"description\":\"Wyposa\u017cenie laboratorium\",\"publisher\":{\"@id\":\"https:\/\/labema.pl\/#organization\"},\"potentialAction\":[{\"@type\":\"SearchAction\",\"target\":{\"@type\":\"EntryPoint\",\"urlTemplate\":\"https:\/\/labema.pl\/?s={search_term_string}\"},\"query-input\":{\"@type\":\"PropertyValueSpecification\",\"valueRequired\":true,\"valueName\":\"search_term_string\"}}],\"inLanguage\":\"pl-PL\"},{\"@type\":\"Organization\",\"@id\":\"https:\/\/labema.pl\/#organization\",\"name\":\"Labema\",\"url\":\"https:\/\/labema.pl\/\",\"logo\":{\"@type\":\"ImageObject\",\"inLanguage\":\"pl-PL\",\"@id\":\"https:\/\/labema.pl\/#\/schema\/logo\/image\/\",\"url\":\"https:\/\/labema.pl\/wp-content\/uploads\/2016\/04\/labema.jpg\",\"contentUrl\":\"https:\/\/labema.pl\/wp-content\/uploads\/2016\/04\/labema.jpg\",\"width\":875,\"height\":220,\"caption\":\"Labema\"},\"image\":{\"@id\":\"https:\/\/labema.pl\/#\/schema\/logo\/image\/\"}}]}<\/script>\n<!-- \/ Yoast SEO plugin. -->","yoast_head_json":{"title":"Zlewka PP niska z wylewem i skal\u0105 t\u0142oczon\u0105 | Labema","robots":{"index":"index","follow":"follow","max-snippet":"max-snippet:-1","max-image-preview":"max-image-preview:large","max-video-preview":"max-video-preview:-1"},"canonical":"https:\/\/labema.pl\/?product=zlewka-pp-niska-z-wylewem-i-skala-tloczona","og_locale":"pl_PL","og_type":"article","og_title":"Zlewka PP niska z wylewem i skal\u0105 t\u0142oczon\u0105 | Labema","og_description":"Zlewka miarowa wykonana z wysoce przejrzystego polipropylenu. Posiada wyt\u0142oczon\u0105 podzia\u0142k\u0119 i wylew u\u0142atwiaj\u0105cy przelewanie cieczy. Wykorzystywana np. do odmierzania substancji chemicznych, sporz\u0105dzania roztwor\u00f3w, przelewania, rozpuszczania cieczy oraz przeprowadzania prostych reakcji chemicznych. Przeznaczona do codziennego u\u017cytku. Zlewki tej samej pojemno\u015bci mog\u0105 by\u0107 ustawiane w stos, dzi\u0119ki czemu zajmuj\u0105 mniej miejsca podczas przechowywania. Oferowane pojemno\u015bci zlewek: 100, [&hellip;]","og_url":"https:\/\/labema.pl\/?product=zlewka-pp-niska-z-wylewem-i-skala-tloczona","og_site_name":"Labema","article_modified_time":"2025-03-17T08:35:54+00:00","og_image":[{"width":798,"height":600,"url":"https:\/\/labema.pl\/wp-content\/uploads\/Zlewka_PP.jpg","type":"image\/jpeg"}],"twitter_card":"summary_large_image","schema":{"@context":"https:\/\/schema.org","@graph":[{"@type":"WebPage","@id":"https:\/\/labema.pl\/?product=zlewka-pp-niska-z-wylewem-i-skala-tloczona","url":"https:\/\/labema.pl\/?product=zlewka-pp-niska-z-wylewem-i-skala-tloczona","name":"Zlewka PP niska z wylewem i skal\u0105 t\u0142oczon\u0105 | Labema","isPartOf":{"@id":"https:\/\/labema.pl\/#website"},"primaryImageOfPage":{"@id":"https:\/\/labema.pl\/?product=zlewka-pp-niska-z-wylewem-i-skala-tloczona#primaryimage"},"image":{"@id":"https:\/\/labema.pl\/?product=zlewka-pp-niska-z-wylewem-i-skala-tloczona#primaryimage"},"thumbnailUrl":"https:\/\/labema.pl\/wp-content\/uploads\/Zlewka_PP.jpg","datePublished":"2016-09-30T08:12:30+00:00","dateModified":"2025-03-17T08:35:54+00:00","breadcrumb":{"@id":"https:\/\/labema.pl\/?product=zlewka-pp-niska-z-wylewem-i-skala-tloczona#breadcrumb"},"inLanguage":"pl-PL","potentialAction":[{"@type":"ReadAction","target":["https:\/\/labema.pl\/?product=zlewka-pp-niska-z-wylewem-i-skala-tloczona"]}]},{"@type":"ImageObject","inLanguage":"pl-PL","@id":"https:\/\/labema.pl\/?product=zlewka-pp-niska-z-wylewem-i-skala-tloczona#primaryimage","url":"https:\/\/labema.pl\/wp-content\/uploads\/Zlewka_PP.jpg","contentUrl":"https:\/\/labema.pl\/wp-content\/uploads\/Zlewka_PP.jpg","width":798,"height":600,"caption":"Zlewka PP niska z wylewem i skal\u0105 t\u0142oczon\u0105"},{"@type":"BreadcrumbList","@id":"https:\/\/labema.pl\/?product=zlewka-pp-niska-z-wylewem-i-skala-tloczona#breadcrumb","itemListElement":[{"@type":"ListItem","position":1,"name":"Strona g\u0142\u00f3wna","item":"https:\/\/labema.pl\/"},{"@type":"ListItem","position":2,"name":"e-Katalog","item":"https:\/\/labema.pl\/?page_id=225"},{"@type":"ListItem","position":3,"name":"Zlewka PP niska z wylewem i skal\u0105 t\u0142oczon\u0105"}]},{"@type":"WebSite","@id":"https:\/\/labema.pl\/#website","url":"https:\/\/labema.pl\/","name":"Labema","description":"Wyposa\u017cenie laboratorium","publisher":{"@id":"https:\/\/labema.pl\/#organization"},"potentialAction":[{"@type":"SearchAction","target":{"@type":"EntryPoint","urlTemplate":"https:\/\/labema.pl\/?s={search_term_string}"},"query-input":{"@type":"PropertyValueSpecification","valueRequired":true,"valueName":"search_term_string"}}],"inLanguage":"pl-PL"},{"@type":"Organization","@id":"https:\/\/labema.pl\/#organization","name":"Labema","url":"https:\/\/labema.pl\/","logo":{"@type":"ImageObject","inLanguage":"pl-PL","@id":"https:\/\/labema.pl\/#\/schema\/logo\/image\/","url":"https:\/\/labema.pl\/wp-content\/uploads\/2016\/04\/labema.jpg","contentUrl":"https:\/\/labema.pl\/wp-content\/uploads\/2016\/04\/labema.jpg","width":875,"height":220,"caption":"Labema"},"image":{"@id":"https:\/\/labema.pl\/#\/schema\/logo\/image\/"}}]}},"_links":{"self":[{"href":"https:\/\/labema.pl\/index.php?rest_route=\/wp\/v2\/product\/3222","targetHints":{"allow":["GET"]}}],"collection":[{"href":"https:\/\/labema.pl\/index.php?rest_route=\/wp\/v2\/product"}],"about":[{"href":"https:\/\/labema.pl\/index.php?rest_route=\/wp\/v2\/types\/product"}],"wp:featuredmedia":[{"embeddable":true,"href":"https:\/\/labema.pl\/index.php?rest_route=\/wp\/v2\/media\/3229"}],"wp:attachment":[{"href":"https:\/\/labema.pl\/index.php?rest_route=%2Fwp%2Fv2%2Fmedia&parent=3222"}],"wp:term":[{"taxonomy":"product_brand","embeddable":true,"href":"https:\/\/labema.pl\/index.php?rest_route=%2Fwp%2Fv2%2Fproduct_brand&post=3222"},{"taxonomy":"product_cat","embeddable":true,"href":"https:\/\/labema.pl\/index.php?rest_route=%2Fwp%2Fv2%2Fproduct_cat&post=3222"},{"taxonomy":"product_tag","embeddable":true,"href":"https:\/\/labema.pl\/index.php?rest_route=%2Fwp%2Fv2%2Fproduct_tag&post=3222"}],"curies":[{"name":"wp","href":"https:\/\/api.w.org\/{rel}","templated":true}]}}