{"id":3212,"date":"2016-09-26T12:21:11","date_gmt":"2016-09-26T10:21:11","guid":{"rendered":"http:\/\/labema.pl\/?product=kolba-plaskodenna-z-waska-szyja-szklo-boro-3-3"},"modified":"2025-12-08T10:52:39","modified_gmt":"2025-12-08T09:52:39","slug":"kolba-plaskodenna-z-waska-szyja-szklo-boro-3-3","status":"publish","type":"product","link":"https:\/\/labema.pl\/?product=kolba-plaskodenna-z-waska-szyja-szklo-boro-3-3","title":{"rendered":"Kolba p\u0142askodenna z w\u0105sk\u0105 szyj\u0105, szk\u0142o Boro 3.3"},"content":{"rendered":"<p align=\"justify\">Kolba p\u0142askodenna z w\u0105sk\u0105 szyj\u0105, bez szlifu, wykonana ze szk\u0142a borokrzemowego 3.3. Oznaczenia naniesione bia\u0142\u0105 emali\u0105. Wzmocnione obrze\u017ce oraz grube \u015bcianki zwi\u0119kszaj\u0105 wytrzyma\u0142o\u015b\u0107 kolby. Pole do opisu, pozwala na szybk\u0105 identyfikacj\u0119 substancji. P\u0142aska podstawa zapewnia bardzo dobr\u0105 stabilno\u015b\u0107. Oboj\u0119tna na dzia\u0142anie wody, roztwor\u00f3w neutralnych i zasadowych, a tak\u017ce silnych kwas\u00f3w i zwi\u0105zk\u00f3w organicznych. S\u0142u\u017cy do przechowywania substancji.<\/p>\n<p>Boiling flask, flat bottom, narrow neck<\/p>\n","protected":false},"excerpt":{"rendered":"<p>Kolba p\u0142askodenna z w\u0105sk\u0105 szyj\u0105, bez szlifu, wykonana ze szk\u0142a borokrzemowego 3.3. Oznaczenia naniesione bia\u0142\u0105 emali\u0105. Wzmocnione obrze\u017ce oraz grube \u015bcianki zwi\u0119kszaj\u0105 wytrzyma\u0142o\u015b\u0107 kolby. Pole do opisu, pozwala na szybk\u0105 identyfikacj\u0119 substancji. P\u0142aska podstawa zapewnia bardzo dobr\u0105 stabilno\u015b\u0107. Oboj\u0119tna na dzia\u0142anie wody, roztwor\u00f3w neutralnych i zasadowych, a tak\u017ce silnych kwas\u00f3w i zwi\u0105zk\u00f3w organicznych. S\u0142u\u017cy do [&hellip;]<\/p>\n","protected":false},"featured_media":3285,"template":"","meta":{"_et_pb_use_builder":"","_et_pb_old_content":"","_et_gb_content_width":""},"product_brand":[],"product_cat":[71],"product_tag":[],"class_list":{"0":"post-3212","1":"product","2":"type-product","3":"status-publish","4":"has-post-thumbnail","6":"product_cat-szklo-laboratoryjne","7":"product_shipping_class-szklo_labema","9":"first","10":"instock","11":"taxable","12":"shipping-taxable","13":"purchasable","14":"product-type-variable"},"yoast_head":"<!-- This site is optimized with the Yoast SEO plugin v26.7 - https:\/\/yoast.com\/wordpress\/plugins\/seo\/ -->\n<title>Kolba p\u0142askodenna z w\u0105sk\u0105 szyj\u0105, szk\u0142o Boro 3.3 | Labema<\/title>\n<meta name=\"robots\" content=\"index, follow, max-snippet:-1, max-image-preview:large, max-video-preview:-1\" \/>\n<link rel=\"canonical\" href=\"https:\/\/labema.pl\/?product=kolba-plaskodenna-z-waska-szyja-szklo-boro-3-3\" \/>\n<meta property=\"og:locale\" content=\"pl_PL\" \/>\n<meta property=\"og:type\" content=\"article\" \/>\n<meta property=\"og:title\" content=\"Kolba p\u0142askodenna z w\u0105sk\u0105 szyj\u0105, szk\u0142o Boro 3.3 | Labema\" \/>\n<meta property=\"og:description\" content=\"Kolba p\u0142askodenna z w\u0105sk\u0105 szyj\u0105, bez szlifu, wykonana ze szk\u0142a borokrzemowego 3.3. Oznaczenia naniesione bia\u0142\u0105 emali\u0105. Wzmocnione obrze\u017ce oraz grube \u015bcianki zwi\u0119kszaj\u0105 wytrzyma\u0142o\u015b\u0107 kolby. Pole do opisu, pozwala na szybk\u0105 identyfikacj\u0119 substancji. P\u0142aska podstawa zapewnia bardzo dobr\u0105 stabilno\u015b\u0107. Oboj\u0119tna na dzia\u0142anie wody, roztwor\u00f3w neutralnych i zasadowych, a tak\u017ce silnych kwas\u00f3w i zwi\u0105zk\u00f3w organicznych. S\u0142u\u017cy do [&hellip;]\" \/>\n<meta property=\"og:url\" content=\"https:\/\/labema.pl\/?product=kolba-plaskodenna-z-waska-szyja-szklo-boro-3-3\" \/>\n<meta property=\"og:site_name\" content=\"Labema\" \/>\n<meta property=\"article:modified_time\" content=\"2025-12-08T09:52:39+00:00\" \/>\n<meta property=\"og:image\" content=\"https:\/\/labema.pl\/wp-content\/uploads\/Kolba_plaskodenna_z_waska_szyja.jpg\" \/>\n\t<meta property=\"og:image:width\" content=\"510\" \/>\n\t<meta property=\"og:image:height\" content=\"680\" \/>\n\t<meta property=\"og:image:type\" content=\"image\/jpeg\" \/>\n<meta name=\"twitter:card\" content=\"summary_large_image\" \/>\n<script type=\"application\/ld+json\" class=\"yoast-schema-graph\">{\"@context\":\"https:\/\/schema.org\",\"@graph\":[{\"@type\":\"WebPage\",\"@id\":\"https:\/\/labema.pl\/?product=kolba-plaskodenna-z-waska-szyja-szklo-boro-3-3\",\"url\":\"https:\/\/labema.pl\/?product=kolba-plaskodenna-z-waska-szyja-szklo-boro-3-3\",\"name\":\"Kolba p\u0142askodenna z w\u0105sk\u0105 szyj\u0105, szk\u0142o Boro 3.3 | Labema\",\"isPartOf\":{\"@id\":\"https:\/\/labema.pl\/#website\"},\"primaryImageOfPage\":{\"@id\":\"https:\/\/labema.pl\/?product=kolba-plaskodenna-z-waska-szyja-szklo-boro-3-3#primaryimage\"},\"image\":{\"@id\":\"https:\/\/labema.pl\/?product=kolba-plaskodenna-z-waska-szyja-szklo-boro-3-3#primaryimage\"},\"thumbnailUrl\":\"https:\/\/labema.pl\/wp-content\/uploads\/Kolba_plaskodenna_z_waska_szyja.jpg\",\"datePublished\":\"2016-09-26T10:21:11+00:00\",\"dateModified\":\"2025-12-08T09:52:39+00:00\",\"breadcrumb\":{\"@id\":\"https:\/\/labema.pl\/?product=kolba-plaskodenna-z-waska-szyja-szklo-boro-3-3#breadcrumb\"},\"inLanguage\":\"pl-PL\",\"potentialAction\":[{\"@type\":\"ReadAction\",\"target\":[\"https:\/\/labema.pl\/?product=kolba-plaskodenna-z-waska-szyja-szklo-boro-3-3\"]}]},{\"@type\":\"ImageObject\",\"inLanguage\":\"pl-PL\",\"@id\":\"https:\/\/labema.pl\/?product=kolba-plaskodenna-z-waska-szyja-szklo-boro-3-3#primaryimage\",\"url\":\"https:\/\/labema.pl\/wp-content\/uploads\/Kolba_plaskodenna_z_waska_szyja.jpg\",\"contentUrl\":\"https:\/\/labema.pl\/wp-content\/uploads\/Kolba_plaskodenna_z_waska_szyja.jpg\",\"width\":510,\"height\":680,\"caption\":\"Kolba p\u0142askodenna z w\u0105sk\u0105 szyj\u0105\"},{\"@type\":\"BreadcrumbList\",\"@id\":\"https:\/\/labema.pl\/?product=kolba-plaskodenna-z-waska-szyja-szklo-boro-3-3#breadcrumb\",\"itemListElement\":[{\"@type\":\"ListItem\",\"position\":1,\"name\":\"Strona g\u0142\u00f3wna\",\"item\":\"https:\/\/labema.pl\/\"},{\"@type\":\"ListItem\",\"position\":2,\"name\":\"e-Katalog\",\"item\":\"https:\/\/labema.pl\/?page_id=225\"},{\"@type\":\"ListItem\",\"position\":3,\"name\":\"Kolba p\u0142askodenna z w\u0105sk\u0105 szyj\u0105, szk\u0142o Boro 3.3\"}]},{\"@type\":\"WebSite\",\"@id\":\"https:\/\/labema.pl\/#website\",\"url\":\"https:\/\/labema.pl\/\",\"name\":\"Labema\",\"description\":\"Wyposa\u017cenie laboratorium\",\"publisher\":{\"@id\":\"https:\/\/labema.pl\/#organization\"},\"potentialAction\":[{\"@type\":\"SearchAction\",\"target\":{\"@type\":\"EntryPoint\",\"urlTemplate\":\"https:\/\/labema.pl\/?s={search_term_string}\"},\"query-input\":{\"@type\":\"PropertyValueSpecification\",\"valueRequired\":true,\"valueName\":\"search_term_string\"}}],\"inLanguage\":\"pl-PL\"},{\"@type\":\"Organization\",\"@id\":\"https:\/\/labema.pl\/#organization\",\"name\":\"Labema\",\"url\":\"https:\/\/labema.pl\/\",\"logo\":{\"@type\":\"ImageObject\",\"inLanguage\":\"pl-PL\",\"@id\":\"https:\/\/labema.pl\/#\/schema\/logo\/image\/\",\"url\":\"https:\/\/labema.pl\/wp-content\/uploads\/2016\/04\/labema.jpg\",\"contentUrl\":\"https:\/\/labema.pl\/wp-content\/uploads\/2016\/04\/labema.jpg\",\"width\":875,\"height\":220,\"caption\":\"Labema\"},\"image\":{\"@id\":\"https:\/\/labema.pl\/#\/schema\/logo\/image\/\"}}]}<\/script>\n<!-- \/ Yoast SEO plugin. -->","yoast_head_json":{"title":"Kolba p\u0142askodenna z w\u0105sk\u0105 szyj\u0105, szk\u0142o Boro 3.3 | Labema","robots":{"index":"index","follow":"follow","max-snippet":"max-snippet:-1","max-image-preview":"max-image-preview:large","max-video-preview":"max-video-preview:-1"},"canonical":"https:\/\/labema.pl\/?product=kolba-plaskodenna-z-waska-szyja-szklo-boro-3-3","og_locale":"pl_PL","og_type":"article","og_title":"Kolba p\u0142askodenna z w\u0105sk\u0105 szyj\u0105, szk\u0142o Boro 3.3 | Labema","og_description":"Kolba p\u0142askodenna z w\u0105sk\u0105 szyj\u0105, bez szlifu, wykonana ze szk\u0142a borokrzemowego 3.3. Oznaczenia naniesione bia\u0142\u0105 emali\u0105. Wzmocnione obrze\u017ce oraz grube \u015bcianki zwi\u0119kszaj\u0105 wytrzyma\u0142o\u015b\u0107 kolby. Pole do opisu, pozwala na szybk\u0105 identyfikacj\u0119 substancji. P\u0142aska podstawa zapewnia bardzo dobr\u0105 stabilno\u015b\u0107. Oboj\u0119tna na dzia\u0142anie wody, roztwor\u00f3w neutralnych i zasadowych, a tak\u017ce silnych kwas\u00f3w i zwi\u0105zk\u00f3w organicznych. S\u0142u\u017cy do [&hellip;]","og_url":"https:\/\/labema.pl\/?product=kolba-plaskodenna-z-waska-szyja-szklo-boro-3-3","og_site_name":"Labema","article_modified_time":"2025-12-08T09:52:39+00:00","og_image":[{"width":510,"height":680,"url":"https:\/\/labema.pl\/wp-content\/uploads\/Kolba_plaskodenna_z_waska_szyja.jpg","type":"image\/jpeg"}],"twitter_card":"summary_large_image","schema":{"@context":"https:\/\/schema.org","@graph":[{"@type":"WebPage","@id":"https:\/\/labema.pl\/?product=kolba-plaskodenna-z-waska-szyja-szklo-boro-3-3","url":"https:\/\/labema.pl\/?product=kolba-plaskodenna-z-waska-szyja-szklo-boro-3-3","name":"Kolba p\u0142askodenna z w\u0105sk\u0105 szyj\u0105, szk\u0142o Boro 3.3 | Labema","isPartOf":{"@id":"https:\/\/labema.pl\/#website"},"primaryImageOfPage":{"@id":"https:\/\/labema.pl\/?product=kolba-plaskodenna-z-waska-szyja-szklo-boro-3-3#primaryimage"},"image":{"@id":"https:\/\/labema.pl\/?product=kolba-plaskodenna-z-waska-szyja-szklo-boro-3-3#primaryimage"},"thumbnailUrl":"https:\/\/labema.pl\/wp-content\/uploads\/Kolba_plaskodenna_z_waska_szyja.jpg","datePublished":"2016-09-26T10:21:11+00:00","dateModified":"2025-12-08T09:52:39+00:00","breadcrumb":{"@id":"https:\/\/labema.pl\/?product=kolba-plaskodenna-z-waska-szyja-szklo-boro-3-3#breadcrumb"},"inLanguage":"pl-PL","potentialAction":[{"@type":"ReadAction","target":["https:\/\/labema.pl\/?product=kolba-plaskodenna-z-waska-szyja-szklo-boro-3-3"]}]},{"@type":"ImageObject","inLanguage":"pl-PL","@id":"https:\/\/labema.pl\/?product=kolba-plaskodenna-z-waska-szyja-szklo-boro-3-3#primaryimage","url":"https:\/\/labema.pl\/wp-content\/uploads\/Kolba_plaskodenna_z_waska_szyja.jpg","contentUrl":"https:\/\/labema.pl\/wp-content\/uploads\/Kolba_plaskodenna_z_waska_szyja.jpg","width":510,"height":680,"caption":"Kolba p\u0142askodenna z w\u0105sk\u0105 szyj\u0105"},{"@type":"BreadcrumbList","@id":"https:\/\/labema.pl\/?product=kolba-plaskodenna-z-waska-szyja-szklo-boro-3-3#breadcrumb","itemListElement":[{"@type":"ListItem","position":1,"name":"Strona g\u0142\u00f3wna","item":"https:\/\/labema.pl\/"},{"@type":"ListItem","position":2,"name":"e-Katalog","item":"https:\/\/labema.pl\/?page_id=225"},{"@type":"ListItem","position":3,"name":"Kolba p\u0142askodenna z w\u0105sk\u0105 szyj\u0105, szk\u0142o Boro 3.3"}]},{"@type":"WebSite","@id":"https:\/\/labema.pl\/#website","url":"https:\/\/labema.pl\/","name":"Labema","description":"Wyposa\u017cenie laboratorium","publisher":{"@id":"https:\/\/labema.pl\/#organization"},"potentialAction":[{"@type":"SearchAction","target":{"@type":"EntryPoint","urlTemplate":"https:\/\/labema.pl\/?s={search_term_string}"},"query-input":{"@type":"PropertyValueSpecification","valueRequired":true,"valueName":"search_term_string"}}],"inLanguage":"pl-PL"},{"@type":"Organization","@id":"https:\/\/labema.pl\/#organization","name":"Labema","url":"https:\/\/labema.pl\/","logo":{"@type":"ImageObject","inLanguage":"pl-PL","@id":"https:\/\/labema.pl\/#\/schema\/logo\/image\/","url":"https:\/\/labema.pl\/wp-content\/uploads\/2016\/04\/labema.jpg","contentUrl":"https:\/\/labema.pl\/wp-content\/uploads\/2016\/04\/labema.jpg","width":875,"height":220,"caption":"Labema"},"image":{"@id":"https:\/\/labema.pl\/#\/schema\/logo\/image\/"}}]}},"_links":{"self":[{"href":"https:\/\/labema.pl\/index.php?rest_route=\/wp\/v2\/product\/3212","targetHints":{"allow":["GET"]}}],"collection":[{"href":"https:\/\/labema.pl\/index.php?rest_route=\/wp\/v2\/product"}],"about":[{"href":"https:\/\/labema.pl\/index.php?rest_route=\/wp\/v2\/types\/product"}],"wp:featuredmedia":[{"embeddable":true,"href":"https:\/\/labema.pl\/index.php?rest_route=\/wp\/v2\/media\/3285"}],"wp:attachment":[{"href":"https:\/\/labema.pl\/index.php?rest_route=%2Fwp%2Fv2%2Fmedia&parent=3212"}],"wp:term":[{"taxonomy":"product_brand","embeddable":true,"href":"https:\/\/labema.pl\/index.php?rest_route=%2Fwp%2Fv2%2Fproduct_brand&post=3212"},{"taxonomy":"product_cat","embeddable":true,"href":"https:\/\/labema.pl\/index.php?rest_route=%2Fwp%2Fv2%2Fproduct_cat&post=3212"},{"taxonomy":"product_tag","embeddable":true,"href":"https:\/\/labema.pl\/index.php?rest_route=%2Fwp%2Fv2%2Fproduct_tag&post=3212"}],"curies":[{"name":"wp","href":"https:\/\/api.w.org\/{rel}","templated":true}]}}