{"id":2538,"date":"2016-09-03T00:00:35","date_gmt":"2016-09-02T22:00:35","guid":{"rendered":"http:\/\/labema.pl\/?product=butelka-na-odczynniki-sztandy-oranz-waska-szyja"},"modified":"2023-04-11T08:53:31","modified_gmt":"2023-04-11T06:53:31","slug":"butelka-na-odczynniki-sztand-oranz-waska-szyja","status":"publish","type":"product","link":"https:\/\/labema.pl\/?product=butelka-na-odczynniki-sztand-oranz-waska-szyja","title":{"rendered":"Butelka na odczynniki (sztand), oran\u017c, w\u0105ska szyja"},"content":{"rendered":"<p align=\"justify\">Butelka na odczynniki z w\u0105sk\u0105 szyj\u0105 wykonana z oran\u017cowego szk\u0142a sodowo-wapniowego. Dostarczona ze szklanym, dr\u0105\u017conym korkiem na szlif. Stosowana w wi\u0119kszo\u015bci laboratoriach, jak r\u00f3wnie\u017c w aptekach. Przeznaczona do przechowywania substancji ciek\u0142ych lub sta\u0142ych. Szczeg\u00f3lnie polecana dla substancji wra\u017cliwych na \u015bwiat\u0142o.<\/p>\n<p><span style=\"color: black; font-size: x-large;\">Specyfikacja<\/span><\/p>\n<table border=\"1\" rules=\"all\" bordercolor=\"#aaaaaa\">\n<tbody>\n<tr>\n<td colspan=\"1\" rowspan=\"1\" style=\"text-align: center;\"><strong>Nr kat.<\/strong><\/td>\n<td colspan=\"1\" rowspan=\"1\" style=\"text-align: center;\"><strong>Pojemno\u015b\u0107<br \/>\n[ml]<\/strong><\/td>\n<td colspan=\"1\" rowspan=\"1\" style=\"text-align: center;\"><strong>\u015ar.<br \/>\n[mm]<\/strong><\/td>\n<td colspan=\"1\" rowspan=\"1\" style=\"text-align: center;\"><strong>Wys.<br \/>\n[mm]<\/strong><\/td>\n<\/tr>\n<tr>\n<td colspan=\"1\" rowspan=\"1\" style=\"text-align: center;\">1402\/125<\/td>\n<td colspan=\"1\" rowspan=\"1\" style=\"text-align: center;\">125<\/td>\n<td colspan=\"1\" rowspan=\"1\" style=\"text-align: center;\">57<\/td>\n<td colspan=\"1\" rowspan=\"1\" style=\"text-align: center;\">110<\/td>\n<\/tr>\n<tr>\n<td colspan=\"1\" rowspan=\"1\" style=\"text-align: center;\">1402\/250<\/td>\n<td colspan=\"1\" rowspan=\"1\" style=\"text-align: center;\">250<\/td>\n<td colspan=\"1\" rowspan=\"1\" style=\"text-align: center;\">70<\/td>\n<td colspan=\"1\" rowspan=\"1\" style=\"text-align: center;\">135<\/td>\n<\/tr>\n<tr>\n<td colspan=\"1\" rowspan=\"1\" style=\"text-align: center;\">1402\/500<\/td>\n<td colspan=\"1\" rowspan=\"1\" style=\"text-align: center;\">500<\/td>\n<td colspan=\"1\" rowspan=\"1\" style=\"text-align: center;\">85<\/td>\n<td colspan=\"1\" rowspan=\"1\" style=\"text-align: center;\">172<\/td>\n<\/tr>\n<tr>\n<td colspan=\"1\" rowspan=\"1\" style=\"text-align: center;\">1402\/1000<\/td>\n<td colspan=\"1\" rowspan=\"1\" style=\"text-align: center;\">1000<\/td>\n<td colspan=\"1\" rowspan=\"1\" style=\"text-align: center;\">106<\/td>\n<td colspan=\"1\" rowspan=\"1\" style=\"text-align: center;\">202<\/td>\n<\/tbody>\n<\/table>\n<p>Reagent bottle, amber, narrow mouth with ground glass stopper<\/p>\n","protected":false},"excerpt":{"rendered":"<p>Butelka na odczynniki z w\u0105sk\u0105 szyj\u0105 wykonana z oran\u017cowego szk\u0142a sodowo-wapniowego. Dostarczona ze szklanym, dr\u0105\u017conym korkiem na szlif. Stosowana w wi\u0119kszo\u015bci laboratoriach, jak r\u00f3wnie\u017c w aptekach. Przeznaczona do przechowywania substancji ciek\u0142ych lub sta\u0142ych. Szczeg\u00f3lnie polecana dla substancji wra\u017cliwych na \u015bwiat\u0142o. Specyfikacja Nr kat. Pojemno\u015b\u0107 [ml] \u015ar. [mm] Wys. [mm] 1402\/125 125 57 110 1402\/250 250 [&hellip;]<\/p>\n","protected":false},"featured_media":3252,"template":"","meta":{"_et_pb_use_builder":"","_et_pb_old_content":"","_et_gb_content_width":""},"product_brand":[],"product_cat":[71],"product_tag":[],"class_list":{"0":"post-2538","1":"product","2":"type-product","3":"status-publish","4":"has-post-thumbnail","6":"product_cat-szklo-laboratoryjne","7":"product_shipping_class-szklo_labema","9":"first","10":"instock","11":"taxable","12":"shipping-taxable","13":"purchasable","14":"product-type-variable"},"yoast_head":"<!-- This site is optimized with the Yoast SEO plugin v26.7 - https:\/\/yoast.com\/wordpress\/plugins\/seo\/ -->\n<title>Butelka na odczynniki (sztand), oran\u017c, w\u0105ska szyja | Labema<\/title>\n<meta name=\"robots\" content=\"index, follow, max-snippet:-1, max-image-preview:large, max-video-preview:-1\" \/>\n<link rel=\"canonical\" href=\"https:\/\/labema.pl\/?product=butelka-na-odczynniki-sztand-oranz-waska-szyja\" \/>\n<meta property=\"og:locale\" content=\"pl_PL\" \/>\n<meta property=\"og:type\" content=\"article\" \/>\n<meta property=\"og:title\" content=\"Butelka na odczynniki (sztand), oran\u017c, w\u0105ska szyja | Labema\" \/>\n<meta property=\"og:description\" content=\"Butelka na odczynniki z w\u0105sk\u0105 szyj\u0105 wykonana z oran\u017cowego szk\u0142a sodowo-wapniowego. Dostarczona ze szklanym, dr\u0105\u017conym korkiem na szlif. Stosowana w wi\u0119kszo\u015bci laboratoriach, jak r\u00f3wnie\u017c w aptekach. Przeznaczona do przechowywania substancji ciek\u0142ych lub sta\u0142ych. Szczeg\u00f3lnie polecana dla substancji wra\u017cliwych na \u015bwiat\u0142o. Specyfikacja Nr kat. Pojemno\u015b\u0107 [ml] \u015ar. [mm] Wys. [mm] 1402\/125 125 57 110 1402\/250 250 [&hellip;]\" \/>\n<meta property=\"og:url\" content=\"https:\/\/labema.pl\/?product=butelka-na-odczynniki-sztand-oranz-waska-szyja\" \/>\n<meta property=\"og:site_name\" content=\"Labema\" \/>\n<meta property=\"article:modified_time\" content=\"2023-04-11T06:53:31+00:00\" \/>\n<meta property=\"og:image\" content=\"https:\/\/labema.pl\/wp-content\/uploads\/Butelka_na_odczynniki_sztand_oranz_waska_szyja.jpg\" \/>\n\t<meta property=\"og:image:width\" content=\"510\" \/>\n\t<meta property=\"og:image:height\" content=\"680\" \/>\n\t<meta property=\"og:image:type\" content=\"image\/jpeg\" \/>\n<meta name=\"twitter:card\" content=\"summary_large_image\" \/>\n<script type=\"application\/ld+json\" class=\"yoast-schema-graph\">{\"@context\":\"https:\/\/schema.org\",\"@graph\":[{\"@type\":\"WebPage\",\"@id\":\"https:\/\/labema.pl\/?product=butelka-na-odczynniki-sztand-oranz-waska-szyja\",\"url\":\"https:\/\/labema.pl\/?product=butelka-na-odczynniki-sztand-oranz-waska-szyja\",\"name\":\"Butelka na odczynniki (sztand), oran\u017c, w\u0105ska szyja | Labema\",\"isPartOf\":{\"@id\":\"https:\/\/labema.pl\/#website\"},\"primaryImageOfPage\":{\"@id\":\"https:\/\/labema.pl\/?product=butelka-na-odczynniki-sztand-oranz-waska-szyja#primaryimage\"},\"image\":{\"@id\":\"https:\/\/labema.pl\/?product=butelka-na-odczynniki-sztand-oranz-waska-szyja#primaryimage\"},\"thumbnailUrl\":\"https:\/\/labema.pl\/wp-content\/uploads\/Butelka_na_odczynniki_sztand_oranz_waska_szyja.jpg\",\"datePublished\":\"2016-09-02T22:00:35+00:00\",\"dateModified\":\"2023-04-11T06:53:31+00:00\",\"breadcrumb\":{\"@id\":\"https:\/\/labema.pl\/?product=butelka-na-odczynniki-sztand-oranz-waska-szyja#breadcrumb\"},\"inLanguage\":\"pl-PL\",\"potentialAction\":[{\"@type\":\"ReadAction\",\"target\":[\"https:\/\/labema.pl\/?product=butelka-na-odczynniki-sztand-oranz-waska-szyja\"]}]},{\"@type\":\"ImageObject\",\"inLanguage\":\"pl-PL\",\"@id\":\"https:\/\/labema.pl\/?product=butelka-na-odczynniki-sztand-oranz-waska-szyja#primaryimage\",\"url\":\"https:\/\/labema.pl\/wp-content\/uploads\/Butelka_na_odczynniki_sztand_oranz_waska_szyja.jpg\",\"contentUrl\":\"https:\/\/labema.pl\/wp-content\/uploads\/Butelka_na_odczynniki_sztand_oranz_waska_szyja.jpg\",\"width\":510,\"height\":680,\"caption\":\"Butelka na odczynniki (sztand), oran\u017c, w\u0105ska szyja\"},{\"@type\":\"BreadcrumbList\",\"@id\":\"https:\/\/labema.pl\/?product=butelka-na-odczynniki-sztand-oranz-waska-szyja#breadcrumb\",\"itemListElement\":[{\"@type\":\"ListItem\",\"position\":1,\"name\":\"Strona g\u0142\u00f3wna\",\"item\":\"https:\/\/labema.pl\/\"},{\"@type\":\"ListItem\",\"position\":2,\"name\":\"e-Katalog\",\"item\":\"https:\/\/labema.pl\/?page_id=225\"},{\"@type\":\"ListItem\",\"position\":3,\"name\":\"Butelka na odczynniki (sztand), oran\u017c, w\u0105ska szyja\"}]},{\"@type\":\"WebSite\",\"@id\":\"https:\/\/labema.pl\/#website\",\"url\":\"https:\/\/labema.pl\/\",\"name\":\"Labema\",\"description\":\"Wyposa\u017cenie laboratorium\",\"publisher\":{\"@id\":\"https:\/\/labema.pl\/#organization\"},\"potentialAction\":[{\"@type\":\"SearchAction\",\"target\":{\"@type\":\"EntryPoint\",\"urlTemplate\":\"https:\/\/labema.pl\/?s={search_term_string}\"},\"query-input\":{\"@type\":\"PropertyValueSpecification\",\"valueRequired\":true,\"valueName\":\"search_term_string\"}}],\"inLanguage\":\"pl-PL\"},{\"@type\":\"Organization\",\"@id\":\"https:\/\/labema.pl\/#organization\",\"name\":\"Labema\",\"url\":\"https:\/\/labema.pl\/\",\"logo\":{\"@type\":\"ImageObject\",\"inLanguage\":\"pl-PL\",\"@id\":\"https:\/\/labema.pl\/#\/schema\/logo\/image\/\",\"url\":\"https:\/\/labema.pl\/wp-content\/uploads\/2016\/04\/labema.jpg\",\"contentUrl\":\"https:\/\/labema.pl\/wp-content\/uploads\/2016\/04\/labema.jpg\",\"width\":875,\"height\":220,\"caption\":\"Labema\"},\"image\":{\"@id\":\"https:\/\/labema.pl\/#\/schema\/logo\/image\/\"}}]}<\/script>\n<!-- \/ Yoast SEO plugin. -->","yoast_head_json":{"title":"Butelka na odczynniki (sztand), oran\u017c, w\u0105ska szyja | Labema","robots":{"index":"index","follow":"follow","max-snippet":"max-snippet:-1","max-image-preview":"max-image-preview:large","max-video-preview":"max-video-preview:-1"},"canonical":"https:\/\/labema.pl\/?product=butelka-na-odczynniki-sztand-oranz-waska-szyja","og_locale":"pl_PL","og_type":"article","og_title":"Butelka na odczynniki (sztand), oran\u017c, w\u0105ska szyja | Labema","og_description":"Butelka na odczynniki z w\u0105sk\u0105 szyj\u0105 wykonana z oran\u017cowego szk\u0142a sodowo-wapniowego. Dostarczona ze szklanym, dr\u0105\u017conym korkiem na szlif. Stosowana w wi\u0119kszo\u015bci laboratoriach, jak r\u00f3wnie\u017c w aptekach. Przeznaczona do przechowywania substancji ciek\u0142ych lub sta\u0142ych. Szczeg\u00f3lnie polecana dla substancji wra\u017cliwych na \u015bwiat\u0142o. Specyfikacja Nr kat. Pojemno\u015b\u0107 [ml] \u015ar. [mm] Wys. [mm] 1402\/125 125 57 110 1402\/250 250 [&hellip;]","og_url":"https:\/\/labema.pl\/?product=butelka-na-odczynniki-sztand-oranz-waska-szyja","og_site_name":"Labema","article_modified_time":"2023-04-11T06:53:31+00:00","og_image":[{"width":510,"height":680,"url":"https:\/\/labema.pl\/wp-content\/uploads\/Butelka_na_odczynniki_sztand_oranz_waska_szyja.jpg","type":"image\/jpeg"}],"twitter_card":"summary_large_image","schema":{"@context":"https:\/\/schema.org","@graph":[{"@type":"WebPage","@id":"https:\/\/labema.pl\/?product=butelka-na-odczynniki-sztand-oranz-waska-szyja","url":"https:\/\/labema.pl\/?product=butelka-na-odczynniki-sztand-oranz-waska-szyja","name":"Butelka na odczynniki (sztand), oran\u017c, w\u0105ska szyja | Labema","isPartOf":{"@id":"https:\/\/labema.pl\/#website"},"primaryImageOfPage":{"@id":"https:\/\/labema.pl\/?product=butelka-na-odczynniki-sztand-oranz-waska-szyja#primaryimage"},"image":{"@id":"https:\/\/labema.pl\/?product=butelka-na-odczynniki-sztand-oranz-waska-szyja#primaryimage"},"thumbnailUrl":"https:\/\/labema.pl\/wp-content\/uploads\/Butelka_na_odczynniki_sztand_oranz_waska_szyja.jpg","datePublished":"2016-09-02T22:00:35+00:00","dateModified":"2023-04-11T06:53:31+00:00","breadcrumb":{"@id":"https:\/\/labema.pl\/?product=butelka-na-odczynniki-sztand-oranz-waska-szyja#breadcrumb"},"inLanguage":"pl-PL","potentialAction":[{"@type":"ReadAction","target":["https:\/\/labema.pl\/?product=butelka-na-odczynniki-sztand-oranz-waska-szyja"]}]},{"@type":"ImageObject","inLanguage":"pl-PL","@id":"https:\/\/labema.pl\/?product=butelka-na-odczynniki-sztand-oranz-waska-szyja#primaryimage","url":"https:\/\/labema.pl\/wp-content\/uploads\/Butelka_na_odczynniki_sztand_oranz_waska_szyja.jpg","contentUrl":"https:\/\/labema.pl\/wp-content\/uploads\/Butelka_na_odczynniki_sztand_oranz_waska_szyja.jpg","width":510,"height":680,"caption":"Butelka na odczynniki (sztand), oran\u017c, w\u0105ska szyja"},{"@type":"BreadcrumbList","@id":"https:\/\/labema.pl\/?product=butelka-na-odczynniki-sztand-oranz-waska-szyja#breadcrumb","itemListElement":[{"@type":"ListItem","position":1,"name":"Strona g\u0142\u00f3wna","item":"https:\/\/labema.pl\/"},{"@type":"ListItem","position":2,"name":"e-Katalog","item":"https:\/\/labema.pl\/?page_id=225"},{"@type":"ListItem","position":3,"name":"Butelka na odczynniki (sztand), oran\u017c, w\u0105ska szyja"}]},{"@type":"WebSite","@id":"https:\/\/labema.pl\/#website","url":"https:\/\/labema.pl\/","name":"Labema","description":"Wyposa\u017cenie laboratorium","publisher":{"@id":"https:\/\/labema.pl\/#organization"},"potentialAction":[{"@type":"SearchAction","target":{"@type":"EntryPoint","urlTemplate":"https:\/\/labema.pl\/?s={search_term_string}"},"query-input":{"@type":"PropertyValueSpecification","valueRequired":true,"valueName":"search_term_string"}}],"inLanguage":"pl-PL"},{"@type":"Organization","@id":"https:\/\/labema.pl\/#organization","name":"Labema","url":"https:\/\/labema.pl\/","logo":{"@type":"ImageObject","inLanguage":"pl-PL","@id":"https:\/\/labema.pl\/#\/schema\/logo\/image\/","url":"https:\/\/labema.pl\/wp-content\/uploads\/2016\/04\/labema.jpg","contentUrl":"https:\/\/labema.pl\/wp-content\/uploads\/2016\/04\/labema.jpg","width":875,"height":220,"caption":"Labema"},"image":{"@id":"https:\/\/labema.pl\/#\/schema\/logo\/image\/"}}]}},"_links":{"self":[{"href":"https:\/\/labema.pl\/index.php?rest_route=\/wp\/v2\/product\/2538","targetHints":{"allow":["GET"]}}],"collection":[{"href":"https:\/\/labema.pl\/index.php?rest_route=\/wp\/v2\/product"}],"about":[{"href":"https:\/\/labema.pl\/index.php?rest_route=\/wp\/v2\/types\/product"}],"wp:featuredmedia":[{"embeddable":true,"href":"https:\/\/labema.pl\/index.php?rest_route=\/wp\/v2\/media\/3252"}],"wp:attachment":[{"href":"https:\/\/labema.pl\/index.php?rest_route=%2Fwp%2Fv2%2Fmedia&parent=2538"}],"wp:term":[{"taxonomy":"product_brand","embeddable":true,"href":"https:\/\/labema.pl\/index.php?rest_route=%2Fwp%2Fv2%2Fproduct_brand&post=2538"},{"taxonomy":"product_cat","embeddable":true,"href":"https:\/\/labema.pl\/index.php?rest_route=%2Fwp%2Fv2%2Fproduct_cat&post=2538"},{"taxonomy":"product_tag","embeddable":true,"href":"https:\/\/labema.pl\/index.php?rest_route=%2Fwp%2Fv2%2Fproduct_tag&post=2538"}],"curies":[{"name":"wp","href":"https:\/\/api.w.org\/{rel}","templated":true}]}}