{"id":2454,"date":"2016-09-06T00:00:17","date_gmt":"2016-09-05T22:00:17","guid":{"rendered":"http:\/\/labema.pl\/?product=kroplomierz-z-pipetka-poj-125-ml-przezroczysty"},"modified":"2022-01-04T09:24:25","modified_gmt":"2022-01-04T08:24:25","slug":"kroplomierz-z-pipetka-poj-125-ml-przezroczysty","status":"publish","type":"product","link":"https:\/\/labema.pl\/?product=kroplomierz-z-pipetka-poj-125-ml-przezroczysty","title":{"rendered":"Kroplomierz z pipetk\u0105, poj. 125 ml, przezroczysty"},"content":{"rendered":"<p align=\"justify\">Kroplomierz (butelka z zakraplaczem) wykonany z bia\u0142ego szk\u0142a sodowo-wapniowego. \u0141atwy w u\u017cytkowaniu. Przeznaczony do precyzyjnego dozowania ma\u0142ych ilo\u015bci cieczy w postaci kropli. W komplecie z czerwonym smoczkiem.<\/p>\n<p>Dropping bottle, clear<\/p>\n","protected":false},"excerpt":{"rendered":"<p><font color=\"#00CC00\"><b>W magazynie<\/b><\/font><\/p>\n","protected":false},"featured_media":3261,"template":"","meta":{"_et_pb_use_builder":"","_et_pb_old_content":"","_et_gb_content_width":""},"product_brand":[],"product_cat":[71],"product_tag":[],"class_list":{"0":"post-2454","1":"product","2":"type-product","3":"status-publish","4":"has-post-thumbnail","6":"product_cat-szklo-laboratoryjne","7":"product_shipping_class-szklo_labema","9":"first","10":"outofstock","11":"taxable","12":"shipping-taxable","13":"purchasable","14":"product-type-simple"},"yoast_head":"<!-- This site is optimized with the Yoast SEO plugin v26.7 - https:\/\/yoast.com\/wordpress\/plugins\/seo\/ -->\n<title>Kroplomierz z pipetk\u0105, poj. 125 ml, przezroczysty | Labema<\/title>\n<meta name=\"robots\" content=\"index, follow, max-snippet:-1, max-image-preview:large, max-video-preview:-1\" \/>\n<link rel=\"canonical\" href=\"https:\/\/labema.pl\/?product=kroplomierz-z-pipetka-poj-125-ml-przezroczysty\" \/>\n<meta property=\"og:locale\" content=\"pl_PL\" \/>\n<meta property=\"og:type\" content=\"article\" \/>\n<meta property=\"og:title\" content=\"Kroplomierz z pipetk\u0105, poj. 125 ml, przezroczysty | Labema\" \/>\n<meta property=\"og:description\" content=\"W magazynie\" \/>\n<meta property=\"og:url\" content=\"https:\/\/labema.pl\/?product=kroplomierz-z-pipetka-poj-125-ml-przezroczysty\" \/>\n<meta property=\"og:site_name\" content=\"Labema\" \/>\n<meta property=\"article:modified_time\" content=\"2022-01-04T08:24:25+00:00\" \/>\n<meta property=\"og:image\" content=\"https:\/\/labema.pl\/wp-content\/uploads\/Kroplomierz_z_pipetka_przezroczysty.jpg\" \/>\n\t<meta property=\"og:image:width\" content=\"510\" \/>\n\t<meta property=\"og:image:height\" content=\"680\" \/>\n\t<meta property=\"og:image:type\" content=\"image\/jpeg\" \/>\n<meta name=\"twitter:card\" content=\"summary_large_image\" \/>\n<script type=\"application\/ld+json\" class=\"yoast-schema-graph\">{\"@context\":\"https:\/\/schema.org\",\"@graph\":[{\"@type\":\"WebPage\",\"@id\":\"https:\/\/labema.pl\/?product=kroplomierz-z-pipetka-poj-125-ml-przezroczysty\",\"url\":\"https:\/\/labema.pl\/?product=kroplomierz-z-pipetka-poj-125-ml-przezroczysty\",\"name\":\"Kroplomierz z pipetk\u0105, poj. 125 ml, przezroczysty | Labema\",\"isPartOf\":{\"@id\":\"https:\/\/labema.pl\/#website\"},\"primaryImageOfPage\":{\"@id\":\"https:\/\/labema.pl\/?product=kroplomierz-z-pipetka-poj-125-ml-przezroczysty#primaryimage\"},\"image\":{\"@id\":\"https:\/\/labema.pl\/?product=kroplomierz-z-pipetka-poj-125-ml-przezroczysty#primaryimage\"},\"thumbnailUrl\":\"https:\/\/labema.pl\/wp-content\/uploads\/Kroplomierz_z_pipetka_przezroczysty.jpg\",\"datePublished\":\"2016-09-05T22:00:17+00:00\",\"dateModified\":\"2022-01-04T08:24:25+00:00\",\"breadcrumb\":{\"@id\":\"https:\/\/labema.pl\/?product=kroplomierz-z-pipetka-poj-125-ml-przezroczysty#breadcrumb\"},\"inLanguage\":\"pl-PL\",\"potentialAction\":[{\"@type\":\"ReadAction\",\"target\":[\"https:\/\/labema.pl\/?product=kroplomierz-z-pipetka-poj-125-ml-przezroczysty\"]}]},{\"@type\":\"ImageObject\",\"inLanguage\":\"pl-PL\",\"@id\":\"https:\/\/labema.pl\/?product=kroplomierz-z-pipetka-poj-125-ml-przezroczysty#primaryimage\",\"url\":\"https:\/\/labema.pl\/wp-content\/uploads\/Kroplomierz_z_pipetka_przezroczysty.jpg\",\"contentUrl\":\"https:\/\/labema.pl\/wp-content\/uploads\/Kroplomierz_z_pipetka_przezroczysty.jpg\",\"width\":510,\"height\":680,\"caption\":\"Kroplomierz z pipetk\u0105, przezroczysty\"},{\"@type\":\"BreadcrumbList\",\"@id\":\"https:\/\/labema.pl\/?product=kroplomierz-z-pipetka-poj-125-ml-przezroczysty#breadcrumb\",\"itemListElement\":[{\"@type\":\"ListItem\",\"position\":1,\"name\":\"Strona g\u0142\u00f3wna\",\"item\":\"https:\/\/labema.pl\/\"},{\"@type\":\"ListItem\",\"position\":2,\"name\":\"e-Katalog\",\"item\":\"https:\/\/labema.pl\/?page_id=225\"},{\"@type\":\"ListItem\",\"position\":3,\"name\":\"Kroplomierz z pipetk\u0105, poj. 125 ml, przezroczysty\"}]},{\"@type\":\"WebSite\",\"@id\":\"https:\/\/labema.pl\/#website\",\"url\":\"https:\/\/labema.pl\/\",\"name\":\"Labema\",\"description\":\"Wyposa\u017cenie laboratorium\",\"publisher\":{\"@id\":\"https:\/\/labema.pl\/#organization\"},\"potentialAction\":[{\"@type\":\"SearchAction\",\"target\":{\"@type\":\"EntryPoint\",\"urlTemplate\":\"https:\/\/labema.pl\/?s={search_term_string}\"},\"query-input\":{\"@type\":\"PropertyValueSpecification\",\"valueRequired\":true,\"valueName\":\"search_term_string\"}}],\"inLanguage\":\"pl-PL\"},{\"@type\":\"Organization\",\"@id\":\"https:\/\/labema.pl\/#organization\",\"name\":\"Labema\",\"url\":\"https:\/\/labema.pl\/\",\"logo\":{\"@type\":\"ImageObject\",\"inLanguage\":\"pl-PL\",\"@id\":\"https:\/\/labema.pl\/#\/schema\/logo\/image\/\",\"url\":\"https:\/\/labema.pl\/wp-content\/uploads\/2016\/04\/labema.jpg\",\"contentUrl\":\"https:\/\/labema.pl\/wp-content\/uploads\/2016\/04\/labema.jpg\",\"width\":875,\"height\":220,\"caption\":\"Labema\"},\"image\":{\"@id\":\"https:\/\/labema.pl\/#\/schema\/logo\/image\/\"}}]}<\/script>\n<!-- \/ Yoast SEO plugin. -->","yoast_head_json":{"title":"Kroplomierz z pipetk\u0105, poj. 125 ml, przezroczysty | Labema","robots":{"index":"index","follow":"follow","max-snippet":"max-snippet:-1","max-image-preview":"max-image-preview:large","max-video-preview":"max-video-preview:-1"},"canonical":"https:\/\/labema.pl\/?product=kroplomierz-z-pipetka-poj-125-ml-przezroczysty","og_locale":"pl_PL","og_type":"article","og_title":"Kroplomierz z pipetk\u0105, poj. 125 ml, przezroczysty | Labema","og_description":"W magazynie","og_url":"https:\/\/labema.pl\/?product=kroplomierz-z-pipetka-poj-125-ml-przezroczysty","og_site_name":"Labema","article_modified_time":"2022-01-04T08:24:25+00:00","og_image":[{"width":510,"height":680,"url":"https:\/\/labema.pl\/wp-content\/uploads\/Kroplomierz_z_pipetka_przezroczysty.jpg","type":"image\/jpeg"}],"twitter_card":"summary_large_image","schema":{"@context":"https:\/\/schema.org","@graph":[{"@type":"WebPage","@id":"https:\/\/labema.pl\/?product=kroplomierz-z-pipetka-poj-125-ml-przezroczysty","url":"https:\/\/labema.pl\/?product=kroplomierz-z-pipetka-poj-125-ml-przezroczysty","name":"Kroplomierz z pipetk\u0105, poj. 125 ml, przezroczysty | Labema","isPartOf":{"@id":"https:\/\/labema.pl\/#website"},"primaryImageOfPage":{"@id":"https:\/\/labema.pl\/?product=kroplomierz-z-pipetka-poj-125-ml-przezroczysty#primaryimage"},"image":{"@id":"https:\/\/labema.pl\/?product=kroplomierz-z-pipetka-poj-125-ml-przezroczysty#primaryimage"},"thumbnailUrl":"https:\/\/labema.pl\/wp-content\/uploads\/Kroplomierz_z_pipetka_przezroczysty.jpg","datePublished":"2016-09-05T22:00:17+00:00","dateModified":"2022-01-04T08:24:25+00:00","breadcrumb":{"@id":"https:\/\/labema.pl\/?product=kroplomierz-z-pipetka-poj-125-ml-przezroczysty#breadcrumb"},"inLanguage":"pl-PL","potentialAction":[{"@type":"ReadAction","target":["https:\/\/labema.pl\/?product=kroplomierz-z-pipetka-poj-125-ml-przezroczysty"]}]},{"@type":"ImageObject","inLanguage":"pl-PL","@id":"https:\/\/labema.pl\/?product=kroplomierz-z-pipetka-poj-125-ml-przezroczysty#primaryimage","url":"https:\/\/labema.pl\/wp-content\/uploads\/Kroplomierz_z_pipetka_przezroczysty.jpg","contentUrl":"https:\/\/labema.pl\/wp-content\/uploads\/Kroplomierz_z_pipetka_przezroczysty.jpg","width":510,"height":680,"caption":"Kroplomierz z pipetk\u0105, przezroczysty"},{"@type":"BreadcrumbList","@id":"https:\/\/labema.pl\/?product=kroplomierz-z-pipetka-poj-125-ml-przezroczysty#breadcrumb","itemListElement":[{"@type":"ListItem","position":1,"name":"Strona g\u0142\u00f3wna","item":"https:\/\/labema.pl\/"},{"@type":"ListItem","position":2,"name":"e-Katalog","item":"https:\/\/labema.pl\/?page_id=225"},{"@type":"ListItem","position":3,"name":"Kroplomierz z pipetk\u0105, poj. 125 ml, przezroczysty"}]},{"@type":"WebSite","@id":"https:\/\/labema.pl\/#website","url":"https:\/\/labema.pl\/","name":"Labema","description":"Wyposa\u017cenie laboratorium","publisher":{"@id":"https:\/\/labema.pl\/#organization"},"potentialAction":[{"@type":"SearchAction","target":{"@type":"EntryPoint","urlTemplate":"https:\/\/labema.pl\/?s={search_term_string}"},"query-input":{"@type":"PropertyValueSpecification","valueRequired":true,"valueName":"search_term_string"}}],"inLanguage":"pl-PL"},{"@type":"Organization","@id":"https:\/\/labema.pl\/#organization","name":"Labema","url":"https:\/\/labema.pl\/","logo":{"@type":"ImageObject","inLanguage":"pl-PL","@id":"https:\/\/labema.pl\/#\/schema\/logo\/image\/","url":"https:\/\/labema.pl\/wp-content\/uploads\/2016\/04\/labema.jpg","contentUrl":"https:\/\/labema.pl\/wp-content\/uploads\/2016\/04\/labema.jpg","width":875,"height":220,"caption":"Labema"},"image":{"@id":"https:\/\/labema.pl\/#\/schema\/logo\/image\/"}}]}},"_links":{"self":[{"href":"https:\/\/labema.pl\/index.php?rest_route=\/wp\/v2\/product\/2454","targetHints":{"allow":["GET"]}}],"collection":[{"href":"https:\/\/labema.pl\/index.php?rest_route=\/wp\/v2\/product"}],"about":[{"href":"https:\/\/labema.pl\/index.php?rest_route=\/wp\/v2\/types\/product"}],"wp:featuredmedia":[{"embeddable":true,"href":"https:\/\/labema.pl\/index.php?rest_route=\/wp\/v2\/media\/3261"}],"wp:attachment":[{"href":"https:\/\/labema.pl\/index.php?rest_route=%2Fwp%2Fv2%2Fmedia&parent=2454"}],"wp:term":[{"taxonomy":"product_brand","embeddable":true,"href":"https:\/\/labema.pl\/index.php?rest_route=%2Fwp%2Fv2%2Fproduct_brand&post=2454"},{"taxonomy":"product_cat","embeddable":true,"href":"https:\/\/labema.pl\/index.php?rest_route=%2Fwp%2Fv2%2Fproduct_cat&post=2454"},{"taxonomy":"product_tag","embeddable":true,"href":"https:\/\/labema.pl\/index.php?rest_route=%2Fwp%2Fv2%2Fproduct_tag&post=2454"}],"curies":[{"name":"wp","href":"https:\/\/api.w.org\/{rel}","templated":true}]}}