{"id":2341,"date":"2016-09-30T00:00:51","date_gmt":"2016-09-29T22:00:51","guid":{"rendered":"http:\/\/labema.pl\/?product=kriopudelko-pp-z-nakladana-pokrywka-81-miejscowe"},"modified":"2023-10-18T07:51:56","modified_gmt":"2023-10-18T05:51:56","slug":"kriopudelko-pp-z-nakladana-pokrywka-81-miejscowe","status":"publish","type":"product","link":"https:\/\/labema.pl\/?product=kriopudelko-pp-z-nakladana-pokrywka-81-miejscowe","title":{"rendered":"Kriopude\u0142ko PP z nak\u0142adan\u0105 pokrywk\u0105, 81-miejscowe"},"content":{"rendered":"<p align=\"justify\">Kriopude\u0142ko wykonane z polipropylenu (PP). Posiada 81 miejsc w rz\u0119dach 9&#215;9. Nak\u0142adana pokrywka zawiera siatk\u0119 z numeracj\u0105, kt\u00f3ra u\u0142atwia identyfikacje pr\u00f3bek. Przeznaczone do przechowywania i transportowania prob\u00f3wek o poj. 0,5 ml, 1,5 ml lub 2,0 ml oraz kriofiolek. Mo\u017cliwo\u015b\u0107 u\u017cytkowania w temperaturze od -86\u00b0C do 121\u00b0C. Odporne chemicznie na dzia\u0142anie alkoholi i \u0142agodnych rozpuszczalnik\u00f3w organicznych. Przystosowane do przechowywania w zamra\u017carkach lub w ciek\u0142ym azocie. Wyposa\u017cone w otwory wentylacyjne, kt\u00f3re pozwalaj\u0105 na szybkie sch\u0142odzenie pr\u00f3bek i pe\u0142ne osuszenie podczas rozmra\u017cania. Wykorzystywane mi\u0119dzy innymi w laboratoriach biologii molekularnej, farmaceutycznych, in\u017cynierii tkankowej. Dost\u0119pne w kolorach: niebieski, zielony, r\u00f3\u017cowy, \u017c\u00f3\u0142ty, naturalny. Wymiary: 132x132x53 mm.<\/p>\n<p>Numer katalogowy: 90-9081<br \/>\nProducent: Biologix<\/p>\n<p>81-well Cryogenic Storage Box, PP<\/p>\n","protected":false},"excerpt":{"rendered":"<p>Kriopude\u0142ko wykonane z polipropylenu (PP). Posiada 81 miejsc w rz\u0119dach 9&#215;9. Nak\u0142adana pokrywka zawiera siatk\u0119 z numeracj\u0105, kt\u00f3ra u\u0142atwia identyfikacje pr\u00f3bek. Przeznaczone do przechowywania i transportowania prob\u00f3wek o poj. 0,5 ml, 1,5 ml lub 2,0 ml oraz kriofiolek. Mo\u017cliwo\u015b\u0107 u\u017cytkowania w temperaturze od -86\u00b0C do 121\u00b0C. Odporne chemicznie na dzia\u0142anie alkoholi i \u0142agodnych rozpuszczalnik\u00f3w organicznych. [&hellip;]<\/p>\n","protected":false},"featured_media":2921,"template":"","meta":{"_et_pb_use_builder":"","_et_pb_old_content":"","_et_gb_content_width":""},"product_brand":[],"product_cat":[60],"product_tag":[],"class_list":{"0":"post-2341","1":"product","2":"type-product","3":"status-publish","4":"has-post-thumbnail","6":"product_cat-pudelka","7":"product_shipping_class-plastiki_labema","9":"first","10":"instock","11":"taxable","12":"shipping-taxable","13":"purchasable","14":"product-type-variable"},"yoast_head":"<!-- This site is optimized with the Yoast SEO plugin v26.7 - https:\/\/yoast.com\/wordpress\/plugins\/seo\/ -->\n<title>Kriopude\u0142ko PP z nak\u0142adan\u0105 pokrywk\u0105, 81-miejscowe | Labema<\/title>\n<meta name=\"robots\" content=\"index, follow, max-snippet:-1, max-image-preview:large, max-video-preview:-1\" \/>\n<link rel=\"canonical\" href=\"https:\/\/labema.pl\/?product=kriopudelko-pp-z-nakladana-pokrywka-81-miejscowe\" \/>\n<meta property=\"og:locale\" content=\"pl_PL\" \/>\n<meta property=\"og:type\" content=\"article\" \/>\n<meta property=\"og:title\" content=\"Kriopude\u0142ko PP z nak\u0142adan\u0105 pokrywk\u0105, 81-miejscowe | Labema\" \/>\n<meta property=\"og:description\" content=\"Kriopude\u0142ko wykonane z polipropylenu (PP). Posiada 81 miejsc w rz\u0119dach 9&#215;9. Nak\u0142adana pokrywka zawiera siatk\u0119 z numeracj\u0105, kt\u00f3ra u\u0142atwia identyfikacje pr\u00f3bek. Przeznaczone do przechowywania i transportowania prob\u00f3wek o poj. 0,5 ml, 1,5 ml lub 2,0 ml oraz kriofiolek. Mo\u017cliwo\u015b\u0107 u\u017cytkowania w temperaturze od -86\u00b0C do 121\u00b0C. Odporne chemicznie na dzia\u0142anie alkoholi i \u0142agodnych rozpuszczalnik\u00f3w organicznych. [&hellip;]\" \/>\n<meta property=\"og:url\" content=\"https:\/\/labema.pl\/?product=kriopudelko-pp-z-nakladana-pokrywka-81-miejscowe\" \/>\n<meta property=\"og:site_name\" content=\"Labema\" \/>\n<meta property=\"article:modified_time\" content=\"2023-10-18T05:51:56+00:00\" \/>\n<meta property=\"og:image\" content=\"https:\/\/labema.pl\/wp-content\/uploads\/2016\/09\/90-9081_Kriopudelko_PP_z_nakladana_pokrywka_81_miejscowe.jpg\" \/>\n\t<meta property=\"og:image:width\" content=\"534\" \/>\n\t<meta property=\"og:image:height\" content=\"400\" \/>\n\t<meta property=\"og:image:type\" content=\"image\/jpeg\" \/>\n<meta name=\"twitter:card\" content=\"summary_large_image\" \/>\n<meta name=\"twitter:label1\" content=\"Szacowany czas czytania\" \/>\n\t<meta name=\"twitter:data1\" content=\"1 minuta\" \/>\n<script type=\"application\/ld+json\" class=\"yoast-schema-graph\">{\"@context\":\"https:\/\/schema.org\",\"@graph\":[{\"@type\":\"WebPage\",\"@id\":\"https:\/\/labema.pl\/?product=kriopudelko-pp-z-nakladana-pokrywka-81-miejscowe\",\"url\":\"https:\/\/labema.pl\/?product=kriopudelko-pp-z-nakladana-pokrywka-81-miejscowe\",\"name\":\"Kriopude\u0142ko PP z nak\u0142adan\u0105 pokrywk\u0105, 81-miejscowe | Labema\",\"isPartOf\":{\"@id\":\"https:\/\/labema.pl\/#website\"},\"primaryImageOfPage\":{\"@id\":\"https:\/\/labema.pl\/?product=kriopudelko-pp-z-nakladana-pokrywka-81-miejscowe#primaryimage\"},\"image\":{\"@id\":\"https:\/\/labema.pl\/?product=kriopudelko-pp-z-nakladana-pokrywka-81-miejscowe#primaryimage\"},\"thumbnailUrl\":\"https:\/\/labema.pl\/wp-content\/uploads\/2016\/09\/90-9081_Kriopudelko_PP_z_nakladana_pokrywka_81_miejscowe.jpg\",\"datePublished\":\"2016-09-29T22:00:51+00:00\",\"dateModified\":\"2023-10-18T05:51:56+00:00\",\"breadcrumb\":{\"@id\":\"https:\/\/labema.pl\/?product=kriopudelko-pp-z-nakladana-pokrywka-81-miejscowe#breadcrumb\"},\"inLanguage\":\"pl-PL\",\"potentialAction\":[{\"@type\":\"ReadAction\",\"target\":[\"https:\/\/labema.pl\/?product=kriopudelko-pp-z-nakladana-pokrywka-81-miejscowe\"]}]},{\"@type\":\"ImageObject\",\"inLanguage\":\"pl-PL\",\"@id\":\"https:\/\/labema.pl\/?product=kriopudelko-pp-z-nakladana-pokrywka-81-miejscowe#primaryimage\",\"url\":\"https:\/\/labema.pl\/wp-content\/uploads\/2016\/09\/90-9081_Kriopudelko_PP_z_nakladana_pokrywka_81_miejscowe.jpg\",\"contentUrl\":\"https:\/\/labema.pl\/wp-content\/uploads\/2016\/09\/90-9081_Kriopudelko_PP_z_nakladana_pokrywka_81_miejscowe.jpg\",\"width\":534,\"height\":400,\"caption\":\"Kriopude\u0142ko PP z nak\u0142adan\u0105 pokrywk\u0105, 81-miejscowe\"},{\"@type\":\"BreadcrumbList\",\"@id\":\"https:\/\/labema.pl\/?product=kriopudelko-pp-z-nakladana-pokrywka-81-miejscowe#breadcrumb\",\"itemListElement\":[{\"@type\":\"ListItem\",\"position\":1,\"name\":\"Strona g\u0142\u00f3wna\",\"item\":\"https:\/\/labema.pl\/\"},{\"@type\":\"ListItem\",\"position\":2,\"name\":\"e-Katalog\",\"item\":\"https:\/\/labema.pl\/?page_id=225\"},{\"@type\":\"ListItem\",\"position\":3,\"name\":\"Kriopude\u0142ko PP z nak\u0142adan\u0105 pokrywk\u0105, 81-miejscowe\"}]},{\"@type\":\"WebSite\",\"@id\":\"https:\/\/labema.pl\/#website\",\"url\":\"https:\/\/labema.pl\/\",\"name\":\"Labema\",\"description\":\"Wyposa\u017cenie laboratorium\",\"publisher\":{\"@id\":\"https:\/\/labema.pl\/#organization\"},\"potentialAction\":[{\"@type\":\"SearchAction\",\"target\":{\"@type\":\"EntryPoint\",\"urlTemplate\":\"https:\/\/labema.pl\/?s={search_term_string}\"},\"query-input\":{\"@type\":\"PropertyValueSpecification\",\"valueRequired\":true,\"valueName\":\"search_term_string\"}}],\"inLanguage\":\"pl-PL\"},{\"@type\":\"Organization\",\"@id\":\"https:\/\/labema.pl\/#organization\",\"name\":\"Labema\",\"url\":\"https:\/\/labema.pl\/\",\"logo\":{\"@type\":\"ImageObject\",\"inLanguage\":\"pl-PL\",\"@id\":\"https:\/\/labema.pl\/#\/schema\/logo\/image\/\",\"url\":\"https:\/\/labema.pl\/wp-content\/uploads\/2016\/04\/labema.jpg\",\"contentUrl\":\"https:\/\/labema.pl\/wp-content\/uploads\/2016\/04\/labema.jpg\",\"width\":875,\"height\":220,\"caption\":\"Labema\"},\"image\":{\"@id\":\"https:\/\/labema.pl\/#\/schema\/logo\/image\/\"}}]}<\/script>\n<!-- \/ Yoast SEO plugin. -->","yoast_head_json":{"title":"Kriopude\u0142ko PP z nak\u0142adan\u0105 pokrywk\u0105, 81-miejscowe | Labema","robots":{"index":"index","follow":"follow","max-snippet":"max-snippet:-1","max-image-preview":"max-image-preview:large","max-video-preview":"max-video-preview:-1"},"canonical":"https:\/\/labema.pl\/?product=kriopudelko-pp-z-nakladana-pokrywka-81-miejscowe","og_locale":"pl_PL","og_type":"article","og_title":"Kriopude\u0142ko PP z nak\u0142adan\u0105 pokrywk\u0105, 81-miejscowe | Labema","og_description":"Kriopude\u0142ko wykonane z polipropylenu (PP). Posiada 81 miejsc w rz\u0119dach 9&#215;9. Nak\u0142adana pokrywka zawiera siatk\u0119 z numeracj\u0105, kt\u00f3ra u\u0142atwia identyfikacje pr\u00f3bek. Przeznaczone do przechowywania i transportowania prob\u00f3wek o poj. 0,5 ml, 1,5 ml lub 2,0 ml oraz kriofiolek. Mo\u017cliwo\u015b\u0107 u\u017cytkowania w temperaturze od -86\u00b0C do 121\u00b0C. Odporne chemicznie na dzia\u0142anie alkoholi i \u0142agodnych rozpuszczalnik\u00f3w organicznych. [&hellip;]","og_url":"https:\/\/labema.pl\/?product=kriopudelko-pp-z-nakladana-pokrywka-81-miejscowe","og_site_name":"Labema","article_modified_time":"2023-10-18T05:51:56+00:00","og_image":[{"width":534,"height":400,"url":"https:\/\/labema.pl\/wp-content\/uploads\/2016\/09\/90-9081_Kriopudelko_PP_z_nakladana_pokrywka_81_miejscowe.jpg","type":"image\/jpeg"}],"twitter_card":"summary_large_image","twitter_misc":{"Szacowany czas czytania":"1 minuta"},"schema":{"@context":"https:\/\/schema.org","@graph":[{"@type":"WebPage","@id":"https:\/\/labema.pl\/?product=kriopudelko-pp-z-nakladana-pokrywka-81-miejscowe","url":"https:\/\/labema.pl\/?product=kriopudelko-pp-z-nakladana-pokrywka-81-miejscowe","name":"Kriopude\u0142ko PP z nak\u0142adan\u0105 pokrywk\u0105, 81-miejscowe | Labema","isPartOf":{"@id":"https:\/\/labema.pl\/#website"},"primaryImageOfPage":{"@id":"https:\/\/labema.pl\/?product=kriopudelko-pp-z-nakladana-pokrywka-81-miejscowe#primaryimage"},"image":{"@id":"https:\/\/labema.pl\/?product=kriopudelko-pp-z-nakladana-pokrywka-81-miejscowe#primaryimage"},"thumbnailUrl":"https:\/\/labema.pl\/wp-content\/uploads\/2016\/09\/90-9081_Kriopudelko_PP_z_nakladana_pokrywka_81_miejscowe.jpg","datePublished":"2016-09-29T22:00:51+00:00","dateModified":"2023-10-18T05:51:56+00:00","breadcrumb":{"@id":"https:\/\/labema.pl\/?product=kriopudelko-pp-z-nakladana-pokrywka-81-miejscowe#breadcrumb"},"inLanguage":"pl-PL","potentialAction":[{"@type":"ReadAction","target":["https:\/\/labema.pl\/?product=kriopudelko-pp-z-nakladana-pokrywka-81-miejscowe"]}]},{"@type":"ImageObject","inLanguage":"pl-PL","@id":"https:\/\/labema.pl\/?product=kriopudelko-pp-z-nakladana-pokrywka-81-miejscowe#primaryimage","url":"https:\/\/labema.pl\/wp-content\/uploads\/2016\/09\/90-9081_Kriopudelko_PP_z_nakladana_pokrywka_81_miejscowe.jpg","contentUrl":"https:\/\/labema.pl\/wp-content\/uploads\/2016\/09\/90-9081_Kriopudelko_PP_z_nakladana_pokrywka_81_miejscowe.jpg","width":534,"height":400,"caption":"Kriopude\u0142ko PP z nak\u0142adan\u0105 pokrywk\u0105, 81-miejscowe"},{"@type":"BreadcrumbList","@id":"https:\/\/labema.pl\/?product=kriopudelko-pp-z-nakladana-pokrywka-81-miejscowe#breadcrumb","itemListElement":[{"@type":"ListItem","position":1,"name":"Strona g\u0142\u00f3wna","item":"https:\/\/labema.pl\/"},{"@type":"ListItem","position":2,"name":"e-Katalog","item":"https:\/\/labema.pl\/?page_id=225"},{"@type":"ListItem","position":3,"name":"Kriopude\u0142ko PP z nak\u0142adan\u0105 pokrywk\u0105, 81-miejscowe"}]},{"@type":"WebSite","@id":"https:\/\/labema.pl\/#website","url":"https:\/\/labema.pl\/","name":"Labema","description":"Wyposa\u017cenie laboratorium","publisher":{"@id":"https:\/\/labema.pl\/#organization"},"potentialAction":[{"@type":"SearchAction","target":{"@type":"EntryPoint","urlTemplate":"https:\/\/labema.pl\/?s={search_term_string}"},"query-input":{"@type":"PropertyValueSpecification","valueRequired":true,"valueName":"search_term_string"}}],"inLanguage":"pl-PL"},{"@type":"Organization","@id":"https:\/\/labema.pl\/#organization","name":"Labema","url":"https:\/\/labema.pl\/","logo":{"@type":"ImageObject","inLanguage":"pl-PL","@id":"https:\/\/labema.pl\/#\/schema\/logo\/image\/","url":"https:\/\/labema.pl\/wp-content\/uploads\/2016\/04\/labema.jpg","contentUrl":"https:\/\/labema.pl\/wp-content\/uploads\/2016\/04\/labema.jpg","width":875,"height":220,"caption":"Labema"},"image":{"@id":"https:\/\/labema.pl\/#\/schema\/logo\/image\/"}}]}},"_links":{"self":[{"href":"https:\/\/labema.pl\/index.php?rest_route=\/wp\/v2\/product\/2341","targetHints":{"allow":["GET"]}}],"collection":[{"href":"https:\/\/labema.pl\/index.php?rest_route=\/wp\/v2\/product"}],"about":[{"href":"https:\/\/labema.pl\/index.php?rest_route=\/wp\/v2\/types\/product"}],"wp:featuredmedia":[{"embeddable":true,"href":"https:\/\/labema.pl\/index.php?rest_route=\/wp\/v2\/media\/2921"}],"wp:attachment":[{"href":"https:\/\/labema.pl\/index.php?rest_route=%2Fwp%2Fv2%2Fmedia&parent=2341"}],"wp:term":[{"taxonomy":"product_brand","embeddable":true,"href":"https:\/\/labema.pl\/index.php?rest_route=%2Fwp%2Fv2%2Fproduct_brand&post=2341"},{"taxonomy":"product_cat","embeddable":true,"href":"https:\/\/labema.pl\/index.php?rest_route=%2Fwp%2Fv2%2Fproduct_cat&post=2341"},{"taxonomy":"product_tag","embeddable":true,"href":"https:\/\/labema.pl\/index.php?rest_route=%2Fwp%2Fv2%2Fproduct_tag&post=2341"}],"curies":[{"name":"wp","href":"https:\/\/api.w.org\/{rel}","templated":true}]}}