{"id":2319,"date":"2016-10-01T00:00:02","date_gmt":"2016-09-30T22:00:02","guid":{"rendered":"http:\/\/labema.pl\/?product=zlewka-z-pp-niska-forma"},"modified":"2025-07-07T15:27:45","modified_gmt":"2025-07-07T13:27:45","slug":"zlewka-niska-z-wylewem-pp","status":"publish","type":"product","link":"https:\/\/labema.pl\/?product=zlewka-niska-z-wylewem-pp","title":{"rendered":"Zlewka PP niska z wylewem i skal\u0105 niebiesk\u0105, autoklawowalna"},"content":{"rendered":"<p align=\"justify\">Zlewka PP z wylewem niska. Posiada wyra\u017an\u0105, niebiesk\u0105, nadrukowan\u0105 skal\u0119. Wykonana z czystego polipropylenu. Charakteryzuj\u0119 si\u0119 doskona\u0142\u0105 odporno\u015bci\u0105 chemiczn\u0105. Zgodna z norm\u0105 ISO 7056:1981 (E). Autoklawowalna &#8211; mo\u017cliwo\u015b\u0107 sterylizacji w autoklawie w temperaturze 121\u00b0C. Przeznaczona do codziennego u\u017cytku. Wykorzystywana np. do odmierzania substancji chemicznych, sporz\u0105dzania roztwor\u00f3w, przelewania, rozpuszczania cieczy. \u0141atwa do czyszczenia. Zlewki tej samej pojemno\u015bci mog\u0105 by\u0107 ustawiane w stos, dzi\u0119ki czemu zajmuj\u0105 mniej miejsca podczas przechowywania. Oferowane pojemno\u015bci zlewek: 50, 100, 250, 500, 600, 1000, 2000 ml.<\/p>\n<p><span style=\"color: black; font-size: x-large;\">Specyfikacja<\/span><\/p>\n<table border=\"1\" rules=\"all\" bordercolor=\"#aaaaaa\">\n<tbody>\n<tr>\n<td colspan=\"1\" rowspan=\"1\" style=\"text-align: center;\"><strong>Nr kat.<\/strong><\/td>\n<td colspan=\"1\" rowspan=\"1\" style=\"text-align: center;\"><strong>Pojemno\u015b\u0107<br \/>\n[ml]<\/strong><\/td>\n<td colspan=\"1\" rowspan=\"1\" style=\"text-align: center;\"><strong>Podzia\u0142ka<br \/>\n[ml]<\/strong><\/td>\n<\/tr>\n<tr>\n<td colspan=\"1\" rowspan=\"1\" style=\"text-align: center;\">P11201<\/td>\n<td colspan=\"1\" rowspan=\"1\" style=\"text-align: center;\">50<\/td>\n<td colspan=\"1\" rowspan=\"1\" style=\"text-align: center;\">5<\/td>\n<\/tr>\n<tr>\n<td colspan=\"1\" rowspan=\"1\" style=\"text-align: center;\">P11202<\/td>\n<td colspan=\"1\" rowspan=\"1\" style=\"text-align: center;\">100<\/td>\n<td colspan=\"1\" rowspan=\"1\" style=\"text-align: center;\">10<\/td>\n<\/tr>\n<tr>\n<td colspan=\"1\" rowspan=\"1\" style=\"text-align: center;\">P11203<\/td>\n<td colspan=\"1\" rowspan=\"1\" style=\"text-align: center;\">250<\/td>\n<td colspan=\"1\" rowspan=\"1\" style=\"text-align: center;\">25<\/td>\n<\/tr>\n<tr>\n<td colspan=\"1\" rowspan=\"1\" style=\"text-align: center;\">P11204<\/td>\n<td colspan=\"1\" rowspan=\"1\" style=\"text-align: center;\">500<\/td>\n<td colspan=\"1\" rowspan=\"1\" style=\"text-align: center;\">50<\/td>\n<\/tr>\n<tr>\n<td colspan=\"1\" rowspan=\"1\" style=\"text-align: center;\">T421060\/P11205<\/td>\n<td colspan=\"1\" rowspan=\"1\" style=\"text-align: center;\">1000<\/td>\n<td colspan=\"1\" rowspan=\"1\" style=\"text-align: center;\">50<\/td>\n<\/tr>\n<tr>\n<td colspan=\"1\" rowspan=\"1\" style=\"text-align: center;\">P11206<\/td>\n<td colspan=\"1\" rowspan=\"1\" style=\"text-align: center;\">2000<\/td>\n<td colspan=\"1\" rowspan=\"1\" style=\"text-align: center;\">100<\/td>\n<\/tr>\n<\/tbody>\n<\/table>\n<p>Beaker, low form, with spout<\/p>\n","protected":false},"excerpt":{"rendered":"<p>Zlewka PP z wylewem niska. Posiada wyra\u017an\u0105, niebiesk\u0105, nadrukowan\u0105 skal\u0119. Wykonana z czystego polipropylenu. Charakteryzuj\u0119 si\u0119 doskona\u0142\u0105 odporno\u015bci\u0105 chemiczn\u0105. Zgodna z norm\u0105 ISO 7056:1981 (E). Autoklawowalna &#8211; mo\u017cliwo\u015b\u0107 sterylizacji w autoklawie w temperaturze 121\u00b0C. Przeznaczona do codziennego u\u017cytku. Wykorzystywana np. do odmierzania substancji chemicznych, sporz\u0105dzania roztwor\u00f3w, przelewania, rozpuszczania cieczy. \u0141atwa do czyszczenia. Zlewki tej samej [&hellip;]<\/p>\n","protected":false},"featured_media":4925,"template":"","meta":{"_et_pb_use_builder":"","_et_pb_old_content":"","_et_gb_content_width":""},"product_brand":[],"product_cat":[64],"product_tag":[],"class_list":{"0":"post-2319","1":"product","2":"type-product","3":"status-publish","4":"has-post-thumbnail","6":"product_cat-zlewki-plastikowe","7":"product_shipping_class-plastiki_labema","9":"first","10":"instock","11":"taxable","12":"shipping-taxable","13":"purchasable","14":"product-type-variable"},"yoast_head":"<!-- This site is optimized with the Yoast SEO plugin v26.7 - https:\/\/yoast.com\/wordpress\/plugins\/seo\/ -->\n<title>Zlewka PP niska z wylewem i skal\u0105 niebiesk\u0105, autoklawowalna | Labema<\/title>\n<meta name=\"robots\" content=\"index, follow, max-snippet:-1, max-image-preview:large, max-video-preview:-1\" \/>\n<link rel=\"canonical\" href=\"https:\/\/labema.pl\/?product=zlewka-niska-z-wylewem-pp\" \/>\n<meta property=\"og:locale\" content=\"pl_PL\" \/>\n<meta property=\"og:type\" content=\"article\" \/>\n<meta property=\"og:title\" content=\"Zlewka PP niska z wylewem i skal\u0105 niebiesk\u0105, autoklawowalna | Labema\" \/>\n<meta property=\"og:description\" content=\"Zlewka PP z wylewem niska. Posiada wyra\u017an\u0105, niebiesk\u0105, nadrukowan\u0105 skal\u0119. Wykonana z czystego polipropylenu. Charakteryzuj\u0119 si\u0119 doskona\u0142\u0105 odporno\u015bci\u0105 chemiczn\u0105. Zgodna z norm\u0105 ISO 7056:1981 (E). Autoklawowalna &#8211; mo\u017cliwo\u015b\u0107 sterylizacji w autoklawie w temperaturze 121\u00b0C. Przeznaczona do codziennego u\u017cytku. Wykorzystywana np. do odmierzania substancji chemicznych, sporz\u0105dzania roztwor\u00f3w, przelewania, rozpuszczania cieczy. \u0141atwa do czyszczenia. Zlewki tej samej [&hellip;]\" \/>\n<meta property=\"og:url\" content=\"https:\/\/labema.pl\/?product=zlewka-niska-z-wylewem-pp\" \/>\n<meta property=\"og:site_name\" content=\"Labema\" \/>\n<meta property=\"article:modified_time\" content=\"2025-07-07T13:27:45+00:00\" \/>\n<meta property=\"og:image\" content=\"https:\/\/labema.pl\/wp-content\/uploads\/Zlewka_PP_niebieska_skala.jpg\" \/>\n\t<meta property=\"og:image:width\" content=\"798\" \/>\n\t<meta property=\"og:image:height\" content=\"600\" \/>\n\t<meta property=\"og:image:type\" content=\"image\/jpeg\" \/>\n<meta name=\"twitter:card\" content=\"summary_large_image\" \/>\n<meta name=\"twitter:label1\" content=\"Szacowany czas czytania\" \/>\n\t<meta name=\"twitter:data1\" content=\"1 minuta\" \/>\n<script type=\"application\/ld+json\" class=\"yoast-schema-graph\">{\"@context\":\"https:\/\/schema.org\",\"@graph\":[{\"@type\":\"WebPage\",\"@id\":\"https:\/\/labema.pl\/?product=zlewka-niska-z-wylewem-pp\",\"url\":\"https:\/\/labema.pl\/?product=zlewka-niska-z-wylewem-pp\",\"name\":\"Zlewka PP niska z wylewem i skal\u0105 niebiesk\u0105, autoklawowalna | Labema\",\"isPartOf\":{\"@id\":\"https:\/\/labema.pl\/#website\"},\"primaryImageOfPage\":{\"@id\":\"https:\/\/labema.pl\/?product=zlewka-niska-z-wylewem-pp#primaryimage\"},\"image\":{\"@id\":\"https:\/\/labema.pl\/?product=zlewka-niska-z-wylewem-pp#primaryimage\"},\"thumbnailUrl\":\"https:\/\/labema.pl\/wp-content\/uploads\/Zlewka_PP_niebieska_skala.jpg\",\"datePublished\":\"2016-09-30T22:00:02+00:00\",\"dateModified\":\"2025-07-07T13:27:45+00:00\",\"breadcrumb\":{\"@id\":\"https:\/\/labema.pl\/?product=zlewka-niska-z-wylewem-pp#breadcrumb\"},\"inLanguage\":\"pl-PL\",\"potentialAction\":[{\"@type\":\"ReadAction\",\"target\":[\"https:\/\/labema.pl\/?product=zlewka-niska-z-wylewem-pp\"]}]},{\"@type\":\"ImageObject\",\"inLanguage\":\"pl-PL\",\"@id\":\"https:\/\/labema.pl\/?product=zlewka-niska-z-wylewem-pp#primaryimage\",\"url\":\"https:\/\/labema.pl\/wp-content\/uploads\/Zlewka_PP_niebieska_skala.jpg\",\"contentUrl\":\"https:\/\/labema.pl\/wp-content\/uploads\/Zlewka_PP_niebieska_skala.jpg\",\"width\":798,\"height\":600,\"caption\":\"Zlewka PP, niebieska skala\"},{\"@type\":\"BreadcrumbList\",\"@id\":\"https:\/\/labema.pl\/?product=zlewka-niska-z-wylewem-pp#breadcrumb\",\"itemListElement\":[{\"@type\":\"ListItem\",\"position\":1,\"name\":\"Strona g\u0142\u00f3wna\",\"item\":\"https:\/\/labema.pl\/\"},{\"@type\":\"ListItem\",\"position\":2,\"name\":\"e-Katalog\",\"item\":\"https:\/\/labema.pl\/?page_id=225\"},{\"@type\":\"ListItem\",\"position\":3,\"name\":\"Zlewka PP niska z wylewem i skal\u0105 niebiesk\u0105, autoklawowalna\"}]},{\"@type\":\"WebSite\",\"@id\":\"https:\/\/labema.pl\/#website\",\"url\":\"https:\/\/labema.pl\/\",\"name\":\"Labema\",\"description\":\"Wyposa\u017cenie laboratorium\",\"publisher\":{\"@id\":\"https:\/\/labema.pl\/#organization\"},\"potentialAction\":[{\"@type\":\"SearchAction\",\"target\":{\"@type\":\"EntryPoint\",\"urlTemplate\":\"https:\/\/labema.pl\/?s={search_term_string}\"},\"query-input\":{\"@type\":\"PropertyValueSpecification\",\"valueRequired\":true,\"valueName\":\"search_term_string\"}}],\"inLanguage\":\"pl-PL\"},{\"@type\":\"Organization\",\"@id\":\"https:\/\/labema.pl\/#organization\",\"name\":\"Labema\",\"url\":\"https:\/\/labema.pl\/\",\"logo\":{\"@type\":\"ImageObject\",\"inLanguage\":\"pl-PL\",\"@id\":\"https:\/\/labema.pl\/#\/schema\/logo\/image\/\",\"url\":\"https:\/\/labema.pl\/wp-content\/uploads\/2016\/04\/labema.jpg\",\"contentUrl\":\"https:\/\/labema.pl\/wp-content\/uploads\/2016\/04\/labema.jpg\",\"width\":875,\"height\":220,\"caption\":\"Labema\"},\"image\":{\"@id\":\"https:\/\/labema.pl\/#\/schema\/logo\/image\/\"}}]}<\/script>\n<!-- \/ Yoast SEO plugin. -->","yoast_head_json":{"title":"Zlewka PP niska z wylewem i skal\u0105 niebiesk\u0105, autoklawowalna | Labema","robots":{"index":"index","follow":"follow","max-snippet":"max-snippet:-1","max-image-preview":"max-image-preview:large","max-video-preview":"max-video-preview:-1"},"canonical":"https:\/\/labema.pl\/?product=zlewka-niska-z-wylewem-pp","og_locale":"pl_PL","og_type":"article","og_title":"Zlewka PP niska z wylewem i skal\u0105 niebiesk\u0105, autoklawowalna | Labema","og_description":"Zlewka PP z wylewem niska. Posiada wyra\u017an\u0105, niebiesk\u0105, nadrukowan\u0105 skal\u0119. Wykonana z czystego polipropylenu. Charakteryzuj\u0119 si\u0119 doskona\u0142\u0105 odporno\u015bci\u0105 chemiczn\u0105. Zgodna z norm\u0105 ISO 7056:1981 (E). Autoklawowalna &#8211; mo\u017cliwo\u015b\u0107 sterylizacji w autoklawie w temperaturze 121\u00b0C. Przeznaczona do codziennego u\u017cytku. Wykorzystywana np. do odmierzania substancji chemicznych, sporz\u0105dzania roztwor\u00f3w, przelewania, rozpuszczania cieczy. \u0141atwa do czyszczenia. Zlewki tej samej [&hellip;]","og_url":"https:\/\/labema.pl\/?product=zlewka-niska-z-wylewem-pp","og_site_name":"Labema","article_modified_time":"2025-07-07T13:27:45+00:00","og_image":[{"width":798,"height":600,"url":"https:\/\/labema.pl\/wp-content\/uploads\/Zlewka_PP_niebieska_skala.jpg","type":"image\/jpeg"}],"twitter_card":"summary_large_image","twitter_misc":{"Szacowany czas czytania":"1 minuta"},"schema":{"@context":"https:\/\/schema.org","@graph":[{"@type":"WebPage","@id":"https:\/\/labema.pl\/?product=zlewka-niska-z-wylewem-pp","url":"https:\/\/labema.pl\/?product=zlewka-niska-z-wylewem-pp","name":"Zlewka PP niska z wylewem i skal\u0105 niebiesk\u0105, autoklawowalna | Labema","isPartOf":{"@id":"https:\/\/labema.pl\/#website"},"primaryImageOfPage":{"@id":"https:\/\/labema.pl\/?product=zlewka-niska-z-wylewem-pp#primaryimage"},"image":{"@id":"https:\/\/labema.pl\/?product=zlewka-niska-z-wylewem-pp#primaryimage"},"thumbnailUrl":"https:\/\/labema.pl\/wp-content\/uploads\/Zlewka_PP_niebieska_skala.jpg","datePublished":"2016-09-30T22:00:02+00:00","dateModified":"2025-07-07T13:27:45+00:00","breadcrumb":{"@id":"https:\/\/labema.pl\/?product=zlewka-niska-z-wylewem-pp#breadcrumb"},"inLanguage":"pl-PL","potentialAction":[{"@type":"ReadAction","target":["https:\/\/labema.pl\/?product=zlewka-niska-z-wylewem-pp"]}]},{"@type":"ImageObject","inLanguage":"pl-PL","@id":"https:\/\/labema.pl\/?product=zlewka-niska-z-wylewem-pp#primaryimage","url":"https:\/\/labema.pl\/wp-content\/uploads\/Zlewka_PP_niebieska_skala.jpg","contentUrl":"https:\/\/labema.pl\/wp-content\/uploads\/Zlewka_PP_niebieska_skala.jpg","width":798,"height":600,"caption":"Zlewka PP, niebieska skala"},{"@type":"BreadcrumbList","@id":"https:\/\/labema.pl\/?product=zlewka-niska-z-wylewem-pp#breadcrumb","itemListElement":[{"@type":"ListItem","position":1,"name":"Strona g\u0142\u00f3wna","item":"https:\/\/labema.pl\/"},{"@type":"ListItem","position":2,"name":"e-Katalog","item":"https:\/\/labema.pl\/?page_id=225"},{"@type":"ListItem","position":3,"name":"Zlewka PP niska z wylewem i skal\u0105 niebiesk\u0105, autoklawowalna"}]},{"@type":"WebSite","@id":"https:\/\/labema.pl\/#website","url":"https:\/\/labema.pl\/","name":"Labema","description":"Wyposa\u017cenie laboratorium","publisher":{"@id":"https:\/\/labema.pl\/#organization"},"potentialAction":[{"@type":"SearchAction","target":{"@type":"EntryPoint","urlTemplate":"https:\/\/labema.pl\/?s={search_term_string}"},"query-input":{"@type":"PropertyValueSpecification","valueRequired":true,"valueName":"search_term_string"}}],"inLanguage":"pl-PL"},{"@type":"Organization","@id":"https:\/\/labema.pl\/#organization","name":"Labema","url":"https:\/\/labema.pl\/","logo":{"@type":"ImageObject","inLanguage":"pl-PL","@id":"https:\/\/labema.pl\/#\/schema\/logo\/image\/","url":"https:\/\/labema.pl\/wp-content\/uploads\/2016\/04\/labema.jpg","contentUrl":"https:\/\/labema.pl\/wp-content\/uploads\/2016\/04\/labema.jpg","width":875,"height":220,"caption":"Labema"},"image":{"@id":"https:\/\/labema.pl\/#\/schema\/logo\/image\/"}}]}},"_links":{"self":[{"href":"https:\/\/labema.pl\/index.php?rest_route=\/wp\/v2\/product\/2319","targetHints":{"allow":["GET"]}}],"collection":[{"href":"https:\/\/labema.pl\/index.php?rest_route=\/wp\/v2\/product"}],"about":[{"href":"https:\/\/labema.pl\/index.php?rest_route=\/wp\/v2\/types\/product"}],"wp:featuredmedia":[{"embeddable":true,"href":"https:\/\/labema.pl\/index.php?rest_route=\/wp\/v2\/media\/4925"}],"wp:attachment":[{"href":"https:\/\/labema.pl\/index.php?rest_route=%2Fwp%2Fv2%2Fmedia&parent=2319"}],"wp:term":[{"taxonomy":"product_brand","embeddable":true,"href":"https:\/\/labema.pl\/index.php?rest_route=%2Fwp%2Fv2%2Fproduct_brand&post=2319"},{"taxonomy":"product_cat","embeddable":true,"href":"https:\/\/labema.pl\/index.php?rest_route=%2Fwp%2Fv2%2Fproduct_cat&post=2319"},{"taxonomy":"product_tag","embeddable":true,"href":"https:\/\/labema.pl\/index.php?rest_route=%2Fwp%2Fv2%2Fproduct_tag&post=2319"}],"curies":[{"name":"wp","href":"https:\/\/api.w.org\/{rel}","templated":true}]}}