{"id":2121,"date":"2016-10-01T00:00:57","date_gmt":"2016-09-30T22:00:57","guid":{"rendered":"http:\/\/labema.pl\/?product=barwiacz-pionowy-coplin"},"modified":"2024-10-06T18:17:23","modified_gmt":"2024-10-06T16:17:23","slug":"barwiacz-pionowy-coplina","status":"publish","type":"product","link":"https:\/\/labema.pl\/?product=barwiacz-pionowy-coplina","title":{"rendered":"Barwiacz pionowy Coplina, PP"},"content":{"rendered":"<p align=\"justify\">Barwiacz Coplina, pionowy. Wykonany z wysokiej jako\u015bci PP. Przystosowany na 10 szkie\u0142ek mikroskopowych 2,54&#215;7,62cm. Pokrywka na gwint zapewnia szczelno\u015b\u0107 i ochron\u0119 preparat\u00f3w mikroskopowych przed zanieczyszczeniem. Przeznaczony do barwienia szkie\u0142ek mikroskopowych. <\/p>\n<p>Numer katalogowy: 62101<\/p>\n<p>Coplin Staining Jar, PP<\/p>\n","protected":false},"excerpt":{"rendered":"<p><font color=\"#00CC00\"><b>W magazynie<\/b><\/font><\/p>\n","protected":false},"featured_media":2814,"template":"","meta":{"_et_pb_use_builder":"","_et_pb_old_content":"","_et_gb_content_width":""},"product_brand":[],"product_cat":[63],"product_tag":[],"class_list":{"0":"post-2121","1":"product","2":"type-product","3":"status-publish","4":"has-post-thumbnail","6":"product_cat-pozostale-plastiki-laboratoryjne","7":"product_shipping_class-plastiki_labema","9":"first","10":"instock","11":"taxable","12":"shipping-taxable","13":"purchasable","14":"product-type-simple"},"yoast_head":"<!-- This site is optimized with the Yoast SEO plugin v26.7 - https:\/\/yoast.com\/wordpress\/plugins\/seo\/ -->\n<title>Barwiacz pionowy Coplina, PP | Labema<\/title>\n<meta name=\"robots\" content=\"index, follow, max-snippet:-1, max-image-preview:large, max-video-preview:-1\" \/>\n<link rel=\"canonical\" href=\"https:\/\/labema.pl\/?product=barwiacz-pionowy-coplina\" \/>\n<meta property=\"og:locale\" content=\"pl_PL\" \/>\n<meta property=\"og:type\" content=\"article\" \/>\n<meta property=\"og:title\" content=\"Barwiacz pionowy Coplina, PP | Labema\" \/>\n<meta property=\"og:description\" content=\"W magazynie\" \/>\n<meta property=\"og:url\" content=\"https:\/\/labema.pl\/?product=barwiacz-pionowy-coplina\" \/>\n<meta property=\"og:site_name\" content=\"Labema\" \/>\n<meta property=\"article:modified_time\" content=\"2024-10-06T16:17:23+00:00\" \/>\n<meta property=\"og:image\" content=\"https:\/\/labema.pl\/wp-content\/uploads\/2016\/10\/Barwiacz_pionowy_Coplina.jpg\" \/>\n\t<meta property=\"og:image:width\" content=\"534\" \/>\n\t<meta property=\"og:image:height\" content=\"400\" \/>\n\t<meta property=\"og:image:type\" content=\"image\/jpeg\" \/>\n<meta name=\"twitter:card\" content=\"summary_large_image\" \/>\n<script type=\"application\/ld+json\" class=\"yoast-schema-graph\">{\"@context\":\"https:\/\/schema.org\",\"@graph\":[{\"@type\":\"WebPage\",\"@id\":\"https:\/\/labema.pl\/?product=barwiacz-pionowy-coplina\",\"url\":\"https:\/\/labema.pl\/?product=barwiacz-pionowy-coplina\",\"name\":\"Barwiacz pionowy Coplina, PP | Labema\",\"isPartOf\":{\"@id\":\"https:\/\/labema.pl\/#website\"},\"primaryImageOfPage\":{\"@id\":\"https:\/\/labema.pl\/?product=barwiacz-pionowy-coplina#primaryimage\"},\"image\":{\"@id\":\"https:\/\/labema.pl\/?product=barwiacz-pionowy-coplina#primaryimage\"},\"thumbnailUrl\":\"https:\/\/labema.pl\/wp-content\/uploads\/2016\/10\/Barwiacz_pionowy_Coplina.jpg\",\"datePublished\":\"2016-09-30T22:00:57+00:00\",\"dateModified\":\"2024-10-06T16:17:23+00:00\",\"breadcrumb\":{\"@id\":\"https:\/\/labema.pl\/?product=barwiacz-pionowy-coplina#breadcrumb\"},\"inLanguage\":\"pl-PL\",\"potentialAction\":[{\"@type\":\"ReadAction\",\"target\":[\"https:\/\/labema.pl\/?product=barwiacz-pionowy-coplina\"]}]},{\"@type\":\"ImageObject\",\"inLanguage\":\"pl-PL\",\"@id\":\"https:\/\/labema.pl\/?product=barwiacz-pionowy-coplina#primaryimage\",\"url\":\"https:\/\/labema.pl\/wp-content\/uploads\/2016\/10\/Barwiacz_pionowy_Coplina.jpg\",\"contentUrl\":\"https:\/\/labema.pl\/wp-content\/uploads\/2016\/10\/Barwiacz_pionowy_Coplina.jpg\",\"width\":534,\"height\":400},{\"@type\":\"BreadcrumbList\",\"@id\":\"https:\/\/labema.pl\/?product=barwiacz-pionowy-coplina#breadcrumb\",\"itemListElement\":[{\"@type\":\"ListItem\",\"position\":1,\"name\":\"Strona g\u0142\u00f3wna\",\"item\":\"https:\/\/labema.pl\/\"},{\"@type\":\"ListItem\",\"position\":2,\"name\":\"e-Katalog\",\"item\":\"https:\/\/labema.pl\/?page_id=225\"},{\"@type\":\"ListItem\",\"position\":3,\"name\":\"Barwiacz pionowy Coplina, PP\"}]},{\"@type\":\"WebSite\",\"@id\":\"https:\/\/labema.pl\/#website\",\"url\":\"https:\/\/labema.pl\/\",\"name\":\"Labema\",\"description\":\"Wyposa\u017cenie laboratorium\",\"publisher\":{\"@id\":\"https:\/\/labema.pl\/#organization\"},\"potentialAction\":[{\"@type\":\"SearchAction\",\"target\":{\"@type\":\"EntryPoint\",\"urlTemplate\":\"https:\/\/labema.pl\/?s={search_term_string}\"},\"query-input\":{\"@type\":\"PropertyValueSpecification\",\"valueRequired\":true,\"valueName\":\"search_term_string\"}}],\"inLanguage\":\"pl-PL\"},{\"@type\":\"Organization\",\"@id\":\"https:\/\/labema.pl\/#organization\",\"name\":\"Labema\",\"url\":\"https:\/\/labema.pl\/\",\"logo\":{\"@type\":\"ImageObject\",\"inLanguage\":\"pl-PL\",\"@id\":\"https:\/\/labema.pl\/#\/schema\/logo\/image\/\",\"url\":\"https:\/\/labema.pl\/wp-content\/uploads\/2016\/04\/labema.jpg\",\"contentUrl\":\"https:\/\/labema.pl\/wp-content\/uploads\/2016\/04\/labema.jpg\",\"width\":875,\"height\":220,\"caption\":\"Labema\"},\"image\":{\"@id\":\"https:\/\/labema.pl\/#\/schema\/logo\/image\/\"}}]}<\/script>\n<!-- \/ Yoast SEO plugin. -->","yoast_head_json":{"title":"Barwiacz pionowy Coplina, PP | Labema","robots":{"index":"index","follow":"follow","max-snippet":"max-snippet:-1","max-image-preview":"max-image-preview:large","max-video-preview":"max-video-preview:-1"},"canonical":"https:\/\/labema.pl\/?product=barwiacz-pionowy-coplina","og_locale":"pl_PL","og_type":"article","og_title":"Barwiacz pionowy Coplina, PP | Labema","og_description":"W magazynie","og_url":"https:\/\/labema.pl\/?product=barwiacz-pionowy-coplina","og_site_name":"Labema","article_modified_time":"2024-10-06T16:17:23+00:00","og_image":[{"width":534,"height":400,"url":"https:\/\/labema.pl\/wp-content\/uploads\/2016\/10\/Barwiacz_pionowy_Coplina.jpg","type":"image\/jpeg"}],"twitter_card":"summary_large_image","schema":{"@context":"https:\/\/schema.org","@graph":[{"@type":"WebPage","@id":"https:\/\/labema.pl\/?product=barwiacz-pionowy-coplina","url":"https:\/\/labema.pl\/?product=barwiacz-pionowy-coplina","name":"Barwiacz pionowy Coplina, PP | Labema","isPartOf":{"@id":"https:\/\/labema.pl\/#website"},"primaryImageOfPage":{"@id":"https:\/\/labema.pl\/?product=barwiacz-pionowy-coplina#primaryimage"},"image":{"@id":"https:\/\/labema.pl\/?product=barwiacz-pionowy-coplina#primaryimage"},"thumbnailUrl":"https:\/\/labema.pl\/wp-content\/uploads\/2016\/10\/Barwiacz_pionowy_Coplina.jpg","datePublished":"2016-09-30T22:00:57+00:00","dateModified":"2024-10-06T16:17:23+00:00","breadcrumb":{"@id":"https:\/\/labema.pl\/?product=barwiacz-pionowy-coplina#breadcrumb"},"inLanguage":"pl-PL","potentialAction":[{"@type":"ReadAction","target":["https:\/\/labema.pl\/?product=barwiacz-pionowy-coplina"]}]},{"@type":"ImageObject","inLanguage":"pl-PL","@id":"https:\/\/labema.pl\/?product=barwiacz-pionowy-coplina#primaryimage","url":"https:\/\/labema.pl\/wp-content\/uploads\/2016\/10\/Barwiacz_pionowy_Coplina.jpg","contentUrl":"https:\/\/labema.pl\/wp-content\/uploads\/2016\/10\/Barwiacz_pionowy_Coplina.jpg","width":534,"height":400},{"@type":"BreadcrumbList","@id":"https:\/\/labema.pl\/?product=barwiacz-pionowy-coplina#breadcrumb","itemListElement":[{"@type":"ListItem","position":1,"name":"Strona g\u0142\u00f3wna","item":"https:\/\/labema.pl\/"},{"@type":"ListItem","position":2,"name":"e-Katalog","item":"https:\/\/labema.pl\/?page_id=225"},{"@type":"ListItem","position":3,"name":"Barwiacz pionowy Coplina, PP"}]},{"@type":"WebSite","@id":"https:\/\/labema.pl\/#website","url":"https:\/\/labema.pl\/","name":"Labema","description":"Wyposa\u017cenie laboratorium","publisher":{"@id":"https:\/\/labema.pl\/#organization"},"potentialAction":[{"@type":"SearchAction","target":{"@type":"EntryPoint","urlTemplate":"https:\/\/labema.pl\/?s={search_term_string}"},"query-input":{"@type":"PropertyValueSpecification","valueRequired":true,"valueName":"search_term_string"}}],"inLanguage":"pl-PL"},{"@type":"Organization","@id":"https:\/\/labema.pl\/#organization","name":"Labema","url":"https:\/\/labema.pl\/","logo":{"@type":"ImageObject","inLanguage":"pl-PL","@id":"https:\/\/labema.pl\/#\/schema\/logo\/image\/","url":"https:\/\/labema.pl\/wp-content\/uploads\/2016\/04\/labema.jpg","contentUrl":"https:\/\/labema.pl\/wp-content\/uploads\/2016\/04\/labema.jpg","width":875,"height":220,"caption":"Labema"},"image":{"@id":"https:\/\/labema.pl\/#\/schema\/logo\/image\/"}}]}},"_links":{"self":[{"href":"https:\/\/labema.pl\/index.php?rest_route=\/wp\/v2\/product\/2121","targetHints":{"allow":["GET"]}}],"collection":[{"href":"https:\/\/labema.pl\/index.php?rest_route=\/wp\/v2\/product"}],"about":[{"href":"https:\/\/labema.pl\/index.php?rest_route=\/wp\/v2\/types\/product"}],"wp:featuredmedia":[{"embeddable":true,"href":"https:\/\/labema.pl\/index.php?rest_route=\/wp\/v2\/media\/2814"}],"wp:attachment":[{"href":"https:\/\/labema.pl\/index.php?rest_route=%2Fwp%2Fv2%2Fmedia&parent=2121"}],"wp:term":[{"taxonomy":"product_brand","embeddable":true,"href":"https:\/\/labema.pl\/index.php?rest_route=%2Fwp%2Fv2%2Fproduct_brand&post=2121"},{"taxonomy":"product_cat","embeddable":true,"href":"https:\/\/labema.pl\/index.php?rest_route=%2Fwp%2Fv2%2Fproduct_cat&post=2121"},{"taxonomy":"product_tag","embeddable":true,"href":"https:\/\/labema.pl\/index.php?rest_route=%2Fwp%2Fv2%2Fproduct_tag&post=2121"}],"curies":[{"name":"wp","href":"https:\/\/api.w.org\/{rel}","templated":true}]}}