{"id":2090,"date":"2016-10-01T00:00:00","date_gmt":"2016-09-30T22:00:00","guid":{"rendered":"http:\/\/labema.pl\/?product=kriopudelko-na-probowki-reakcyjne-152ml-81-miejscowe"},"modified":"2022-01-04T09:24:32","modified_gmt":"2022-01-04T08:24:32","slug":"kriopudelko-na-probowki-reakcyjne-81-miejscowe","status":"publish","type":"product","link":"https:\/\/labema.pl\/?product=kriopudelko-na-probowki-reakcyjne-81-miejscowe","title":{"rendered":"Kriopude\u0142ko na prob\u00f3wki reakcyjne o poj. 1,5\/2&nbsp;ml, 81-miejscowe"},"content":{"rendered":"<p align=\"justify\">Pude\u0142ko wykonane z PP. Przeznaczone na prob\u00f3wki reakcyjne 1,5\/2 ml, 9&#215;9 rz\u0119dowe. Z przezroczyst\u0105, szczeln\u0105 pokrywk\u0105 na zawiasach, kt\u00f3ra pozwala na szybk\u0105 identyfikacje pr\u00f3bek. Mo\u017cliwo\u015b\u0107 uk\u0142adania pude\u0142ek pi\u0119trowo. Przystosowane do zamra\u017cania i autoklawowania. Odporne na temp. od -90\u00b0C do +121\u00b0C. Wymiary (d\u0142. x szer. x wys.): 141x141x58 mm. Dost\u0119pne w kolorach: niebieski, \u017c\u00f3\u0142ty, pomara\u0144czowy, czerwony, zielony.<\/p>\n<p>Numer katalogowy: T212060<\/p>\n<p>Producent: Tarsons (Indie)<\/p>\n<p>Freezer Box 81 places, PP<\/p>\n","protected":false},"excerpt":{"rendered":"<p>Pude\u0142ko wykonane z PP. Przeznaczone na prob\u00f3wki reakcyjne 1,5\/2 ml, 9&#215;9 rz\u0119dowe. Z przezroczyst\u0105, szczeln\u0105 pokrywk\u0105 na zawiasach, kt\u00f3ra pozwala na szybk\u0105 identyfikacje pr\u00f3bek. Mo\u017cliwo\u015b\u0107 uk\u0142adania pude\u0142ek pi\u0119trowo. Przystosowane do zamra\u017cania i autoklawowania. Odporne na temp. od -90\u00b0C do +121\u00b0C. Wymiary (d\u0142. x szer. x wys.): 141x141x58 mm. Dost\u0119pne w kolorach: niebieski, \u017c\u00f3\u0142ty, pomara\u0144czowy, czerwony, [&hellip;]<\/p>\n","protected":false},"featured_media":2828,"template":"","meta":{"_et_pb_use_builder":"","_et_pb_old_content":"","_et_gb_content_width":""},"product_brand":[],"product_cat":[60],"product_tag":[],"class_list":{"0":"post-2090","1":"product","2":"type-product","3":"status-publish","4":"has-post-thumbnail","6":"product_cat-pudelka","7":"product_shipping_class-plastiki_labema","9":"first","10":"outofstock","11":"taxable","12":"shipping-taxable","13":"purchasable","14":"product-type-variable"},"yoast_head":"<!-- This site is optimized with the Yoast SEO plugin v26.7 - https:\/\/yoast.com\/wordpress\/plugins\/seo\/ -->\n<title>Kriopude\u0142ko na prob\u00f3wki reakcyjne o poj. 1,5\/2&nbsp;ml, 81-miejscowe | Labema<\/title>\n<meta name=\"robots\" content=\"index, follow, max-snippet:-1, max-image-preview:large, max-video-preview:-1\" \/>\n<link rel=\"canonical\" href=\"https:\/\/labema.pl\/?product=kriopudelko-na-probowki-reakcyjne-81-miejscowe\" \/>\n<meta property=\"og:locale\" content=\"pl_PL\" \/>\n<meta property=\"og:type\" content=\"article\" \/>\n<meta property=\"og:title\" content=\"Kriopude\u0142ko na prob\u00f3wki reakcyjne o poj. 1,5\/2&nbsp;ml, 81-miejscowe | Labema\" \/>\n<meta property=\"og:description\" content=\"Pude\u0142ko wykonane z PP. Przeznaczone na prob\u00f3wki reakcyjne 1,5\/2 ml, 9&#215;9 rz\u0119dowe. Z przezroczyst\u0105, szczeln\u0105 pokrywk\u0105 na zawiasach, kt\u00f3ra pozwala na szybk\u0105 identyfikacje pr\u00f3bek. Mo\u017cliwo\u015b\u0107 uk\u0142adania pude\u0142ek pi\u0119trowo. Przystosowane do zamra\u017cania i autoklawowania. Odporne na temp. od -90\u00b0C do +121\u00b0C. Wymiary (d\u0142. x szer. x wys.): 141x141x58 mm. Dost\u0119pne w kolorach: niebieski, \u017c\u00f3\u0142ty, pomara\u0144czowy, czerwony, [&hellip;]\" \/>\n<meta property=\"og:url\" content=\"https:\/\/labema.pl\/?product=kriopudelko-na-probowki-reakcyjne-81-miejscowe\" \/>\n<meta property=\"og:site_name\" content=\"Labema\" \/>\n<meta property=\"article:modified_time\" content=\"2022-01-04T08:24:32+00:00\" \/>\n<meta property=\"og:image\" content=\"https:\/\/labema.pl\/wp-content\/uploads\/2016\/10\/Kriopudelko_na_probowki_reakcyjne.jpg\" \/>\n\t<meta property=\"og:image:width\" content=\"534\" \/>\n\t<meta property=\"og:image:height\" content=\"400\" \/>\n\t<meta property=\"og:image:type\" content=\"image\/jpeg\" \/>\n<meta name=\"twitter:card\" content=\"summary_large_image\" \/>\n<script type=\"application\/ld+json\" class=\"yoast-schema-graph\">{\"@context\":\"https:\/\/schema.org\",\"@graph\":[{\"@type\":\"WebPage\",\"@id\":\"https:\/\/labema.pl\/?product=kriopudelko-na-probowki-reakcyjne-81-miejscowe\",\"url\":\"https:\/\/labema.pl\/?product=kriopudelko-na-probowki-reakcyjne-81-miejscowe\",\"name\":\"Kriopude\u0142ko na prob\u00f3wki reakcyjne o poj. 1,5\/2&nbsp;ml, 81-miejscowe | Labema\",\"isPartOf\":{\"@id\":\"https:\/\/labema.pl\/#website\"},\"primaryImageOfPage\":{\"@id\":\"https:\/\/labema.pl\/?product=kriopudelko-na-probowki-reakcyjne-81-miejscowe#primaryimage\"},\"image\":{\"@id\":\"https:\/\/labema.pl\/?product=kriopudelko-na-probowki-reakcyjne-81-miejscowe#primaryimage\"},\"thumbnailUrl\":\"https:\/\/labema.pl\/wp-content\/uploads\/2016\/10\/Kriopudelko_na_probowki_reakcyjne.jpg\",\"datePublished\":\"2016-09-30T22:00:00+00:00\",\"dateModified\":\"2022-01-04T08:24:32+00:00\",\"breadcrumb\":{\"@id\":\"https:\/\/labema.pl\/?product=kriopudelko-na-probowki-reakcyjne-81-miejscowe#breadcrumb\"},\"inLanguage\":\"pl-PL\",\"potentialAction\":[{\"@type\":\"ReadAction\",\"target\":[\"https:\/\/labema.pl\/?product=kriopudelko-na-probowki-reakcyjne-81-miejscowe\"]}]},{\"@type\":\"ImageObject\",\"inLanguage\":\"pl-PL\",\"@id\":\"https:\/\/labema.pl\/?product=kriopudelko-na-probowki-reakcyjne-81-miejscowe#primaryimage\",\"url\":\"https:\/\/labema.pl\/wp-content\/uploads\/2016\/10\/Kriopudelko_na_probowki_reakcyjne.jpg\",\"contentUrl\":\"https:\/\/labema.pl\/wp-content\/uploads\/2016\/10\/Kriopudelko_na_probowki_reakcyjne.jpg\",\"width\":534,\"height\":400},{\"@type\":\"BreadcrumbList\",\"@id\":\"https:\/\/labema.pl\/?product=kriopudelko-na-probowki-reakcyjne-81-miejscowe#breadcrumb\",\"itemListElement\":[{\"@type\":\"ListItem\",\"position\":1,\"name\":\"Strona g\u0142\u00f3wna\",\"item\":\"https:\/\/labema.pl\/\"},{\"@type\":\"ListItem\",\"position\":2,\"name\":\"e-Katalog\",\"item\":\"https:\/\/labema.pl\/?page_id=225\"},{\"@type\":\"ListItem\",\"position\":3,\"name\":\"Kriopude\u0142ko na prob\u00f3wki reakcyjne o poj. 1,5\/2&nbsp;ml, 81-miejscowe\"}]},{\"@type\":\"WebSite\",\"@id\":\"https:\/\/labema.pl\/#website\",\"url\":\"https:\/\/labema.pl\/\",\"name\":\"Labema\",\"description\":\"Wyposa\u017cenie laboratorium\",\"publisher\":{\"@id\":\"https:\/\/labema.pl\/#organization\"},\"potentialAction\":[{\"@type\":\"SearchAction\",\"target\":{\"@type\":\"EntryPoint\",\"urlTemplate\":\"https:\/\/labema.pl\/?s={search_term_string}\"},\"query-input\":{\"@type\":\"PropertyValueSpecification\",\"valueRequired\":true,\"valueName\":\"search_term_string\"}}],\"inLanguage\":\"pl-PL\"},{\"@type\":\"Organization\",\"@id\":\"https:\/\/labema.pl\/#organization\",\"name\":\"Labema\",\"url\":\"https:\/\/labema.pl\/\",\"logo\":{\"@type\":\"ImageObject\",\"inLanguage\":\"pl-PL\",\"@id\":\"https:\/\/labema.pl\/#\/schema\/logo\/image\/\",\"url\":\"https:\/\/labema.pl\/wp-content\/uploads\/2016\/04\/labema.jpg\",\"contentUrl\":\"https:\/\/labema.pl\/wp-content\/uploads\/2016\/04\/labema.jpg\",\"width\":875,\"height\":220,\"caption\":\"Labema\"},\"image\":{\"@id\":\"https:\/\/labema.pl\/#\/schema\/logo\/image\/\"}}]}<\/script>\n<!-- \/ Yoast SEO plugin. -->","yoast_head_json":{"title":"Kriopude\u0142ko na prob\u00f3wki reakcyjne o poj. 1,5\/2&nbsp;ml, 81-miejscowe | Labema","robots":{"index":"index","follow":"follow","max-snippet":"max-snippet:-1","max-image-preview":"max-image-preview:large","max-video-preview":"max-video-preview:-1"},"canonical":"https:\/\/labema.pl\/?product=kriopudelko-na-probowki-reakcyjne-81-miejscowe","og_locale":"pl_PL","og_type":"article","og_title":"Kriopude\u0142ko na prob\u00f3wki reakcyjne o poj. 1,5\/2&nbsp;ml, 81-miejscowe | Labema","og_description":"Pude\u0142ko wykonane z PP. Przeznaczone na prob\u00f3wki reakcyjne 1,5\/2 ml, 9&#215;9 rz\u0119dowe. Z przezroczyst\u0105, szczeln\u0105 pokrywk\u0105 na zawiasach, kt\u00f3ra pozwala na szybk\u0105 identyfikacje pr\u00f3bek. Mo\u017cliwo\u015b\u0107 uk\u0142adania pude\u0142ek pi\u0119trowo. Przystosowane do zamra\u017cania i autoklawowania. Odporne na temp. od -90\u00b0C do +121\u00b0C. Wymiary (d\u0142. x szer. x wys.): 141x141x58 mm. Dost\u0119pne w kolorach: niebieski, \u017c\u00f3\u0142ty, pomara\u0144czowy, czerwony, [&hellip;]","og_url":"https:\/\/labema.pl\/?product=kriopudelko-na-probowki-reakcyjne-81-miejscowe","og_site_name":"Labema","article_modified_time":"2022-01-04T08:24:32+00:00","og_image":[{"width":534,"height":400,"url":"https:\/\/labema.pl\/wp-content\/uploads\/2016\/10\/Kriopudelko_na_probowki_reakcyjne.jpg","type":"image\/jpeg"}],"twitter_card":"summary_large_image","schema":{"@context":"https:\/\/schema.org","@graph":[{"@type":"WebPage","@id":"https:\/\/labema.pl\/?product=kriopudelko-na-probowki-reakcyjne-81-miejscowe","url":"https:\/\/labema.pl\/?product=kriopudelko-na-probowki-reakcyjne-81-miejscowe","name":"Kriopude\u0142ko na prob\u00f3wki reakcyjne o poj. 1,5\/2&nbsp;ml, 81-miejscowe | Labema","isPartOf":{"@id":"https:\/\/labema.pl\/#website"},"primaryImageOfPage":{"@id":"https:\/\/labema.pl\/?product=kriopudelko-na-probowki-reakcyjne-81-miejscowe#primaryimage"},"image":{"@id":"https:\/\/labema.pl\/?product=kriopudelko-na-probowki-reakcyjne-81-miejscowe#primaryimage"},"thumbnailUrl":"https:\/\/labema.pl\/wp-content\/uploads\/2016\/10\/Kriopudelko_na_probowki_reakcyjne.jpg","datePublished":"2016-09-30T22:00:00+00:00","dateModified":"2022-01-04T08:24:32+00:00","breadcrumb":{"@id":"https:\/\/labema.pl\/?product=kriopudelko-na-probowki-reakcyjne-81-miejscowe#breadcrumb"},"inLanguage":"pl-PL","potentialAction":[{"@type":"ReadAction","target":["https:\/\/labema.pl\/?product=kriopudelko-na-probowki-reakcyjne-81-miejscowe"]}]},{"@type":"ImageObject","inLanguage":"pl-PL","@id":"https:\/\/labema.pl\/?product=kriopudelko-na-probowki-reakcyjne-81-miejscowe#primaryimage","url":"https:\/\/labema.pl\/wp-content\/uploads\/2016\/10\/Kriopudelko_na_probowki_reakcyjne.jpg","contentUrl":"https:\/\/labema.pl\/wp-content\/uploads\/2016\/10\/Kriopudelko_na_probowki_reakcyjne.jpg","width":534,"height":400},{"@type":"BreadcrumbList","@id":"https:\/\/labema.pl\/?product=kriopudelko-na-probowki-reakcyjne-81-miejscowe#breadcrumb","itemListElement":[{"@type":"ListItem","position":1,"name":"Strona g\u0142\u00f3wna","item":"https:\/\/labema.pl\/"},{"@type":"ListItem","position":2,"name":"e-Katalog","item":"https:\/\/labema.pl\/?page_id=225"},{"@type":"ListItem","position":3,"name":"Kriopude\u0142ko na prob\u00f3wki reakcyjne o poj. 1,5\/2&nbsp;ml, 81-miejscowe"}]},{"@type":"WebSite","@id":"https:\/\/labema.pl\/#website","url":"https:\/\/labema.pl\/","name":"Labema","description":"Wyposa\u017cenie laboratorium","publisher":{"@id":"https:\/\/labema.pl\/#organization"},"potentialAction":[{"@type":"SearchAction","target":{"@type":"EntryPoint","urlTemplate":"https:\/\/labema.pl\/?s={search_term_string}"},"query-input":{"@type":"PropertyValueSpecification","valueRequired":true,"valueName":"search_term_string"}}],"inLanguage":"pl-PL"},{"@type":"Organization","@id":"https:\/\/labema.pl\/#organization","name":"Labema","url":"https:\/\/labema.pl\/","logo":{"@type":"ImageObject","inLanguage":"pl-PL","@id":"https:\/\/labema.pl\/#\/schema\/logo\/image\/","url":"https:\/\/labema.pl\/wp-content\/uploads\/2016\/04\/labema.jpg","contentUrl":"https:\/\/labema.pl\/wp-content\/uploads\/2016\/04\/labema.jpg","width":875,"height":220,"caption":"Labema"},"image":{"@id":"https:\/\/labema.pl\/#\/schema\/logo\/image\/"}}]}},"_links":{"self":[{"href":"https:\/\/labema.pl\/index.php?rest_route=\/wp\/v2\/product\/2090","targetHints":{"allow":["GET"]}}],"collection":[{"href":"https:\/\/labema.pl\/index.php?rest_route=\/wp\/v2\/product"}],"about":[{"href":"https:\/\/labema.pl\/index.php?rest_route=\/wp\/v2\/types\/product"}],"wp:featuredmedia":[{"embeddable":true,"href":"https:\/\/labema.pl\/index.php?rest_route=\/wp\/v2\/media\/2828"}],"wp:attachment":[{"href":"https:\/\/labema.pl\/index.php?rest_route=%2Fwp%2Fv2%2Fmedia&parent=2090"}],"wp:term":[{"taxonomy":"product_brand","embeddable":true,"href":"https:\/\/labema.pl\/index.php?rest_route=%2Fwp%2Fv2%2Fproduct_brand&post=2090"},{"taxonomy":"product_cat","embeddable":true,"href":"https:\/\/labema.pl\/index.php?rest_route=%2Fwp%2Fv2%2Fproduct_cat&post=2090"},{"taxonomy":"product_tag","embeddable":true,"href":"https:\/\/labema.pl\/index.php?rest_route=%2Fwp%2Fv2%2Fproduct_tag&post=2090"}],"curies":[{"name":"wp","href":"https:\/\/api.w.org\/{rel}","templated":true}]}}