{"id":2077,"date":"2016-10-01T00:00:08","date_gmt":"2016-09-30T22:00:08","guid":{"rendered":"http:\/\/labema.pl\/?product=statyw-dwustronny-na-probowki-1520-ml-oraz-05-ml"},"modified":"2023-10-14T07:02:12","modified_gmt":"2023-10-14T05:02:12","slug":"statyw-dwustronny-na-probowki-reakcyjne","status":"publish","type":"product","link":"https:\/\/labema.pl\/?product=statyw-dwustronny-na-probowki-reakcyjne","title":{"rendered":"Statyw Top-Rack 80-miejscowy na prob\u00f3wki typu Eppendorf 1,5\/2&nbsp;ml oraz 0,5&nbsp;ml &#8211; dwustronny"},"content":{"rendered":"<p align=\"justify\">Dwustronny statyw wykonany z PP. Na jednej stronie statyw przeznaczony jest na 80 prob\u00f3wek reakcyjnych o poj. 1,5\/2 ml, na drugiej stronie na 60 prob\u00f3wek o poj. 0,5 ml. Umieszczone po bokach uchwyty u\u0142atwiaj\u0105 przenoszenie pr\u00f3bek. Przystosowany do zamra\u017cania. Mo\u017cliwo\u015b\u0107 autoklawowania. Wymiary (d\u0142. x szer. x wys.): 228x67x27 mm. Dost\u0119pne kolory: \u017c\u00f3\u0142ty, pomara\u0144czowy, czerwony, zielony, niebieski.<\/p>\n<p>Numer katalogowy: T251010<br \/>\nProducent: Tarsons (Indie)<\/p>\n<p>80 well reversible rack for microtubes, PP<\/p>\n","protected":false},"excerpt":{"rendered":"<p>Dwustronny statyw wykonany z PP. Na jednej stronie statyw przeznaczony jest na 80 prob\u00f3wek reakcyjnych o poj. 1,5\/2 ml, na drugiej stronie na 60 prob\u00f3wek o poj. 0,5 ml. Umieszczone po bokach uchwyty u\u0142atwiaj\u0105 przenoszenie pr\u00f3bek. Przystosowany do zamra\u017cania. Mo\u017cliwo\u015b\u0107 autoklawowania. Wymiary (d\u0142. x szer. x wys.): 228x67x27 mm. Dost\u0119pne kolory: \u017c\u00f3\u0142ty, pomara\u0144czowy, czerwony, zielony, [&hellip;]<\/p>\n","protected":false},"featured_media":2993,"template":"","meta":{"_et_pb_use_builder":"","_et_pb_old_content":"","_et_gb_content_width":""},"product_brand":[],"product_cat":[59],"product_tag":[],"class_list":{"0":"post-2077","1":"product","2":"type-product","3":"status-publish","4":"has-post-thumbnail","6":"product_cat-statywy","7":"product_shipping_class-plastiki_labema","9":"first","10":"instock","11":"taxable","12":"shipping-taxable","13":"purchasable","14":"product-type-variable"},"yoast_head":"<!-- This site is optimized with the Yoast SEO plugin v26.7 - https:\/\/yoast.com\/wordpress\/plugins\/seo\/ -->\n<title>Statyw Top-Rack 80-miejscowy na prob\u00f3wki typu Eppendorf 1,5\/2&nbsp;ml oraz 0,5&nbsp;ml - dwustronny | Labema<\/title>\n<meta name=\"robots\" content=\"index, follow, max-snippet:-1, max-image-preview:large, max-video-preview:-1\" \/>\n<link rel=\"canonical\" href=\"https:\/\/labema.pl\/?product=statyw-dwustronny-na-probowki-reakcyjne\" \/>\n<meta property=\"og:locale\" content=\"pl_PL\" \/>\n<meta property=\"og:type\" content=\"article\" \/>\n<meta property=\"og:title\" content=\"Statyw Top-Rack 80-miejscowy na prob\u00f3wki typu Eppendorf 1,5\/2&nbsp;ml oraz 0,5&nbsp;ml - dwustronny | Labema\" \/>\n<meta property=\"og:description\" content=\"Dwustronny statyw wykonany z PP. Na jednej stronie statyw przeznaczony jest na 80 prob\u00f3wek reakcyjnych o poj. 1,5\/2 ml, na drugiej stronie na 60 prob\u00f3wek o poj. 0,5 ml. Umieszczone po bokach uchwyty u\u0142atwiaj\u0105 przenoszenie pr\u00f3bek. Przystosowany do zamra\u017cania. Mo\u017cliwo\u015b\u0107 autoklawowania. Wymiary (d\u0142. x szer. x wys.): 228x67x27 mm. Dost\u0119pne kolory: \u017c\u00f3\u0142ty, pomara\u0144czowy, czerwony, zielony, [&hellip;]\" \/>\n<meta property=\"og:url\" content=\"https:\/\/labema.pl\/?product=statyw-dwustronny-na-probowki-reakcyjne\" \/>\n<meta property=\"og:site_name\" content=\"Labema\" \/>\n<meta property=\"article:modified_time\" content=\"2023-10-14T05:02:12+00:00\" \/>\n<meta property=\"og:image\" content=\"https:\/\/labema.pl\/wp-content\/uploads\/2016\/10\/Statyw_dwustronny_na_probowki_reakcyjne_PP.jpg\" \/>\n\t<meta property=\"og:image:width\" content=\"534\" \/>\n\t<meta property=\"og:image:height\" content=\"400\" \/>\n\t<meta property=\"og:image:type\" content=\"image\/jpeg\" \/>\n<meta name=\"twitter:card\" content=\"summary_large_image\" \/>\n<script type=\"application\/ld+json\" class=\"yoast-schema-graph\">{\"@context\":\"https:\/\/schema.org\",\"@graph\":[{\"@type\":\"WebPage\",\"@id\":\"https:\/\/labema.pl\/?product=statyw-dwustronny-na-probowki-reakcyjne\",\"url\":\"https:\/\/labema.pl\/?product=statyw-dwustronny-na-probowki-reakcyjne\",\"name\":\"Statyw Top-Rack 80-miejscowy na prob\u00f3wki typu Eppendorf 1,5\/2&nbsp;ml oraz 0,5&nbsp;ml - dwustronny | Labema\",\"isPartOf\":{\"@id\":\"https:\/\/labema.pl\/#website\"},\"primaryImageOfPage\":{\"@id\":\"https:\/\/labema.pl\/?product=statyw-dwustronny-na-probowki-reakcyjne#primaryimage\"},\"image\":{\"@id\":\"https:\/\/labema.pl\/?product=statyw-dwustronny-na-probowki-reakcyjne#primaryimage\"},\"thumbnailUrl\":\"https:\/\/labema.pl\/wp-content\/uploads\/2016\/10\/Statyw_dwustronny_na_probowki_reakcyjne_PP.jpg\",\"datePublished\":\"2016-09-30T22:00:08+00:00\",\"dateModified\":\"2023-10-14T05:02:12+00:00\",\"breadcrumb\":{\"@id\":\"https:\/\/labema.pl\/?product=statyw-dwustronny-na-probowki-reakcyjne#breadcrumb\"},\"inLanguage\":\"pl-PL\",\"potentialAction\":[{\"@type\":\"ReadAction\",\"target\":[\"https:\/\/labema.pl\/?product=statyw-dwustronny-na-probowki-reakcyjne\"]}]},{\"@type\":\"ImageObject\",\"inLanguage\":\"pl-PL\",\"@id\":\"https:\/\/labema.pl\/?product=statyw-dwustronny-na-probowki-reakcyjne#primaryimage\",\"url\":\"https:\/\/labema.pl\/wp-content\/uploads\/2016\/10\/Statyw_dwustronny_na_probowki_reakcyjne_PP.jpg\",\"contentUrl\":\"https:\/\/labema.pl\/wp-content\/uploads\/2016\/10\/Statyw_dwustronny_na_probowki_reakcyjne_PP.jpg\",\"width\":534,\"height\":400,\"caption\":\"Statyw dwustronny na prob\u00f3wki reakcyjne, PP\"},{\"@type\":\"BreadcrumbList\",\"@id\":\"https:\/\/labema.pl\/?product=statyw-dwustronny-na-probowki-reakcyjne#breadcrumb\",\"itemListElement\":[{\"@type\":\"ListItem\",\"position\":1,\"name\":\"Strona g\u0142\u00f3wna\",\"item\":\"https:\/\/labema.pl\/\"},{\"@type\":\"ListItem\",\"position\":2,\"name\":\"e-Katalog\",\"item\":\"https:\/\/labema.pl\/?page_id=225\"},{\"@type\":\"ListItem\",\"position\":3,\"name\":\"Statyw Top-Rack 80-miejscowy na prob\u00f3wki typu Eppendorf 1,5\/2&nbsp;ml oraz 0,5&nbsp;ml &#8211; dwustronny\"}]},{\"@type\":\"WebSite\",\"@id\":\"https:\/\/labema.pl\/#website\",\"url\":\"https:\/\/labema.pl\/\",\"name\":\"Labema\",\"description\":\"Wyposa\u017cenie laboratorium\",\"publisher\":{\"@id\":\"https:\/\/labema.pl\/#organization\"},\"potentialAction\":[{\"@type\":\"SearchAction\",\"target\":{\"@type\":\"EntryPoint\",\"urlTemplate\":\"https:\/\/labema.pl\/?s={search_term_string}\"},\"query-input\":{\"@type\":\"PropertyValueSpecification\",\"valueRequired\":true,\"valueName\":\"search_term_string\"}}],\"inLanguage\":\"pl-PL\"},{\"@type\":\"Organization\",\"@id\":\"https:\/\/labema.pl\/#organization\",\"name\":\"Labema\",\"url\":\"https:\/\/labema.pl\/\",\"logo\":{\"@type\":\"ImageObject\",\"inLanguage\":\"pl-PL\",\"@id\":\"https:\/\/labema.pl\/#\/schema\/logo\/image\/\",\"url\":\"https:\/\/labema.pl\/wp-content\/uploads\/2016\/04\/labema.jpg\",\"contentUrl\":\"https:\/\/labema.pl\/wp-content\/uploads\/2016\/04\/labema.jpg\",\"width\":875,\"height\":220,\"caption\":\"Labema\"},\"image\":{\"@id\":\"https:\/\/labema.pl\/#\/schema\/logo\/image\/\"}}]}<\/script>\n<!-- \/ Yoast SEO plugin. -->","yoast_head_json":{"title":"Statyw Top-Rack 80-miejscowy na prob\u00f3wki typu Eppendorf 1,5\/2&nbsp;ml oraz 0,5&nbsp;ml - dwustronny | Labema","robots":{"index":"index","follow":"follow","max-snippet":"max-snippet:-1","max-image-preview":"max-image-preview:large","max-video-preview":"max-video-preview:-1"},"canonical":"https:\/\/labema.pl\/?product=statyw-dwustronny-na-probowki-reakcyjne","og_locale":"pl_PL","og_type":"article","og_title":"Statyw Top-Rack 80-miejscowy na prob\u00f3wki typu Eppendorf 1,5\/2&nbsp;ml oraz 0,5&nbsp;ml - dwustronny | Labema","og_description":"Dwustronny statyw wykonany z PP. Na jednej stronie statyw przeznaczony jest na 80 prob\u00f3wek reakcyjnych o poj. 1,5\/2 ml, na drugiej stronie na 60 prob\u00f3wek o poj. 0,5 ml. Umieszczone po bokach uchwyty u\u0142atwiaj\u0105 przenoszenie pr\u00f3bek. Przystosowany do zamra\u017cania. Mo\u017cliwo\u015b\u0107 autoklawowania. Wymiary (d\u0142. x szer. x wys.): 228x67x27 mm. Dost\u0119pne kolory: \u017c\u00f3\u0142ty, pomara\u0144czowy, czerwony, zielony, [&hellip;]","og_url":"https:\/\/labema.pl\/?product=statyw-dwustronny-na-probowki-reakcyjne","og_site_name":"Labema","article_modified_time":"2023-10-14T05:02:12+00:00","og_image":[{"width":534,"height":400,"url":"https:\/\/labema.pl\/wp-content\/uploads\/2016\/10\/Statyw_dwustronny_na_probowki_reakcyjne_PP.jpg","type":"image\/jpeg"}],"twitter_card":"summary_large_image","schema":{"@context":"https:\/\/schema.org","@graph":[{"@type":"WebPage","@id":"https:\/\/labema.pl\/?product=statyw-dwustronny-na-probowki-reakcyjne","url":"https:\/\/labema.pl\/?product=statyw-dwustronny-na-probowki-reakcyjne","name":"Statyw Top-Rack 80-miejscowy na prob\u00f3wki typu Eppendorf 1,5\/2&nbsp;ml oraz 0,5&nbsp;ml - dwustronny | Labema","isPartOf":{"@id":"https:\/\/labema.pl\/#website"},"primaryImageOfPage":{"@id":"https:\/\/labema.pl\/?product=statyw-dwustronny-na-probowki-reakcyjne#primaryimage"},"image":{"@id":"https:\/\/labema.pl\/?product=statyw-dwustronny-na-probowki-reakcyjne#primaryimage"},"thumbnailUrl":"https:\/\/labema.pl\/wp-content\/uploads\/2016\/10\/Statyw_dwustronny_na_probowki_reakcyjne_PP.jpg","datePublished":"2016-09-30T22:00:08+00:00","dateModified":"2023-10-14T05:02:12+00:00","breadcrumb":{"@id":"https:\/\/labema.pl\/?product=statyw-dwustronny-na-probowki-reakcyjne#breadcrumb"},"inLanguage":"pl-PL","potentialAction":[{"@type":"ReadAction","target":["https:\/\/labema.pl\/?product=statyw-dwustronny-na-probowki-reakcyjne"]}]},{"@type":"ImageObject","inLanguage":"pl-PL","@id":"https:\/\/labema.pl\/?product=statyw-dwustronny-na-probowki-reakcyjne#primaryimage","url":"https:\/\/labema.pl\/wp-content\/uploads\/2016\/10\/Statyw_dwustronny_na_probowki_reakcyjne_PP.jpg","contentUrl":"https:\/\/labema.pl\/wp-content\/uploads\/2016\/10\/Statyw_dwustronny_na_probowki_reakcyjne_PP.jpg","width":534,"height":400,"caption":"Statyw dwustronny na prob\u00f3wki reakcyjne, PP"},{"@type":"BreadcrumbList","@id":"https:\/\/labema.pl\/?product=statyw-dwustronny-na-probowki-reakcyjne#breadcrumb","itemListElement":[{"@type":"ListItem","position":1,"name":"Strona g\u0142\u00f3wna","item":"https:\/\/labema.pl\/"},{"@type":"ListItem","position":2,"name":"e-Katalog","item":"https:\/\/labema.pl\/?page_id=225"},{"@type":"ListItem","position":3,"name":"Statyw Top-Rack 80-miejscowy na prob\u00f3wki typu Eppendorf 1,5\/2&nbsp;ml oraz 0,5&nbsp;ml &#8211; dwustronny"}]},{"@type":"WebSite","@id":"https:\/\/labema.pl\/#website","url":"https:\/\/labema.pl\/","name":"Labema","description":"Wyposa\u017cenie laboratorium","publisher":{"@id":"https:\/\/labema.pl\/#organization"},"potentialAction":[{"@type":"SearchAction","target":{"@type":"EntryPoint","urlTemplate":"https:\/\/labema.pl\/?s={search_term_string}"},"query-input":{"@type":"PropertyValueSpecification","valueRequired":true,"valueName":"search_term_string"}}],"inLanguage":"pl-PL"},{"@type":"Organization","@id":"https:\/\/labema.pl\/#organization","name":"Labema","url":"https:\/\/labema.pl\/","logo":{"@type":"ImageObject","inLanguage":"pl-PL","@id":"https:\/\/labema.pl\/#\/schema\/logo\/image\/","url":"https:\/\/labema.pl\/wp-content\/uploads\/2016\/04\/labema.jpg","contentUrl":"https:\/\/labema.pl\/wp-content\/uploads\/2016\/04\/labema.jpg","width":875,"height":220,"caption":"Labema"},"image":{"@id":"https:\/\/labema.pl\/#\/schema\/logo\/image\/"}}]}},"_links":{"self":[{"href":"https:\/\/labema.pl\/index.php?rest_route=\/wp\/v2\/product\/2077","targetHints":{"allow":["GET"]}}],"collection":[{"href":"https:\/\/labema.pl\/index.php?rest_route=\/wp\/v2\/product"}],"about":[{"href":"https:\/\/labema.pl\/index.php?rest_route=\/wp\/v2\/types\/product"}],"wp:featuredmedia":[{"embeddable":true,"href":"https:\/\/labema.pl\/index.php?rest_route=\/wp\/v2\/media\/2993"}],"wp:attachment":[{"href":"https:\/\/labema.pl\/index.php?rest_route=%2Fwp%2Fv2%2Fmedia&parent=2077"}],"wp:term":[{"taxonomy":"product_brand","embeddable":true,"href":"https:\/\/labema.pl\/index.php?rest_route=%2Fwp%2Fv2%2Fproduct_brand&post=2077"},{"taxonomy":"product_cat","embeddable":true,"href":"https:\/\/labema.pl\/index.php?rest_route=%2Fwp%2Fv2%2Fproduct_cat&post=2077"},{"taxonomy":"product_tag","embeddable":true,"href":"https:\/\/labema.pl\/index.php?rest_route=%2Fwp%2Fv2%2Fproduct_tag&post=2077"}],"curies":[{"name":"wp","href":"https:\/\/api.w.org\/{rel}","templated":true}]}}