{"id":2046,"date":"2016-10-01T00:00:03","date_gmt":"2016-09-30T22:00:03","guid":{"rendered":"http:\/\/labema.pl\/?product=pudelko-z-pp-na-probowki-typu-falcona-o-poj-15-ml"},"modified":"2022-01-04T09:24:33","modified_gmt":"2022-01-04T08:24:33","slug":"pudelko-z-pp-na-probowki-typu-falcon","status":"publish","type":"product","link":"https:\/\/labema.pl\/?product=pudelko-z-pp-na-probowki-typu-falcon","title":{"rendered":"Pude\u0142ko z PP na prob\u00f3wki typu Falcon"},"content":{"rendered":"<p align=\"justify\">Pude\u0142ko wykonane z PP. Przeznaczone na prob\u00f3wki typu Falcon. Z numeracj\u0105 stanowisk. Przezroczysta pokrywka pozwala na szybk\u0105 identyfikacje pr\u00f3bek. Mo\u017cliwo\u015b\u0107 autoklawowania. Wymiary (d\u0142. x szer. x wys.): 145x145x130 mm.<\/p>\n<p>Producent: Tarsons (Indie)<\/p>\n<p><span style=\"color: black; font-size: x-large;\">Specyfikacja<\/span><\/p>\n<table border=\"1\" rules=\"all\" bordercolor=\"#aaaaaa\">\n<tbody>\n<tr>\n<td colspan=\"1\" rowspan=\"1\" style=\"text-align: center;\"><strong>Nr kat.<\/strong><\/td>\n<td colspan=\"1\" rowspan=\"1\" style=\"text-align: center;\"><strong>Ilo\u015b\u0107 miejsc<\/strong><\/td>\n<td colspan=\"1\" rowspan=\"1\" style=\"text-align: center;\"><strong>Na prob\u00f3wki<\/strong><\/td>\n<\/tr>\n<tr>\n<td colspan=\"1\" rowspan=\"1\" style=\"text-align: center;\">T202090<\/td>\n<td colspan=\"1\" rowspan=\"1\" style=\"text-align: center;\">36 (6&#215;6)<\/td>\n<td colspan=\"1\" rowspan=\"1\" style=\"text-align: center;\">15 ml<\/td>\n<\/tr>\n<tr>\n<td colspan=\"1\" rowspan=\"1\" style=\"text-align: center;\">T202100<\/td>\n<td colspan=\"1\" rowspan=\"1\" style=\"text-align: center;\">16 (4&#215;4)<\/td>\n<td colspan=\"1\" rowspan=\"1\" style=\"text-align: center;\">50 ml<\/td>\n<\/tr>\n<\/tbody>\n<\/table>\n<p>Centrifuge tube box, PP<\/p>\n","protected":false},"excerpt":{"rendered":"<p>Pude\u0142ko wykonane z PP. Przeznaczone na prob\u00f3wki typu Falcon. Z numeracj\u0105 stanowisk. Przezroczysta pokrywka pozwala na szybk\u0105 identyfikacje pr\u00f3bek. Mo\u017cliwo\u015b\u0107 autoklawowania. Wymiary (d\u0142. x szer. x wys.): 145x145x130 mm. Producent: Tarsons (Indie) Specyfikacja Nr kat. Ilo\u015b\u0107 miejsc Na prob\u00f3wki T202090 36 (6&#215;6) 15 ml T202100 16 (4&#215;4) 50 ml Centrifuge tube box, PP<\/p>\n","protected":false},"featured_media":2820,"template":"","meta":{"_et_pb_use_builder":"","_et_pb_old_content":"","_et_gb_content_width":""},"product_brand":[],"product_cat":[60],"product_tag":[],"class_list":{"0":"post-2046","1":"product","2":"type-product","3":"status-publish","4":"has-post-thumbnail","6":"product_cat-pudelka","7":"product_shipping_class-plastiki_labema","9":"first","10":"outofstock","11":"taxable","12":"shipping-taxable","13":"purchasable","14":"product-type-variable"},"yoast_head":"<!-- This site is optimized with the Yoast SEO plugin v26.7 - https:\/\/yoast.com\/wordpress\/plugins\/seo\/ -->\n<title>Pude\u0142ko z PP na prob\u00f3wki typu Falcon | Labema<\/title>\n<meta name=\"robots\" content=\"index, follow, max-snippet:-1, max-image-preview:large, max-video-preview:-1\" \/>\n<link rel=\"canonical\" href=\"https:\/\/labema.pl\/?product=pudelko-z-pp-na-probowki-typu-falcon\" \/>\n<meta property=\"og:locale\" content=\"pl_PL\" \/>\n<meta property=\"og:type\" content=\"article\" \/>\n<meta property=\"og:title\" content=\"Pude\u0142ko z PP na prob\u00f3wki typu Falcon | Labema\" \/>\n<meta property=\"og:description\" content=\"Pude\u0142ko wykonane z PP. Przeznaczone na prob\u00f3wki typu Falcon. Z numeracj\u0105 stanowisk. Przezroczysta pokrywka pozwala na szybk\u0105 identyfikacje pr\u00f3bek. Mo\u017cliwo\u015b\u0107 autoklawowania. Wymiary (d\u0142. x szer. x wys.): 145x145x130 mm. Producent: Tarsons (Indie) Specyfikacja Nr kat. Ilo\u015b\u0107 miejsc Na prob\u00f3wki T202090 36 (6&#215;6) 15 ml T202100 16 (4&#215;4) 50 ml Centrifuge tube box, PP\" \/>\n<meta property=\"og:url\" content=\"https:\/\/labema.pl\/?product=pudelko-z-pp-na-probowki-typu-falcon\" \/>\n<meta property=\"og:site_name\" content=\"Labema\" \/>\n<meta property=\"article:modified_time\" content=\"2022-01-04T08:24:33+00:00\" \/>\n<meta property=\"og:image\" content=\"https:\/\/labema.pl\/wp-content\/uploads\/2016\/10\/Pudelko_na_probowki_typu_Falcon.jpg\" \/>\n\t<meta property=\"og:image:width\" content=\"534\" \/>\n\t<meta property=\"og:image:height\" content=\"400\" \/>\n\t<meta property=\"og:image:type\" content=\"image\/jpeg\" \/>\n<meta name=\"twitter:card\" content=\"summary_large_image\" \/>\n<script type=\"application\/ld+json\" class=\"yoast-schema-graph\">{\"@context\":\"https:\/\/schema.org\",\"@graph\":[{\"@type\":\"WebPage\",\"@id\":\"https:\/\/labema.pl\/?product=pudelko-z-pp-na-probowki-typu-falcon\",\"url\":\"https:\/\/labema.pl\/?product=pudelko-z-pp-na-probowki-typu-falcon\",\"name\":\"Pude\u0142ko z PP na prob\u00f3wki typu Falcon | Labema\",\"isPartOf\":{\"@id\":\"https:\/\/labema.pl\/#website\"},\"primaryImageOfPage\":{\"@id\":\"https:\/\/labema.pl\/?product=pudelko-z-pp-na-probowki-typu-falcon#primaryimage\"},\"image\":{\"@id\":\"https:\/\/labema.pl\/?product=pudelko-z-pp-na-probowki-typu-falcon#primaryimage\"},\"thumbnailUrl\":\"https:\/\/labema.pl\/wp-content\/uploads\/2016\/10\/Pudelko_na_probowki_typu_Falcon.jpg\",\"datePublished\":\"2016-09-30T22:00:03+00:00\",\"dateModified\":\"2022-01-04T08:24:33+00:00\",\"breadcrumb\":{\"@id\":\"https:\/\/labema.pl\/?product=pudelko-z-pp-na-probowki-typu-falcon#breadcrumb\"},\"inLanguage\":\"pl-PL\",\"potentialAction\":[{\"@type\":\"ReadAction\",\"target\":[\"https:\/\/labema.pl\/?product=pudelko-z-pp-na-probowki-typu-falcon\"]}]},{\"@type\":\"ImageObject\",\"inLanguage\":\"pl-PL\",\"@id\":\"https:\/\/labema.pl\/?product=pudelko-z-pp-na-probowki-typu-falcon#primaryimage\",\"url\":\"https:\/\/labema.pl\/wp-content\/uploads\/2016\/10\/Pudelko_na_probowki_typu_Falcon.jpg\",\"contentUrl\":\"https:\/\/labema.pl\/wp-content\/uploads\/2016\/10\/Pudelko_na_probowki_typu_Falcon.jpg\",\"width\":534,\"height\":400},{\"@type\":\"BreadcrumbList\",\"@id\":\"https:\/\/labema.pl\/?product=pudelko-z-pp-na-probowki-typu-falcon#breadcrumb\",\"itemListElement\":[{\"@type\":\"ListItem\",\"position\":1,\"name\":\"Strona g\u0142\u00f3wna\",\"item\":\"https:\/\/labema.pl\/\"},{\"@type\":\"ListItem\",\"position\":2,\"name\":\"e-Katalog\",\"item\":\"https:\/\/labema.pl\/?page_id=225\"},{\"@type\":\"ListItem\",\"position\":3,\"name\":\"Pude\u0142ko z PP na prob\u00f3wki typu Falcon\"}]},{\"@type\":\"WebSite\",\"@id\":\"https:\/\/labema.pl\/#website\",\"url\":\"https:\/\/labema.pl\/\",\"name\":\"Labema\",\"description\":\"Wyposa\u017cenie laboratorium\",\"publisher\":{\"@id\":\"https:\/\/labema.pl\/#organization\"},\"potentialAction\":[{\"@type\":\"SearchAction\",\"target\":{\"@type\":\"EntryPoint\",\"urlTemplate\":\"https:\/\/labema.pl\/?s={search_term_string}\"},\"query-input\":{\"@type\":\"PropertyValueSpecification\",\"valueRequired\":true,\"valueName\":\"search_term_string\"}}],\"inLanguage\":\"pl-PL\"},{\"@type\":\"Organization\",\"@id\":\"https:\/\/labema.pl\/#organization\",\"name\":\"Labema\",\"url\":\"https:\/\/labema.pl\/\",\"logo\":{\"@type\":\"ImageObject\",\"inLanguage\":\"pl-PL\",\"@id\":\"https:\/\/labema.pl\/#\/schema\/logo\/image\/\",\"url\":\"https:\/\/labema.pl\/wp-content\/uploads\/2016\/04\/labema.jpg\",\"contentUrl\":\"https:\/\/labema.pl\/wp-content\/uploads\/2016\/04\/labema.jpg\",\"width\":875,\"height\":220,\"caption\":\"Labema\"},\"image\":{\"@id\":\"https:\/\/labema.pl\/#\/schema\/logo\/image\/\"}}]}<\/script>\n<!-- \/ Yoast SEO plugin. -->","yoast_head_json":{"title":"Pude\u0142ko z PP na prob\u00f3wki typu Falcon | Labema","robots":{"index":"index","follow":"follow","max-snippet":"max-snippet:-1","max-image-preview":"max-image-preview:large","max-video-preview":"max-video-preview:-1"},"canonical":"https:\/\/labema.pl\/?product=pudelko-z-pp-na-probowki-typu-falcon","og_locale":"pl_PL","og_type":"article","og_title":"Pude\u0142ko z PP na prob\u00f3wki typu Falcon | Labema","og_description":"Pude\u0142ko wykonane z PP. Przeznaczone na prob\u00f3wki typu Falcon. Z numeracj\u0105 stanowisk. Przezroczysta pokrywka pozwala na szybk\u0105 identyfikacje pr\u00f3bek. Mo\u017cliwo\u015b\u0107 autoklawowania. Wymiary (d\u0142. x szer. x wys.): 145x145x130 mm. Producent: Tarsons (Indie) Specyfikacja Nr kat. Ilo\u015b\u0107 miejsc Na prob\u00f3wki T202090 36 (6&#215;6) 15 ml T202100 16 (4&#215;4) 50 ml Centrifuge tube box, PP","og_url":"https:\/\/labema.pl\/?product=pudelko-z-pp-na-probowki-typu-falcon","og_site_name":"Labema","article_modified_time":"2022-01-04T08:24:33+00:00","og_image":[{"width":534,"height":400,"url":"https:\/\/labema.pl\/wp-content\/uploads\/2016\/10\/Pudelko_na_probowki_typu_Falcon.jpg","type":"image\/jpeg"}],"twitter_card":"summary_large_image","schema":{"@context":"https:\/\/schema.org","@graph":[{"@type":"WebPage","@id":"https:\/\/labema.pl\/?product=pudelko-z-pp-na-probowki-typu-falcon","url":"https:\/\/labema.pl\/?product=pudelko-z-pp-na-probowki-typu-falcon","name":"Pude\u0142ko z PP na prob\u00f3wki typu Falcon | Labema","isPartOf":{"@id":"https:\/\/labema.pl\/#website"},"primaryImageOfPage":{"@id":"https:\/\/labema.pl\/?product=pudelko-z-pp-na-probowki-typu-falcon#primaryimage"},"image":{"@id":"https:\/\/labema.pl\/?product=pudelko-z-pp-na-probowki-typu-falcon#primaryimage"},"thumbnailUrl":"https:\/\/labema.pl\/wp-content\/uploads\/2016\/10\/Pudelko_na_probowki_typu_Falcon.jpg","datePublished":"2016-09-30T22:00:03+00:00","dateModified":"2022-01-04T08:24:33+00:00","breadcrumb":{"@id":"https:\/\/labema.pl\/?product=pudelko-z-pp-na-probowki-typu-falcon#breadcrumb"},"inLanguage":"pl-PL","potentialAction":[{"@type":"ReadAction","target":["https:\/\/labema.pl\/?product=pudelko-z-pp-na-probowki-typu-falcon"]}]},{"@type":"ImageObject","inLanguage":"pl-PL","@id":"https:\/\/labema.pl\/?product=pudelko-z-pp-na-probowki-typu-falcon#primaryimage","url":"https:\/\/labema.pl\/wp-content\/uploads\/2016\/10\/Pudelko_na_probowki_typu_Falcon.jpg","contentUrl":"https:\/\/labema.pl\/wp-content\/uploads\/2016\/10\/Pudelko_na_probowki_typu_Falcon.jpg","width":534,"height":400},{"@type":"BreadcrumbList","@id":"https:\/\/labema.pl\/?product=pudelko-z-pp-na-probowki-typu-falcon#breadcrumb","itemListElement":[{"@type":"ListItem","position":1,"name":"Strona g\u0142\u00f3wna","item":"https:\/\/labema.pl\/"},{"@type":"ListItem","position":2,"name":"e-Katalog","item":"https:\/\/labema.pl\/?page_id=225"},{"@type":"ListItem","position":3,"name":"Pude\u0142ko z PP na prob\u00f3wki typu Falcon"}]},{"@type":"WebSite","@id":"https:\/\/labema.pl\/#website","url":"https:\/\/labema.pl\/","name":"Labema","description":"Wyposa\u017cenie laboratorium","publisher":{"@id":"https:\/\/labema.pl\/#organization"},"potentialAction":[{"@type":"SearchAction","target":{"@type":"EntryPoint","urlTemplate":"https:\/\/labema.pl\/?s={search_term_string}"},"query-input":{"@type":"PropertyValueSpecification","valueRequired":true,"valueName":"search_term_string"}}],"inLanguage":"pl-PL"},{"@type":"Organization","@id":"https:\/\/labema.pl\/#organization","name":"Labema","url":"https:\/\/labema.pl\/","logo":{"@type":"ImageObject","inLanguage":"pl-PL","@id":"https:\/\/labema.pl\/#\/schema\/logo\/image\/","url":"https:\/\/labema.pl\/wp-content\/uploads\/2016\/04\/labema.jpg","contentUrl":"https:\/\/labema.pl\/wp-content\/uploads\/2016\/04\/labema.jpg","width":875,"height":220,"caption":"Labema"},"image":{"@id":"https:\/\/labema.pl\/#\/schema\/logo\/image\/"}}]}},"_links":{"self":[{"href":"https:\/\/labema.pl\/index.php?rest_route=\/wp\/v2\/product\/2046","targetHints":{"allow":["GET"]}}],"collection":[{"href":"https:\/\/labema.pl\/index.php?rest_route=\/wp\/v2\/product"}],"about":[{"href":"https:\/\/labema.pl\/index.php?rest_route=\/wp\/v2\/types\/product"}],"wp:featuredmedia":[{"embeddable":true,"href":"https:\/\/labema.pl\/index.php?rest_route=\/wp\/v2\/media\/2820"}],"wp:attachment":[{"href":"https:\/\/labema.pl\/index.php?rest_route=%2Fwp%2Fv2%2Fmedia&parent=2046"}],"wp:term":[{"taxonomy":"product_brand","embeddable":true,"href":"https:\/\/labema.pl\/index.php?rest_route=%2Fwp%2Fv2%2Fproduct_brand&post=2046"},{"taxonomy":"product_cat","embeddable":true,"href":"https:\/\/labema.pl\/index.php?rest_route=%2Fwp%2Fv2%2Fproduct_cat&post=2046"},{"taxonomy":"product_tag","embeddable":true,"href":"https:\/\/labema.pl\/index.php?rest_route=%2Fwp%2Fv2%2Fproduct_tag&post=2046"}],"curies":[{"name":"wp","href":"https:\/\/api.w.org\/{rel}","templated":true}]}}