{"id":1992,"date":"2016-10-01T00:00:20","date_gmt":"2016-09-30T22:00:20","guid":{"rendered":"http:\/\/labema.pl\/?product=uchwyt-do-biurety"},"modified":"2022-01-04T09:24:34","modified_gmt":"2022-01-04T08:24:34","slug":"uchwyt-do-biuret","status":"publish","type":"product","link":"https:\/\/labema.pl\/?product=uchwyt-do-biuret","title":{"rendered":"Uchwyt do biuret"},"content":{"rendered":"<p align=\"justify\">Uchwyt wykonany z polipropylenu. Spr\u0119\u017cyna umieszczona w centralnej cz\u0119\u015bci uchwytu zapewnia stabilne umocowanie biurety. Gumowe zaciski s\u0105 bezpieczne dla szklanych przyrz\u0105d\u00f3w. Podzia\u0142ka i menisk biurety s\u0105 dobrze widoczne. Mo\u017cliwo\u015b\u0107 autoklawowania. Dostawa zawiera adapter, kt\u00f3ry pozwala na zamocowanie uchwytu na statywach o r\u00f3\u017cnych \u015brednicach. Pasuje do wszystkich biuret.<\/p>\n<p><span style=\"color: black; font-size: x-large;\">Specyfikacja<\/span><\/p>\n<table border=\"1\" rules=\"all\" bordercolor=\"#aaaaaa\">\n<tbody>\n<tr>\n<td colspan=\"1\" rowspan=\"1\" style=\"text-align: center;\"><strong>Nr kat.<\/strong><\/td>\n<td colspan=\"1\" rowspan=\"1\" style=\"text-align: center;\"><strong>Typ<\/strong><\/td>\n<\/tr>\n<tr>\n<td colspan=\"1\" rowspan=\"1\" style=\"text-align: center;\">P45101<\/td>\n<td colspan=\"1\" rowspan=\"1\" style=\"text-align: center;\">pojedynczy<\/td>\n<\/tr>\n<tr>\n<td colspan=\"1\" rowspan=\"1\" style=\"text-align: center;\">P45102<\/td>\n<td colspan=\"1\" rowspan=\"1\" style=\"text-align: center;\">podw\u00f3jny<\/td>\n<\/tr>\n<\/tbody>\n<\/table>\n<p>Burette clamp<\/p>\n","protected":false},"excerpt":{"rendered":"<p>Uchwyt wykonany z polipropylenu. Spr\u0119\u017cyna umieszczona w centralnej cz\u0119\u015bci uchwytu zapewnia stabilne umocowanie biurety. Gumowe zaciski s\u0105 bezpieczne dla szklanych przyrz\u0105d\u00f3w. Podzia\u0142ka i menisk biurety s\u0105 dobrze widoczne. Mo\u017cliwo\u015b\u0107 autoklawowania. Dostawa zawiera adapter, kt\u00f3ry pozwala na zamocowanie uchwytu na statywach o r\u00f3\u017cnych \u015brednicach. Pasuje do wszystkich biuret. Specyfikacja Nr kat. Typ P45101 pojedynczy P45102 podw\u00f3jny [&hellip;]<\/p>\n","protected":false},"featured_media":2916,"template":"","meta":{"_et_pb_use_builder":"","_et_pb_old_content":"","_et_gb_content_width":""},"product_brand":[],"product_cat":[62],"product_tag":[],"class_list":{"0":"post-1992","1":"product","2":"type-product","3":"status-publish","4":"has-post-thumbnail","6":"product_cat-uchwyty","7":"product_shipping_class-plastiki_labema","9":"first","10":"instock","11":"taxable","12":"shipping-taxable","13":"purchasable","14":"product-type-variable"},"yoast_head":"<!-- This site is optimized with the Yoast SEO plugin v26.7 - https:\/\/yoast.com\/wordpress\/plugins\/seo\/ -->\n<title>Uchwyt do biuret | Labema<\/title>\n<meta name=\"robots\" content=\"index, follow, max-snippet:-1, max-image-preview:large, max-video-preview:-1\" \/>\n<link rel=\"canonical\" href=\"https:\/\/labema.pl\/?product=uchwyt-do-biuret\" \/>\n<meta property=\"og:locale\" content=\"pl_PL\" \/>\n<meta property=\"og:type\" content=\"article\" \/>\n<meta property=\"og:title\" content=\"Uchwyt do biuret | Labema\" \/>\n<meta property=\"og:description\" content=\"Uchwyt wykonany z polipropylenu. Spr\u0119\u017cyna umieszczona w centralnej cz\u0119\u015bci uchwytu zapewnia stabilne umocowanie biurety. Gumowe zaciski s\u0105 bezpieczne dla szklanych przyrz\u0105d\u00f3w. Podzia\u0142ka i menisk biurety s\u0105 dobrze widoczne. Mo\u017cliwo\u015b\u0107 autoklawowania. Dostawa zawiera adapter, kt\u00f3ry pozwala na zamocowanie uchwytu na statywach o r\u00f3\u017cnych \u015brednicach. Pasuje do wszystkich biuret. Specyfikacja Nr kat. Typ P45101 pojedynczy P45102 podw\u00f3jny [&hellip;]\" \/>\n<meta property=\"og:url\" content=\"https:\/\/labema.pl\/?product=uchwyt-do-biuret\" \/>\n<meta property=\"og:site_name\" content=\"Labema\" \/>\n<meta property=\"article:modified_time\" content=\"2022-01-04T08:24:34+00:00\" \/>\n<meta property=\"og:image\" content=\"https:\/\/labema.pl\/wp-content\/uploads\/2016\/10\/Uchwyt_do_biuret.jpg\" \/>\n\t<meta property=\"og:image:width\" content=\"534\" \/>\n\t<meta property=\"og:image:height\" content=\"400\" \/>\n\t<meta property=\"og:image:type\" content=\"image\/jpeg\" \/>\n<meta name=\"twitter:card\" content=\"summary_large_image\" \/>\n<script type=\"application\/ld+json\" class=\"yoast-schema-graph\">{\"@context\":\"https:\/\/schema.org\",\"@graph\":[{\"@type\":\"WebPage\",\"@id\":\"https:\/\/labema.pl\/?product=uchwyt-do-biuret\",\"url\":\"https:\/\/labema.pl\/?product=uchwyt-do-biuret\",\"name\":\"Uchwyt do biuret | Labema\",\"isPartOf\":{\"@id\":\"https:\/\/labema.pl\/#website\"},\"primaryImageOfPage\":{\"@id\":\"https:\/\/labema.pl\/?product=uchwyt-do-biuret#primaryimage\"},\"image\":{\"@id\":\"https:\/\/labema.pl\/?product=uchwyt-do-biuret#primaryimage\"},\"thumbnailUrl\":\"https:\/\/labema.pl\/wp-content\/uploads\/2016\/10\/Uchwyt_do_biuret.jpg\",\"datePublished\":\"2016-09-30T22:00:20+00:00\",\"dateModified\":\"2022-01-04T08:24:34+00:00\",\"breadcrumb\":{\"@id\":\"https:\/\/labema.pl\/?product=uchwyt-do-biuret#breadcrumb\"},\"inLanguage\":\"pl-PL\",\"potentialAction\":[{\"@type\":\"ReadAction\",\"target\":[\"https:\/\/labema.pl\/?product=uchwyt-do-biuret\"]}]},{\"@type\":\"ImageObject\",\"inLanguage\":\"pl-PL\",\"@id\":\"https:\/\/labema.pl\/?product=uchwyt-do-biuret#primaryimage\",\"url\":\"https:\/\/labema.pl\/wp-content\/uploads\/2016\/10\/Uchwyt_do_biuret.jpg\",\"contentUrl\":\"https:\/\/labema.pl\/wp-content\/uploads\/2016\/10\/Uchwyt_do_biuret.jpg\",\"width\":534,\"height\":400,\"caption\":\"Uchwyt do biuret\"},{\"@type\":\"BreadcrumbList\",\"@id\":\"https:\/\/labema.pl\/?product=uchwyt-do-biuret#breadcrumb\",\"itemListElement\":[{\"@type\":\"ListItem\",\"position\":1,\"name\":\"Strona g\u0142\u00f3wna\",\"item\":\"https:\/\/labema.pl\/\"},{\"@type\":\"ListItem\",\"position\":2,\"name\":\"e-Katalog\",\"item\":\"https:\/\/labema.pl\/?page_id=225\"},{\"@type\":\"ListItem\",\"position\":3,\"name\":\"Uchwyt do biuret\"}]},{\"@type\":\"WebSite\",\"@id\":\"https:\/\/labema.pl\/#website\",\"url\":\"https:\/\/labema.pl\/\",\"name\":\"Labema\",\"description\":\"Wyposa\u017cenie laboratorium\",\"publisher\":{\"@id\":\"https:\/\/labema.pl\/#organization\"},\"potentialAction\":[{\"@type\":\"SearchAction\",\"target\":{\"@type\":\"EntryPoint\",\"urlTemplate\":\"https:\/\/labema.pl\/?s={search_term_string}\"},\"query-input\":{\"@type\":\"PropertyValueSpecification\",\"valueRequired\":true,\"valueName\":\"search_term_string\"}}],\"inLanguage\":\"pl-PL\"},{\"@type\":\"Organization\",\"@id\":\"https:\/\/labema.pl\/#organization\",\"name\":\"Labema\",\"url\":\"https:\/\/labema.pl\/\",\"logo\":{\"@type\":\"ImageObject\",\"inLanguage\":\"pl-PL\",\"@id\":\"https:\/\/labema.pl\/#\/schema\/logo\/image\/\",\"url\":\"https:\/\/labema.pl\/wp-content\/uploads\/2016\/04\/labema.jpg\",\"contentUrl\":\"https:\/\/labema.pl\/wp-content\/uploads\/2016\/04\/labema.jpg\",\"width\":875,\"height\":220,\"caption\":\"Labema\"},\"image\":{\"@id\":\"https:\/\/labema.pl\/#\/schema\/logo\/image\/\"}}]}<\/script>\n<!-- \/ Yoast SEO plugin. -->","yoast_head_json":{"title":"Uchwyt do biuret | Labema","robots":{"index":"index","follow":"follow","max-snippet":"max-snippet:-1","max-image-preview":"max-image-preview:large","max-video-preview":"max-video-preview:-1"},"canonical":"https:\/\/labema.pl\/?product=uchwyt-do-biuret","og_locale":"pl_PL","og_type":"article","og_title":"Uchwyt do biuret | Labema","og_description":"Uchwyt wykonany z polipropylenu. Spr\u0119\u017cyna umieszczona w centralnej cz\u0119\u015bci uchwytu zapewnia stabilne umocowanie biurety. Gumowe zaciski s\u0105 bezpieczne dla szklanych przyrz\u0105d\u00f3w. Podzia\u0142ka i menisk biurety s\u0105 dobrze widoczne. Mo\u017cliwo\u015b\u0107 autoklawowania. Dostawa zawiera adapter, kt\u00f3ry pozwala na zamocowanie uchwytu na statywach o r\u00f3\u017cnych \u015brednicach. Pasuje do wszystkich biuret. Specyfikacja Nr kat. Typ P45101 pojedynczy P45102 podw\u00f3jny [&hellip;]","og_url":"https:\/\/labema.pl\/?product=uchwyt-do-biuret","og_site_name":"Labema","article_modified_time":"2022-01-04T08:24:34+00:00","og_image":[{"width":534,"height":400,"url":"https:\/\/labema.pl\/wp-content\/uploads\/2016\/10\/Uchwyt_do_biuret.jpg","type":"image\/jpeg"}],"twitter_card":"summary_large_image","schema":{"@context":"https:\/\/schema.org","@graph":[{"@type":"WebPage","@id":"https:\/\/labema.pl\/?product=uchwyt-do-biuret","url":"https:\/\/labema.pl\/?product=uchwyt-do-biuret","name":"Uchwyt do biuret | Labema","isPartOf":{"@id":"https:\/\/labema.pl\/#website"},"primaryImageOfPage":{"@id":"https:\/\/labema.pl\/?product=uchwyt-do-biuret#primaryimage"},"image":{"@id":"https:\/\/labema.pl\/?product=uchwyt-do-biuret#primaryimage"},"thumbnailUrl":"https:\/\/labema.pl\/wp-content\/uploads\/2016\/10\/Uchwyt_do_biuret.jpg","datePublished":"2016-09-30T22:00:20+00:00","dateModified":"2022-01-04T08:24:34+00:00","breadcrumb":{"@id":"https:\/\/labema.pl\/?product=uchwyt-do-biuret#breadcrumb"},"inLanguage":"pl-PL","potentialAction":[{"@type":"ReadAction","target":["https:\/\/labema.pl\/?product=uchwyt-do-biuret"]}]},{"@type":"ImageObject","inLanguage":"pl-PL","@id":"https:\/\/labema.pl\/?product=uchwyt-do-biuret#primaryimage","url":"https:\/\/labema.pl\/wp-content\/uploads\/2016\/10\/Uchwyt_do_biuret.jpg","contentUrl":"https:\/\/labema.pl\/wp-content\/uploads\/2016\/10\/Uchwyt_do_biuret.jpg","width":534,"height":400,"caption":"Uchwyt do biuret"},{"@type":"BreadcrumbList","@id":"https:\/\/labema.pl\/?product=uchwyt-do-biuret#breadcrumb","itemListElement":[{"@type":"ListItem","position":1,"name":"Strona g\u0142\u00f3wna","item":"https:\/\/labema.pl\/"},{"@type":"ListItem","position":2,"name":"e-Katalog","item":"https:\/\/labema.pl\/?page_id=225"},{"@type":"ListItem","position":3,"name":"Uchwyt do biuret"}]},{"@type":"WebSite","@id":"https:\/\/labema.pl\/#website","url":"https:\/\/labema.pl\/","name":"Labema","description":"Wyposa\u017cenie laboratorium","publisher":{"@id":"https:\/\/labema.pl\/#organization"},"potentialAction":[{"@type":"SearchAction","target":{"@type":"EntryPoint","urlTemplate":"https:\/\/labema.pl\/?s={search_term_string}"},"query-input":{"@type":"PropertyValueSpecification","valueRequired":true,"valueName":"search_term_string"}}],"inLanguage":"pl-PL"},{"@type":"Organization","@id":"https:\/\/labema.pl\/#organization","name":"Labema","url":"https:\/\/labema.pl\/","logo":{"@type":"ImageObject","inLanguage":"pl-PL","@id":"https:\/\/labema.pl\/#\/schema\/logo\/image\/","url":"https:\/\/labema.pl\/wp-content\/uploads\/2016\/04\/labema.jpg","contentUrl":"https:\/\/labema.pl\/wp-content\/uploads\/2016\/04\/labema.jpg","width":875,"height":220,"caption":"Labema"},"image":{"@id":"https:\/\/labema.pl\/#\/schema\/logo\/image\/"}}]}},"_links":{"self":[{"href":"https:\/\/labema.pl\/index.php?rest_route=\/wp\/v2\/product\/1992","targetHints":{"allow":["GET"]}}],"collection":[{"href":"https:\/\/labema.pl\/index.php?rest_route=\/wp\/v2\/product"}],"about":[{"href":"https:\/\/labema.pl\/index.php?rest_route=\/wp\/v2\/types\/product"}],"wp:featuredmedia":[{"embeddable":true,"href":"https:\/\/labema.pl\/index.php?rest_route=\/wp\/v2\/media\/2916"}],"wp:attachment":[{"href":"https:\/\/labema.pl\/index.php?rest_route=%2Fwp%2Fv2%2Fmedia&parent=1992"}],"wp:term":[{"taxonomy":"product_brand","embeddable":true,"href":"https:\/\/labema.pl\/index.php?rest_route=%2Fwp%2Fv2%2Fproduct_brand&post=1992"},{"taxonomy":"product_cat","embeddable":true,"href":"https:\/\/labema.pl\/index.php?rest_route=%2Fwp%2Fv2%2Fproduct_cat&post=1992"},{"taxonomy":"product_tag","embeddable":true,"href":"https:\/\/labema.pl\/index.php?rest_route=%2Fwp%2Fv2%2Fproduct_tag&post=1992"}],"curies":[{"name":"wp","href":"https:\/\/api.w.org\/{rel}","templated":true}]}}