{"id":1944,"date":"2016-09-28T00:00:45","date_gmt":"2016-09-27T22:00:45","guid":{"rendered":"http:\/\/labema.pl\/?product=cylinder-miarowy-wysoki-z-podstawa-i-wylewem-podzialka-niebieska-klasa-b"},"modified":"2023-12-18T07:52:17","modified_gmt":"2023-12-18T06:52:17","slug":"cylinder-miarowy-z-podstawa-plastikowa-wysoki-podzialka-niebieska-klasa-b","status":"publish","type":"product","link":"https:\/\/labema.pl\/?product=cylinder-miarowy-z-podstawa-plastikowa-wysoki-podzialka-niebieska-klasa-b","title":{"rendered":"Cylinder miarowy z&nbsp;podstaw\u0105 plastikow\u0105, wysoki, podzia\u0142k\u0105 niebiesk\u0105, klasa&nbsp;B, szk\u0142o Boro 3.3"},"content":{"rendered":"<p align=\"justify\">Cylinder miarowy (pot. menzurka) wykonany ze szk\u0142a borokrzemowego 3.3, klasy B. Wyposa\u017cony w plastikow\u0105, sze\u015bciok\u0105tn\u0105 podstaw\u0119 i pier\u015bcie\u0144 zabezpieczaj\u0105cy, kt\u00f3ry chroni cylinder przed st\u0142uczeniem przy przewr\u00f3ceniu. Posiada wylew u\u0142atwiaj\u0105cy przelewanie cieczy oraz niebiesk\u0105 skal\u0119, przeznaczon\u0105 do odmierzania okre\u015blonej ilo\u015bci substancji. Szk\u0142o charakteryzuj\u0119 si\u0119 wysok\u0105 odporno\u015bci\u0105 chemiczn\u0105 i termiczn\u0105. Przeznaczony do codziennego u\u017cytku.<\/p>\n<p><span style=\"color: black; font-size: x-large;\">Specyfikacja<\/span><\/p>\n<table border=\"1\" rules=\"all\" bordercolor=\"#aaaaaa\">\n<tbody>\n<tr>\n<td colspan=\"1\" rowspan=\"1\" style=\"text-align: center;\"><strong>Nr kat.<\/strong><\/td>\n<td colspan=\"1\" rowspan=\"1\" style=\"text-align: center;\"><strong>Pojemno\u015b\u0107<br \/>\n[ml]<\/strong><\/td>\n<td colspan=\"1\" rowspan=\"1\" style=\"text-align: center;\"><strong>B\u0142\u0105d<br \/>\nwskaza\u0144<br \/>\n[\u00b1ml]<\/strong><\/td>\n<td colspan=\"1\" rowspan=\"1\" style=\"text-align: center;\"><strong>Skala<br \/>\n[ml]<\/strong><\/td>\n<\/tr>\n<tr>\n<td colspan=\"1\" rowspan=\"1\" style=\"text-align: center;\">1601P\/010<\/td>\n<td colspan=\"1\" rowspan=\"1\" style=\"text-align: center;\">10<\/td>\n<td colspan=\"1\" rowspan=\"1\" style=\"text-align: center;\">0,2<\/td>\n<td colspan=\"1\" rowspan=\"1\" style=\"text-align: center;\">0,2<\/td>\n<\/tr>\n<tr>\n<td colspan=\"1\" rowspan=\"1\" style=\"text-align: center;\">1601P\/025<\/td>\n<td colspan=\"1\" rowspan=\"1\" style=\"text-align: center;\">25<\/td>\n<td colspan=\"1\" rowspan=\"1\" style=\"text-align: center;\">0,5<\/td>\n<td colspan=\"1\" rowspan=\"1\" style=\"text-align: center;\">0,5<\/td>\n<\/tr>\n<tr>\n<td colspan=\"1\" rowspan=\"1\" style=\"text-align: center;\">1601P\/0050<\/td>\n<td colspan=\"1\" rowspan=\"1\" style=\"text-align: center;\">50<\/td>\n<td colspan=\"1\" rowspan=\"1\" style=\"text-align: center;\">0,5<\/td>\n<td colspan=\"1\" rowspan=\"1\" style=\"text-align: center;\">1,0<\/td>\n<\/tr>\n<tr>\n<td colspan=\"1\" rowspan=\"1\" style=\"text-align: center;\">1601P\/0100<\/td>\n<td colspan=\"1\" rowspan=\"1\" style=\"text-align: center;\">100<\/td>\n<td colspan=\"1\" rowspan=\"1\" style=\"text-align: center;\">0,5<\/td>\n<td colspan=\"1\" rowspan=\"1\" style=\"text-align: center;\">1,0<\/td>\n<\/tr>\n<tr>\n<td colspan=\"1\" rowspan=\"1\" style=\"text-align: center;\">1601P\/0250<\/td>\n<td colspan=\"1\" rowspan=\"1\" style=\"text-align: center;\">250<\/td>\n<td colspan=\"1\" rowspan=\"1\" style=\"text-align: center;\">2,0<\/td>\n<td colspan=\"1\" rowspan=\"1\" style=\"text-align: center;\">2,0<\/td>\n<\/tr>\n<tr>\n<td colspan=\"1\" rowspan=\"1\" style=\"text-align: center;\">1601P\/0500<\/td>\n<td colspan=\"1\" rowspan=\"1\" style=\"text-align: center;\">500<\/td>\n<td colspan=\"1\" rowspan=\"1\" style=\"text-align: center;\">2,5<\/td>\n<td colspan=\"1\" rowspan=\"1\" style=\"text-align: center;\">5,0<\/td>\n<\/tr>\n<tr>\n<td colspan=\"1\" rowspan=\"1\" style=\"text-align: center;\">1601P\/1000<\/td>\n<td colspan=\"1\" rowspan=\"1\" style=\"text-align: center;\">1000<\/td>\n<td colspan=\"1\" rowspan=\"1\" style=\"text-align: center;\">10,0<\/td>\n<td colspan=\"1\" rowspan=\"1\" style=\"text-align: center;\">10,0<\/td>\n<\/tr>\n<\/tbody>\n<\/table>\n<p>Measuring cylinder with plastic hexagonal base<\/p>\n","protected":false},"excerpt":{"rendered":"<p>Cylinder miarowy (pot. menzurka) wykonany ze szk\u0142a borokrzemowego 3.3, klasy B. Wyposa\u017cony w plastikow\u0105, sze\u015bciok\u0105tn\u0105 podstaw\u0119 i pier\u015bcie\u0144 zabezpieczaj\u0105cy, kt\u00f3ry chroni cylinder przed st\u0142uczeniem przy przewr\u00f3ceniu. Posiada wylew u\u0142atwiaj\u0105cy przelewanie cieczy oraz niebiesk\u0105 skal\u0119, przeznaczon\u0105 do odmierzania okre\u015blonej ilo\u015bci substancji. Szk\u0142o charakteryzuj\u0119 si\u0119 wysok\u0105 odporno\u015bci\u0105 chemiczn\u0105 i termiczn\u0105. Przeznaczony do codziennego u\u017cytku. Specyfikacja Nr kat. [&hellip;]<\/p>\n","protected":false},"featured_media":3246,"template":"","meta":{"_et_pb_use_builder":"","_et_pb_old_content":"","_et_gb_content_width":""},"product_brand":[],"product_cat":[71],"product_tag":[],"class_list":{"0":"post-1944","1":"product","2":"type-product","3":"status-publish","4":"has-post-thumbnail","6":"product_cat-szklo-laboratoryjne","7":"product_shipping_class-szklo_labema","9":"first","10":"instock","11":"taxable","12":"shipping-taxable","13":"purchasable","14":"product-type-variable"},"yoast_head":"<!-- This site is optimized with the Yoast SEO plugin v26.7 - https:\/\/yoast.com\/wordpress\/plugins\/seo\/ -->\n<title>Cylinder miarowy z&nbsp;podstaw\u0105 plastikow\u0105, wysoki, podzia\u0142k\u0105 niebiesk\u0105, klasa&nbsp;B, szk\u0142o Boro 3.3 | Labema<\/title>\n<meta name=\"robots\" content=\"index, follow, max-snippet:-1, max-image-preview:large, max-video-preview:-1\" \/>\n<link rel=\"canonical\" href=\"https:\/\/labema.pl\/?product=cylinder-miarowy-z-podstawa-plastikowa-wysoki-podzialka-niebieska-klasa-b\" \/>\n<meta property=\"og:locale\" content=\"pl_PL\" \/>\n<meta property=\"og:type\" content=\"article\" \/>\n<meta property=\"og:title\" content=\"Cylinder miarowy z&nbsp;podstaw\u0105 plastikow\u0105, wysoki, podzia\u0142k\u0105 niebiesk\u0105, klasa&nbsp;B, szk\u0142o Boro 3.3 | Labema\" \/>\n<meta property=\"og:description\" content=\"Cylinder miarowy (pot. menzurka) wykonany ze szk\u0142a borokrzemowego 3.3, klasy B. Wyposa\u017cony w plastikow\u0105, sze\u015bciok\u0105tn\u0105 podstaw\u0119 i pier\u015bcie\u0144 zabezpieczaj\u0105cy, kt\u00f3ry chroni cylinder przed st\u0142uczeniem przy przewr\u00f3ceniu. Posiada wylew u\u0142atwiaj\u0105cy przelewanie cieczy oraz niebiesk\u0105 skal\u0119, przeznaczon\u0105 do odmierzania okre\u015blonej ilo\u015bci substancji. Szk\u0142o charakteryzuj\u0119 si\u0119 wysok\u0105 odporno\u015bci\u0105 chemiczn\u0105 i termiczn\u0105. Przeznaczony do codziennego u\u017cytku. Specyfikacja Nr kat. [&hellip;]\" \/>\n<meta property=\"og:url\" content=\"https:\/\/labema.pl\/?product=cylinder-miarowy-z-podstawa-plastikowa-wysoki-podzialka-niebieska-klasa-b\" \/>\n<meta property=\"og:site_name\" content=\"Labema\" \/>\n<meta property=\"article:modified_time\" content=\"2023-12-18T06:52:17+00:00\" \/>\n<meta property=\"og:image\" content=\"https:\/\/labema.pl\/wp-content\/uploads\/Cylinder_miarowy_z_plastikowa_podstawa_wysoki_podzialka_niebieska.jpg\" \/>\n\t<meta property=\"og:image:width\" content=\"510\" \/>\n\t<meta property=\"og:image:height\" content=\"680\" \/>\n\t<meta property=\"og:image:type\" content=\"image\/jpeg\" \/>\n<meta name=\"twitter:card\" content=\"summary_large_image\" \/>\n<script type=\"application\/ld+json\" class=\"yoast-schema-graph\">{\"@context\":\"https:\/\/schema.org\",\"@graph\":[{\"@type\":\"WebPage\",\"@id\":\"https:\/\/labema.pl\/?product=cylinder-miarowy-z-podstawa-plastikowa-wysoki-podzialka-niebieska-klasa-b\",\"url\":\"https:\/\/labema.pl\/?product=cylinder-miarowy-z-podstawa-plastikowa-wysoki-podzialka-niebieska-klasa-b\",\"name\":\"Cylinder miarowy z&nbsp;podstaw\u0105 plastikow\u0105, wysoki, podzia\u0142k\u0105 niebiesk\u0105, klasa&nbsp;B, szk\u0142o Boro 3.3 | Labema\",\"isPartOf\":{\"@id\":\"https:\/\/labema.pl\/#website\"},\"primaryImageOfPage\":{\"@id\":\"https:\/\/labema.pl\/?product=cylinder-miarowy-z-podstawa-plastikowa-wysoki-podzialka-niebieska-klasa-b#primaryimage\"},\"image\":{\"@id\":\"https:\/\/labema.pl\/?product=cylinder-miarowy-z-podstawa-plastikowa-wysoki-podzialka-niebieska-klasa-b#primaryimage\"},\"thumbnailUrl\":\"https:\/\/labema.pl\/wp-content\/uploads\/Cylinder_miarowy_z_plastikowa_podstawa_wysoki_podzialka_niebieska.jpg\",\"datePublished\":\"2016-09-27T22:00:45+00:00\",\"dateModified\":\"2023-12-18T06:52:17+00:00\",\"breadcrumb\":{\"@id\":\"https:\/\/labema.pl\/?product=cylinder-miarowy-z-podstawa-plastikowa-wysoki-podzialka-niebieska-klasa-b#breadcrumb\"},\"inLanguage\":\"pl-PL\",\"potentialAction\":[{\"@type\":\"ReadAction\",\"target\":[\"https:\/\/labema.pl\/?product=cylinder-miarowy-z-podstawa-plastikowa-wysoki-podzialka-niebieska-klasa-b\"]}]},{\"@type\":\"ImageObject\",\"inLanguage\":\"pl-PL\",\"@id\":\"https:\/\/labema.pl\/?product=cylinder-miarowy-z-podstawa-plastikowa-wysoki-podzialka-niebieska-klasa-b#primaryimage\",\"url\":\"https:\/\/labema.pl\/wp-content\/uploads\/Cylinder_miarowy_z_plastikowa_podstawa_wysoki_podzialka_niebieska.jpg\",\"contentUrl\":\"https:\/\/labema.pl\/wp-content\/uploads\/Cylinder_miarowy_z_plastikowa_podstawa_wysoki_podzialka_niebieska.jpg\",\"width\":510,\"height\":680,\"caption\":\"Cylinder miarowy z&nbsp;podstaw\u0105 plastikow\u0105, wysoki, podzia\u0142ka niebieska\"},{\"@type\":\"BreadcrumbList\",\"@id\":\"https:\/\/labema.pl\/?product=cylinder-miarowy-z-podstawa-plastikowa-wysoki-podzialka-niebieska-klasa-b#breadcrumb\",\"itemListElement\":[{\"@type\":\"ListItem\",\"position\":1,\"name\":\"Strona g\u0142\u00f3wna\",\"item\":\"https:\/\/labema.pl\/\"},{\"@type\":\"ListItem\",\"position\":2,\"name\":\"e-Katalog\",\"item\":\"https:\/\/labema.pl\/?page_id=225\"},{\"@type\":\"ListItem\",\"position\":3,\"name\":\"Cylinder miarowy z&nbsp;podstaw\u0105 plastikow\u0105, wysoki, podzia\u0142k\u0105 niebiesk\u0105, klasa&nbsp;B, szk\u0142o Boro 3.3\"}]},{\"@type\":\"WebSite\",\"@id\":\"https:\/\/labema.pl\/#website\",\"url\":\"https:\/\/labema.pl\/\",\"name\":\"Labema\",\"description\":\"Wyposa\u017cenie laboratorium\",\"publisher\":{\"@id\":\"https:\/\/labema.pl\/#organization\"},\"potentialAction\":[{\"@type\":\"SearchAction\",\"target\":{\"@type\":\"EntryPoint\",\"urlTemplate\":\"https:\/\/labema.pl\/?s={search_term_string}\"},\"query-input\":{\"@type\":\"PropertyValueSpecification\",\"valueRequired\":true,\"valueName\":\"search_term_string\"}}],\"inLanguage\":\"pl-PL\"},{\"@type\":\"Organization\",\"@id\":\"https:\/\/labema.pl\/#organization\",\"name\":\"Labema\",\"url\":\"https:\/\/labema.pl\/\",\"logo\":{\"@type\":\"ImageObject\",\"inLanguage\":\"pl-PL\",\"@id\":\"https:\/\/labema.pl\/#\/schema\/logo\/image\/\",\"url\":\"https:\/\/labema.pl\/wp-content\/uploads\/2016\/04\/labema.jpg\",\"contentUrl\":\"https:\/\/labema.pl\/wp-content\/uploads\/2016\/04\/labema.jpg\",\"width\":875,\"height\":220,\"caption\":\"Labema\"},\"image\":{\"@id\":\"https:\/\/labema.pl\/#\/schema\/logo\/image\/\"}}]}<\/script>\n<!-- \/ Yoast SEO plugin. -->","yoast_head_json":{"title":"Cylinder miarowy z&nbsp;podstaw\u0105 plastikow\u0105, wysoki, podzia\u0142k\u0105 niebiesk\u0105, klasa&nbsp;B, szk\u0142o Boro 3.3 | Labema","robots":{"index":"index","follow":"follow","max-snippet":"max-snippet:-1","max-image-preview":"max-image-preview:large","max-video-preview":"max-video-preview:-1"},"canonical":"https:\/\/labema.pl\/?product=cylinder-miarowy-z-podstawa-plastikowa-wysoki-podzialka-niebieska-klasa-b","og_locale":"pl_PL","og_type":"article","og_title":"Cylinder miarowy z&nbsp;podstaw\u0105 plastikow\u0105, wysoki, podzia\u0142k\u0105 niebiesk\u0105, klasa&nbsp;B, szk\u0142o Boro 3.3 | Labema","og_description":"Cylinder miarowy (pot. menzurka) wykonany ze szk\u0142a borokrzemowego 3.3, klasy B. Wyposa\u017cony w plastikow\u0105, sze\u015bciok\u0105tn\u0105 podstaw\u0119 i pier\u015bcie\u0144 zabezpieczaj\u0105cy, kt\u00f3ry chroni cylinder przed st\u0142uczeniem przy przewr\u00f3ceniu. Posiada wylew u\u0142atwiaj\u0105cy przelewanie cieczy oraz niebiesk\u0105 skal\u0119, przeznaczon\u0105 do odmierzania okre\u015blonej ilo\u015bci substancji. Szk\u0142o charakteryzuj\u0119 si\u0119 wysok\u0105 odporno\u015bci\u0105 chemiczn\u0105 i termiczn\u0105. Przeznaczony do codziennego u\u017cytku. Specyfikacja Nr kat. [&hellip;]","og_url":"https:\/\/labema.pl\/?product=cylinder-miarowy-z-podstawa-plastikowa-wysoki-podzialka-niebieska-klasa-b","og_site_name":"Labema","article_modified_time":"2023-12-18T06:52:17+00:00","og_image":[{"width":510,"height":680,"url":"https:\/\/labema.pl\/wp-content\/uploads\/Cylinder_miarowy_z_plastikowa_podstawa_wysoki_podzialka_niebieska.jpg","type":"image\/jpeg"}],"twitter_card":"summary_large_image","schema":{"@context":"https:\/\/schema.org","@graph":[{"@type":"WebPage","@id":"https:\/\/labema.pl\/?product=cylinder-miarowy-z-podstawa-plastikowa-wysoki-podzialka-niebieska-klasa-b","url":"https:\/\/labema.pl\/?product=cylinder-miarowy-z-podstawa-plastikowa-wysoki-podzialka-niebieska-klasa-b","name":"Cylinder miarowy z&nbsp;podstaw\u0105 plastikow\u0105, wysoki, podzia\u0142k\u0105 niebiesk\u0105, klasa&nbsp;B, szk\u0142o Boro 3.3 | Labema","isPartOf":{"@id":"https:\/\/labema.pl\/#website"},"primaryImageOfPage":{"@id":"https:\/\/labema.pl\/?product=cylinder-miarowy-z-podstawa-plastikowa-wysoki-podzialka-niebieska-klasa-b#primaryimage"},"image":{"@id":"https:\/\/labema.pl\/?product=cylinder-miarowy-z-podstawa-plastikowa-wysoki-podzialka-niebieska-klasa-b#primaryimage"},"thumbnailUrl":"https:\/\/labema.pl\/wp-content\/uploads\/Cylinder_miarowy_z_plastikowa_podstawa_wysoki_podzialka_niebieska.jpg","datePublished":"2016-09-27T22:00:45+00:00","dateModified":"2023-12-18T06:52:17+00:00","breadcrumb":{"@id":"https:\/\/labema.pl\/?product=cylinder-miarowy-z-podstawa-plastikowa-wysoki-podzialka-niebieska-klasa-b#breadcrumb"},"inLanguage":"pl-PL","potentialAction":[{"@type":"ReadAction","target":["https:\/\/labema.pl\/?product=cylinder-miarowy-z-podstawa-plastikowa-wysoki-podzialka-niebieska-klasa-b"]}]},{"@type":"ImageObject","inLanguage":"pl-PL","@id":"https:\/\/labema.pl\/?product=cylinder-miarowy-z-podstawa-plastikowa-wysoki-podzialka-niebieska-klasa-b#primaryimage","url":"https:\/\/labema.pl\/wp-content\/uploads\/Cylinder_miarowy_z_plastikowa_podstawa_wysoki_podzialka_niebieska.jpg","contentUrl":"https:\/\/labema.pl\/wp-content\/uploads\/Cylinder_miarowy_z_plastikowa_podstawa_wysoki_podzialka_niebieska.jpg","width":510,"height":680,"caption":"Cylinder miarowy z&nbsp;podstaw\u0105 plastikow\u0105, wysoki, podzia\u0142ka niebieska"},{"@type":"BreadcrumbList","@id":"https:\/\/labema.pl\/?product=cylinder-miarowy-z-podstawa-plastikowa-wysoki-podzialka-niebieska-klasa-b#breadcrumb","itemListElement":[{"@type":"ListItem","position":1,"name":"Strona g\u0142\u00f3wna","item":"https:\/\/labema.pl\/"},{"@type":"ListItem","position":2,"name":"e-Katalog","item":"https:\/\/labema.pl\/?page_id=225"},{"@type":"ListItem","position":3,"name":"Cylinder miarowy z&nbsp;podstaw\u0105 plastikow\u0105, wysoki, podzia\u0142k\u0105 niebiesk\u0105, klasa&nbsp;B, szk\u0142o Boro 3.3"}]},{"@type":"WebSite","@id":"https:\/\/labema.pl\/#website","url":"https:\/\/labema.pl\/","name":"Labema","description":"Wyposa\u017cenie laboratorium","publisher":{"@id":"https:\/\/labema.pl\/#organization"},"potentialAction":[{"@type":"SearchAction","target":{"@type":"EntryPoint","urlTemplate":"https:\/\/labema.pl\/?s={search_term_string}"},"query-input":{"@type":"PropertyValueSpecification","valueRequired":true,"valueName":"search_term_string"}}],"inLanguage":"pl-PL"},{"@type":"Organization","@id":"https:\/\/labema.pl\/#organization","name":"Labema","url":"https:\/\/labema.pl\/","logo":{"@type":"ImageObject","inLanguage":"pl-PL","@id":"https:\/\/labema.pl\/#\/schema\/logo\/image\/","url":"https:\/\/labema.pl\/wp-content\/uploads\/2016\/04\/labema.jpg","contentUrl":"https:\/\/labema.pl\/wp-content\/uploads\/2016\/04\/labema.jpg","width":875,"height":220,"caption":"Labema"},"image":{"@id":"https:\/\/labema.pl\/#\/schema\/logo\/image\/"}}]}},"_links":{"self":[{"href":"https:\/\/labema.pl\/index.php?rest_route=\/wp\/v2\/product\/1944","targetHints":{"allow":["GET"]}}],"collection":[{"href":"https:\/\/labema.pl\/index.php?rest_route=\/wp\/v2\/product"}],"about":[{"href":"https:\/\/labema.pl\/index.php?rest_route=\/wp\/v2\/types\/product"}],"wp:featuredmedia":[{"embeddable":true,"href":"https:\/\/labema.pl\/index.php?rest_route=\/wp\/v2\/media\/3246"}],"wp:attachment":[{"href":"https:\/\/labema.pl\/index.php?rest_route=%2Fwp%2Fv2%2Fmedia&parent=1944"}],"wp:term":[{"taxonomy":"product_brand","embeddable":true,"href":"https:\/\/labema.pl\/index.php?rest_route=%2Fwp%2Fv2%2Fproduct_brand&post=1944"},{"taxonomy":"product_cat","embeddable":true,"href":"https:\/\/labema.pl\/index.php?rest_route=%2Fwp%2Fv2%2Fproduct_cat&post=1944"},{"taxonomy":"product_tag","embeddable":true,"href":"https:\/\/labema.pl\/index.php?rest_route=%2Fwp%2Fv2%2Fproduct_tag&post=1944"}],"curies":[{"name":"wp","href":"https:\/\/api.w.org\/{rel}","templated":true}]}}