{"id":1928,"date":"2016-09-10T00:00:01","date_gmt":"2016-09-09T22:00:01","guid":{"rendered":"http:\/\/labema.pl\/?product=szkielka-zegarkowe-labema-kopia"},"modified":"2026-01-20T07:45:42","modified_gmt":"2026-01-20T06:45:42","slug":"lejek-szklany-krotka-nozka-kat-60","status":"publish","type":"product","link":"https:\/\/labema.pl\/?product=lejek-szklany-krotka-nozka-kat-60","title":{"rendered":"Lejek szklany, kr\u00f3tka n\u00f3\u017cka, k\u0105t 60\u00b0"},"content":{"rendered":"<p align=\"justify\">Lejek laboratoryjny wykonany ze szk\u0142a borokrzemowego 3.3. Uniwersalny. Posiada kr\u00f3tk\u0105 n\u00f3\u017ck\u0119 \u015bci\u0119t\u0105 pod k\u0105tem 60\u00b0, kt\u00f3ra gwarantuje, \u017ce ciecz sp\u0142ywa cienkim, jednolitym strumieniem i nie zatrzymuje si\u0119 na lejku. Szk\u0142o charakteryzuj\u0119 si\u0119 wysok\u0105 odporno\u015bci\u0105 chemiczn\u0105 i termiczn\u0105. Przeznaczony do og\u00f3lnego u\u017cytku, s\u0142u\u017cy np. do przelewania p\u0142yn\u00f3w, a po umieszczeniu odpowiedniego s\u0105czka, do filtracji.<\/p>\n<p><span style=\"color: black; font-size: x-large;\">Specyfikacja<\/span><\/p>\n<table border=\"1\" rules=\"all\" bordercolor=\"#aaaaaa\">\n<tbody>\n<tr>\n<td colspan=\"1\" rowspan=\"1\" style=\"text-align: center;\"><strong>Nr kat.<\/strong><\/td>\n<td colspan=\"1\" rowspan=\"1\" style=\"text-align: center;\"><strong>\u015ar.<br \/>\n[mm]<\/strong><\/td>\n<td colspan=\"1\" rowspan=\"1\" style=\"text-align: center;\"><strong>\u015ar. n\u00f3\u017cki<br \/>\n[mm]<\/strong><\/td>\n<td colspan=\"1\" rowspan=\"1\" style=\"text-align: center;\"><strong>D\u0142. n\u00f3\u017cki<br \/>\n[mm]<\/strong><\/td>\n<\/tr>\n<tr>\n<td colspan=\"1\" rowspan=\"1\" style=\"text-align: center;\">1504\/040<\/td>\n<td colspan=\"1\" rowspan=\"1\" style=\"text-align: center;\">40<\/td>\n<td colspan=\"1\" rowspan=\"1\" style=\"text-align: center;\">7<\/td>\n<td colspan=\"1\" rowspan=\"1\" style=\"text-align: center;\">40<\/td>\n<\/tr>\n<tr>\n<td colspan=\"1\" rowspan=\"1\" style=\"text-align: center;\">1504\/050<\/td>\n<td colspan=\"1\" rowspan=\"1\" style=\"text-align: center;\">50<\/td>\n<td colspan=\"1\" rowspan=\"1\" style=\"text-align: center;\">7<\/td>\n<td colspan=\"1\" rowspan=\"1\" style=\"text-align: center;\">50<\/td>\n<\/tr>\n<tr>\n<td colspan=\"1\" rowspan=\"1\" style=\"text-align: center;\">1504\/060<\/td>\n<td colspan=\"1\" rowspan=\"1\" style=\"text-align: center;\">60<\/td>\n<td colspan=\"1\" rowspan=\"1\" style=\"text-align: center;\">8<\/td>\n<td colspan=\"1\" rowspan=\"1\" style=\"text-align: center;\">60<\/td>\n<\/tr>\n<tr>\n<td colspan=\"1\" rowspan=\"1\" style=\"text-align: center;\">1504\/075<\/td>\n<td colspan=\"1\" rowspan=\"1\" style=\"text-align: center;\">75<\/td>\n<td colspan=\"1\" rowspan=\"1\" style=\"text-align: center;\">9<\/td>\n<td colspan=\"1\" rowspan=\"1\" style=\"text-align: center;\">75<\/td>\n<\/tr>\n<tr>\n<td colspan=\"1\" rowspan=\"1\" style=\"text-align: center;\">1504\/090<\/td>\n<td colspan=\"1\" rowspan=\"1\" style=\"text-align: center;\">90<\/td>\n<td colspan=\"1\" rowspan=\"1\" style=\"text-align: center;\">11<\/td>\n<td colspan=\"1\" rowspan=\"1\" style=\"text-align: center;\">90<\/td>\n<\/tr>\n<tr>\n<td colspan=\"1\" rowspan=\"1\" style=\"text-align: center;\">1504\/100<\/td>\n<td colspan=\"1\" rowspan=\"1\" style=\"text-align: center;\">100<\/td>\n<td colspan=\"1\" rowspan=\"1\" style=\"text-align: center;\">13<\/td>\n<td colspan=\"1\" rowspan=\"1\" style=\"text-align: center;\">100<\/td>\n<\/tr>\n<\/tbody>\n<\/table>\n<p>Funnel, Boro 3.3<\/p>\n","protected":false},"excerpt":{"rendered":"<p>Lejek laboratoryjny wykonany ze szk\u0142a borokrzemowego 3.3. Uniwersalny. Posiada kr\u00f3tk\u0105 n\u00f3\u017ck\u0119 \u015bci\u0119t\u0105 pod k\u0105tem 60\u00b0, kt\u00f3ra gwarantuje, \u017ce ciecz sp\u0142ywa cienkim, jednolitym strumieniem i nie zatrzymuje si\u0119 na lejku. Szk\u0142o charakteryzuj\u0119 si\u0119 wysok\u0105 odporno\u015bci\u0105 chemiczn\u0105 i termiczn\u0105. Przeznaczony do og\u00f3lnego u\u017cytku, s\u0142u\u017cy np. do przelewania p\u0142yn\u00f3w, a po umieszczeniu odpowiedniego s\u0105czka, do filtracji. Specyfikacja Nr [&hellip;]<\/p>\n","protected":false},"featured_media":3275,"template":"","meta":{"_et_pb_use_builder":"","_et_pb_old_content":"","_et_gb_content_width":""},"product_brand":[],"product_cat":[71],"product_tag":[],"class_list":{"0":"post-1928","1":"product","2":"type-product","3":"status-publish","4":"has-post-thumbnail","6":"product_cat-szklo-laboratoryjne","7":"product_shipping_class-szklo_labema","9":"first","10":"instock","11":"taxable","12":"shipping-taxable","13":"purchasable","14":"product-type-variable"},"yoast_head":"<!-- This site is optimized with the Yoast SEO plugin v26.7 - https:\/\/yoast.com\/wordpress\/plugins\/seo\/ -->\n<title>Lejek szklany, kr\u00f3tka n\u00f3\u017cka, k\u0105t 60\u00b0 | Labema<\/title>\n<meta name=\"robots\" content=\"index, follow, max-snippet:-1, max-image-preview:large, max-video-preview:-1\" \/>\n<link rel=\"canonical\" href=\"https:\/\/labema.pl\/?product=lejek-szklany-krotka-nozka-kat-60\" \/>\n<meta property=\"og:locale\" content=\"pl_PL\" \/>\n<meta property=\"og:type\" content=\"article\" \/>\n<meta property=\"og:title\" content=\"Lejek szklany, kr\u00f3tka n\u00f3\u017cka, k\u0105t 60\u00b0 | Labema\" \/>\n<meta property=\"og:description\" content=\"Lejek laboratoryjny wykonany ze szk\u0142a borokrzemowego 3.3. Uniwersalny. Posiada kr\u00f3tk\u0105 n\u00f3\u017ck\u0119 \u015bci\u0119t\u0105 pod k\u0105tem 60\u00b0, kt\u00f3ra gwarantuje, \u017ce ciecz sp\u0142ywa cienkim, jednolitym strumieniem i nie zatrzymuje si\u0119 na lejku. Szk\u0142o charakteryzuj\u0119 si\u0119 wysok\u0105 odporno\u015bci\u0105 chemiczn\u0105 i termiczn\u0105. Przeznaczony do og\u00f3lnego u\u017cytku, s\u0142u\u017cy np. do przelewania p\u0142yn\u00f3w, a po umieszczeniu odpowiedniego s\u0105czka, do filtracji. Specyfikacja Nr [&hellip;]\" \/>\n<meta property=\"og:url\" content=\"https:\/\/labema.pl\/?product=lejek-szklany-krotka-nozka-kat-60\" \/>\n<meta property=\"og:site_name\" content=\"Labema\" \/>\n<meta property=\"article:modified_time\" content=\"2026-01-20T06:45:42+00:00\" \/>\n<meta property=\"og:image\" content=\"https:\/\/labema.pl\/wp-content\/uploads\/Lejek_uniwersalny_krotka_nozka_kat_60st.jpg\" \/>\n\t<meta property=\"og:image:width\" content=\"680\" \/>\n\t<meta property=\"og:image:height\" content=\"510\" \/>\n\t<meta property=\"og:image:type\" content=\"image\/jpeg\" \/>\n<meta name=\"twitter:card\" content=\"summary_large_image\" \/>\n<script type=\"application\/ld+json\" class=\"yoast-schema-graph\">{\"@context\":\"https:\/\/schema.org\",\"@graph\":[{\"@type\":\"WebPage\",\"@id\":\"https:\/\/labema.pl\/?product=lejek-szklany-krotka-nozka-kat-60\",\"url\":\"https:\/\/labema.pl\/?product=lejek-szklany-krotka-nozka-kat-60\",\"name\":\"Lejek szklany, kr\u00f3tka n\u00f3\u017cka, k\u0105t 60\u00b0 | Labema\",\"isPartOf\":{\"@id\":\"https:\/\/labema.pl\/#website\"},\"primaryImageOfPage\":{\"@id\":\"https:\/\/labema.pl\/?product=lejek-szklany-krotka-nozka-kat-60#primaryimage\"},\"image\":{\"@id\":\"https:\/\/labema.pl\/?product=lejek-szklany-krotka-nozka-kat-60#primaryimage\"},\"thumbnailUrl\":\"https:\/\/labema.pl\/wp-content\/uploads\/Lejek_uniwersalny_krotka_nozka_kat_60st.jpg\",\"datePublished\":\"2016-09-09T22:00:01+00:00\",\"dateModified\":\"2026-01-20T06:45:42+00:00\",\"breadcrumb\":{\"@id\":\"https:\/\/labema.pl\/?product=lejek-szklany-krotka-nozka-kat-60#breadcrumb\"},\"inLanguage\":\"pl-PL\",\"potentialAction\":[{\"@type\":\"ReadAction\",\"target\":[\"https:\/\/labema.pl\/?product=lejek-szklany-krotka-nozka-kat-60\"]}]},{\"@type\":\"ImageObject\",\"inLanguage\":\"pl-PL\",\"@id\":\"https:\/\/labema.pl\/?product=lejek-szklany-krotka-nozka-kat-60#primaryimage\",\"url\":\"https:\/\/labema.pl\/wp-content\/uploads\/Lejek_uniwersalny_krotka_nozka_kat_60st.jpg\",\"contentUrl\":\"https:\/\/labema.pl\/wp-content\/uploads\/Lejek_uniwersalny_krotka_nozka_kat_60st.jpg\",\"width\":680,\"height\":510,\"caption\":\"Lejek uniwersalny, kr\u00f3tka n\u00f3\u017cka, k\u0105t 60\u00b0\"},{\"@type\":\"BreadcrumbList\",\"@id\":\"https:\/\/labema.pl\/?product=lejek-szklany-krotka-nozka-kat-60#breadcrumb\",\"itemListElement\":[{\"@type\":\"ListItem\",\"position\":1,\"name\":\"Strona g\u0142\u00f3wna\",\"item\":\"https:\/\/labema.pl\/\"},{\"@type\":\"ListItem\",\"position\":2,\"name\":\"e-Katalog\",\"item\":\"https:\/\/labema.pl\/?page_id=225\"},{\"@type\":\"ListItem\",\"position\":3,\"name\":\"Lejek szklany, kr\u00f3tka n\u00f3\u017cka, k\u0105t 60\u00b0\"}]},{\"@type\":\"WebSite\",\"@id\":\"https:\/\/labema.pl\/#website\",\"url\":\"https:\/\/labema.pl\/\",\"name\":\"Labema\",\"description\":\"Wyposa\u017cenie laboratorium\",\"publisher\":{\"@id\":\"https:\/\/labema.pl\/#organization\"},\"potentialAction\":[{\"@type\":\"SearchAction\",\"target\":{\"@type\":\"EntryPoint\",\"urlTemplate\":\"https:\/\/labema.pl\/?s={search_term_string}\"},\"query-input\":{\"@type\":\"PropertyValueSpecification\",\"valueRequired\":true,\"valueName\":\"search_term_string\"}}],\"inLanguage\":\"pl-PL\"},{\"@type\":\"Organization\",\"@id\":\"https:\/\/labema.pl\/#organization\",\"name\":\"Labema\",\"url\":\"https:\/\/labema.pl\/\",\"logo\":{\"@type\":\"ImageObject\",\"inLanguage\":\"pl-PL\",\"@id\":\"https:\/\/labema.pl\/#\/schema\/logo\/image\/\",\"url\":\"https:\/\/labema.pl\/wp-content\/uploads\/2016\/04\/labema.jpg\",\"contentUrl\":\"https:\/\/labema.pl\/wp-content\/uploads\/2016\/04\/labema.jpg\",\"width\":875,\"height\":220,\"caption\":\"Labema\"},\"image\":{\"@id\":\"https:\/\/labema.pl\/#\/schema\/logo\/image\/\"}}]}<\/script>\n<!-- \/ Yoast SEO plugin. -->","yoast_head_json":{"title":"Lejek szklany, kr\u00f3tka n\u00f3\u017cka, k\u0105t 60\u00b0 | Labema","robots":{"index":"index","follow":"follow","max-snippet":"max-snippet:-1","max-image-preview":"max-image-preview:large","max-video-preview":"max-video-preview:-1"},"canonical":"https:\/\/labema.pl\/?product=lejek-szklany-krotka-nozka-kat-60","og_locale":"pl_PL","og_type":"article","og_title":"Lejek szklany, kr\u00f3tka n\u00f3\u017cka, k\u0105t 60\u00b0 | Labema","og_description":"Lejek laboratoryjny wykonany ze szk\u0142a borokrzemowego 3.3. Uniwersalny. Posiada kr\u00f3tk\u0105 n\u00f3\u017ck\u0119 \u015bci\u0119t\u0105 pod k\u0105tem 60\u00b0, kt\u00f3ra gwarantuje, \u017ce ciecz sp\u0142ywa cienkim, jednolitym strumieniem i nie zatrzymuje si\u0119 na lejku. Szk\u0142o charakteryzuj\u0119 si\u0119 wysok\u0105 odporno\u015bci\u0105 chemiczn\u0105 i termiczn\u0105. Przeznaczony do og\u00f3lnego u\u017cytku, s\u0142u\u017cy np. do przelewania p\u0142yn\u00f3w, a po umieszczeniu odpowiedniego s\u0105czka, do filtracji. Specyfikacja Nr [&hellip;]","og_url":"https:\/\/labema.pl\/?product=lejek-szklany-krotka-nozka-kat-60","og_site_name":"Labema","article_modified_time":"2026-01-20T06:45:42+00:00","og_image":[{"width":680,"height":510,"url":"https:\/\/labema.pl\/wp-content\/uploads\/Lejek_uniwersalny_krotka_nozka_kat_60st.jpg","type":"image\/jpeg"}],"twitter_card":"summary_large_image","schema":{"@context":"https:\/\/schema.org","@graph":[{"@type":"WebPage","@id":"https:\/\/labema.pl\/?product=lejek-szklany-krotka-nozka-kat-60","url":"https:\/\/labema.pl\/?product=lejek-szklany-krotka-nozka-kat-60","name":"Lejek szklany, kr\u00f3tka n\u00f3\u017cka, k\u0105t 60\u00b0 | Labema","isPartOf":{"@id":"https:\/\/labema.pl\/#website"},"primaryImageOfPage":{"@id":"https:\/\/labema.pl\/?product=lejek-szklany-krotka-nozka-kat-60#primaryimage"},"image":{"@id":"https:\/\/labema.pl\/?product=lejek-szklany-krotka-nozka-kat-60#primaryimage"},"thumbnailUrl":"https:\/\/labema.pl\/wp-content\/uploads\/Lejek_uniwersalny_krotka_nozka_kat_60st.jpg","datePublished":"2016-09-09T22:00:01+00:00","dateModified":"2026-01-20T06:45:42+00:00","breadcrumb":{"@id":"https:\/\/labema.pl\/?product=lejek-szklany-krotka-nozka-kat-60#breadcrumb"},"inLanguage":"pl-PL","potentialAction":[{"@type":"ReadAction","target":["https:\/\/labema.pl\/?product=lejek-szklany-krotka-nozka-kat-60"]}]},{"@type":"ImageObject","inLanguage":"pl-PL","@id":"https:\/\/labema.pl\/?product=lejek-szklany-krotka-nozka-kat-60#primaryimage","url":"https:\/\/labema.pl\/wp-content\/uploads\/Lejek_uniwersalny_krotka_nozka_kat_60st.jpg","contentUrl":"https:\/\/labema.pl\/wp-content\/uploads\/Lejek_uniwersalny_krotka_nozka_kat_60st.jpg","width":680,"height":510,"caption":"Lejek uniwersalny, kr\u00f3tka n\u00f3\u017cka, k\u0105t 60\u00b0"},{"@type":"BreadcrumbList","@id":"https:\/\/labema.pl\/?product=lejek-szklany-krotka-nozka-kat-60#breadcrumb","itemListElement":[{"@type":"ListItem","position":1,"name":"Strona g\u0142\u00f3wna","item":"https:\/\/labema.pl\/"},{"@type":"ListItem","position":2,"name":"e-Katalog","item":"https:\/\/labema.pl\/?page_id=225"},{"@type":"ListItem","position":3,"name":"Lejek szklany, kr\u00f3tka n\u00f3\u017cka, k\u0105t 60\u00b0"}]},{"@type":"WebSite","@id":"https:\/\/labema.pl\/#website","url":"https:\/\/labema.pl\/","name":"Labema","description":"Wyposa\u017cenie laboratorium","publisher":{"@id":"https:\/\/labema.pl\/#organization"},"potentialAction":[{"@type":"SearchAction","target":{"@type":"EntryPoint","urlTemplate":"https:\/\/labema.pl\/?s={search_term_string}"},"query-input":{"@type":"PropertyValueSpecification","valueRequired":true,"valueName":"search_term_string"}}],"inLanguage":"pl-PL"},{"@type":"Organization","@id":"https:\/\/labema.pl\/#organization","name":"Labema","url":"https:\/\/labema.pl\/","logo":{"@type":"ImageObject","inLanguage":"pl-PL","@id":"https:\/\/labema.pl\/#\/schema\/logo\/image\/","url":"https:\/\/labema.pl\/wp-content\/uploads\/2016\/04\/labema.jpg","contentUrl":"https:\/\/labema.pl\/wp-content\/uploads\/2016\/04\/labema.jpg","width":875,"height":220,"caption":"Labema"},"image":{"@id":"https:\/\/labema.pl\/#\/schema\/logo\/image\/"}}]}},"_links":{"self":[{"href":"https:\/\/labema.pl\/index.php?rest_route=\/wp\/v2\/product\/1928","targetHints":{"allow":["GET"]}}],"collection":[{"href":"https:\/\/labema.pl\/index.php?rest_route=\/wp\/v2\/product"}],"about":[{"href":"https:\/\/labema.pl\/index.php?rest_route=\/wp\/v2\/types\/product"}],"wp:featuredmedia":[{"embeddable":true,"href":"https:\/\/labema.pl\/index.php?rest_route=\/wp\/v2\/media\/3275"}],"wp:attachment":[{"href":"https:\/\/labema.pl\/index.php?rest_route=%2Fwp%2Fv2%2Fmedia&parent=1928"}],"wp:term":[{"taxonomy":"product_brand","embeddable":true,"href":"https:\/\/labema.pl\/index.php?rest_route=%2Fwp%2Fv2%2Fproduct_brand&post=1928"},{"taxonomy":"product_cat","embeddable":true,"href":"https:\/\/labema.pl\/index.php?rest_route=%2Fwp%2Fv2%2Fproduct_cat&post=1928"},{"taxonomy":"product_tag","embeddable":true,"href":"https:\/\/labema.pl\/index.php?rest_route=%2Fwp%2Fv2%2Fproduct_tag&post=1928"}],"curies":[{"name":"wp","href":"https:\/\/api.w.org\/{rel}","templated":true}]}}