{"id":1923,"date":"2016-09-07T00:00:18","date_gmt":"2016-09-06T22:00:18","guid":{"rendered":"http:\/\/labema.pl\/?product=szkielka-zegarkowe-labema"},"modified":"2023-04-11T09:05:37","modified_gmt":"2023-04-11T07:05:37","slug":"szkielko-zegarkowe","status":"publish","type":"product","link":"https:\/\/labema.pl\/?product=szkielko-zegarkowe","title":{"rendered":"Szkie\u0142ko zegarkowe, szk\u0142o sodowo-wapniowe"},"content":{"rendered":"<p align=\"justify\">Szkie\u0142ko zegarkowe wykonane ze szk\u0142a sodowo-wapniowego. Okr\u0105g\u0142e, wkl\u0119s\u0142e. Wykorzystywane np. do wykonywania prostych analiz jako\u015bciowych, odparowywania niewielkich ilo\u015bci cieczy, do wa\u017cenia drobnych cia\u0142 sta\u0142ych oraz przykrywania naczy\u0144 laboratoryjnych, tj. zlewki, krystalizatory. Mo\u017ce r\u00f3wnie\u017c s\u0142u\u017cy\u0107 jako naczynie do obserwacji pod mikroskopem. \u0141atwe do czyszczenia. Przeznaczone do codziennego u\u017cytku. <\/p>\n<p><span style=\"color: black; font-size: x-large;\">Specyfikacja<\/span><\/p>\n<table border=\"1\" rules=\"all\" bordercolor=\"#aaaaaa\">\n<tbody>\n<tr>\n<td colspan=\"1\" rowspan=\"1\" align=\"center\"><strong>Nr kat.<\/strong><\/td>\n<td colspan=\"1\" rowspan=\"1\" align=\"center\"><strong>\u015ar.<br \/>\n[mm]<\/strong><\/td>\n<\/tr>\n<tr>\n<td colspan=\"1\" rowspan=\"1\" align=\"center\">1175\/80<\/td>\n<td colspan=\"1\" rowspan=\"1\" align=\"center\">80<\/td>\n<\/tr>\n<tr>\n<td colspan=\"1\" rowspan=\"1\" align=\"center\">1175\/100<\/td>\n<td colspan=\"1\" rowspan=\"1\" align=\"center\">100<\/td>\n<\/tr>\n<tr>\n<td colspan=\"1\" rowspan=\"1\" align=\"center\">1175\/120<\/td>\n<td colspan=\"1\" rowspan=\"1\" align=\"center\">120<\/td>\n<\/tr>\n<\/tbody>\n<\/table>\n<p>Watch glass, soda glass<\/p>\n","protected":false},"excerpt":{"rendered":"<p>Szkie\u0142ko zegarkowe wykonane ze szk\u0142a sodowo-wapniowego. Okr\u0105g\u0142e, wkl\u0119s\u0142e. Wykorzystywane np. do wykonywania prostych analiz jako\u015bciowych, odparowywania niewielkich ilo\u015bci cieczy, do wa\u017cenia drobnych cia\u0142 sta\u0142ych oraz przykrywania naczy\u0144 laboratoryjnych, tj. zlewki, krystalizatory. Mo\u017ce r\u00f3wnie\u017c s\u0142u\u017cy\u0107 jako naczynie do obserwacji pod mikroskopem. \u0141atwe do czyszczenia. Przeznaczone do codziennego u\u017cytku. Specyfikacja Nr kat. \u015ar. [mm] 1175\/80 80 1175\/100 [&hellip;]<\/p>\n","protected":false},"featured_media":3278,"template":"","meta":{"_et_pb_use_builder":"","_et_pb_old_content":"","_et_gb_content_width":""},"product_brand":[],"product_cat":[71],"product_tag":[],"class_list":{"0":"post-1923","1":"product","2":"type-product","3":"status-publish","4":"has-post-thumbnail","6":"product_cat-szklo-laboratoryjne","7":"product_shipping_class-szklo_labema","9":"first","10":"instock","11":"taxable","12":"shipping-taxable","13":"purchasable","14":"product-type-variable"},"yoast_head":"<!-- This site is optimized with the Yoast SEO plugin v26.7 - https:\/\/yoast.com\/wordpress\/plugins\/seo\/ -->\n<title>Szkie\u0142ko zegarkowe, szk\u0142o sodowo-wapniowe | Labema<\/title>\n<meta name=\"robots\" content=\"index, follow, max-snippet:-1, max-image-preview:large, max-video-preview:-1\" \/>\n<link rel=\"canonical\" href=\"https:\/\/labema.pl\/?product=szkielko-zegarkowe\" \/>\n<meta property=\"og:locale\" content=\"pl_PL\" \/>\n<meta property=\"og:type\" content=\"article\" \/>\n<meta property=\"og:title\" content=\"Szkie\u0142ko zegarkowe, szk\u0142o sodowo-wapniowe | Labema\" \/>\n<meta property=\"og:description\" content=\"Szkie\u0142ko zegarkowe wykonane ze szk\u0142a sodowo-wapniowego. Okr\u0105g\u0142e, wkl\u0119s\u0142e. Wykorzystywane np. do wykonywania prostych analiz jako\u015bciowych, odparowywania niewielkich ilo\u015bci cieczy, do wa\u017cenia drobnych cia\u0142 sta\u0142ych oraz przykrywania naczy\u0144 laboratoryjnych, tj. zlewki, krystalizatory. Mo\u017ce r\u00f3wnie\u017c s\u0142u\u017cy\u0107 jako naczynie do obserwacji pod mikroskopem. \u0141atwe do czyszczenia. Przeznaczone do codziennego u\u017cytku. Specyfikacja Nr kat. \u015ar. [mm] 1175\/80 80 1175\/100 [&hellip;]\" \/>\n<meta property=\"og:url\" content=\"https:\/\/labema.pl\/?product=szkielko-zegarkowe\" \/>\n<meta property=\"og:site_name\" content=\"Labema\" \/>\n<meta property=\"article:modified_time\" content=\"2023-04-11T07:05:37+00:00\" \/>\n<meta property=\"og:image\" content=\"https:\/\/labema.pl\/wp-content\/uploads\/Szkielko_zegarkowe-1.jpg\" \/>\n\t<meta property=\"og:image:width\" content=\"680\" \/>\n\t<meta property=\"og:image:height\" content=\"510\" \/>\n\t<meta property=\"og:image:type\" content=\"image\/jpeg\" \/>\n<meta name=\"twitter:card\" content=\"summary_large_image\" \/>\n<script type=\"application\/ld+json\" class=\"yoast-schema-graph\">{\"@context\":\"https:\/\/schema.org\",\"@graph\":[{\"@type\":\"WebPage\",\"@id\":\"https:\/\/labema.pl\/?product=szkielko-zegarkowe\",\"url\":\"https:\/\/labema.pl\/?product=szkielko-zegarkowe\",\"name\":\"Szkie\u0142ko zegarkowe, szk\u0142o sodowo-wapniowe | Labema\",\"isPartOf\":{\"@id\":\"https:\/\/labema.pl\/#website\"},\"primaryImageOfPage\":{\"@id\":\"https:\/\/labema.pl\/?product=szkielko-zegarkowe#primaryimage\"},\"image\":{\"@id\":\"https:\/\/labema.pl\/?product=szkielko-zegarkowe#primaryimage\"},\"thumbnailUrl\":\"https:\/\/labema.pl\/wp-content\/uploads\/Szkielko_zegarkowe-1.jpg\",\"datePublished\":\"2016-09-06T22:00:18+00:00\",\"dateModified\":\"2023-04-11T07:05:37+00:00\",\"breadcrumb\":{\"@id\":\"https:\/\/labema.pl\/?product=szkielko-zegarkowe#breadcrumb\"},\"inLanguage\":\"pl-PL\",\"potentialAction\":[{\"@type\":\"ReadAction\",\"target\":[\"https:\/\/labema.pl\/?product=szkielko-zegarkowe\"]}]},{\"@type\":\"ImageObject\",\"inLanguage\":\"pl-PL\",\"@id\":\"https:\/\/labema.pl\/?product=szkielko-zegarkowe#primaryimage\",\"url\":\"https:\/\/labema.pl\/wp-content\/uploads\/Szkielko_zegarkowe-1.jpg\",\"contentUrl\":\"https:\/\/labema.pl\/wp-content\/uploads\/Szkielko_zegarkowe-1.jpg\",\"width\":680,\"height\":510,\"caption\":\"Szkie\u0142ko zegarkowe\"},{\"@type\":\"BreadcrumbList\",\"@id\":\"https:\/\/labema.pl\/?product=szkielko-zegarkowe#breadcrumb\",\"itemListElement\":[{\"@type\":\"ListItem\",\"position\":1,\"name\":\"Strona g\u0142\u00f3wna\",\"item\":\"https:\/\/labema.pl\/\"},{\"@type\":\"ListItem\",\"position\":2,\"name\":\"e-Katalog\",\"item\":\"https:\/\/labema.pl\/?page_id=225\"},{\"@type\":\"ListItem\",\"position\":3,\"name\":\"Szkie\u0142ko zegarkowe, szk\u0142o sodowo-wapniowe\"}]},{\"@type\":\"WebSite\",\"@id\":\"https:\/\/labema.pl\/#website\",\"url\":\"https:\/\/labema.pl\/\",\"name\":\"Labema\",\"description\":\"Wyposa\u017cenie laboratorium\",\"publisher\":{\"@id\":\"https:\/\/labema.pl\/#organization\"},\"potentialAction\":[{\"@type\":\"SearchAction\",\"target\":{\"@type\":\"EntryPoint\",\"urlTemplate\":\"https:\/\/labema.pl\/?s={search_term_string}\"},\"query-input\":{\"@type\":\"PropertyValueSpecification\",\"valueRequired\":true,\"valueName\":\"search_term_string\"}}],\"inLanguage\":\"pl-PL\"},{\"@type\":\"Organization\",\"@id\":\"https:\/\/labema.pl\/#organization\",\"name\":\"Labema\",\"url\":\"https:\/\/labema.pl\/\",\"logo\":{\"@type\":\"ImageObject\",\"inLanguage\":\"pl-PL\",\"@id\":\"https:\/\/labema.pl\/#\/schema\/logo\/image\/\",\"url\":\"https:\/\/labema.pl\/wp-content\/uploads\/2016\/04\/labema.jpg\",\"contentUrl\":\"https:\/\/labema.pl\/wp-content\/uploads\/2016\/04\/labema.jpg\",\"width\":875,\"height\":220,\"caption\":\"Labema\"},\"image\":{\"@id\":\"https:\/\/labema.pl\/#\/schema\/logo\/image\/\"}}]}<\/script>\n<!-- \/ Yoast SEO plugin. -->","yoast_head_json":{"title":"Szkie\u0142ko zegarkowe, szk\u0142o sodowo-wapniowe | Labema","robots":{"index":"index","follow":"follow","max-snippet":"max-snippet:-1","max-image-preview":"max-image-preview:large","max-video-preview":"max-video-preview:-1"},"canonical":"https:\/\/labema.pl\/?product=szkielko-zegarkowe","og_locale":"pl_PL","og_type":"article","og_title":"Szkie\u0142ko zegarkowe, szk\u0142o sodowo-wapniowe | Labema","og_description":"Szkie\u0142ko zegarkowe wykonane ze szk\u0142a sodowo-wapniowego. Okr\u0105g\u0142e, wkl\u0119s\u0142e. Wykorzystywane np. do wykonywania prostych analiz jako\u015bciowych, odparowywania niewielkich ilo\u015bci cieczy, do wa\u017cenia drobnych cia\u0142 sta\u0142ych oraz przykrywania naczy\u0144 laboratoryjnych, tj. zlewki, krystalizatory. Mo\u017ce r\u00f3wnie\u017c s\u0142u\u017cy\u0107 jako naczynie do obserwacji pod mikroskopem. \u0141atwe do czyszczenia. Przeznaczone do codziennego u\u017cytku. Specyfikacja Nr kat. \u015ar. [mm] 1175\/80 80 1175\/100 [&hellip;]","og_url":"https:\/\/labema.pl\/?product=szkielko-zegarkowe","og_site_name":"Labema","article_modified_time":"2023-04-11T07:05:37+00:00","og_image":[{"width":680,"height":510,"url":"https:\/\/labema.pl\/wp-content\/uploads\/Szkielko_zegarkowe-1.jpg","type":"image\/jpeg"}],"twitter_card":"summary_large_image","schema":{"@context":"https:\/\/schema.org","@graph":[{"@type":"WebPage","@id":"https:\/\/labema.pl\/?product=szkielko-zegarkowe","url":"https:\/\/labema.pl\/?product=szkielko-zegarkowe","name":"Szkie\u0142ko zegarkowe, szk\u0142o sodowo-wapniowe | Labema","isPartOf":{"@id":"https:\/\/labema.pl\/#website"},"primaryImageOfPage":{"@id":"https:\/\/labema.pl\/?product=szkielko-zegarkowe#primaryimage"},"image":{"@id":"https:\/\/labema.pl\/?product=szkielko-zegarkowe#primaryimage"},"thumbnailUrl":"https:\/\/labema.pl\/wp-content\/uploads\/Szkielko_zegarkowe-1.jpg","datePublished":"2016-09-06T22:00:18+00:00","dateModified":"2023-04-11T07:05:37+00:00","breadcrumb":{"@id":"https:\/\/labema.pl\/?product=szkielko-zegarkowe#breadcrumb"},"inLanguage":"pl-PL","potentialAction":[{"@type":"ReadAction","target":["https:\/\/labema.pl\/?product=szkielko-zegarkowe"]}]},{"@type":"ImageObject","inLanguage":"pl-PL","@id":"https:\/\/labema.pl\/?product=szkielko-zegarkowe#primaryimage","url":"https:\/\/labema.pl\/wp-content\/uploads\/Szkielko_zegarkowe-1.jpg","contentUrl":"https:\/\/labema.pl\/wp-content\/uploads\/Szkielko_zegarkowe-1.jpg","width":680,"height":510,"caption":"Szkie\u0142ko zegarkowe"},{"@type":"BreadcrumbList","@id":"https:\/\/labema.pl\/?product=szkielko-zegarkowe#breadcrumb","itemListElement":[{"@type":"ListItem","position":1,"name":"Strona g\u0142\u00f3wna","item":"https:\/\/labema.pl\/"},{"@type":"ListItem","position":2,"name":"e-Katalog","item":"https:\/\/labema.pl\/?page_id=225"},{"@type":"ListItem","position":3,"name":"Szkie\u0142ko zegarkowe, szk\u0142o sodowo-wapniowe"}]},{"@type":"WebSite","@id":"https:\/\/labema.pl\/#website","url":"https:\/\/labema.pl\/","name":"Labema","description":"Wyposa\u017cenie laboratorium","publisher":{"@id":"https:\/\/labema.pl\/#organization"},"potentialAction":[{"@type":"SearchAction","target":{"@type":"EntryPoint","urlTemplate":"https:\/\/labema.pl\/?s={search_term_string}"},"query-input":{"@type":"PropertyValueSpecification","valueRequired":true,"valueName":"search_term_string"}}],"inLanguage":"pl-PL"},{"@type":"Organization","@id":"https:\/\/labema.pl\/#organization","name":"Labema","url":"https:\/\/labema.pl\/","logo":{"@type":"ImageObject","inLanguage":"pl-PL","@id":"https:\/\/labema.pl\/#\/schema\/logo\/image\/","url":"https:\/\/labema.pl\/wp-content\/uploads\/2016\/04\/labema.jpg","contentUrl":"https:\/\/labema.pl\/wp-content\/uploads\/2016\/04\/labema.jpg","width":875,"height":220,"caption":"Labema"},"image":{"@id":"https:\/\/labema.pl\/#\/schema\/logo\/image\/"}}]}},"_links":{"self":[{"href":"https:\/\/labema.pl\/index.php?rest_route=\/wp\/v2\/product\/1923","targetHints":{"allow":["GET"]}}],"collection":[{"href":"https:\/\/labema.pl\/index.php?rest_route=\/wp\/v2\/product"}],"about":[{"href":"https:\/\/labema.pl\/index.php?rest_route=\/wp\/v2\/types\/product"}],"wp:featuredmedia":[{"embeddable":true,"href":"https:\/\/labema.pl\/index.php?rest_route=\/wp\/v2\/media\/3278"}],"wp:attachment":[{"href":"https:\/\/labema.pl\/index.php?rest_route=%2Fwp%2Fv2%2Fmedia&parent=1923"}],"wp:term":[{"taxonomy":"product_brand","embeddable":true,"href":"https:\/\/labema.pl\/index.php?rest_route=%2Fwp%2Fv2%2Fproduct_brand&post=1923"},{"taxonomy":"product_cat","embeddable":true,"href":"https:\/\/labema.pl\/index.php?rest_route=%2Fwp%2Fv2%2Fproduct_cat&post=1923"},{"taxonomy":"product_tag","embeddable":true,"href":"https:\/\/labema.pl\/index.php?rest_route=%2Fwp%2Fv2%2Fproduct_tag&post=1923"}],"curies":[{"name":"wp","href":"https:\/\/api.w.org\/{rel}","templated":true}]}}