{"id":1896,"date":"2016-09-26T11:00:59","date_gmt":"2016-09-26T09:00:59","guid":{"rendered":"http:\/\/labema.pl\/?product=kolba-erlenmeyera-z-szeroka-szyja-labema"},"modified":"2025-07-31T11:35:25","modified_gmt":"2025-07-31T09:35:25","slug":"kolba-erlenmeyera-stozkowa-z-szeroka-szyja","status":"publish","type":"product","link":"https:\/\/labema.pl\/?product=kolba-erlenmeyera-stozkowa-z-szeroka-szyja","title":{"rendered":"Kolba Erlenmeyera (sto\u017ckowa) z szerok\u0105 szyj\u0105, szk\u0142o Boro 3.3"},"content":{"rendered":"<p align=\"justify\">Kolba Erlenmeyera z szerok\u0105 szyj\u0105, bez szlifu wykonana ze szk\u0142a borokrzemowego 3.3. Podzia\u0142ka oraz pole do opisu naniesione bia\u0142\u0105 emali\u0105. Wzmocnione obrze\u017ce oraz grube \u015bcianki zwi\u0119kszaj\u0105 wytrzyma\u0142o\u015b\u0107 kolby. Pole do opisu, pozwala na szybk\u0105 identyfikacj\u0119 substancji. P\u0142aska podstawa zapewnia bardzo dobr\u0105 stabilno\u015b\u0107. Wysoka odporno\u015b\u0107 termiczna i chemiczna. Oboj\u0119tna na dzia\u0142anie wody, roztwor\u00f3w neutralnych i zasadowych, a tak\u017ce silnych kwas\u00f3w i zwi\u0105zk\u00f3w organicznych. Wykorzystywana np. do miareczkowania, ogrzewania, przechowywania substancji, rozpuszczania cieczy oraz przygotowywania mieszanin. \u0141atwa do czyszczenia. Przeznaczona do codziennego u\u017cytku.<\/p>\n<p><span style=\"color: black; font-size: x-large;\">Specyfikacja<\/span><\/p>\n<table border=\"1\" rules=\"all\" bordercolor=\"#aaaaaa\">\n<tbody>\n<tr>\n<td colspan=\"1\" rowspan=\"1\" style=\"text-align: center;\"><strong>Nr kat.<\/strong><\/td>\n<td colspan=\"1\" rowspan=\"1\" style=\"text-align: center;\"><strong>Pojemno\u015b\u0107<br \/>\n[ml]<\/strong><\/td>\n<td colspan=\"1\" rowspan=\"1\" style=\"text-align: center;\"><strong>\u015ar. podstawy<br \/>\n[mm]<\/strong><\/td>\n<td colspan=\"1\" rowspan=\"1\" style=\"text-align: center;\"><strong>\u015ar. szyi<br \/>\n[mm]<\/strong><\/td>\n<td colspan=\"1\" rowspan=\"1\" style=\"text-align: center;\"><strong>Wys.<br \/>\n[mm]<\/strong><\/td>\n<\/tr>\n<tr>\n<td colspan=\"1\" rowspan=\"1\" style=\"text-align: center;\">1120\/50<\/td>\n<td colspan=\"1\" rowspan=\"1\" style=\"text-align: center;\">100<\/td>\n<td colspan=\"1\" rowspan=\"1\" style=\"text-align: center;\">51<\/td>\n<td colspan=\"1\" rowspan=\"1\" style=\"text-align: center;\">34<\/td>\n<td colspan=\"1\" rowspan=\"1\" style=\"text-align: center;\">85<\/td>\n<\/tr>\n<tr>\n<td colspan=\"1\" rowspan=\"1\" style=\"text-align: center;\">1120\/100<\/td>\n<td colspan=\"1\" rowspan=\"1\" style=\"text-align: center;\">100<\/td>\n<td colspan=\"1\" rowspan=\"1\" style=\"text-align: center;\">64<\/td>\n<td colspan=\"1\" rowspan=\"1\" style=\"text-align: center;\">34<\/td>\n<td colspan=\"1\" rowspan=\"1\" style=\"text-align: center;\">105<\/td>\n<\/tr>\n<tr>\n<td colspan=\"1\" rowspan=\"1\" style=\"text-align: center;\">1120\/250<\/td>\n<td colspan=\"1\" rowspan=\"1\" style=\"text-align: center;\">250<\/td>\n<td colspan=\"1\" rowspan=\"1\" style=\"text-align: center;\">85<\/td>\n<td colspan=\"1\" rowspan=\"1\" style=\"text-align: center;\">50<\/td>\n<td colspan=\"1\" rowspan=\"1\" style=\"text-align: center;\">140<\/td>\n<\/tr>\n<tr>\n<td colspan=\"1\" rowspan=\"1\" style=\"text-align: center;\">1120\/500<\/td>\n<td colspan=\"1\" rowspan=\"1\" style=\"text-align: center;\">500<\/td>\n<td colspan=\"1\" rowspan=\"1\" style=\"text-align: center;\">105<\/td>\n<td colspan=\"1\" rowspan=\"1\" style=\"text-align: center;\">50<\/td>\n<td colspan=\"1\" rowspan=\"1\" style=\"text-align: center;\">175<\/td>\n<\/tr>\n<tr>\n<td colspan=\"1\" rowspan=\"1\" style=\"text-align: center;\">1120\/1000<\/td>\n<td colspan=\"1\" rowspan=\"1\" style=\"text-align: center;\">1000<\/td>\n<td colspan=\"1\" rowspan=\"1\" style=\"text-align: center;\">131<\/td>\n<td colspan=\"1\" rowspan=\"1\" style=\"text-align: center;\">50<\/td>\n<td colspan=\"1\" rowspan=\"1\" style=\"text-align: center;\">220<\/td>\n<\/tr>\n<tr>\n<td colspan=\"1\" rowspan=\"1\" style=\"text-align: center;\">1120\/2000<\/td>\n<td colspan=\"1\" rowspan=\"1\" style=\"text-align: center;\">2000<\/td>\n<td colspan=\"1\" rowspan=\"1\" style=\"text-align: center;\">153<\/td>\n<td colspan=\"1\" rowspan=\"1\" style=\"text-align: center;\">72<\/td>\n<td colspan=\"1\" rowspan=\"1\" style=\"text-align: center;\">280<\/td>\n<\/tr>\n<tr>\n<td colspan=\"1\" rowspan=\"1\" style=\"text-align: center;\">1120\/3000<\/td>\n<td colspan=\"1\" rowspan=\"1\" style=\"text-align: center;\">3000<\/td>\n<td colspan=\"1\" rowspan=\"1\" style=\"text-align: center;\">190<\/td>\n<td colspan=\"1\" rowspan=\"1\" style=\"text-align: center;\">106<\/td>\n<td colspan=\"1\" rowspan=\"1\" style=\"text-align: center;\">285<\/td>\n<\/tr>\n<\/tbody>\n<\/table>\n<p>Erlenmeyer (conical) flask with wide neck<\/p>\n","protected":false},"excerpt":{"rendered":"<p>Kolba Erlenmeyera z szerok\u0105 szyj\u0105, bez szlifu wykonana ze szk\u0142a borokrzemowego 3.3. Podzia\u0142ka oraz pole do opisu naniesione bia\u0142\u0105 emali\u0105. Wzmocnione obrze\u017ce oraz grube \u015bcianki zwi\u0119kszaj\u0105 wytrzyma\u0142o\u015b\u0107 kolby. Pole do opisu, pozwala na szybk\u0105 identyfikacj\u0119 substancji. P\u0142aska podstawa zapewnia bardzo dobr\u0105 stabilno\u015b\u0107. Wysoka odporno\u015b\u0107 termiczna i chemiczna. Oboj\u0119tna na dzia\u0142anie wody, roztwor\u00f3w neutralnych i zasadowych, [&hellip;]<\/p>\n","protected":false},"featured_media":3272,"template":"","meta":{"_et_pb_use_builder":"","_et_pb_old_content":"","_et_gb_content_width":""},"product_brand":[],"product_cat":[71],"product_tag":[],"class_list":{"0":"post-1896","1":"product","2":"type-product","3":"status-publish","4":"has-post-thumbnail","6":"product_cat-szklo-laboratoryjne","7":"product_shipping_class-szklo_labema","9":"first","10":"instock","11":"taxable","12":"shipping-taxable","13":"purchasable","14":"product-type-variable"},"yoast_head":"<!-- This site is optimized with the Yoast SEO plugin v26.7 - https:\/\/yoast.com\/wordpress\/plugins\/seo\/ -->\n<title>Kolba Erlenmeyera (sto\u017ckowa) z szerok\u0105 szyj\u0105, szk\u0142o Boro 3.3 | Labema<\/title>\n<meta name=\"robots\" content=\"index, follow, max-snippet:-1, max-image-preview:large, max-video-preview:-1\" \/>\n<link rel=\"canonical\" href=\"https:\/\/labema.pl\/?product=kolba-erlenmeyera-stozkowa-z-szeroka-szyja\" \/>\n<meta property=\"og:locale\" content=\"pl_PL\" \/>\n<meta property=\"og:type\" content=\"article\" \/>\n<meta property=\"og:title\" content=\"Kolba Erlenmeyera (sto\u017ckowa) z szerok\u0105 szyj\u0105, szk\u0142o Boro 3.3 | Labema\" \/>\n<meta property=\"og:description\" content=\"Kolba Erlenmeyera z szerok\u0105 szyj\u0105, bez szlifu wykonana ze szk\u0142a borokrzemowego 3.3. Podzia\u0142ka oraz pole do opisu naniesione bia\u0142\u0105 emali\u0105. Wzmocnione obrze\u017ce oraz grube \u015bcianki zwi\u0119kszaj\u0105 wytrzyma\u0142o\u015b\u0107 kolby. Pole do opisu, pozwala na szybk\u0105 identyfikacj\u0119 substancji. P\u0142aska podstawa zapewnia bardzo dobr\u0105 stabilno\u015b\u0107. Wysoka odporno\u015b\u0107 termiczna i chemiczna. Oboj\u0119tna na dzia\u0142anie wody, roztwor\u00f3w neutralnych i zasadowych, [&hellip;]\" \/>\n<meta property=\"og:url\" content=\"https:\/\/labema.pl\/?product=kolba-erlenmeyera-stozkowa-z-szeroka-szyja\" \/>\n<meta property=\"og:site_name\" content=\"Labema\" \/>\n<meta property=\"article:modified_time\" content=\"2025-07-31T09:35:25+00:00\" \/>\n<meta property=\"og:image\" content=\"https:\/\/labema.pl\/wp-content\/uploads\/Kolba_Erlenmayera_stozkowa_szeroka_szyja.jpg\" \/>\n\t<meta property=\"og:image:width\" content=\"510\" \/>\n\t<meta property=\"og:image:height\" content=\"680\" \/>\n\t<meta property=\"og:image:type\" content=\"image\/jpeg\" \/>\n<meta name=\"twitter:card\" content=\"summary_large_image\" \/>\n<meta name=\"twitter:label1\" content=\"Szacowany czas czytania\" \/>\n\t<meta name=\"twitter:data1\" content=\"1 minuta\" \/>\n<script type=\"application\/ld+json\" class=\"yoast-schema-graph\">{\"@context\":\"https:\/\/schema.org\",\"@graph\":[{\"@type\":\"WebPage\",\"@id\":\"https:\/\/labema.pl\/?product=kolba-erlenmeyera-stozkowa-z-szeroka-szyja\",\"url\":\"https:\/\/labema.pl\/?product=kolba-erlenmeyera-stozkowa-z-szeroka-szyja\",\"name\":\"Kolba Erlenmeyera (sto\u017ckowa) z szerok\u0105 szyj\u0105, szk\u0142o Boro 3.3 | Labema\",\"isPartOf\":{\"@id\":\"https:\/\/labema.pl\/#website\"},\"primaryImageOfPage\":{\"@id\":\"https:\/\/labema.pl\/?product=kolba-erlenmeyera-stozkowa-z-szeroka-szyja#primaryimage\"},\"image\":{\"@id\":\"https:\/\/labema.pl\/?product=kolba-erlenmeyera-stozkowa-z-szeroka-szyja#primaryimage\"},\"thumbnailUrl\":\"https:\/\/labema.pl\/wp-content\/uploads\/Kolba_Erlenmayera_stozkowa_szeroka_szyja.jpg\",\"datePublished\":\"2016-09-26T09:00:59+00:00\",\"dateModified\":\"2025-07-31T09:35:25+00:00\",\"breadcrumb\":{\"@id\":\"https:\/\/labema.pl\/?product=kolba-erlenmeyera-stozkowa-z-szeroka-szyja#breadcrumb\"},\"inLanguage\":\"pl-PL\",\"potentialAction\":[{\"@type\":\"ReadAction\",\"target\":[\"https:\/\/labema.pl\/?product=kolba-erlenmeyera-stozkowa-z-szeroka-szyja\"]}]},{\"@type\":\"ImageObject\",\"inLanguage\":\"pl-PL\",\"@id\":\"https:\/\/labema.pl\/?product=kolba-erlenmeyera-stozkowa-z-szeroka-szyja#primaryimage\",\"url\":\"https:\/\/labema.pl\/wp-content\/uploads\/Kolba_Erlenmayera_stozkowa_szeroka_szyja.jpg\",\"contentUrl\":\"https:\/\/labema.pl\/wp-content\/uploads\/Kolba_Erlenmayera_stozkowa_szeroka_szyja.jpg\",\"width\":510,\"height\":680,\"caption\":\"Kolba Erlenmeyera (sto\u017ckowa) z szerok\u0105 szyj\u0105\"},{\"@type\":\"BreadcrumbList\",\"@id\":\"https:\/\/labema.pl\/?product=kolba-erlenmeyera-stozkowa-z-szeroka-szyja#breadcrumb\",\"itemListElement\":[{\"@type\":\"ListItem\",\"position\":1,\"name\":\"Strona g\u0142\u00f3wna\",\"item\":\"https:\/\/labema.pl\/\"},{\"@type\":\"ListItem\",\"position\":2,\"name\":\"e-Katalog\",\"item\":\"https:\/\/labema.pl\/?page_id=225\"},{\"@type\":\"ListItem\",\"position\":3,\"name\":\"Kolba Erlenmeyera (sto\u017ckowa) z szerok\u0105 szyj\u0105, szk\u0142o Boro 3.3\"}]},{\"@type\":\"WebSite\",\"@id\":\"https:\/\/labema.pl\/#website\",\"url\":\"https:\/\/labema.pl\/\",\"name\":\"Labema\",\"description\":\"Wyposa\u017cenie laboratorium\",\"publisher\":{\"@id\":\"https:\/\/labema.pl\/#organization\"},\"potentialAction\":[{\"@type\":\"SearchAction\",\"target\":{\"@type\":\"EntryPoint\",\"urlTemplate\":\"https:\/\/labema.pl\/?s={search_term_string}\"},\"query-input\":{\"@type\":\"PropertyValueSpecification\",\"valueRequired\":true,\"valueName\":\"search_term_string\"}}],\"inLanguage\":\"pl-PL\"},{\"@type\":\"Organization\",\"@id\":\"https:\/\/labema.pl\/#organization\",\"name\":\"Labema\",\"url\":\"https:\/\/labema.pl\/\",\"logo\":{\"@type\":\"ImageObject\",\"inLanguage\":\"pl-PL\",\"@id\":\"https:\/\/labema.pl\/#\/schema\/logo\/image\/\",\"url\":\"https:\/\/labema.pl\/wp-content\/uploads\/2016\/04\/labema.jpg\",\"contentUrl\":\"https:\/\/labema.pl\/wp-content\/uploads\/2016\/04\/labema.jpg\",\"width\":875,\"height\":220,\"caption\":\"Labema\"},\"image\":{\"@id\":\"https:\/\/labema.pl\/#\/schema\/logo\/image\/\"}}]}<\/script>\n<!-- \/ Yoast SEO plugin. -->","yoast_head_json":{"title":"Kolba Erlenmeyera (sto\u017ckowa) z szerok\u0105 szyj\u0105, szk\u0142o Boro 3.3 | Labema","robots":{"index":"index","follow":"follow","max-snippet":"max-snippet:-1","max-image-preview":"max-image-preview:large","max-video-preview":"max-video-preview:-1"},"canonical":"https:\/\/labema.pl\/?product=kolba-erlenmeyera-stozkowa-z-szeroka-szyja","og_locale":"pl_PL","og_type":"article","og_title":"Kolba Erlenmeyera (sto\u017ckowa) z szerok\u0105 szyj\u0105, szk\u0142o Boro 3.3 | Labema","og_description":"Kolba Erlenmeyera z szerok\u0105 szyj\u0105, bez szlifu wykonana ze szk\u0142a borokrzemowego 3.3. Podzia\u0142ka oraz pole do opisu naniesione bia\u0142\u0105 emali\u0105. Wzmocnione obrze\u017ce oraz grube \u015bcianki zwi\u0119kszaj\u0105 wytrzyma\u0142o\u015b\u0107 kolby. Pole do opisu, pozwala na szybk\u0105 identyfikacj\u0119 substancji. P\u0142aska podstawa zapewnia bardzo dobr\u0105 stabilno\u015b\u0107. Wysoka odporno\u015b\u0107 termiczna i chemiczna. Oboj\u0119tna na dzia\u0142anie wody, roztwor\u00f3w neutralnych i zasadowych, [&hellip;]","og_url":"https:\/\/labema.pl\/?product=kolba-erlenmeyera-stozkowa-z-szeroka-szyja","og_site_name":"Labema","article_modified_time":"2025-07-31T09:35:25+00:00","og_image":[{"width":510,"height":680,"url":"https:\/\/labema.pl\/wp-content\/uploads\/Kolba_Erlenmayera_stozkowa_szeroka_szyja.jpg","type":"image\/jpeg"}],"twitter_card":"summary_large_image","twitter_misc":{"Szacowany czas czytania":"1 minuta"},"schema":{"@context":"https:\/\/schema.org","@graph":[{"@type":"WebPage","@id":"https:\/\/labema.pl\/?product=kolba-erlenmeyera-stozkowa-z-szeroka-szyja","url":"https:\/\/labema.pl\/?product=kolba-erlenmeyera-stozkowa-z-szeroka-szyja","name":"Kolba Erlenmeyera (sto\u017ckowa) z szerok\u0105 szyj\u0105, szk\u0142o Boro 3.3 | Labema","isPartOf":{"@id":"https:\/\/labema.pl\/#website"},"primaryImageOfPage":{"@id":"https:\/\/labema.pl\/?product=kolba-erlenmeyera-stozkowa-z-szeroka-szyja#primaryimage"},"image":{"@id":"https:\/\/labema.pl\/?product=kolba-erlenmeyera-stozkowa-z-szeroka-szyja#primaryimage"},"thumbnailUrl":"https:\/\/labema.pl\/wp-content\/uploads\/Kolba_Erlenmayera_stozkowa_szeroka_szyja.jpg","datePublished":"2016-09-26T09:00:59+00:00","dateModified":"2025-07-31T09:35:25+00:00","breadcrumb":{"@id":"https:\/\/labema.pl\/?product=kolba-erlenmeyera-stozkowa-z-szeroka-szyja#breadcrumb"},"inLanguage":"pl-PL","potentialAction":[{"@type":"ReadAction","target":["https:\/\/labema.pl\/?product=kolba-erlenmeyera-stozkowa-z-szeroka-szyja"]}]},{"@type":"ImageObject","inLanguage":"pl-PL","@id":"https:\/\/labema.pl\/?product=kolba-erlenmeyera-stozkowa-z-szeroka-szyja#primaryimage","url":"https:\/\/labema.pl\/wp-content\/uploads\/Kolba_Erlenmayera_stozkowa_szeroka_szyja.jpg","contentUrl":"https:\/\/labema.pl\/wp-content\/uploads\/Kolba_Erlenmayera_stozkowa_szeroka_szyja.jpg","width":510,"height":680,"caption":"Kolba Erlenmeyera (sto\u017ckowa) z szerok\u0105 szyj\u0105"},{"@type":"BreadcrumbList","@id":"https:\/\/labema.pl\/?product=kolba-erlenmeyera-stozkowa-z-szeroka-szyja#breadcrumb","itemListElement":[{"@type":"ListItem","position":1,"name":"Strona g\u0142\u00f3wna","item":"https:\/\/labema.pl\/"},{"@type":"ListItem","position":2,"name":"e-Katalog","item":"https:\/\/labema.pl\/?page_id=225"},{"@type":"ListItem","position":3,"name":"Kolba Erlenmeyera (sto\u017ckowa) z szerok\u0105 szyj\u0105, szk\u0142o Boro 3.3"}]},{"@type":"WebSite","@id":"https:\/\/labema.pl\/#website","url":"https:\/\/labema.pl\/","name":"Labema","description":"Wyposa\u017cenie laboratorium","publisher":{"@id":"https:\/\/labema.pl\/#organization"},"potentialAction":[{"@type":"SearchAction","target":{"@type":"EntryPoint","urlTemplate":"https:\/\/labema.pl\/?s={search_term_string}"},"query-input":{"@type":"PropertyValueSpecification","valueRequired":true,"valueName":"search_term_string"}}],"inLanguage":"pl-PL"},{"@type":"Organization","@id":"https:\/\/labema.pl\/#organization","name":"Labema","url":"https:\/\/labema.pl\/","logo":{"@type":"ImageObject","inLanguage":"pl-PL","@id":"https:\/\/labema.pl\/#\/schema\/logo\/image\/","url":"https:\/\/labema.pl\/wp-content\/uploads\/2016\/04\/labema.jpg","contentUrl":"https:\/\/labema.pl\/wp-content\/uploads\/2016\/04\/labema.jpg","width":875,"height":220,"caption":"Labema"},"image":{"@id":"https:\/\/labema.pl\/#\/schema\/logo\/image\/"}}]}},"_links":{"self":[{"href":"https:\/\/labema.pl\/index.php?rest_route=\/wp\/v2\/product\/1896","targetHints":{"allow":["GET"]}}],"collection":[{"href":"https:\/\/labema.pl\/index.php?rest_route=\/wp\/v2\/product"}],"about":[{"href":"https:\/\/labema.pl\/index.php?rest_route=\/wp\/v2\/types\/product"}],"wp:featuredmedia":[{"embeddable":true,"href":"https:\/\/labema.pl\/index.php?rest_route=\/wp\/v2\/media\/3272"}],"wp:attachment":[{"href":"https:\/\/labema.pl\/index.php?rest_route=%2Fwp%2Fv2%2Fmedia&parent=1896"}],"wp:term":[{"taxonomy":"product_brand","embeddable":true,"href":"https:\/\/labema.pl\/index.php?rest_route=%2Fwp%2Fv2%2Fproduct_brand&post=1896"},{"taxonomy":"product_cat","embeddable":true,"href":"https:\/\/labema.pl\/index.php?rest_route=%2Fwp%2Fv2%2Fproduct_cat&post=1896"},{"taxonomy":"product_tag","embeddable":true,"href":"https:\/\/labema.pl\/index.php?rest_route=%2Fwp%2Fv2%2Fproduct_tag&post=1896"}],"curies":[{"name":"wp","href":"https:\/\/api.w.org\/{rel}","templated":true}]}}