{"id":1854,"date":"2016-09-30T00:00:30","date_gmt":"2016-09-29T22:00:30","guid":{"rendered":"http:\/\/labema.pl\/?product=zlewka-niska-z-wylewem-labema"},"modified":"2026-03-06T08:55:05","modified_gmt":"2026-03-06T07:55:05","slug":"zlewka-szklana-z-wylewem-niska","status":"publish","type":"product","link":"https:\/\/labema.pl\/?product=zlewka-szklana-z-wylewem-niska","title":{"rendered":"Zlewka szklana z wylewem, niska, szk\u0142o Boro 3.3"},"content":{"rendered":"<p align=\"justify\">Zlewka niska z podzia\u0142k\u0105 wykonana ze szk\u0142a borokrzemowego 3.3. Posiada wylew u\u0142atwiaj\u0105cy przelewanie cieczy. Wzmocnione obrze\u017ce zwi\u0119ksza wytrzyma\u0142o\u015b\u0107 zlewki. Pole do opisu, z bia\u0142ej emalii, pozwala na szybk\u0105 identyfikacj\u0119 substancji. Odporna na dzia\u0142anie wody, roztwor\u00f3w neutralnych i zasadowych, a tak\u017ce silnych kwas\u00f3w i  zwi\u0105zk\u00f3w organicznych. Szk\u0142o charakteryzuje si\u0119 doskona\u0142\u0105 odporno\u015bci\u0105 termiczn\u0105. Wykorzystywana np. do odmierzania substancji chemicznych, sporz\u0105dzania roztwor\u00f3w, przelewania, ogrzewania, rozpuszczania cieczy oraz przeprowadzania prostych reakcji chemicznych. \u0141atwa do czyszczenia. Przeznaczona do codziennego u\u017cytku.<\/p>\n<p><span style=\"color: black; font-size: x-large;\">Specyfikacja<\/span><\/p>\n<table border=\"1\" rules=\"all\" bordercolor=\"#aaaaaa\">\n<tbody>\n<tr>\n<td colspan=\"1\" rowspan=\"1\" style=\"text-align: center;\"><strong>Nr kat.<\/strong><\/td>\n<td colspan=\"1\" rowspan=\"1\" style=\"text-align: center;\"><strong>Pojemno\u015b\u0107<br \/>\n[ml]<\/strong><\/td>\n<td colspan=\"1\" rowspan=\"1\" style=\"text-align: center;\"><strong>\u015ar.<br \/>\n[mm]<\/strong><\/td>\n<td colspan=\"1\" rowspan=\"1\" style=\"text-align: center;\"><strong>Wys.<br \/>\n[mm]<\/strong><\/td>\n<\/tr>\n<tr>\n<td colspan=\"1\" rowspan=\"1\" style=\"text-align: center;\">1101\/0010<\/td>\n<td colspan=\"1\" rowspan=\"1\" style=\"text-align: center;\">10<\/td>\n<td colspan=\"1\" rowspan=\"1\" style=\"text-align: center;\">26<\/td>\n<td colspan=\"1\" rowspan=\"1\" style=\"text-align: center;\">35<\/td>\n<\/tr>\n<tr>\n<td colspan=\"1\" rowspan=\"1\" style=\"text-align: center;\">1101\/0025<\/td>\n<td colspan=\"1\" rowspan=\"1\" style=\"text-align: center;\">25<\/td>\n<td colspan=\"1\" rowspan=\"1\" style=\"text-align: center;\">34<\/td>\n<td colspan=\"1\" rowspan=\"1\" style=\"text-align: center;\">50<\/td>\n<\/tr>\n<tr>\n<td colspan=\"1\" rowspan=\"1\" style=\"text-align: center;\">1101\/0050<\/td>\n<td colspan=\"1\" rowspan=\"1\" style=\"text-align: center;\">50<\/td>\n<td colspan=\"1\" rowspan=\"1\" style=\"text-align: center;\">42<\/td>\n<td colspan=\"1\" rowspan=\"1\" style=\"text-align: center;\">60<\/td>\n<\/tr>\n<tr>\n<td colspan=\"1\" rowspan=\"1\" style=\"text-align: center;\">1101\/0100<\/td>\n<td colspan=\"1\" rowspan=\"1\" style=\"text-align: center;\">100<\/td>\n<td colspan=\"1\" rowspan=\"1\" style=\"text-align: center;\">50<\/td>\n<td colspan=\"1\" rowspan=\"1\" style=\"text-align: center;\">70<\/td>\n<\/tr>\n<tr>\n<td colspan=\"1\" rowspan=\"1\" style=\"text-align: center;\">1101\/0150<\/td>\n<td colspan=\"1\" rowspan=\"1\" style=\"text-align: center;\">150<\/td>\n<td colspan=\"1\" rowspan=\"1\" style=\"text-align: center;\">60<\/td>\n<td colspan=\"1\" rowspan=\"1\" style=\"text-align: center;\">80<\/td>\n<\/tr>\n<tr>\n<td colspan=\"1\" rowspan=\"1\" style=\"text-align: center;\">1101\/0250<\/td>\n<td colspan=\"1\" rowspan=\"1\" style=\"text-align: center;\">250<\/td>\n<td colspan=\"1\" rowspan=\"1\" style=\"text-align: center;\">70<\/td>\n<td colspan=\"1\" rowspan=\"1\" style=\"text-align: center;\">95<\/td>\n<\/tr>\n<tr>\n<td colspan=\"1\" rowspan=\"1\" style=\"text-align: center;\">1101\/0300<\/td>\n<td colspan=\"1\" rowspan=\"1\" style=\"text-align: center;\">300<\/td>\n<td colspan=\"1\" rowspan=\"1\" style=\"text-align: center;\">77<\/td>\n<td colspan=\"1\" rowspan=\"1\" style=\"text-align: center;\">106<\/td>\n<\/tr>\n<tr>\n<td colspan=\"1\" rowspan=\"1\" style=\"text-align: center;\">1101\/0400<\/td>\n<td colspan=\"1\" rowspan=\"1\" style=\"text-align: center;\">400<\/td>\n<td colspan=\"1\" rowspan=\"1\" style=\"text-align: center;\">80<\/td>\n<td colspan=\"1\" rowspan=\"1\" style=\"text-align: center;\">110<\/td>\n<\/tr>\n<tr>\n<td colspan=\"1\" rowspan=\"1\" style=\"text-align: center;\">1101\/0500<\/td>\n<td colspan=\"1\" rowspan=\"1\" style=\"text-align: center;\">500<\/td>\n<td colspan=\"1\" rowspan=\"1\" style=\"text-align: center;\">85<\/td>\n<td colspan=\"1\" rowspan=\"1\" style=\"text-align: center;\">120<\/td>\n<\/tr>\n<tr>\n<td colspan=\"1\" rowspan=\"1\" style=\"text-align: center;\">1101\/0600<\/td>\n<td colspan=\"1\" rowspan=\"1\" style=\"text-align: center;\">600<\/td>\n<td colspan=\"1\" rowspan=\"1\" style=\"text-align: center;\">90<\/td>\n<td colspan=\"1\" rowspan=\"1\" style=\"text-align: center;\">125<\/td>\n<\/tr>\n<tr>\n<td colspan=\"1\" rowspan=\"1\" style=\"text-align: center;\">1101\/0800<\/td>\n<td colspan=\"1\" rowspan=\"1\" style=\"text-align: center;\">800<\/td>\n<td colspan=\"1\" rowspan=\"1\" style=\"text-align: center;\">100<\/td>\n<td colspan=\"1\" rowspan=\"1\" style=\"text-align: center;\">135<\/td>\n<\/tr>\n<tr>\n<td colspan=\"1\" rowspan=\"1\" style=\"text-align: center;\">1101\/1000<\/td>\n<td colspan=\"1\" rowspan=\"1\" style=\"text-align: center;\">1000<\/td>\n<td colspan=\"1\" rowspan=\"1\" style=\"text-align: center;\">105<\/td>\n<td colspan=\"1\" rowspan=\"1\" style=\"text-align: center;\">145<\/td>\n<\/tr>\n<tr>\n<td colspan=\"1\" rowspan=\"1\" style=\"text-align: center;\">1101\/2000<\/td>\n<td colspan=\"1\" rowspan=\"1\" style=\"text-align: center;\">2000<\/td>\n<td colspan=\"1\" rowspan=\"1\" style=\"text-align: center;\">130<\/td>\n<td colspan=\"1\" rowspan=\"1\" style=\"text-align: center;\">185<\/td>\n<\/tr>\n<tr>\n<td colspan=\"1\" rowspan=\"1\" style=\"text-align: center;\">1101\/3000<\/td>\n<td colspan=\"1\" rowspan=\"1\" style=\"text-align: center;\">3000<\/td>\n<td colspan=\"1\" rowspan=\"1\" style=\"text-align: center;\">150<\/td>\n<td colspan=\"1\" rowspan=\"1\" style=\"text-align: center;\">210<\/td>\n<\/tr>\n<tr>\n<td colspan=\"1\" rowspan=\"1\" style=\"text-align: center;\">1101\/5000<\/td>\n<td colspan=\"1\" rowspan=\"1\" style=\"text-align: center;\">5000<\/td>\n<td colspan=\"1\" rowspan=\"1\" style=\"text-align: center;\">170<\/td>\n<td colspan=\"1\" rowspan=\"1\" style=\"text-align: center;\">270<\/td>\n<\/tr>\n<\/tbody>\n<\/table>\n<p>Beaker, low form, with spout<\/p>\n","protected":false},"excerpt":{"rendered":"<p>Zlewka niska z podzia\u0142k\u0105 wykonana ze szk\u0142a borokrzemowego 3.3. Posiada wylew u\u0142atwiaj\u0105cy przelewanie cieczy. Wzmocnione obrze\u017ce zwi\u0119ksza wytrzyma\u0142o\u015b\u0107 zlewki. Pole do opisu, z bia\u0142ej emalii, pozwala na szybk\u0105 identyfikacj\u0119 substancji. Odporna na dzia\u0142anie wody, roztwor\u00f3w neutralnych i zasadowych, a tak\u017ce silnych kwas\u00f3w i zwi\u0105zk\u00f3w organicznych. Szk\u0142o charakteryzuje si\u0119 doskona\u0142\u0105 odporno\u015bci\u0105 termiczn\u0105. Wykorzystywana np. do odmierzania [&hellip;]<\/p>\n","protected":false},"featured_media":3247,"template":"","meta":{"_et_pb_use_builder":"","_et_pb_old_content":"","_et_gb_content_width":""},"product_brand":[],"product_cat":[71],"product_tag":[],"class_list":{"0":"post-1854","1":"product","2":"type-product","3":"status-publish","4":"has-post-thumbnail","6":"product_cat-szklo-laboratoryjne","7":"product_shipping_class-szklo_labema","9":"first","10":"instock","11":"taxable","12":"shipping-taxable","13":"purchasable","14":"product-type-variable"},"yoast_head":"<!-- This site is optimized with the Yoast SEO plugin v26.7 - https:\/\/yoast.com\/wordpress\/plugins\/seo\/ -->\n<title>Zlewka szklana z wylewem, niska, szk\u0142o Boro 3.3 | Labema<\/title>\n<meta name=\"robots\" content=\"index, follow, max-snippet:-1, max-image-preview:large, max-video-preview:-1\" \/>\n<link rel=\"canonical\" href=\"https:\/\/labema.pl\/?product=zlewka-szklana-z-wylewem-niska\" \/>\n<meta property=\"og:locale\" content=\"pl_PL\" \/>\n<meta property=\"og:type\" content=\"article\" \/>\n<meta property=\"og:title\" content=\"Zlewka szklana z wylewem, niska, szk\u0142o Boro 3.3 | Labema\" \/>\n<meta property=\"og:description\" content=\"Zlewka niska z podzia\u0142k\u0105 wykonana ze szk\u0142a borokrzemowego 3.3. Posiada wylew u\u0142atwiaj\u0105cy przelewanie cieczy. Wzmocnione obrze\u017ce zwi\u0119ksza wytrzyma\u0142o\u015b\u0107 zlewki. Pole do opisu, z bia\u0142ej emalii, pozwala na szybk\u0105 identyfikacj\u0119 substancji. Odporna na dzia\u0142anie wody, roztwor\u00f3w neutralnych i zasadowych, a tak\u017ce silnych kwas\u00f3w i zwi\u0105zk\u00f3w organicznych. Szk\u0142o charakteryzuje si\u0119 doskona\u0142\u0105 odporno\u015bci\u0105 termiczn\u0105. Wykorzystywana np. do odmierzania [&hellip;]\" \/>\n<meta property=\"og:url\" content=\"https:\/\/labema.pl\/?product=zlewka-szklana-z-wylewem-niska\" \/>\n<meta property=\"og:site_name\" content=\"Labema\" \/>\n<meta property=\"article:modified_time\" content=\"2026-03-06T07:55:05+00:00\" \/>\n<meta property=\"og:image\" content=\"https:\/\/labema.pl\/wp-content\/uploads\/Zlewka_niska_z_wylewem.jpg\" \/>\n\t<meta property=\"og:image:width\" content=\"510\" \/>\n\t<meta property=\"og:image:height\" content=\"680\" \/>\n\t<meta property=\"og:image:type\" content=\"image\/jpeg\" \/>\n<meta name=\"twitter:card\" content=\"summary_large_image\" \/>\n<meta name=\"twitter:label1\" content=\"Szacowany czas czytania\" \/>\n\t<meta name=\"twitter:data1\" content=\"1 minuta\" \/>\n<script type=\"application\/ld+json\" class=\"yoast-schema-graph\">{\"@context\":\"https:\/\/schema.org\",\"@graph\":[{\"@type\":\"WebPage\",\"@id\":\"https:\/\/labema.pl\/?product=zlewka-szklana-z-wylewem-niska\",\"url\":\"https:\/\/labema.pl\/?product=zlewka-szklana-z-wylewem-niska\",\"name\":\"Zlewka szklana z wylewem, niska, szk\u0142o Boro 3.3 | Labema\",\"isPartOf\":{\"@id\":\"https:\/\/labema.pl\/#website\"},\"primaryImageOfPage\":{\"@id\":\"https:\/\/labema.pl\/?product=zlewka-szklana-z-wylewem-niska#primaryimage\"},\"image\":{\"@id\":\"https:\/\/labema.pl\/?product=zlewka-szklana-z-wylewem-niska#primaryimage\"},\"thumbnailUrl\":\"https:\/\/labema.pl\/wp-content\/uploads\/Zlewka_niska_z_wylewem.jpg\",\"datePublished\":\"2016-09-29T22:00:30+00:00\",\"dateModified\":\"2026-03-06T07:55:05+00:00\",\"breadcrumb\":{\"@id\":\"https:\/\/labema.pl\/?product=zlewka-szklana-z-wylewem-niska#breadcrumb\"},\"inLanguage\":\"pl-PL\",\"potentialAction\":[{\"@type\":\"ReadAction\",\"target\":[\"https:\/\/labema.pl\/?product=zlewka-szklana-z-wylewem-niska\"]}]},{\"@type\":\"ImageObject\",\"inLanguage\":\"pl-PL\",\"@id\":\"https:\/\/labema.pl\/?product=zlewka-szklana-z-wylewem-niska#primaryimage\",\"url\":\"https:\/\/labema.pl\/wp-content\/uploads\/Zlewka_niska_z_wylewem.jpg\",\"contentUrl\":\"https:\/\/labema.pl\/wp-content\/uploads\/Zlewka_niska_z_wylewem.jpg\",\"width\":510,\"height\":680,\"caption\":\"Zlewka niska z wylewem\"},{\"@type\":\"BreadcrumbList\",\"@id\":\"https:\/\/labema.pl\/?product=zlewka-szklana-z-wylewem-niska#breadcrumb\",\"itemListElement\":[{\"@type\":\"ListItem\",\"position\":1,\"name\":\"Strona g\u0142\u00f3wna\",\"item\":\"https:\/\/labema.pl\/\"},{\"@type\":\"ListItem\",\"position\":2,\"name\":\"e-Katalog\",\"item\":\"https:\/\/labema.pl\/?page_id=225\"},{\"@type\":\"ListItem\",\"position\":3,\"name\":\"Zlewka szklana z wylewem, niska, szk\u0142o Boro 3.3\"}]},{\"@type\":\"WebSite\",\"@id\":\"https:\/\/labema.pl\/#website\",\"url\":\"https:\/\/labema.pl\/\",\"name\":\"Labema\",\"description\":\"Wyposa\u017cenie laboratorium\",\"publisher\":{\"@id\":\"https:\/\/labema.pl\/#organization\"},\"potentialAction\":[{\"@type\":\"SearchAction\",\"target\":{\"@type\":\"EntryPoint\",\"urlTemplate\":\"https:\/\/labema.pl\/?s={search_term_string}\"},\"query-input\":{\"@type\":\"PropertyValueSpecification\",\"valueRequired\":true,\"valueName\":\"search_term_string\"}}],\"inLanguage\":\"pl-PL\"},{\"@type\":\"Organization\",\"@id\":\"https:\/\/labema.pl\/#organization\",\"name\":\"Labema\",\"url\":\"https:\/\/labema.pl\/\",\"logo\":{\"@type\":\"ImageObject\",\"inLanguage\":\"pl-PL\",\"@id\":\"https:\/\/labema.pl\/#\/schema\/logo\/image\/\",\"url\":\"https:\/\/labema.pl\/wp-content\/uploads\/2016\/04\/labema.jpg\",\"contentUrl\":\"https:\/\/labema.pl\/wp-content\/uploads\/2016\/04\/labema.jpg\",\"width\":875,\"height\":220,\"caption\":\"Labema\"},\"image\":{\"@id\":\"https:\/\/labema.pl\/#\/schema\/logo\/image\/\"}}]}<\/script>\n<!-- \/ Yoast SEO plugin. -->","yoast_head_json":{"title":"Zlewka szklana z wylewem, niska, szk\u0142o Boro 3.3 | Labema","robots":{"index":"index","follow":"follow","max-snippet":"max-snippet:-1","max-image-preview":"max-image-preview:large","max-video-preview":"max-video-preview:-1"},"canonical":"https:\/\/labema.pl\/?product=zlewka-szklana-z-wylewem-niska","og_locale":"pl_PL","og_type":"article","og_title":"Zlewka szklana z wylewem, niska, szk\u0142o Boro 3.3 | Labema","og_description":"Zlewka niska z podzia\u0142k\u0105 wykonana ze szk\u0142a borokrzemowego 3.3. Posiada wylew u\u0142atwiaj\u0105cy przelewanie cieczy. Wzmocnione obrze\u017ce zwi\u0119ksza wytrzyma\u0142o\u015b\u0107 zlewki. Pole do opisu, z bia\u0142ej emalii, pozwala na szybk\u0105 identyfikacj\u0119 substancji. Odporna na dzia\u0142anie wody, roztwor\u00f3w neutralnych i zasadowych, a tak\u017ce silnych kwas\u00f3w i zwi\u0105zk\u00f3w organicznych. Szk\u0142o charakteryzuje si\u0119 doskona\u0142\u0105 odporno\u015bci\u0105 termiczn\u0105. Wykorzystywana np. do odmierzania [&hellip;]","og_url":"https:\/\/labema.pl\/?product=zlewka-szklana-z-wylewem-niska","og_site_name":"Labema","article_modified_time":"2026-03-06T07:55:05+00:00","og_image":[{"width":510,"height":680,"url":"https:\/\/labema.pl\/wp-content\/uploads\/Zlewka_niska_z_wylewem.jpg","type":"image\/jpeg"}],"twitter_card":"summary_large_image","twitter_misc":{"Szacowany czas czytania":"1 minuta"},"schema":{"@context":"https:\/\/schema.org","@graph":[{"@type":"WebPage","@id":"https:\/\/labema.pl\/?product=zlewka-szklana-z-wylewem-niska","url":"https:\/\/labema.pl\/?product=zlewka-szklana-z-wylewem-niska","name":"Zlewka szklana z wylewem, niska, szk\u0142o Boro 3.3 | Labema","isPartOf":{"@id":"https:\/\/labema.pl\/#website"},"primaryImageOfPage":{"@id":"https:\/\/labema.pl\/?product=zlewka-szklana-z-wylewem-niska#primaryimage"},"image":{"@id":"https:\/\/labema.pl\/?product=zlewka-szklana-z-wylewem-niska#primaryimage"},"thumbnailUrl":"https:\/\/labema.pl\/wp-content\/uploads\/Zlewka_niska_z_wylewem.jpg","datePublished":"2016-09-29T22:00:30+00:00","dateModified":"2026-03-06T07:55:05+00:00","breadcrumb":{"@id":"https:\/\/labema.pl\/?product=zlewka-szklana-z-wylewem-niska#breadcrumb"},"inLanguage":"pl-PL","potentialAction":[{"@type":"ReadAction","target":["https:\/\/labema.pl\/?product=zlewka-szklana-z-wylewem-niska"]}]},{"@type":"ImageObject","inLanguage":"pl-PL","@id":"https:\/\/labema.pl\/?product=zlewka-szklana-z-wylewem-niska#primaryimage","url":"https:\/\/labema.pl\/wp-content\/uploads\/Zlewka_niska_z_wylewem.jpg","contentUrl":"https:\/\/labema.pl\/wp-content\/uploads\/Zlewka_niska_z_wylewem.jpg","width":510,"height":680,"caption":"Zlewka niska z wylewem"},{"@type":"BreadcrumbList","@id":"https:\/\/labema.pl\/?product=zlewka-szklana-z-wylewem-niska#breadcrumb","itemListElement":[{"@type":"ListItem","position":1,"name":"Strona g\u0142\u00f3wna","item":"https:\/\/labema.pl\/"},{"@type":"ListItem","position":2,"name":"e-Katalog","item":"https:\/\/labema.pl\/?page_id=225"},{"@type":"ListItem","position":3,"name":"Zlewka szklana z wylewem, niska, szk\u0142o Boro 3.3"}]},{"@type":"WebSite","@id":"https:\/\/labema.pl\/#website","url":"https:\/\/labema.pl\/","name":"Labema","description":"Wyposa\u017cenie laboratorium","publisher":{"@id":"https:\/\/labema.pl\/#organization"},"potentialAction":[{"@type":"SearchAction","target":{"@type":"EntryPoint","urlTemplate":"https:\/\/labema.pl\/?s={search_term_string}"},"query-input":{"@type":"PropertyValueSpecification","valueRequired":true,"valueName":"search_term_string"}}],"inLanguage":"pl-PL"},{"@type":"Organization","@id":"https:\/\/labema.pl\/#organization","name":"Labema","url":"https:\/\/labema.pl\/","logo":{"@type":"ImageObject","inLanguage":"pl-PL","@id":"https:\/\/labema.pl\/#\/schema\/logo\/image\/","url":"https:\/\/labema.pl\/wp-content\/uploads\/2016\/04\/labema.jpg","contentUrl":"https:\/\/labema.pl\/wp-content\/uploads\/2016\/04\/labema.jpg","width":875,"height":220,"caption":"Labema"},"image":{"@id":"https:\/\/labema.pl\/#\/schema\/logo\/image\/"}}]}},"_links":{"self":[{"href":"https:\/\/labema.pl\/index.php?rest_route=\/wp\/v2\/product\/1854","targetHints":{"allow":["GET"]}}],"collection":[{"href":"https:\/\/labema.pl\/index.php?rest_route=\/wp\/v2\/product"}],"about":[{"href":"https:\/\/labema.pl\/index.php?rest_route=\/wp\/v2\/types\/product"}],"wp:featuredmedia":[{"embeddable":true,"href":"https:\/\/labema.pl\/index.php?rest_route=\/wp\/v2\/media\/3247"}],"wp:attachment":[{"href":"https:\/\/labema.pl\/index.php?rest_route=%2Fwp%2Fv2%2Fmedia&parent=1854"}],"wp:term":[{"taxonomy":"product_brand","embeddable":true,"href":"https:\/\/labema.pl\/index.php?rest_route=%2Fwp%2Fv2%2Fproduct_brand&post=1854"},{"taxonomy":"product_cat","embeddable":true,"href":"https:\/\/labema.pl\/index.php?rest_route=%2Fwp%2Fv2%2Fproduct_cat&post=1854"},{"taxonomy":"product_tag","embeddable":true,"href":"https:\/\/labema.pl\/index.php?rest_route=%2Fwp%2Fv2%2Fproduct_tag&post=1854"}],"curies":[{"name":"wp","href":"https:\/\/api.w.org\/{rel}","templated":true}]}}